{"id":10738,"date":"2025-10-22T18:21:20","date_gmt":"2025-10-22T16:21:20","guid":{"rendered":"https:\/\/agora.xtec.cat\/insbaixamar\/?page_id=10738"},"modified":"2026-02-26T08:33:13","modified_gmt":"2026-02-26T07:33:13","slug":"projectes-del-centre","status":"publish","type":"page","link":"https:\/\/agora.xtec.cat\/insbaixamar\/projectes-del-centre\/","title":{"rendered":"Projectes del Centre"},"content":{"rendered":"<p data-start=\"226\" data-end=\"451\">Al nostre centre, els projectes s\u00f3n una part essencial de l\u2019aprenentatge. Cada projecte est\u00e0 pensat per fomentar la curiositat, l\u2019autonomia i la participaci\u00f3 de l\u2019alumnat, implicant tamb\u00e9 les fam\u00edlies en el proc\u00e9s educatiu.<\/p>\n<h3 data-start=\"453\" data-end=\"479\">Quins projectes fem?<\/h3>\n<ul style=\"list-style-type: square;\">\n<li data-start=\"307\" data-end=\"442\">\n<p data-start=\"309\" data-end=\"442\">\ud83e\uddee <strong data-start=\"312\" data-end=\"342\">Laboratori de Matem\u00e0tiques<\/strong><br data-start=\"342\" data-end=\"345\" \/>Aprendre matem\u00e0tiques de manera pr\u00e0ctica i divertida, aplicant els coneixements a la vida real.<\/p>\n<\/li>\n<li data-start=\"444\" data-end=\"590\">\n<p data-start=\"446\" data-end=\"590\">\ud83c\udf0d <strong data-start=\"449\" data-end=\"488\">Intercanvis i Estades Ling\u00fc\u00edstiques<\/strong><br data-start=\"488\" data-end=\"491\" \/>Experi\u00e8ncies a l\u2019estranger per practicar idiomes, con\u00e8ixer noves cultures i cr\u00e9ixer personalment.<\/p>\n<\/li>\n<li data-start=\"592\" data-end=\"745\">\n<p data-start=\"594\" data-end=\"745\">\ud83c\udfde\ufe0f <strong data-start=\"598\" data-end=\"643\">La Travessa \u2013 3r d\u2019ESO<\/strong><br data-start=\"643\" data-end=\"646\" \/>Projectes pr\u00e0ctics que combinen coneixements de diverses mat\u00e8ries i fomenten el treball en equip.<\/p>\n<\/li>\n<li data-start=\"747\" data-end=\"925\">\n<p data-start=\"749\" data-end=\"925\">\ud83d\udca1 <strong data-start=\"752\" data-end=\"769\">Projecte FAIG<\/strong><br data-start=\"769\" data-end=\"772\" \/>Impulsa l\u2019aprenentatge per projectes i la creativitat digital, connectant l\u2019alumnat amb reptes reals i fomentant la innovaci\u00f3 i la participaci\u00f3 activa.<\/p>\n<\/li>\n<li data-start=\"927\" data-end=\"1044\">\n<p data-start=\"929\" data-end=\"1044\">\ud83e\udd1d <strong data-start=\"932\" data-end=\"948\">Projecte FAR<\/strong><br data-start=\"948\" data-end=\"951\" \/>Activitats que promouen valors com la responsabilitat, el comprom\u00eds social i la cooperaci\u00f3.<\/p>\n<\/li>\n<li data-start=\"1046\" data-end=\"1183\">\n<p data-start=\"1048\" data-end=\"1183\">\ud83d\udd4a\ufe0f <strong data-start=\"1052\" data-end=\"1078\">Mediaci\u00f3 i Conviv\u00e8ncia<\/strong><br data-start=\"1078\" data-end=\"1081\" \/>Aprendre a resoldre conflictes de manera positiva i respectuosa, millorant la conviv\u00e8ncia al centre.<\/p>\n<\/li>\n<li data-start=\"1185\" data-end=\"1324\">\n<p data-start=\"1187\" data-end=\"1324\">\ud83d\udee0\ufe0f <strong data-start=\"1191\" data-end=\"1232\">Projecte Phyl\u00e9 \u2013 Mesures alternatives<\/strong><br data-start=\"1232\" data-end=\"1235\" \/>Propostes educatives adaptades per atendre les necessitats espec\u00edfiques de cada alumne.<\/p>\n<\/li>\n<li data-start=\"1326\" data-end=\"1486\">\n<p data-start=\"1328\" data-end=\"1486\">\ud83d\udcf1 <strong data-start=\"1331\" data-end=\"1357\">Projecte inici de curs<\/strong><br data-start=\"1357\" data-end=\"1360\" \/>Integraci\u00f3 de dispositius digitals per refor\u00e7ar l\u2019autonomia i la implicaci\u00f3 de l\u2019alumnat en els projectes interdisciplinars.<\/p>\n<\/li>\n<li data-start=\"1488\" data-end=\"1627\">\n<p data-start=\"1490\" data-end=\"1627\">\u23f1\ufe0f <strong data-start=\"1493\" data-end=\"1534\">Projectes en hores de gesti\u00f3 aut\u00f2noma<\/strong><br data-start=\"1534\" data-end=\"1537\" \/>Activitats que promouen la iniciativa, la responsabilitat i l\u2019organitzaci\u00f3 de l\u2019alumnat.<\/p>\n<\/li>\n<li data-start=\"1629\" data-end=\"1767\">\n<p data-start=\"1631\" data-end=\"1767\">\ud83d\udd2c <strong data-start=\"1634\" data-end=\"1668\">Projectes de s\u00edntesi i recerca<\/strong><br data-start=\"1668\" data-end=\"1671\" \/>Treballs transversals que ajuden a combinar coneixements i compet\u00e8ncies de diferents mat\u00e8ries.<\/p>\n<\/li>\n<\/ul>\n<blockquote data-start=\"1751\" data-end=\"1924\">\n<p data-start=\"1753\" data-end=\"1924\">Cada projecte est\u00e0 pensat per oferir un aprenentatge amb sentit, on l\u2019alumnat creix acad\u00e8micament i personalment, i les fam\u00edlies poden seguir i implicar-se en el proc\u00e9s.<\/p>\n<\/blockquote>\n","protected":false},"excerpt":{"rendered":"<p>Al nostre centre, els projectes s\u00f3n una part essencial de l\u2019aprenentatge. Cada projecte est\u00e0 pensat per fomentar la curiositat, l\u2019autonomia i la participaci\u00f3 de l\u2019alumnat, implicant tamb\u00e9 les fam\u00edlies en el proc\u00e9s educatiu.<br \/>\nQuins projectes fem?<\/p>\n<ul style=\"list-style-type: square;\">\n<li data-start=\"307\" data-end=\"442\">\n\ud83e\uddee Laboratori de Matem\u00e0tiquesAprendre matem\u00e0tiques de manera&hellip;  <a href=\"https:\/\/agora.xtec.cat\/insbaixamar\/projectes-del-centre\/\" title=\"Read Projectes del Centre\">Llegeix m\u00e9s\u00bb<\/a><\/p>\n","protected":false},"author":1,"featured_media":0,"parent":0,"menu_order":0,"comment_status":"closed","ping_status":"closed","template":"","meta":{"_bbp_topic_count":0,"_bbp_reply_count":0,"_bbp_total_topic_count":0,"_bbp_total_reply_count":0,"_bbp_voice_count":0,"_bbp_anonymous_reply_count":0,"_bbp_topic_count_hidden":0,"_bbp_reply_count_hidden":0,"_bbp_forum_subforum_count":0,"footnotes":""},"class_list":["post-10738","page","type-page","status-publish","hentry"],"post_mailing_queue_ids":[],"_links":{"self":[{"href":"https:\/\/agora.xtec.cat\/insbaixamar\/wp-json\/wp\/v2\/pages\/10738","targetHints":{"allow":["GET"]}}],"collection":[{"href":"https:\/\/agora.xtec.cat\/insbaixamar\/wp-json\/wp\/v2\/pages"}],"about":[{"href":"https:\/\/agora.xtec.cat\/insbaixamar\/wp-json\/wp\/v2\/types\/page"}],"author":[{"embeddable":true,"href":"https:\/\/agora.xtec.cat\/insbaixamar\/wp-json\/wp\/v2\/users\/1"}],"replies":[{"embeddable":true,"href":"https:\/\/agora.xtec.cat\/insbaixamar\/wp-json\/wp\/v2\/comments?post=10738"}],"version-history":[{"count":5,"href":"https:\/\/agora.xtec.cat\/insbaixamar\/wp-json\/wp\/v2\/pages\/10738\/revisions"}],"predecessor-version":[{"id":11306,"href":"https:\/\/agora.xtec.cat\/insbaixamar\/wp-json\/wp\/v2\/pages\/10738\/revisions\/11306"}],"wp:attachment":[{"href":"https:\/\/agora.xtec.cat\/insbaixamar\/wp-json\/wp\/v2\/media?parent=10738"}],"curies":[{"name":"wp","href":"https:\/\/api.w.org\/{rel}","templated":true}]}}