{"id":10672,"date":"2025-10-09T17:42:40","date_gmt":"2025-10-09T15:42:40","guid":{"rendered":"https:\/\/agora.xtec.cat\/insbaixamar\/?page_id=10672"},"modified":"2026-04-07T08:51:44","modified_gmt":"2026-04-07T06:51:44","slug":"menjador-escolar","status":"publish","type":"page","link":"https:\/\/agora.xtec.cat\/insbaixamar\/menjador-escolar\/","title":{"rendered":"Menjador escolar"},"content":{"rendered":"<p data-start=\"131\" data-end=\"437\">El <strong data-start=\"134\" data-end=\"171\">menjador de l\u2019Institut Baix a Mar<\/strong> \u00e9s un espai pensat per oferir un <strong data-start=\"205\" data-end=\"227\">servei de qualitat<\/strong>, saludable i equilibrat a tot l\u2019alumnat del centre. Apostem per una <strong data-start=\"296\" data-end=\"378\">alimentaci\u00f3 variada, sostenible i adaptada a les necessitats dels nois i noies<\/strong>, fomentant h\u00e0bits alimentaris saludables i responsables.<\/p>\n<p data-start=\"439\" data-end=\"739\">El servei de menjador funciona <strong data-start=\"470\" data-end=\"489\">cada dia lectiu<\/strong>, amb <strong data-start=\"495\" data-end=\"532\">men\u00fas elaborats per professionals<\/strong> que tenen en compte criteris nutricionals i diet\u00e8tics. Tamb\u00e9 es <strong data-start=\"597\" data-end=\"676\">tenen en consideraci\u00f3 les al\u00b7l\u00e8rgies, intoler\u00e0ncies i necessitats especials<\/strong> dels alumnes, garantint sempre la seva seguretat i benestar.<\/p>\n<p data-start=\"741\" data-end=\"919\">A m\u00e9s de ser un espai per dinar, el menjador \u00e9s tamb\u00e9 un <strong data-start=\"798\" data-end=\"834\">moment educatiu i de conviv\u00e8ncia<\/strong>, on es treballen valors com el respecte, la responsabilitat i la bona conviv\u00e8ncia.<\/p>\n<h3 data-start=\"1079\" data-end=\"1122\">\ud83c\udf7d\ufe0f Men\u00fa del mes<\/h3>\n<p data-start=\"1124\" data-end=\"1320\">Aqu\u00ed podeu descarregar o consultar el <strong data-start=\"1162\" data-end=\"1195\">men\u00fa del mes<\/strong>, amb totes les propostes elaborades per garantir una alimentaci\u00f3 equilibrada, variada i saludable per als nostres alumnes.<\/p>\n<p data-start=\"1322\" data-end=\"1397\">\ud83d\udcc4 <strong data-start=\"1326\" data-end=\"1365\">Descarrega el <a href=\"https:\/\/drive.google.com\/file\/d\/1uKDaY5-8XIetYL7VTSCFRBL_cCSopIWO\/view?usp=sharing\">MEN\u00da MAR\u00c7<\/a><\/strong><\/p>\n<p data-start=\"1322\" data-end=\"1397\">\ud83d\udcc4 <strong data-start=\"1326\" data-end=\"1365\">Descarrega el <a href=\"https:\/\/drive.google.com\/file\/d\/1KYPVp4dAaC90sRbv1r6Um1RVAdK17yvJ\/view?usp=sharing\">MEN\u00da ABRIL<\/a><\/strong><\/p>\n<p><a href=\"https:\/\/agora.xtec.cat\/insbaixamar\/wp-content\/uploads\/usu374\/2026\/04\/Menu_ABRIL.jpg\"><img loading=\"lazy\" decoding=\"async\" class=\"alignnone  wp-image-11452\" src=\"https:\/\/agora.xtec.cat\/insbaixamar\/wp-content\/uploads\/usu374\/2026\/04\/Menu_ABRIL.jpg\" alt=\"\" width=\"689\" height=\"499\" srcset=\"https:\/\/agora.xtec.cat\/insbaixamar\/wp-content\/uploads\/usu374\/2026\/04\/Menu_ABRIL.jpg 855w, https:\/\/agora.xtec.cat\/insbaixamar\/wp-content\/uploads\/usu374\/2026\/04\/Menu_ABRIL-300x217.jpg 300w, https:\/\/agora.xtec.cat\/insbaixamar\/wp-content\/uploads\/usu374\/2026\/04\/Menu_ABRIL-768x556.jpg 768w\" sizes=\"auto, (max-width: 689px) 100vw, 689px\" \/><\/a><\/p>\n<h4 data-start=\"1163\" data-end=\"1187\">\u2139\ufe0f M\u00e9s informaci\u00f3<\/h4>\n<p data-start=\"1188\" data-end=\"1402\">Per a qualsevol dubte o consulta sobre el servei de menjador, podeu adre\u00e7ar-vos a la <strong data-start=\"1273\" data-end=\"1298\">secretaria del centre<\/strong> o enviar un correu electr\u00f2nic a:<br data-start=\"1331\" data-end=\"1334\" \/>\ud83d\udce7 <strong data-start=\"1337\" data-end=\"1400\"><a class=\"decorated-link cursor-pointer\" rel=\"noopener\" data-start=\"1339\" data-end=\"1398\">menjador@iesbaixamar.com<\/a><\/strong><\/p>\n","protected":false},"excerpt":{"rendered":"<p>El menjador de l\u2019Institut Baix a Mar \u00e9s un espai pensat per oferir un servei de qualitat, saludable i equilibrat a tot l\u2019alumnat del centre. Apostem per una alimentaci\u00f3 variada, sostenible i adaptada a les necessitats dels nois i noies, fomentant h\u00e0bits alimentaris saludables i&hellip;  <a href=\"https:\/\/agora.xtec.cat\/insbaixamar\/menjador-escolar\/\" title=\"Read Menjador escolar\">Llegeix m\u00e9s\u00bb<\/a><\/p>\n","protected":false},"author":1,"featured_media":0,"parent":0,"menu_order":0,"comment_status":"closed","ping_status":"closed","template":"","meta":{"_bbp_topic_count":0,"_bbp_reply_count":0,"_bbp_total_topic_count":0,"_bbp_total_reply_count":0,"_bbp_voice_count":0,"_bbp_anonymous_reply_count":0,"_bbp_topic_count_hidden":0,"_bbp_reply_count_hidden":0,"_bbp_forum_subforum_count":0,"footnotes":""},"class_list":["post-10672","page","type-page","status-publish","hentry"],"post_mailing_queue_ids":[],"_links":{"self":[{"href":"https:\/\/agora.xtec.cat\/insbaixamar\/wp-json\/wp\/v2\/pages\/10672","targetHints":{"allow":["GET"]}}],"collection":[{"href":"https:\/\/agora.xtec.cat\/insbaixamar\/wp-json\/wp\/v2\/pages"}],"about":[{"href":"https:\/\/agora.xtec.cat\/insbaixamar\/wp-json\/wp\/v2\/types\/page"}],"author":[{"embeddable":true,"href":"https:\/\/agora.xtec.cat\/insbaixamar\/wp-json\/wp\/v2\/users\/1"}],"replies":[{"embeddable":true,"href":"https:\/\/agora.xtec.cat\/insbaixamar\/wp-json\/wp\/v2\/comments?post=10672"}],"version-history":[{"count":6,"href":"https:\/\/agora.xtec.cat\/insbaixamar\/wp-json\/wp\/v2\/pages\/10672\/revisions"}],"predecessor-version":[{"id":11453,"href":"https:\/\/agora.xtec.cat\/insbaixamar\/wp-json\/wp\/v2\/pages\/10672\/revisions\/11453"}],"wp:attachment":[{"href":"https:\/\/agora.xtec.cat\/insbaixamar\/wp-json\/wp\/v2\/media?parent=10672"}],"curies":[{"name":"wp","href":"https:\/\/api.w.org\/{rel}","templated":true}]}}