{"id":10192,"date":"2025-04-09T13:46:55","date_gmt":"2025-04-09T11:46:55","guid":{"rendered":"https:\/\/agora.xtec.cat\/insbaixamar\/?page_id=10192"},"modified":"2026-02-18T19:14:15","modified_gmt":"2026-02-18T18:14:15","slug":"resolucions-beques-ajuts","status":"publish","type":"page","link":"https:\/\/agora.xtec.cat\/insbaixamar\/resolucions-beques-ajuts\/","title":{"rendered":"Resolucions Beques i Ajuts"},"content":{"rendered":"<h3 data-start=\"120\" data-end=\"168\">\ud83d\udcb0 Resolucions de Beques i Ajuts<\/h3>\n<p data-start=\"170\" data-end=\"357\">A l\u2019Institut Baix a Mar posem a disposici\u00f3 de fam\u00edlies i alumnat les <strong data-start=\"239\" data-end=\"284\">resolucions i propostes de beques i ajuts<\/strong>, amb acc\u00e9s directe per garantir transpar\u00e8ncia i facilitat de consulta.<\/p>\n<p data-start=\"170\" data-end=\"357\">\ud83d\udccc <strong data-start=\"780\" data-end=\"870\">Cliqueu sobre els documents per consultar els detalls de les beques i ajuts concedits.<\/strong><\/p>\n<p>\ud83d\udcc4 <strong>Resolucions<\/strong><\/p>\n<p><a href=\"https:\/\/agora.xtec.cat\/insbaixamar\/wp-content\/uploads\/usu374\/2025\/04\/08065354_2024_Resolucio5_AP_Tauler.pdf\">08065354_2024_Resoluci\u00f35_AP_Tauler<\/a><\/p>\n<p><a href=\"https:\/\/agora.xtec.cat\/insbaixamar\/wp-content\/uploads\/usu374\/2025\/04\/08065354_2024_Resolucio9_DN_Tauler.pdf\">08065354_2024_Resolucio9_DN_Tauler<\/a><\/p>\n<p><a href=\"https:\/\/agora.xtec.cat\/insbaixamar\/wp-content\/uploads\/usu374\/2025\/04\/08065354_2024_Resolucio8_DN_Tauler.pdf\">08065354_2024_Resolucio8_DN_Tauler<\/a><\/p>\n<p><a href=\"https:\/\/agora.xtec.cat\/insbaixamar\/wp-content\/uploads\/usu374\/2025\/04\/2024_Resolucio3_AP_Tauler.pdf\">08065354_2024_Resolucio3_AP_Tauler<\/a><\/p>\n<p>&nbsp;<\/p>\n<p>\ud83d\udcdd <strong>Propostes<\/strong><\/p>\n<p><a href=\"https:\/\/drive.google.com\/file\/d\/1EmFer-1uGoc4daInnakitwIkwP-87Ekn\/view?usp=sharing\">08065354_2025_Proposta6_AP_Tauler<\/a><\/p>\n<p><a href=\"https:\/\/agora.xtec.cat\/insbaixamar\/wp-content\/uploads\/usu374\/2025\/04\/08065354_2024_Proposta13_DN_Tauler.pdf\">08065354_2024_Proposta13_DN_Tauler<\/a><\/p>\n<p><a href=\"https:\/\/agora.xtec.cat\/insbaixamar\/wp-content\/uploads\/usu374\/2025\/04\/08065354_2024_Proposta14_AP_Tauler.pdf\">08065354_2024_Proposta14_AP_Tauler<\/a><\/p>\n<p><a href=\"https:\/\/agora.xtec.cat\/insbaixamar\/wp-content\/uploads\/usu374\/2025\/04\/08065354_2024_Proposta17_DN_Tauler.pdf\">08065354_2024_Proposta17_DN_Tauler<\/a><\/p>\n<p>&nbsp;<\/p>\n<p data-start=\"310\" data-end=\"352\">\ud83c\udf93 <strong>Ajuts per a estudis post-obligatoris<\/strong><\/p>\n<p data-start=\"354\" data-end=\"387\">Resoluci\u00f3 de concessi\u00f3 2G2025<\/p>\n<p data-start=\"390\" data-end=\"426\"><a href=\"https:\/\/drive.google.com\/file\/d\/1l5TSvcsj53NeKheC5_qPZZxubpO4ZoXV\/view?usp=drive_link\">08065354_2025_Resoluci\u00f32_AP_Tauler<\/a><\/p>\n<p data-start=\"390\" data-end=\"426\"><a href=\"https:\/\/drive.google.com\/file\/d\/1XWE_HO4ppmz1oYnpGHMlhHjJjM3_vjkV\/view?usp=drive_link\">08065354_2025_Resolucio2_DN_Tauler<\/a><\/p>\n<p data-start=\"467\" data-end=\"548\"><strong data-start=\"467\" data-end=\"499\">*<\/strong><em>Termini per presentar recurs<\/em><br data-start=\"499\" data-end=\"502\" \/>Un mes a partir de la comunicaci\u00f3 als usuaris.<\/p>\n<p data-start=\"550\" data-end=\"671\"><strong data-start=\"550\" data-end=\"580\">*<\/strong><em>Presentaci\u00f3 d\u2019al\u00b7legacions<\/em><br data-start=\"580\" data-end=\"583\" \/>Cal descarregar i emplenar l\u2019impr\u00e8s disponible a l\u2019apartat: \u27a1\ufe0f <b><a id=\"m_9031536096349328183m_8443414100749450m_-3962454256914197123OWA6e93d4ce-4330-2861-9449-9814d071ca1f\" title=\"https:\/\/documents.espai.educacio.gencat.cat\/FormularisModels\/CentresAjutsServeis\/A363.pdf\" href=\"https:\/\/documents.espai.educacio.gencat.cat\/FormularisModels\/CentresAjutsServeis\/A363.pdf\" target=\"_blank\" rel=\"noopener\" data-saferedirecturl=\"https:\/\/www.google.com\/url?q=https:\/\/documents.espai.educacio.gencat.cat\/FormularisModels\/CentresAjutsServeis\/A363.pdf&amp;source=gmail&amp;ust=1766128261871000&amp;usg=AOvVaw2vPDEapPg_982LaX6X1ivL\">Recurs de Reposici\u00f3<\/a><\/b><\/p>\n<p>&nbsp;<\/p>\n<p>\ud83c\udf1f <strong>Altres documents<\/strong><\/p>\n<p><a href=\"https:\/\/agora.xtec.cat\/insbaixamar\/wp-content\/uploads\/usu374\/2025\/04\/Concessio-beques-caracter-general-2024-2025.pdf\">Concessio-beques-caracter-general-2024-2025<\/a><\/p>\n<p>&nbsp;<\/p>\n<p>&nbsp;<\/p>\n<p>&nbsp;<\/p>\n","protected":false},"excerpt":{"rendered":"<p>\ud83d\udcb0 Resolucions de Beques i Ajuts<br \/>\nA l\u2019Institut Baix a Mar posem a disposici\u00f3 de fam\u00edlies i alumnat les resolucions i propostes de beques i ajuts, amb acc\u00e9s directe per garantir transpar\u00e8ncia i facilitat de consulta.<br \/>\n\ud83d\udccc Cliqueu sobre els documents per consultar els detalls de les&hellip;  <a href=\"https:\/\/agora.xtec.cat\/insbaixamar\/resolucions-beques-ajuts\/\" title=\"Read Resolucions Beques i Ajuts\">Llegeix m\u00e9s\u00bb<\/a><\/p>\n","protected":false},"author":1,"featured_media":0,"parent":0,"menu_order":0,"comment_status":"closed","ping_status":"closed","template":"","meta":{"_bbp_topic_count":0,"_bbp_reply_count":0,"_bbp_total_topic_count":0,"_bbp_total_reply_count":0,"_bbp_voice_count":0,"_bbp_anonymous_reply_count":0,"_bbp_topic_count_hidden":0,"_bbp_reply_count_hidden":0,"_bbp_forum_subforum_count":0,"footnotes":""},"class_list":["post-10192","page","type-page","status-publish","hentry"],"post_mailing_queue_ids":[],"_links":{"self":[{"href":"https:\/\/agora.xtec.cat\/insbaixamar\/wp-json\/wp\/v2\/pages\/10192","targetHints":{"allow":["GET"]}}],"collection":[{"href":"https:\/\/agora.xtec.cat\/insbaixamar\/wp-json\/wp\/v2\/pages"}],"about":[{"href":"https:\/\/agora.xtec.cat\/insbaixamar\/wp-json\/wp\/v2\/types\/page"}],"author":[{"embeddable":true,"href":"https:\/\/agora.xtec.cat\/insbaixamar\/wp-json\/wp\/v2\/users\/1"}],"replies":[{"embeddable":true,"href":"https:\/\/agora.xtec.cat\/insbaixamar\/wp-json\/wp\/v2\/comments?post=10192"}],"version-history":[{"count":6,"href":"https:\/\/agora.xtec.cat\/insbaixamar\/wp-json\/wp\/v2\/pages\/10192\/revisions"}],"predecessor-version":[{"id":11208,"href":"https:\/\/agora.xtec.cat\/insbaixamar\/wp-json\/wp\/v2\/pages\/10192\/revisions\/11208"}],"wp:attachment":[{"href":"https:\/\/agora.xtec.cat\/insbaixamar\/wp-json\/wp\/v2\/media?parent=10192"}],"curies":[{"name":"wp","href":"https:\/\/api.w.org\/{rel}","templated":true}]}}