{"id":9149,"date":"2023-09-20T14:32:33","date_gmt":"2023-09-20T12:32:33","guid":{"rendered":"https:\/\/agora.xtec.cat\/insbadiaimargarit\/?page_id=9149"},"modified":"2024-09-16T13:15:19","modified_gmt":"2024-09-16T11:15:19","slug":"documents-secretaria-fp-i-pfi","status":"publish","type":"page","link":"https:\/\/agora.xtec.cat\/insbadiaimargarit\/documents-secretaria-fp-i-pfi\/","title":{"rendered":"Documents secretaria FP i PFI"},"content":{"rendered":"<p>Clicant sobre els diferents models podeu descarregar els documents que cal presentar.<\/p>\n<table style=\"height: 164px; width: 91.6564%;\" width=\"587\">\n<tbody>\n<tr>\n<td style=\"width: 34.5145%;\"><strong>Tr\u00e0mit que es vol realitzar<\/strong><\/td>\n<td style=\"width: 34.5197%;\"><strong>Model de la sol\u00b7licitud que cal presentar<\/strong><\/td>\n<td style=\"width: 113.856%;\"><strong>Documentaci\u00f3 que cal aportar juntament amb la sol\u00b7licitud\u00a0<\/strong><\/td>\n<\/tr>\n<tr style=\"height: 31px;\">\n<td style=\"width: 34.5145%; height: 31px; vertical-align: top;\">Sol\u00b7licitud de l&#8217;exempci\u00f3 de la FCT<\/td>\n<td style=\"width: 34.5197%; height: 31px; vertical-align: top;\"><a href=\"https:\/\/agora.xtec.cat\/insbadiaimargarit\/wp-content\/uploads\/usu348\/2023\/09\/R_S02_01-Sollicitud-de-lexempcio-de-la-FCT.pdf\" target=\"_blank\" rel=\"noopener\">Sol\u00b7licitud de l&#8217;exempci\u00f3 de la FCT<\/a><\/td>\n<td style=\"width: 113.856%;\">Cal aportar la documentaci\u00f3 original o una c\u00f2pia compulsada, i fotoc\u00f2pia.<\/p>\n<p>Informe de vida laboral (exempci\u00f3 del 25%)<\/p>\n<p>Certificat d&#8217;empresa (50%-100%)<\/p>\n<p>DNI<\/td>\n<\/tr>\n<tr>\n<td style=\"width: 34.5145%; vertical-align: top;\"><span style=\"font-weight: 400;\">Sol\u00b7licitud de convalidaci\u00f3<\/span><\/td>\n<td style=\"width: 34.5197%; vertical-align: top;\"><a href=\"https:\/\/agora.xtec.cat\/insbadiaimargarit\/wp-content\/uploads\/usu348\/2023\/10\/Model-Sollicitud-CONVALIDACIO-DE-CENTRE_CICLES-FORMATIUS.pdf\"><span style=\"font-weight: 400;\">Sol\u00b7licitud de convalidaci\u00f3 de cr\u00e8dits, m\u00f2duls o unitats formatives<\/span><\/a><\/td>\n<td style=\"width: 113.856%;\"><strong>Data l\u00edmit sol\u00b7licitud: 24 d&#8217;octubre<\/strong><\/p>\n<p><span style=\"font-weight: 400;\">Cal aportar la documentaci\u00f3 original o una c\u00f2pia compulsada, i fotoc\u00f2pia.<\/span><\/p>\n<p><span style=\"font-weight: 400;\">El certificat de qualificacions per a unitats formatives, cr\u00e8dits o assignatures<\/span><\/p>\n<p>DNI<\/td>\n<\/tr>\n<tr>\n<td style=\"width: 34.5145%; vertical-align: top;\">Declaraci\u00f3 de ren\u00fancia de l\u2019alumne\/a a fer el m\u00f2dul d\u2019FCT o les pr\u00e0ctiques a l&#8217;empresa<span style=\"font-weight: 400;\"><br \/>\n<\/span><\/td>\n<td style=\"width: 34.5197%; vertical-align: top;\"><a href=\"https:\/\/agora.xtec.cat\/insbadiaimargarit\/wp-content\/uploads\/usu348\/2023\/11\/A859-renuncia-FCT.pdf\"><span style=\"font-weight: 400;\">Declaraci\u00f3 de ren\u00fancia FCT<\/span><\/a><\/td>\n<td style=\"width: 113.856%;\"><strong>Data l\u00edmit sol\u00b7licitud: 30 de novembre<\/strong><\/p>\n<p><span style=\"font-weight: 400;\">DNI<\/span><\/p>\n<p>Document justificatiu.<\/td>\n<\/tr>\n<\/tbody>\n<\/table>\n<p>&nbsp;<\/p>\n","protected":false},"excerpt":{"rendered":"<p>Clicant sobre els diferents models podeu descarregar els documents que cal presentar.<\/p>\n<p>Tr\u00e0mit que es vol realitzar<br \/>\nModel de la sol\u00b7licitud que cal presentar<br \/>\nDocumentaci\u00f3 que cal aportar juntament amb la sol\u00b7licitud\u00a0<\/p>\n<p>Sol\u00b7licitud de l&#8217;exempci\u00f3 de la FCT<br \/>\n<a href=\"https:\/\/agora.xtec.cat\/insbadiaimargarit\/wp-content\/uploads\/usu348\/2023\/09\/R_S02_01-Sollicitud-de-lexempcio-de-la-FCT.pdf\" target=\"_blank\" rel=\"noopener\">Sol\u00b7licitud de l&#8217;exempci\u00f3 de la FCT<\/a><br \/>\nCal aportar la documentaci\u00f3&hellip;  <a href=\"https:\/\/agora.xtec.cat\/insbadiaimargarit\/documents-secretaria-fp-i-pfi\/\" title=\"Read Documents secretaria FP i PFI\">Llegeix m\u00e9s\u00bb<\/a><\/p>\n","protected":false},"author":4,"featured_media":0,"parent":0,"menu_order":0,"comment_status":"closed","ping_status":"closed","template":"","meta":{"_bbp_topic_count":0,"_bbp_reply_count":0,"_bbp_total_topic_count":0,"_bbp_total_reply_count":0,"_bbp_voice_count":0,"_bbp_anonymous_reply_count":0,"_bbp_topic_count_hidden":0,"_bbp_reply_count_hidden":0,"_bbp_forum_subforum_count":0,"footnotes":""},"class_list":["post-9149","page","type-page","status-publish","hentry"],"post_mailing_queue_ids":[],"_links":{"self":[{"href":"https:\/\/agora.xtec.cat\/insbadiaimargarit\/wp-json\/wp\/v2\/pages\/9149","targetHints":{"allow":["GET"]}}],"collection":[{"href":"https:\/\/agora.xtec.cat\/insbadiaimargarit\/wp-json\/wp\/v2\/pages"}],"about":[{"href":"https:\/\/agora.xtec.cat\/insbadiaimargarit\/wp-json\/wp\/v2\/types\/page"}],"author":[{"embeddable":true,"href":"https:\/\/agora.xtec.cat\/insbadiaimargarit\/wp-json\/wp\/v2\/users\/4"}],"replies":[{"embeddable":true,"href":"https:\/\/agora.xtec.cat\/insbadiaimargarit\/wp-json\/wp\/v2\/comments?post=9149"}],"version-history":[{"count":6,"href":"https:\/\/agora.xtec.cat\/insbadiaimargarit\/wp-json\/wp\/v2\/pages\/9149\/revisions"}],"predecessor-version":[{"id":10440,"href":"https:\/\/agora.xtec.cat\/insbadiaimargarit\/wp-json\/wp\/v2\/pages\/9149\/revisions\/10440"}],"wp:attachment":[{"href":"https:\/\/agora.xtec.cat\/insbadiaimargarit\/wp-json\/wp\/v2\/media?parent=9149"}],"curies":[{"name":"wp","href":"https:\/\/api.w.org\/{rel}","templated":true}]}}