{"id":9147,"date":"2023-09-20T14:32:21","date_gmt":"2023-09-20T12:32:21","guid":{"rendered":"https:\/\/agora.xtec.cat\/insbadiaimargarit\/?page_id=9147"},"modified":"2024-09-23T15:18:55","modified_gmt":"2024-09-23T13:18:55","slug":"documents-secretaria-batxillerat","status":"publish","type":"page","link":"https:\/\/agora.xtec.cat\/insbadiaimargarit\/documents-secretaria-batxillerat\/","title":{"rendered":"Documents secretaria BATXILLERAT"},"content":{"rendered":"<p>Clicant sobre els diferents models podeu descarregar els documents que cal presentar.<\/p>\n<table style=\"height: 319px; width: 91.6564%;\" width=\"587\">\n<tbody>\n<tr style=\"height: 49px;\">\n<td style=\"width: 34.5145%; height: 49px;\"><strong>Tr\u00e0mit que es vol realitzar<\/strong><\/td>\n<td style=\"width: 34.5197%; height: 49px;\"><strong>Model de la sol\u00b7licitud que cal presentar<\/strong><\/td>\n<td style=\"width: 113.856%; height: 49px;\"><strong>Documentaci\u00f3 que cal aportar juntament amb la sol\u00b7licitud\u00a0<\/strong><\/td>\n<\/tr>\n<tr style=\"height: 31px;\">\n<td style=\"width: 34.5145%; height: 31px; vertical-align: top;\">Sol\u00b7licitud de l&#8217;exempci\u00f3 de qualificaci\u00f3 de Llengua Catalana i Literatura<\/td>\n<td style=\"width: 34.5197%; height: 31px; vertical-align: top;\"><a href=\"https:\/\/agora.xtec.cat\/insbadiaimargarit\/documents-secretaria-batxillerat\/attachment\/a933\/\" rel=\"attachment wp-att-9252\">A933<\/a><\/p>\n<p>&nbsp;<\/td>\n<td style=\"width: 113.856%; height: 31px;\">Original i fotoc\u00f2pia:<\/p>\n<ul>\n<li>Certificat acad\u00e8mic, o b\u00e9 c\u00f2pia de l\u2019historial acad\u00e8mic o documentaci\u00f3 equivalent, amb const\u00e0ncia dels ensenyaments i mat\u00e8ries cursats al llarg de tota l\u2019escolaritzaci\u00f3, dels llocs on s\u2019han portat a terme i de la data d\u2019incorporaci\u00f3 a un centre educatiu de Catalunya.<\/li>\n<li>En el cas que l\u2019alumne o alumna s\u2019hagi incorporat al batxillerat procedent d\u2019estudis estrangers, \u00e9s necess\u00e0ria una c\u00f2pia de la credencial de convalidaci\u00f3 o b\u00e9 del \u201cVolant per a la inscripci\u00f3 condicional en centres educatius o en ex\u00e0mens oficials\u201d.<\/li>\n<li>DNI, NIE o passaport de l\u2019alumne o alumna.<\/li>\n<\/ul>\n<\/td>\n<\/tr>\n<tr style=\"height: 159px;\">\n<td style=\"width: 34.5145%; vertical-align: top; height: 159px;\">Sol\u00b7licitud de convalidaci\u00f3 de mat\u00e8ries de batxillerat per als alumnes que han superat un cicle formatiu de grau mitj\u00e0 o un cicle formatiu de grau superior<\/td>\n<td style=\"width: 34.5197%; vertical-align: top; height: 159px;\"><a href=\"https:\/\/agora.xtec.cat\/insbadiaimargarit\/documents-secretaria-batxillerat\/attachment\/a728\/\" rel=\"attachment wp-att-9254\">A728<\/a><\/td>\n<td style=\"width: 113.856%; height: 159px;\">Original i fotoc\u00f2pia:<\/p>\n<ul>\n<li>T\u00edtol que s&#8217;acredita per a la convalidaci\u00f3.<\/li>\n<li>Historial acad\u00e8mic de l&#8217;alumne.<\/li>\n<\/ul>\n<p>&nbsp;<\/td>\n<\/tr>\n<tr style=\"height: 80px;\">\n<td style=\"width: 34.5145%; vertical-align: top; height: 80px;\">Sol\u00b7licitud de reducci\u00f3 de mat\u00e8ries de la franja de batxillerat basant-se en estudis de m\u00fasica en un conservatori o en un centre professional<\/td>\n<td style=\"width: 34.5197%; vertical-align: top; height: 80px;\"><a href=\"https:\/\/agora.xtec.cat\/insaltafulla\/wp-content\/uploads\/usu206\/2023\/09\/BMU1.pdf\">BMU1<\/a><\/td>\n<td style=\"width: 113.856%; height: 80px;\">\n<ul>\n<li>Certificat corresponent del conservatori, centre professional de m\u00fasica o centre professional de dansa, segons el cas.<\/li>\n<\/ul>\n<\/td>\n<\/tr>\n<tr>\n<td style=\"width: 34.5145%; vertical-align: top;\">Sol\u00b7licitud de convalidaci\u00f3 de mat\u00e8ries optatives de batxillerat per a alumnes que cursen simult\u00e0niemanet una segona llengua estrangera en una EOI<\/td>\n<td style=\"width: 34.5197%; vertical-align: top;\"><a href=\"https:\/\/documents.espai.educacio.gencat.cat\/FormularisModels\/CentresGestioAcademica\/A1298.pdf\">CEO1<\/a><\/td>\n<td style=\"width: 113.856%;\">\n<ul>\n<li>Certificat corresponent de l&#8217;EOI en qu\u00e8 s&#8217;acredita el curs de la segona llengua estranger que s&#8217;est\u00e0 cursant.<\/li>\n<\/ul>\n<\/td>\n<\/tr>\n<tr>\n<td style=\"width: 34.5145%; vertical-align: top;\">\n<ul>\n<li>Certificat expedit per l\u2019EOI en qu\u00e8 s\u2019acredita el curs de la segona llengua estrangera que cursa l\u2019alumne\/a (CEO2)<\/li>\n<\/ul>\n<\/td>\n<td style=\"width: 34.5197%; vertical-align: top;\"><a href=\"https:\/\/documents.espai.educacio.gencat.cat\/FormularisModels\/CentresGestioAcademica\/A1299.pdf\">CEO2<\/a><\/td>\n<td style=\"width: 113.856%;\">\n<ul>\n<li>Certificat emplenat pel centre EOI que acredita el curs de la segona llenguaestrangera.<\/li>\n<\/ul>\n<\/td>\n<\/tr>\n<\/tbody>\n<\/table>\n","protected":false},"excerpt":{"rendered":"<p>Clicant sobre els diferents models podeu descarregar els documents que cal presentar.<\/p>\n<p>Tr\u00e0mit que es vol realitzar<br \/>\nModel de la sol\u00b7licitud que cal presentar<br \/>\nDocumentaci\u00f3 que cal aportar juntament amb la sol\u00b7licitud\u00a0<\/p>\n<p>Sol\u00b7licitud de l&#8217;exempci\u00f3 de qualificaci\u00f3 de Llengua Catalana i Literatura<br \/>\n<a href=\"https:\/\/agora.xtec.cat\/insbadiaimargarit\/documents-secretaria-batxillerat\/attachment\/a933\/\" rel=\"attachment wp-att-9252\">A933<\/a><br \/>\n&nbsp;<br \/>\nOriginal i fotoc\u00f2pia:<\/p>\n<ul>\n<li>Certificat acad\u00e8mic, o&hellip;  <a href=\"https:\/\/agora.xtec.cat\/insbadiaimargarit\/documents-secretaria-batxillerat\/\" title=\"Read Documents secretaria BATXILLERAT\">Llegeix m\u00e9s\u00bb<\/a><br \/>\n","protected":false},"author":4,"featured_media":0,"parent":0,"menu_order":0,"comment_status":"closed","ping_status":"closed","template":"","meta":{"_bbp_topic_count":0,"_bbp_reply_count":0,"_bbp_total_topic_count":0,"_bbp_total_reply_count":0,"_bbp_voice_count":0,"_bbp_anonymous_reply_count":0,"_bbp_topic_count_hidden":0,"_bbp_reply_count_hidden":0,"_bbp_forum_subforum_count":0,"footnotes":""},"class_list":["post-9147","page","type-page","status-publish","hentry"],"post_mailing_queue_ids":[],"_links":{"self":[{"href":"https:\/\/agora.xtec.cat\/insbadiaimargarit\/wp-json\/wp\/v2\/pages\/9147","targetHints":{"allow":["GET"]}}],"collection":[{"href":"https:\/\/agora.xtec.cat\/insbadiaimargarit\/wp-json\/wp\/v2\/pages"}],"about":[{"href":"https:\/\/agora.xtec.cat\/insbadiaimargarit\/wp-json\/wp\/v2\/types\/page"}],"author":[{"embeddable":true,"href":"https:\/\/agora.xtec.cat\/insbadiaimargarit\/wp-json\/wp\/v2\/users\/4"}],"replies":[{"embeddable":true,"href":"https:\/\/agora.xtec.cat\/insbadiaimargarit\/wp-json\/wp\/v2\/comments?post=9147"}],"version-history":[{"count":7,"href":"https:\/\/agora.xtec.cat\/insbadiaimargarit\/wp-json\/wp\/v2\/pages\/9147\/revisions"}],"predecessor-version":[{"id":10460,"href":"https:\/\/agora.xtec.cat\/insbadiaimargarit\/wp-json\/wp\/v2\/pages\/9147\/revisions\/10460"}],"wp:attachment":[{"href":"https:\/\/agora.xtec.cat\/insbadiaimargarit\/wp-json\/wp\/v2\/media?parent=9147"}],"curies":[{"name":"wp","href":"https:\/\/api.w.org\/{rel}","templated":true}]}}