{"id":9145,"date":"2023-09-20T14:32:07","date_gmt":"2023-09-20T12:32:07","guid":{"rendered":"https:\/\/agora.xtec.cat\/insbadiaimargarit\/?page_id=9145"},"modified":"2024-10-10T13:01:06","modified_gmt":"2024-10-10T11:01:06","slug":"documents-secretaria-eso","status":"publish","type":"page","link":"https:\/\/agora.xtec.cat\/insbadiaimargarit\/documents-secretaria-eso\/","title":{"rendered":"Documents secretaria ESO"},"content":{"rendered":"<p>IMPORTANT: El reconeixement de la mat\u00e8ria no autoritza per si sol a l&#8217;alumnat a sortir del centre. Si la fam\u00edlia vol que l&#8217;alumne pugui sortir del centre a les hores que t\u00e9 convalidades, ha de fer una inst\u00e0ncia gen\u00e8rica a la direcci\u00f3 del centre per demanar-ho. La podeu trobar als documents gen\u00e8rics de secretaria.<\/p>\n<p>&nbsp;<\/p>\n<table style=\"width: 81.8978%; height: 285px;\" width=\"587\">\n<tbody>\n<tr style=\"height: 79px;\">\n<td style=\"height: 79px; width: 31.0009%;\"><strong>Tr\u00e0mit que es vol realitzar<\/strong><\/td>\n<td style=\"height: 79px; width: 27.8122%;\"><strong>Model de la sol\u00b7licitud que cal presentar<\/strong><\/td>\n<td style=\"height: 79px; width: 40.3012%;\"><strong>Documentaci\u00f3 que cal aportar juntament amb la sol\u00b7licitud\u00a0<\/strong><\/td>\n<\/tr>\n<tr style=\"height: 59px;\">\n<td id=\"SPFieldText\" class=\"ms-formbody\" style=\"width: 31.0009%; height: 59px;\" valign=\"top\" width=\"350px\">Sol\u00b7licitud de reconeixement de la mat\u00e8ria d&#8217;EF per alumnes amb dedicaci\u00f3 significativa a l&#8217;esport<\/td>\n<td style=\"height: 59px; width: 27.8122%;\"><a href=\"https:\/\/agora.xtec.cat\/insbadiaimargarit\/documents-secretaria-eso\/attachment\/apu545\/\" rel=\"attachment wp-att-9258\">APU545<\/a><\/td>\n<td style=\"height: 59px; width: 40.3012%;\">Certificat del Consell Catal\u00e0 de l&#8217;Esport<\/td>\n<\/tr>\n<tr style=\"height: 79px;\">\n<td style=\"height: 82px; width: 31.0009%;\">Sol\u00b7licitud de reconeixement de m\u00fasica\u00a0 i\/o mat\u00e8ries ESO per estudis de m\u00fasica en un conservatori o escola de m\u00fasica autoritzada.<\/td>\n<td style=\"height: 82px; width: 27.8122%;\"><a href=\"https:\/\/agora.xtec.cat\/insbadiaimargarit\/documents-secretaria-eso\/attachment\/emu1-sol-licitud-convalidacio-musica\/\" rel=\"attachment wp-att-9259\">EMU1-Sol.licitud-convalidaci\u00f3-m\u00fasica<\/a><\/td>\n<td style=\"height: 82px; width: 40.3012%;\">Certificat de l&#8217;escola de m\u00fasica autoritzada o del conservatori<\/td>\n<\/tr>\n<tr style=\"height: 65px;\">\n<td style=\"width: 31.0009%; height: 65px;\">Sol\u00b7licitud de reconeixement de dansa\u00a0 i\/o mat\u00e8ries ESO per estudis de m\u00fasica en un conservatori o escola de m\u00fasica autoritzada.<\/td>\n<td style=\"width: 27.8122%; height: 65px;\"><a href=\"https:\/\/agora.xtec.cat\/insbadiaimargarit\/documents-secretaria-eso\/attachment\/sol-licitud-convalidacio-ef-dansa\/\" rel=\"attachment wp-att-9260\">Sol.licitud-convalidaci\u00f3-EF-dansa<\/a><\/td>\n<td style=\"width: 40.3012%; height: 65px;\">Certificat de l&#8217;escola de dansa autoritzada.<\/td>\n<\/tr>\n<tr>\n<td style=\"width: 31.0009%;\">Duplicat del t\u00edtol d&#8217;ESO<\/td>\n<td style=\"width: 27.8122%;\">Entrar al portal <a href=\"https:\/\/educacio.gencat.cat\/ca\/tramits\/tramits-temes\/titols-academics-no-universitaris\">GENCAT<\/a><\/td>\n<td style=\"width: 40.3012%;\"><\/td>\n<\/tr>\n<\/tbody>\n<\/table>\n<p>&nbsp;<\/p>\n","protected":false},"excerpt":{"rendered":"<p>IMPORTANT: El reconeixement de la mat\u00e8ria no autoritza per si sol a l&#8217;alumnat a sortir del centre. Si la fam\u00edlia vol que l&#8217;alumne pugui sortir del centre a les hores que t\u00e9 convalidades, ha de fer una inst\u00e0ncia gen\u00e8rica a la direcci\u00f3 del centre per&hellip;  <a href=\"https:\/\/agora.xtec.cat\/insbadiaimargarit\/documents-secretaria-eso\/\" title=\"Read Documents secretaria ESO\">Llegeix m\u00e9s\u00bb<\/a><\/p>\n","protected":false},"author":4,"featured_media":0,"parent":0,"menu_order":0,"comment_status":"closed","ping_status":"closed","template":"","meta":{"_bbp_topic_count":0,"_bbp_reply_count":0,"_bbp_total_topic_count":0,"_bbp_total_reply_count":0,"_bbp_voice_count":0,"_bbp_anonymous_reply_count":0,"_bbp_topic_count_hidden":0,"_bbp_reply_count_hidden":0,"_bbp_forum_subforum_count":0,"footnotes":""},"class_list":["post-9145","page","type-page","status-publish","hentry"],"post_mailing_queue_ids":[],"_links":{"self":[{"href":"https:\/\/agora.xtec.cat\/insbadiaimargarit\/wp-json\/wp\/v2\/pages\/9145","targetHints":{"allow":["GET"]}}],"collection":[{"href":"https:\/\/agora.xtec.cat\/insbadiaimargarit\/wp-json\/wp\/v2\/pages"}],"about":[{"href":"https:\/\/agora.xtec.cat\/insbadiaimargarit\/wp-json\/wp\/v2\/types\/page"}],"author":[{"embeddable":true,"href":"https:\/\/agora.xtec.cat\/insbadiaimargarit\/wp-json\/wp\/v2\/users\/4"}],"replies":[{"embeddable":true,"href":"https:\/\/agora.xtec.cat\/insbadiaimargarit\/wp-json\/wp\/v2\/comments?post=9145"}],"version-history":[{"count":6,"href":"https:\/\/agora.xtec.cat\/insbadiaimargarit\/wp-json\/wp\/v2\/pages\/9145\/revisions"}],"predecessor-version":[{"id":10509,"href":"https:\/\/agora.xtec.cat\/insbadiaimargarit\/wp-json\/wp\/v2\/pages\/9145\/revisions\/10509"}],"wp:attachment":[{"href":"https:\/\/agora.xtec.cat\/insbadiaimargarit\/wp-json\/wp\/v2\/media?parent=9145"}],"curies":[{"name":"wp","href":"https:\/\/api.w.org\/{rel}","templated":true}]}}