{"id":8693,"date":"2023-05-17T16:24:56","date_gmt":"2023-05-17T14:24:56","guid":{"rendered":"https:\/\/agora.xtec.cat\/insbadiaimargarit\/?page_id=8693"},"modified":"2025-07-31T12:40:29","modified_gmt":"2025-07-31T10:40:29","slug":"cicles-formatius-grau-mitja","status":"publish","type":"page","link":"https:\/\/agora.xtec.cat\/insbadiaimargarit\/cicles-formatius-grau-mitja\/","title":{"rendered":"Cicles Formatius Grau Mitj\u00e0 &#8211; Preinscripci\u00f3 i matr\u00edcula 2025-26"},"content":{"rendered":"<h1>CICLES FORMATIUS DE GRAU MITJ\u00c0<\/h1>\n<p><strong>Darrera actualitzaci\u00f3: 17 de mar\u00e7 de 2025<\/strong><\/p>\n<p>Benvolgudes fam\u00edlies i alumnes,<\/p>\n<p>Aqu\u00ed trobareu totes les informacions relacionades amb el curs 2025-26 per a tot l&#8217;alumnat de Cicles Formatius de Grau Mitj\u00e0. Anirem actualitzant aquest article a mesura que anem completant la informaci\u00f3:<\/p>\n<table style=\"border-collapse: collapse; width: 100.11%; height: 1565px;\">\n<tbody>\n<tr style=\"height: 32px;\">\n<td style=\"width: 28.4505%; height: 32px;\"><strong>\u00a0<\/strong><\/td>\n<td style=\"width: 17.7779%; height: 32px;\"><strong>Data l\u00edmit del tr\u00e0mit<\/strong><\/td>\n<td style=\"width: 59.5846%; height: 32px;\"><strong>Enlla\u00e7\u00a0 \/ informaci\u00f3 del tr\u00e0mit<\/strong><\/td>\n<\/tr>\n<tr style=\"height: 56px;\">\n<td style=\"width: 28.4505%; height: 56px;\"><strong>PUBLICACI\u00d3 DE L\u2019OFERTA INICIAL<\/strong><\/td>\n<td style=\"width: 17.7779%; height: 56px; text-align: center;\"><strong>22 de maig 2025<\/strong><\/td>\n<td style=\"width: 59.5846%; height: 56px;\">22 de maig 2025. Publicaci\u00f3 al migdia. <strong>Consultar <a href=\"https:\/\/agora.xtec.cat\/insbadiaimargarit\/wp-content\/uploads\/usu348\/2025\/05\/INFORME_OFERTA_OME_INFORME_OFERTA_CFGM_22_05_025.pdf\" target=\"_blank\" rel=\"noopener\">Aqu\u00ed<\/a><\/strong><\/td>\n<\/tr>\n<tr style=\"height: 32px;\">\n<td style=\"width: 28.4505%; height: 32px;\"><strong>PREINSCRIPCI\u00d3 2025-26<\/strong><strong><br \/>\n<\/strong><\/td>\n<td style=\"width: 17.7779%; height: 32px; text-align: center;\"><strong>29 de maig 2025<\/strong><\/td>\n<td style=\"width: 59.5846%; height: 32px;\"><strong>Del 23 al 29 de maig 2025<\/strong>, ambd\u00f3s inclosos. <strong>Electr\u00f2nicament.<\/strong><\/p>\n<p><strong><span style=\"color: #ff0000;\">Enlla\u00e7 directe de preinscripci\u00f3:\u00a0<a href=\"https:\/\/educacio.gencat.cat\/ca\/tramits\/tramits-temes\/preinscripcio-fp-gm\" target=\"_blank\" rel=\"noopener\">https:\/\/educacio.gencat.cat\/tramits-temes\/preinscripcio\/fp<\/a><\/span><\/strong><\/td>\n<\/tr>\n<tr style=\"height: 68px;\">\n<td style=\"width: 28.4505%; height: 68px;\"><b>NOMBRE DE SOL\u00b7LICITUDS PRESENTADES<\/b><\/td>\n<td style=\"width: 17.7779%; height: 68px; text-align: center;\"><strong>PENDENT\u00a0<\/strong><\/td>\n<td style=\"width: 59.5846%; height: 68px;\">INFO CURS 2023-24<\/p>\n<p><a href=\"https:\/\/agora.xtec.cat\/insbadiaimargarit\/wp-content\/uploads\/usu348\/2023\/05\/INFORME_ADM_CENTRE_.pdf\">INFORME_ADM_CENTRE_<\/a><\/td>\n<\/tr>\n<tr style=\"height: 56px;\">\n<td style=\"width: 28.4505%; height: 56px;\"><strong>PUBLICACI\u00d3 LLISTA DE SOL\u00b7LICITUDS DE PREINSCRIPCI\u00d3 (puntuaci\u00f3 provisional)<\/strong><\/td>\n<td style=\"width: 17.7779%; height: 56px; text-align: center;\"><strong>27 de juny 2025<\/strong><\/td>\n<td style=\"width: 59.5846%; height: 56px;\">27 de juny 2025. Publicaci\u00f3 al migdia. <strong>Consultar <a href=\"https:\/\/agora.xtec.cat\/insbadiaimargarit\/wp-content\/uploads\/usu348\/2025\/06\/INFORME_BAREM_PROVISIONAL_BAREM-1.pdf\">Aqu\u00ed<\/a><\/strong><\/td>\n<\/tr>\n<tr style=\"height: 32px;\">\n<td style=\"width: 28.4505%; height: 32px;\"><strong>PRESENTACI\u00d3 DE RECLAMACIONS<\/strong><\/td>\n<td style=\"width: 17.7779%; height: 32px; text-align: center;\"><strong>\u00a02 de juliol 2025<\/strong><\/td>\n<td style=\"width: 59.5846%; height: 32px;\">Del 27 de juny al 2 de juliol 2025, <strong>electr\u00f2nicament.<\/strong><\/td>\n<\/tr>\n<tr style=\"height: 79px;\">\n<td style=\"width: 28.4505%; height: 79px;\"><strong>PUBLICACI\u00d3 LLISTA DE SOL\u00b7LICITUDS AMB LA PUNTUACI\u00d3 UN COP RESOLTES LES RECLAMACIONS<br \/>\n<\/strong><\/td>\n<td style=\"width: 17.7779%; height: 79px; text-align: center;\"><strong>7 de juliol 2025<\/strong><\/td>\n<td style=\"width: 59.5846%; height: 79px;\">7 de juliol 2025. Publicaci\u00f3 al migdia. <strong>Consultar <a href=\"https:\/\/agora.xtec.cat\/insbadiaimargarit\/wp-content\/uploads\/usu348\/2025\/07\/INFORME_BAREM_RESOLTES_BAREM-2.pdf\">Aqu\u00ed<\/a><\/strong><\/td>\n<\/tr>\n<tr style=\"height: 32px;\">\n<td style=\"width: 28.4505%; height: 32px;\"><b>PUBLICACI\u00d3 DE L&#8217;OFERTA FINAL<\/b><\/td>\n<td style=\"width: 17.7779%; height: 32px; text-align: center;\"><strong>10\u00a0 de juliol 2025<\/strong><\/td>\n<td style=\"width: 59.5846%; height: 32px;\">10 de juliol 2025. Publicaci\u00f3 al migdia. <strong>Consultar <a href=\"https:\/\/agora.xtec.cat\/insbadiaimargarit\/wp-content\/uploads\/usu348\/2025\/07\/INFORME_OFERTA_OME_INFORME_OFERTA-4.pdf\">Aqu\u00ed<\/a><\/strong><\/td>\n<\/tr>\n<tr style=\"height: 48px;\">\n<td style=\"width: 28.4505%; height: 48px;\"><strong>PUBLICACI\u00d3 DE PLACES DE <span style=\"text-decoration: underline;\">LA\u00a0PRIMERA ASSIGNACI\u00d3<\/span>, AMB INDICACI\u00d3 DEL N\u00daMERO DE PETICI\u00d3 ATESA<\/strong><\/td>\n<td style=\"width: 17.7779%; height: 48px; text-align: center;\"><strong>10 de juliol 2025<\/strong><\/td>\n<td style=\"width: 59.5846%; height: 48px;\">10 de juliol 2025. Publicaci\u00f3 al migdia. <strong>Consultar <a href=\"https:\/\/agora.xtec.cat\/insbadiaimargarit\/wp-content\/uploads\/usu348\/2025\/07\/INFORME_ASSIGNADES_INFORME_ASSIGNADES-10.pdf\">Aqu\u00ed<\/a><\/strong><\/td>\n<\/tr>\n<tr style=\"height: 181px;\">\n<td style=\"width: 28.4505%; height: 181px;\"><strong>MATR\u00cdCULA CICLES FORMATIUS GRAU MITJ\u00c0<\/strong><\/p>\n<p>&nbsp;<\/p>\n<p>&nbsp;<\/p>\n<p><strong><span style=\"text-decoration: underline;\">MATR\u00cdCULA 1a ASSIGNACI\u00d3<\/span>\u00a0<\/strong><\/td>\n<td style=\"width: 17.7779%; height: 181px; text-align: center;\">&nbsp;<\/p>\n<ul>\n<li><strong>Del 11 al 23 de juliol de 2025<\/strong><\/li>\n<\/ul>\n<p>&nbsp;<\/td>\n<td style=\"width: 59.5846%; height: 181px;\"><strong><span style=\"color: #ff0000;\">\u26a0\ufe0f MOLT IMPORTANT: CONFIRMAR LA MATR\u00cdCULA TELEM\u00c0TICAMENT <span style=\"text-decoration: underline;\">DEL 11 AL 14 DE JULIOL.<\/span><\/span><\/strong><\/p>\n<ul>\n<li><strong>Presencial a la secretaria del centre amb cita pr\u00e8via, del 11 al 23 de juliol de 2025, ambd\u00f3s inclosos. \u21d2 <\/strong><span style=\"color: #ff0000;\">Recordeu que en el primer termini de matr\u00edcula, del 11 al 14 de juliol, nom\u00e9s la poden formalitzar els alumnes admesos a la seva <span style=\"text-decoration: underline;\">PRIMERA PETICI\u00d3.<\/span><\/span><\/li>\n<\/ul>\n<p>Enlla\u00e7 cita pr\u00e8via: <a href=\"https:\/\/aplicacions.gestioeducativa.gencat.cat\/ords\/pls\/apex\/f?p=CITA_PREVIA:4::::4:P4_TIPUS_CALENDARI,P4_DOMINI:03_CGM,08073193\" target=\"_blank\" rel=\"noopener\">https:\/\/aplicacions.gestioeducativa.gencat.cat<\/a><\/p>\n<ul>\n<li><span style=\"text-decoration: underline;\"><strong>Sense cita pr\u00e8via:<\/strong><\/span> SI NO TENIU CITA PR\u00c8VIA NO ES POT GARANTIR L&#8217;ATENCI\u00d3 INMEDIATA DEL TR\u00c0MIT. TINDR\u00c0N PREFER\u00c8NCIA LES FAM\u00cdLIES QUE HAGIN SOL\u00b7LICITAT LA MATRICULACI\u00d3 AMB CITA PR\u00c8VIA.<\/li>\n<\/ul>\n<table style=\"width: 100%; border-collapse: collapse; border-color: #f7ebeb; background-color: #fff7f7;\">\n<tbody>\n<tr>\n<td style=\"width: 100%;\">Han de formalitzar la matr\u00edcula els pares o tutors legals de l\u2019alumne\/a, en el cas que sigui menor d\u2019edat.<\/p>\n<p><strong>Documents que cal aportar:<\/strong><\/p>\n<ul>\n<li><strong>1 foto actual<\/strong> mida carnet de l\u2019alumne\/a.<\/li>\n<li>\u00a0<strong>C\u00f2pia<\/strong>\u00a0<strong>i original\u00a0<\/strong>del DNI\/NIE de l\u2019alumne\/a.<\/li>\n<li><strong>C\u00f2pia<\/strong>\u00a0<strong>i original\u00a0<\/strong>del DNI\/NIE del pare\/mare o tutor\/a, en el cas de ser menor d\u2019edat.<\/li>\n<li><strong>C\u00f2pia<\/strong>\u00a0<strong>i original\u00a0<\/strong>del llibre de fam\u00edlia (p\u00e0g. 2 i on surt l\u2019alumne\/a), en el cas de ser menor d\u2019edat.<\/li>\n<li><strong>C\u00f2pia<\/strong>\u00a0<strong>i original\u00a0<\/strong>de la Targeta sanit\u00e0ria individual de l\u2019alumne\/a.<\/li>\n<li>Cal portar <strong>C\u00f2pia<\/strong>\u00a0<strong>i original <\/strong>el <span style=\"text-decoration: underline;\"><span style=\"color: #ff0000; text-decoration: underline;\"><b>T\u00edtol o resguard de t\u00edtol<\/b><b> i historial acad\u00e8mic\/certificat qualificacions finals<\/b><\/span><\/span>\u00a0de l\u2019ESO\u00a0 \/ CFGM \/ Cicle de Batxillerat \/ Prova d\u2019Acc\u00e9s a\u00a0 CFGM \/ Certificat del PFI<\/li>\n<li><strong>Portar la documentaci\u00f3 seg\u00fcent degudament emplenada i impresa.<\/strong>\n<ul>\n<li><a href=\"https:\/\/agora.xtec.cat\/insbadiaimargarit\/wp-content\/uploads\/usu348\/2025\/07\/03_CICLES_PFI_FULL-DE-MATRICULA-curs-2025_26-1.pdf\">FITXA DE DADES <\/a><\/li>\n<\/ul>\n<\/li>\n<\/ul>\n<\/td>\n<\/tr>\n<\/tbody>\n<\/table>\n<p><span style=\"color: #ff0000;\"><strong>**NO ES REALITZARAN FOTOC\u00d2PIES EN EL CENTRE **<\/strong><\/span><\/td>\n<\/tr>\n<tr style=\"height: 64px;\">\n<td style=\"width: 28.4505%; height: 64px;\">&nbsp;<\/p>\n<p style=\"text-align: left;\"><strong>PUBLICACI\u00d3 DE PLACES DE <span style=\"text-decoration: underline;\">LA\u00a0SEGONA ASSIGNACI\u00d3<\/span>, AMB INDICACI\u00d3 DEL N\u00daMERO DE PETICI\u00d3 ATESA\u00a0<\/strong><\/p>\n<\/td>\n<td style=\"width: 17.7779%; text-align: center; height: 64px;\"><strong>18 de juliol 2025<\/strong><\/td>\n<td style=\"width: 59.5846%; height: 64px;\">18 de juliol de 2025. Publicaci\u00f3 al migdia. <strong>Consultar <a href=\"https:\/\/agora.xtec.cat\/insbadiaimargarit\/wp-content\/uploads\/usu348\/2025\/07\/INFORME_ASSIGNADES_INFORME_ASSIGNADES-12.pdf\">Aqu\u00ed<\/a><\/strong><\/td>\n<\/tr>\n<tr style=\"height: 403px;\">\n<td style=\"width: 28.4505%; height: 403px;\"><strong>MATR\u00cdCULA CICLES FORMATIUS GRAU MITJ\u00c0<\/strong><\/p>\n<p>&nbsp;<\/p>\n<p><span style=\"text-decoration: underline; color: #ff0000;\"><strong>MATR\u00cdCULA 2a ASSIGNACI\u00d3\u00a0<\/strong><\/span><\/td>\n<td style=\"width: 17.7779%; text-align: center; height: 403px;\"><strong>Del 21 al 22 de juliol de 2025<\/strong><\/td>\n<td style=\"width: 59.5846%; height: 403px;\"><strong><span style=\"color: #ff0000;\">\u26a0\ufe0f MOLT IMPORTANT: CONFIRMAR LA MATR\u00cdCULA TELEM\u00c0TICAMENT <span style=\"text-decoration: underline;\">DEL 21 AL 22 DE JULIOL.<\/span><\/span><\/strong><\/p>\n<p><strong>Presencialment a la Secretaria del centre, amb cita pr\u00e8via.<\/strong><\/p>\n<p>Enlla\u00e7 cita pr\u00e8via:\u00a0<a href=\"https:\/\/aplicacions.gestioeducativa.gencat.cat\/ords\/pls\/apex\/f?p=CITA_PREVIA:4::::4:P4_TIPUS_CALENDARI,P4_DOMINI:03_CGM,08073193\" target=\"_blank\" rel=\"noopener\">https:\/\/aplicacions.gestioeducativa.gencat.cat<\/a><\/p>\n<table style=\"width: 100%; border-collapse: collapse; background-color: #fff7f7; border-color: #f7ebeb;\">\n<tbody>\n<tr>\n<td style=\"width: 100%;\"><strong>Documents que cal aportar per la matriculaci\u00f3:<\/strong><\/p>\n<p>*Han de formalitzar la matr\u00edcula els pares o tutors legals de l\u2019alumne\/a, en el cas que sigui menor d\u2019edat.*<\/p>\n<ul>\n<li>1<span style=\"color: #000000;\"> <strong>foto actual<\/strong> mida carnet de l\u2019alumne\/a.<\/span><\/li>\n<li><span style=\"color: #000000;\"><strong>C\u00f2pia<\/strong>\u00a0<strong>i original<\/strong><strong>\u00a0<\/strong>del DNI\/NIE de l\u2019alumne\/a.<\/span><\/li>\n<li><span style=\"color: #000000;\"><strong>C\u00f2pia<\/strong>\u00a0<strong>i original<\/strong><strong>\u00a0<\/strong>del DNI\/NIE del pare\/mare o tutor\/a, en el cas de ser menor d\u2019edat.<\/span><\/li>\n<li><span style=\"color: #000000;\"><strong>C\u00f2pia<\/strong>\u00a0<strong>i original<\/strong><strong>\u00a0<\/strong>del llibre de fam\u00edlia (p\u00e0g. 2 i on surt l\u2019alumne\/a), en el cas de ser menor d\u2019edat.<\/span><\/li>\n<li><span style=\"color: #000000;\"><strong>C\u00f2pia<\/strong>\u00a0<strong>i original<\/strong><strong>\u00a0<\/strong>de la Targeta sanit\u00e0ria individual de l\u2019alumne\/a.<\/span><\/li>\n<li><span style=\"color: #000000;\">Cal portar <strong>C\u00f2pia<\/strong>\u00a0<strong>i original <\/strong><\/span>el <span style=\"text-decoration: underline;\"><span style=\"color: #ff0000; text-decoration: underline;\"><b>T\u00edtol o resguard de t\u00edtol<\/b><b> i historial acad\u00e8mic\/certificat qualificacions finals<\/b><\/span><\/span>\u00a0de l\u2019ESO\u00a0 \/ CFGM \/ Cicle de Batxillerat \/ Prova d\u2019Acc\u00e9s a\u00a0 CFGM \/ Certificat del PFI<\/li>\n<li><strong>Portar la documentaci\u00f3 seg\u00fcent degudament emplenada i impresa.<\/strong>\n<ul>\n<li><a href=\"https:\/\/agora.xtec.cat\/insbadiaimargarit\/wp-content\/uploads\/usu348\/2025\/07\/03_CICLES_PFI_FULL-DE-MATRICULA-curs-2025_26-1.pdf\">FITXA DE DADES <\/a><\/li>\n<\/ul>\n<\/li>\n<\/ul>\n<\/td>\n<\/tr>\n<\/tbody>\n<\/table>\n<p><span style=\"color: #ff0000;\"><strong>**NO ES REALITZARAN FOTOC\u00d2PIES EN EL CENTRE **<\/strong><\/span><\/td>\n<\/tr>\n<tr style=\"height: 56px;\">\n<td style=\"width: 28.4505%; height: 56px;\"><strong>PUBLICACI\u00d3 DE PLACES DE <span style=\"text-decoration: underline;\">LA TERCERA ASSIGNACI\u00d3<\/span>, AMB INDICACI\u00d3 DEL N\u00daMERO DE PETICI\u00d3 ATESA\u00a0<\/strong><\/td>\n<td style=\"width: 17.7779%; height: 56px; text-align: center;\"><strong>29 de Juliol de 2025<\/strong><\/td>\n<td style=\"width: 59.5846%; height: 56px;\">29 de Juliol de 2025. Publicaci\u00f3 al migdia. <strong>Consultar<\/strong><strong> <a href=\"https:\/\/agora.xtec.cat\/insbadiaimargarit\/wp-content\/uploads\/usu348\/2025\/07\/INFORME_ASSIGNADES_INFORME_ASSIGNADES-3.pdf\">Aqu\u00ed<\/a><\/strong><\/p>\n<p>&nbsp;<\/td>\n<\/tr>\n<tr style=\"height: 48px;\">\n<td style=\"width: 28.4505%; height: 61px;\"><strong>MATR\u00cdCULA CICLES FORMATIUS GRAU MITJ\u00c0<\/strong><\/p>\n<p>&nbsp;<\/p>\n<p><span style=\"text-decoration: underline;\"><strong>MATR\u00cdCULA 3a ASSIGNACI\u00d3\u00a0<\/strong><\/span><\/td>\n<td style=\"width: 17.7779%; height: 61px; text-align: center;\"><strong>\u00a0De l&#8217;1 al 4 de setembre de 2025<\/strong><\/td>\n<td style=\"width: 59.5846%; height: 61px;\"><strong><span style=\"color: #ff0000;\">\u26a0\ufe0f MOLT IMPORTANT: CONFIRMAR LA MATR\u00cdCULA TELEM\u00c0TICAMENT <span style=\"text-decoration: underline;\">DEL 30 AL 31 DE JULIOL.<\/span><\/span><\/strong><\/p>\n<p><strong>Presencialment a la Secretaria del centre, de l&#8217;1 al 4 de setembre\u00a0de 2025, ambd\u00f3s inclosos.<\/strong><\/p>\n<table style=\"width: 100%; border-collapse: collapse; border-color: #f7ebeb; background-color: #fff7f7;\">\n<tbody>\n<tr>\n<td style=\"width: 100%;\"><strong>Documents que cal aportar per la matriculaci\u00f3:<\/strong><\/p>\n<p>*Han de formalitzar la matr\u00edcula els pares o tutors legals de l\u2019alumne\/a, en el cas que sigui menor d\u2019edat.*<\/p>\n<ul>\n<li>1 <strong>foto actual<\/strong> mida carnet de l\u2019alumne\/a.<\/li>\n<li><strong>C\u00f2pia<\/strong>\u00a0<strong>i original<\/strong><strong>\u00a0<\/strong>del DNI\/NIE de l\u2019alumne\/a.<\/li>\n<li><strong>C\u00f2pia<\/strong>\u00a0<strong>i original<\/strong><strong>\u00a0<\/strong>del DNI\/NIE del pare\/mare o tutor\/a, en el cas de ser menor d\u2019edat.<\/li>\n<li><strong>C\u00f2pia<\/strong>\u00a0<strong>i original<\/strong><strong>\u00a0<\/strong>del llibre de fam\u00edlia (p\u00e0g. 2 i on surt l\u2019alumne\/a), en el cas de ser menor d\u2019edat.<\/li>\n<li><strong>C\u00f2pia<\/strong>\u00a0<strong>i original<\/strong><strong>\u00a0<\/strong>de la Targeta sanit\u00e0ria individual de l\u2019alumne\/a.<\/li>\n<li>Cal portar <strong>C\u00f2pia<\/strong>\u00a0<strong>i original <\/strong>el <span style=\"text-decoration: underline;\"><span style=\"color: #ff0000; text-decoration: underline;\"><b>T\u00edtol o resguard de t\u00edtol<\/b><b> i historial acad\u00e8mic\/certificat qualificacions finals<\/b><\/span><\/span>\u00a0de l\u2019ESO\u00a0 \/ CFGM \/ Cicle de Batxillerat \/ Prova d\u2019Acc\u00e9s a\u00a0 CFGM \/ Certificat del PFI<\/li>\n<li><strong>Portar la documentaci\u00f3 seg\u00fcent degudament emplenada i impresa.<\/strong>\n<ul>\n<li><a href=\"https:\/\/agora.xtec.cat\/insbadiaimargarit\/wp-content\/uploads\/usu348\/2025\/07\/03_CICLES_PFI_FULL-DE-MATRICULA-curs-2025_26-1.pdf\">FITXA DE DADES <\/a><\/li>\n<\/ul>\n<\/li>\n<\/ul>\n<\/td>\n<\/tr>\n<\/tbody>\n<\/table>\n<p><span style=\"color: #ff0000;\"><strong>**NO ES REALITZARAN FOTOC\u00d2PIES EN EL CENTRE **<\/strong><\/span><\/td>\n<\/tr>\n<tr style=\"height: 32px;\">\n<td style=\"width: 28.4505%; height: 10px;\"><strong>CIRCULARS INFORMATIVES PER L\u2019INICI DE CURS 2025-26: Calendari, llistat de llibres, reuni\u00f3 d\u2019inici de curs, etc.<\/strong><\/td>\n<td style=\"width: 17.7779%; height: 10px; text-align: center;\"><\/td>\n<td style=\"width: 59.5846%; height: 10px;\"><a href=\"https:\/\/agora.xtec.cat\/insbadiaimargarit\/wp-content\/uploads\/usu348\/2025\/07\/CIRCULAR-INFORMATIVA\u2013-INICI-DEL-CURS-2025_26-CICLES-I-PFI.pdf\">CIRCULAR INFORMATIVA\u2013 INICI DEL CURS 2025_26 CICLES I PFI<\/a><\/td>\n<\/tr>\n<tr style=\"height: 32px;\">\n<td style=\"width: 28.4505%; height: 32px;\"><strong>INFORMACI\u00d3 I TRAMITACI\u00d3\u00a0 BEQUES<\/strong><\/td>\n<td style=\"width: 17.7779%; height: 32px; text-align: center;\"><\/td>\n<td style=\"width: 59.5846%; height: 32px;\"><strong>INFO CURS 2025-26<\/strong><\/p>\n<p><a href=\"https:\/\/educacio.gencat.cat\/ca\/serveis-tramits\/beques\/beques-postobligatoris\/\">https:\/\/educacio.gencat.cat\/ca\/serveis-tramits\/beques\/beques-postobligatoris\/<\/a><\/td>\n<\/tr>\n<tr style=\"height: 46px;\">\n<td style=\"width: 28.4505%; height: 46px;\"><strong>INFORMACI\u00d3 I TRAMITACI\u00d3\u00a0 BEQUES NESE<\/strong><\/p>\n<p>&nbsp;<\/td>\n<td style=\"width: 17.7779%; height: 46px; text-align: center;\"><strong>11 de setembre de 2025<br \/>\n<\/strong><\/td>\n<td style=\"width: 59.5846%; height: 46px;\"><b>30 d\u2019abril al 11 de setembre de 2025<\/b><\/p>\n<p><a href=\"https:\/\/www.becaseducacion.gob.es\/becas-y-ayudas.html\">https:\/\/www.becaseducacion.gob.es\/becas-y-ayudas.html<\/a><\/p>\n<p><a href=\"https:\/\/educacio.gencat.cat\/ca\/serveis-tramits\/beques\/ajuts-nese\/\">https:\/\/educacio.gencat.cat\/ca\/serveis-tramits\/beques\/ajuts-nese\/<\/a><\/td>\n<\/tr>\n<tr style=\"height: 32px;\">\n<td style=\"width: 28.4505%; height: 10px;\"><strong>INFORMACI\u00d3 I TRAMITACI\u00d3 TRANSPORT ESCOLAR\u00a0<\/strong><\/td>\n<td style=\"width: 17.7779%; height: 10px; text-align: center;\"><strong>31 juliol 2025<\/strong><\/td>\n<td style=\"width: 59.5846%; height: 10px;\"><strong>INFO CURS 2025-26<\/strong><\/p>\n<p><a href=\"https:\/\/agora.xtec.cat\/insbadiaimargarit\/transport-escolar\/\">https:\/\/agora.xtec.cat\/insbadiaimargarit\/transport-escolar\/\u00a0<\/a><\/td>\n<\/tr>\n<tr style=\"height: 32px;\">\n<td style=\"width: 28.4505%; height: 32px;\"><strong>INICI CURS 2025-26<\/strong><\/p>\n<p>&nbsp;<\/td>\n<td style=\"width: 17.7779%; height: 32px; text-align: center;\"><strong>12 de setembre de 2025<\/strong><\/td>\n<td style=\"width: 59.5846%; height: 32px;\"><strong>INICI CLASSES\u00a0 FP<\/strong><\/p>\n<p>Mat\u00ed:<\/p>\n<ul>\n<li style=\"font-weight: 400;\" aria-level=\"1\"><span style=\"font-weight: 400;\">De 8 a 10, presentacions<\/span><\/li>\n<li style=\"font-weight: 400;\" aria-level=\"1\"><span style=\"font-weight: 400;\">A partir de les 10.20 classe normal<\/span><\/li>\n<\/ul>\n<p><span style=\"font-weight: 400;\">Tarda:<\/span><\/p>\n<ul>\n<li style=\"font-weight: 400;\" aria-level=\"1\"><span style=\"font-weight: 400;\">De 15:45 a 17:45, presentacions<\/span><\/li>\n<li style=\"font-weight: 400;\" aria-level=\"1\"><span style=\"font-weight: 400;\">A partir 17.45, classe normal<\/span><\/li>\n<\/ul>\n<\/td>\n<\/tr>\n<tr style=\"height: 32px;\">\n<td style=\"width: 28.4505%; height: 32px;\"><strong>CALENDARI CURS 2025-26<\/strong><\/p>\n<p>&nbsp;<\/td>\n<td style=\"width: 17.7779%; height: 32px; text-align: center;\"><\/td>\n<td style=\"width: 59.5846%; height: 32px;\"><strong>CALENDARI CURS 2025-26<\/strong><\/p>\n<p><a href=\"https:\/\/agora.xtec.cat\/insbadiaimargarit\/linstitut\/calendari-del-curs\/\">https:\/\/agora.xtec.cat\/insbadiaimargarit\/linstitut\/calendari-del-curs\/<\/a><\/p>\n<p>Des d&#8217;aquest enlla\u00e7 us podeu descarregar i imprimir el calendari de cada estudi.<\/td>\n<\/tr>\n<tr style=\"height: 32px;\">\n<td style=\"width: 28.4505%; height: 32px;\"><strong>EXTRACTE NOFC \/ NORMATIVA INTERIOR AGENDA<\/strong><\/p>\n<p>&nbsp;<\/td>\n<td style=\"width: 17.7779%; height: 32px; text-align: center;\"><\/td>\n<td style=\"width: 59.5846%; height: 32px;\"><strong>CURS 2025-26<\/strong><\/p>\n<p><a href=\"https:\/\/agora.xtec.cat\/insbadiaimargarit\/wp-content\/uploads\/usu348\/2025\/07\/Agenda_POSTOBLIGATORIA_2025-26.pdf\">Agenda_POSTOBLIGATORIA_2025-26<\/a><\/td>\n<\/tr>\n<tr style=\"height: 139px;\">\n<td style=\"width: 28.4505%; height: 139px;\"><strong>PAGAMENT SORTIDES I MATERIAL<\/strong><\/td>\n<td style=\"width: 17.7779%; height: 139px; text-align: center;\"><b>EN EL MOMENT DE LA MATR\u00cdCULA<\/b><\/td>\n<td style=\"width: 59.5846%; height: 139px;\">En el moment de la matr\u00edcula cal fer un pagament \u00fanic de 60 \u20ac que inclou l\u2019agenda, l\u2019\u00fas de la<br \/>\nplataforma digital iEduca, material did\u00e0ctic impr\u00e8s, material de pr\u00e0ctiques, etc. Rebreu les indicacions<br \/>\nper a fer el pagament a trav\u00e9s de l\u2019aplicatiu TokApp a mitjans de juliol. En cas de dificultat per a fer el<br \/>\npagament amb l\u2019aplicatiu podreu fer el pagament amb targeta a la secretaria del centre.<br \/>\nL\u2019agenda del curs la donarem des del centre a tot l\u2019alumnat el primer dia del curs.<\/td>\n<\/tr>\n<tr style=\"height: 32px;\">\n<td style=\"width: 28.4505%; height: 32px;\"><strong>LLOGUER ARMARIETS\u00a0<\/strong><\/p>\n<p>&nbsp;<\/td>\n<td style=\"width: 17.7779%; height: 32px; text-align: center;\"><\/td>\n<td style=\"width: 59.5846%; height: 32px;\"><strong>INFORMACI\u00d3 2025-26 <a href=\"https:\/\/agora.xtec.cat\/insbadiaimargarit\/portada\/lloguer-darmariets-curs-2025-26\/\">https:\/\/agora.xtec.cat\/insbadiaimargarit\/portada\/lloguer-darmariets-curs-2025-26\/<\/a><\/strong><\/p>\n<p>Si encara teniu la clau del curs passat, si us plau, poseu-vos en contacte amb l\u2019AMPA:\u00a0<a href=\"mailto:ampa@insbadiaimargarit.cat\">ampa@insbadiaimargarit.cat<\/a><\/td>\n<\/tr>\n<\/tbody>\n<\/table>\n<p>&nbsp;<\/p>\n","protected":false},"excerpt":{"rendered":"<p>CICLES FORMATIUS DE GRAU MITJ\u00c0<br \/>\nDarrera actualitzaci\u00f3: 17 de mar\u00e7 de 2025<br \/>\nBenvolgudes fam\u00edlies i alumnes,<br \/>\nAqu\u00ed trobareu totes les informacions relacionades amb el curs 2025-26 per a tot l&#8217;alumnat de Cicles Formatius de Grau Mitj\u00e0. Anirem actualitzant aquest article a mesura que anem completant la informaci\u00f3:<\/p>\n<p>\u00a0<br \/>\nData l\u00edmit&hellip;  <a href=\"https:\/\/agora.xtec.cat\/insbadiaimargarit\/cicles-formatius-grau-mitja\/\" title=\"Read Cicles Formatius Grau Mitj\u00e0 &#8211; Preinscripci\u00f3 i matr\u00edcula 2025-26\">Llegeix m\u00e9s\u00bb<\/a><\/p>\n","protected":false},"author":4,"featured_media":0,"parent":0,"menu_order":0,"comment_status":"closed","ping_status":"closed","template":"","meta":{"_bbp_topic_count":0,"_bbp_reply_count":0,"_bbp_total_topic_count":0,"_bbp_total_reply_count":0,"_bbp_voice_count":0,"_bbp_anonymous_reply_count":0,"_bbp_topic_count_hidden":0,"_bbp_reply_count_hidden":0,"_bbp_forum_subforum_count":0,"footnotes":""},"class_list":["post-8693","page","type-page","status-publish","hentry"],"post_mailing_queue_ids":[],"_links":{"self":[{"href":"https:\/\/agora.xtec.cat\/insbadiaimargarit\/wp-json\/wp\/v2\/pages\/8693","targetHints":{"allow":["GET"]}}],"collection":[{"href":"https:\/\/agora.xtec.cat\/insbadiaimargarit\/wp-json\/wp\/v2\/pages"}],"about":[{"href":"https:\/\/agora.xtec.cat\/insbadiaimargarit\/wp-json\/wp\/v2\/types\/page"}],"author":[{"embeddable":true,"href":"https:\/\/agora.xtec.cat\/insbadiaimargarit\/wp-json\/wp\/v2\/users\/4"}],"replies":[{"embeddable":true,"href":"https:\/\/agora.xtec.cat\/insbadiaimargarit\/wp-json\/wp\/v2\/comments?post=8693"}],"version-history":[{"count":9,"href":"https:\/\/agora.xtec.cat\/insbadiaimargarit\/wp-json\/wp\/v2\/pages\/8693\/revisions"}],"predecessor-version":[{"id":11319,"href":"https:\/\/agora.xtec.cat\/insbadiaimargarit\/wp-json\/wp\/v2\/pages\/8693\/revisions\/11319"}],"wp:attachment":[{"href":"https:\/\/agora.xtec.cat\/insbadiaimargarit\/wp-json\/wp\/v2\/media?parent=8693"}],"curies":[{"name":"wp","href":"https:\/\/api.w.org\/{rel}","templated":true}]}}