{"id":8691,"date":"2023-05-17T16:24:37","date_gmt":"2023-05-17T14:24:37","guid":{"rendered":"https:\/\/agora.xtec.cat\/insbadiaimargarit\/?page_id=8691"},"modified":"2026-04-09T14:47:44","modified_gmt":"2026-04-09T12:47:44","slug":"pfi","status":"publish","type":"page","link":"https:\/\/agora.xtec.cat\/insbadiaimargarit\/pfi\/","title":{"rendered":"PFI &#8211; Preinscripci\u00f3 i matr\u00edcula 2026-27"},"content":{"rendered":"<h1>PROGRAMA DE FORMACI\u00d3 I INSERCI\u00d3<\/h1>\n<p>Darrera actualitzaci\u00f3: 9 d&#8217;abril de 2025<\/p>\n<p>Benvolgudes fam\u00edlies,<\/p>\n<p>Aqu\u00ed trobareu totes les informacions relacionades amb el curs 2026-27 per a tot l&#8217;alumnat del PFI de Sanitat. Anirem actualitzant aquest article a mesura que anem completant la informaci\u00f3:<\/p>\n<table style=\"border-collapse: collapse; width: 92.67%; height: 1406px;\">\n<tbody>\n<tr style=\"height: 32px;\">\n<td style=\"width: 30.4425%; height: 32px;\"><\/td>\n<td style=\"width: 11.8823%; height: 32px;\">Data l\u00edmit del tr\u00e0mit<\/td>\n<td style=\"width: 55.7423%; height: 32px;\">Enlla\u00e7\u00a0 \/ informaci\u00f3 del tr\u00e0mit<\/td>\n<\/tr>\n<tr style=\"height: 56px;\">\n<td style=\"width: 30.4425%; height: 56px;\">PUBLICACI\u00d3 DE L&#8217;OFERTA INICIAL<\/td>\n<td style=\"width: 11.8823%; height: 56px; text-align: center;\"><strong>30 d&#8217;abril de 2026<\/strong><\/td>\n<td style=\"width: 55.7423%; height: 56px;\">30 d&#8217;abril de 2025. Publicaci\u00f3 al migdia. <strong>Consultar Aqu\u00ed<br \/>\n<\/strong><\/td>\n<\/tr>\n<tr style=\"height: 86px;\">\n<td style=\"width: 30.4425%; height: 86px;\"><strong>PRESENTACI\u00d3 DE SOL\u00b7LICITUDS<br \/>\n<\/strong><\/td>\n<td style=\"width: 11.8823%; height: 86px; text-align: center;\"><strong>13 de maig de 2025<\/strong><\/td>\n<td style=\"width: 55.7423%; height: 86px;\">Del 4 al 13 de maig de 2026, ambd\u00f3s inclosos. <strong>Electr\u00f2nicament.<\/strong><\/p>\n<p><span style=\"color: #ff0000;\"><strong>Enlla\u00e7 directe de preinscripci\u00f3: <a href=\"https:\/\/educacio.gencat.cat\/ca\/tramits\/tramits-temes\/preinscripcio-pfi\">https:\/\/educacio.gencat.cat\/preinscripcio-pfi<\/a><\/strong><\/span><\/td>\n<\/tr>\n<tr style=\"height: 48px;\">\n<td style=\"width: 30.4425%; height: 48px;\"><strong>ENTREVISTES D&#8217;ORIENTACI\u00d3 I VALORACI\u00d3 DE L&#8217;ADEQUACI\u00d3 DEL PROGRAMA<br \/>\n<\/strong><\/td>\n<td style=\"width: 11.8823%; height: 48px; text-align: center;\"><strong>26 de maig de 2026<\/strong><\/td>\n<td style=\"width: 55.7423%; height: 48px;\">Del 4 al 26 de maig (fins les 14 hores)<\/td>\n<\/tr>\n<tr style=\"height: 48px;\">\n<td style=\"width: 30.4425%; height: 48px;\"><strong>PUBLICACI\u00d3 LLISTES DE SOL\u00b7LICITUDS AMB PUNTUACI\u00d3 PROVISIONAL<br \/>\n<\/strong><\/td>\n<td style=\"width: 11.8823%; height: 48px; text-align: center;\"><strong>28 de maig de 2026<\/strong><\/td>\n<td style=\"width: 55.7423%; height: 48px;\">28 de maig de 2026. Publicaci\u00f3 al migdia. <strong>Consultar Aqu\u00ed<br \/>\n<\/strong><\/td>\n<\/tr>\n<tr style=\"height: 68px;\">\n<td style=\"width: 30.4425%; height: 68px;\"><strong>PRESENTACI\u00d3 DE RECLAMACIONS A LA LLISTA DE LA PUNTUACI\u00d3 PROVISIONAL<\/strong><\/td>\n<td style=\"width: 11.8823%; height: 68px; text-align: center;\"><strong>3 de juny de 2026<\/strong><\/td>\n<td style=\"width: 55.7423%; height: 68px;\">Del 28 de maig al 3 de juny de 2026, ambd\u00f3s inclosos. <strong>Electr\u00f2nicament.<br \/>\n<\/strong><\/td>\n<\/tr>\n<tr style=\"height: 64px;\">\n<td style=\"width: 30.4425%; height: 64px;\"><strong>PUBLICACI\u00d3 LLISTES DE SOL\u00b7LICITUDS AMB PUNTUACI\u00d3, UN COP RESOLTES LES RECLAMACIONS<br \/>\n<\/strong><\/td>\n<td style=\"width: 11.8823%; height: 64px; text-align: center;\"><strong>8 de juny de 2026<\/strong><\/td>\n<td style=\"width: 55.7423%; height: 64px;\">8 de juny de 2026. Publicaci\u00f3 al migdia. <strong>Consultar Aqu\u00ed<br \/>\n<\/strong><\/td>\n<\/tr>\n<tr style=\"height: 47px;\">\n<td style=\"width: 30.4425%; height: 47px;\"><strong>PUBLICACI\u00d3 DE LA LLISTA ORDENADA<br \/>\n<\/strong><\/td>\n<td style=\"width: 11.8823%; text-align: center; height: 47px;\"><strong>11 de juny de 2026<\/strong><\/td>\n<td style=\"width: 55.7423%; height: 47px;\">12 de juny de 2026. Publicaci\u00f3 al migdia. <strong>Consultar Aqu\u00ed<\/strong><\/td>\n<\/tr>\n<tr style=\"height: 56px;\">\n<td style=\"width: 30.4425%; height: 56px;\"><strong>PER\u00cdODE D&#8217;AMPLIACI\u00d3 DE PETICIONS PER A LES SOL\u00b7LICITUDS DE PREINSCRIPCI\u00d3 SENSE ASSIGNACI\u00d3<br \/>\n<\/strong><\/td>\n<td style=\"width: 11.8823%; height: 56px; text-align: center;\"><strong>29 de juny de 2026<\/strong><\/td>\n<td style=\"width: 55.7423%; height: 56px;\"><strong>\u00a0<\/strong>Del 25 al 29 de juny de 2026, ambd\u00f3s inclosos.<\/td>\n<\/tr>\n<tr style=\"height: 47px;\">\n<td style=\"width: 30.4425%; height: 47px;\"><strong>PUBLICACI\u00d3 DE L&#8217;OFERTA FINAL<br \/>\n<\/strong><\/td>\n<td style=\"width: 11.8823%; text-align: center; height: 47px;\"><strong>3 de juliol de 2026<\/strong><\/td>\n<td style=\"width: 55.7423%; height: 47px;\">3 de juliol de 2026. Publicaci\u00f3 al migdia. <strong>Consultar Aqu\u00ed<br \/>\n<\/strong><\/td>\n<\/tr>\n<tr style=\"height: 96px;\">\n<td style=\"width: 30.4425%; height: 96px;\"><strong>PUBLICACI\u00d3 DE LES RELACIONS D&#8217;ALUMNES ADMESOS I LLISTA D&#8217;ESPERA<br \/>\n<\/strong><\/td>\n<td style=\"width: 11.8823%; text-align: center; height: 96px;\"><strong>3 de juliol de 2026<\/strong><\/td>\n<td style=\"width: 55.7423%; height: 96px;\">3 de juliol de 2026. Publicaci\u00f3 al migdia. Admesos <strong>Consultar Aqu\u00ed<\/strong><\/p>\n<p>Llista d\u2019espera.<strong> Consultar Aqu\u00ed<\/strong><\/td>\n<\/tr>\n<tr style=\"height: 181px;\">\n<td style=\"width: 30.4425%; height: 181px;\"><strong>MATR\u00cdCULA PRESENCIAL PFI<\/strong><\/td>\n<td style=\"width: 11.8823%; height: 181px; text-align: center;\"><b>Del 6 al 10 de juliol de 2026<\/b><\/td>\n<td style=\"width: 55.7423%; height: 181px;\"><strong>Presencial a la secretaria del centre, amb cita pr\u00e8via, del 6 al 10 de juliol de 2026, ambd\u00f3s inclosos.<\/strong><\/p>\n<p>Enlla\u00e7 Cita pr\u00e8via:\u00a0<a href=\"https:\/\/aplicacions.gestioeducativa.gencat.cat\/ords\/pls\/apex\/f?p=CITA_PREVIA:4::::4:P4_TIPUS_CALENDARI,P4_DOMINI:01_PFI,08073193\">https:\/\/aplicacions.gestioeducativa.gencat.cat<\/a><\/p>\n<p><span style=\"text-decoration: underline;\"><span style=\"color: #ff0000;\"><strong>Horari de 9 a 12 del migdia.<\/strong><\/span><\/span><\/p>\n<table style=\"width: 100%; border-collapse: collapse; background-color: #fcf1e3;\">\n<tbody>\n<tr>\n<td style=\"width: 100%;\"><strong>Cal portar:<\/strong><\/p>\n<ul>\n<li>Una foto actual mida carnet de l&#8217;alumne\/a.<\/li>\n<li><strong>C\u00f2pia i original<\/strong> del DNI\/NIE\/Passaport de l&#8217;alumne\/a.<\/li>\n<li><strong>C\u00f2pia i original<\/strong> del DNI\/NIE\/Passaport del tutor\/a.<\/li>\n<li><strong>C\u00f2pia i original<\/strong> de la Targeta sanit\u00e0ria individual de l&#8217;alumne\/a.<\/li>\n<li><strong>C\u00f2pia<\/strong>\u00a0<strong>i original\u00a0<\/strong>del llibre de fam\u00edlia (p\u00e0g. 2 i on surt l\u2019alumne\/a).<\/li>\n<li><strong>C\u00f2pia i original<\/strong> del carnet de vacunes de l&#8217;alumne\/a (si no ha estat vacunat per indicaci\u00f3 m\u00e8dica o per altres circumst\u00e0ncies, cal adjuntar un certificat m\u00e8dic oficial).<\/li>\n<li>Certificat d&#8217;escolaritzaci\u00f3 de l&#8217;ESO.<\/li>\n<\/ul>\n<ul>\n<li><strong>Portar la documentaci\u00f3 seg\u00fcent degudament emplenada i impresa.<\/strong>\n<ul>\n<li><a href=\"https:\/\/agora.xtec.cat\/insbadiaimargarit\/wp-content\/uploads\/usu348\/2025\/05\/03_CICLES_PFI_FULL-DE-MATRICULA-curs-2025_26-1.pdf\" target=\"_blank\" rel=\"noopener\">FITXA DE DADES<\/a><\/li>\n<\/ul>\n<\/li>\n<\/ul>\n<\/td>\n<\/tr>\n<\/tbody>\n<\/table>\n<p><span style=\"color: #ff0000;\"><strong>** NO ES REALITZARAN FOTOC\u00d2PIES EN EL CENTRE **<\/strong><\/span><\/p>\n<p>A fer la matr\u00edcula ha de venir el pare \/ mare \/ tutor legal que tingui la p\u00e0tria potestat. \u00c9s recomanable venir amb l&#8217;alumne a fer la matr\u00edcula.<\/td>\n<\/tr>\n<tr style=\"height: 32px;\">\n<td style=\"width: 30.4425%; height: 32px;\"><strong>REUNI\u00d3 AMB FAM\u00cdLIES PFI\u00a0<\/strong><\/td>\n<td style=\"width: 11.8823%; height: 32px; text-align: center;\"><\/td>\n<td style=\"width: 55.7423%; height: 32px;\">data i lloc<\/td>\n<\/tr>\n<tr style=\"height: 79px;\">\n<td style=\"width: 30.4425%; height: 79px;\"><strong>INFORMACI\u00d3 I TRAMITACI\u00d3\u00a0 BEQUES<\/strong><\/td>\n<td style=\"width: 11.8823%; text-align: center; height: 79px;\"><b>30 maig 2025<\/b><\/td>\n<td style=\"width: 55.7423%; height: 79px;\"><a href=\"https:\/\/educacio.gencat.cat\/ca\/serveis-tramits\/beques\/beques-postobligatoris\/\">https:\/\/educacio.gencat.cat\/ca\/serveis-tramits\/beques\/beques-postobligatoris\/<\/a><\/td>\n<\/tr>\n<tr style=\"height: 198px;\">\n<td style=\"width: 30.4425%; height: 198px;\"><strong>INFORMACI\u00d3 I TRAMITACI\u00d3\u00a0 BEQUES NESE<\/strong><\/p>\n<p>&nbsp;<\/td>\n<td style=\"width: 11.8823%; text-align: center; height: 198px;\"><strong>11 de setembre de 2025<br \/>\n<\/strong><\/td>\n<td style=\"width: 55.7423%; height: 198px;\"><strong>INFORMACI\u00d3 CURS 2025-26<\/strong><\/p>\n<p><b>30 d\u2019abril al 11 de setembre de 2025<\/b><\/p>\n<p><a href=\"https:\/\/www.becaseducacion.gob.es\/becas-y-ayudas.html\">https:\/\/www.becaseducacion.gob.es\/becas-y-ayudas.html<\/a><\/p>\n<p><a href=\"https:\/\/educacio.gencat.cat\/ca\/serveis-tramits\/beques\/ajuts-nese\/\">https:\/\/educacio.gencat.cat\/ca\/serveis-tramits\/beques\/ajuts-nese\/<\/a><\/td>\n<\/tr>\n<tr style=\"height: 32px;\">\n<td style=\"width: 30.4425%; height: 10px;\"><strong>INFORMACI\u00d3 I TRAMITACI\u00d3 TRANSPORT ESCOLAR<\/strong><\/td>\n<td style=\"width: 11.8823%; height: 10px; text-align: center;\"><b>31 de juliol de 2025<\/b><\/td>\n<td style=\"width: 55.7423%; height: 10px;\"><strong>INFO CURS 2025-26<\/strong><\/p>\n<p><a href=\"https:\/\/agora.xtec.cat\/insbadiaimargarit\/transport-escolar\/\">https:\/\/agora.xtec.cat\/insbadiaimargarit\/transport-escolar\/\u00a0<\/a><\/td>\n<\/tr>\n<tr style=\"height: 32px;\">\n<td style=\"width: 30.4425%; height: 32px;\"><strong>INICI CURS 2025-26<\/strong><\/p>\n<p>&nbsp;<\/td>\n<td style=\"width: 11.8823%; height: 32px; text-align: center;\"><strong>12 de setembre de 2025<\/strong><\/td>\n<td style=\"width: 55.7423%; height: 32px;\"><strong>12 de setembre de 2025, a les 13:45h<\/strong><\/td>\n<\/tr>\n<tr style=\"height: 110px;\">\n<td style=\"width: 30.4425%; height: 110px;\"><strong>CIRCULARS INFORMATIVES PER L\u2019INICI DE CURS 2025-26: Calendari, llistat de llibres, reuni\u00f3 d\u2019inici de curs, etc.<\/strong><strong><br \/>\n<\/strong><\/td>\n<td style=\"width: 11.8823%; text-align: center; height: 110px;\"><\/td>\n<td style=\"width: 55.7423%; height: 110px;\"><a href=\"https:\/\/agora.xtec.cat\/insbadiaimargarit\/wp-content\/uploads\/usu348\/2025\/07\/CIRCULAR-INFORMATIVA\u2013-INICI-DEL-CURS-2025_26-CICLES-I-PFI.pdf\">CIRCULAR INFORMATIVA\u2013 INICI DEL CURS 2025_26 CICLES I PFI<\/a><\/td>\n<\/tr>\n<tr style=\"height: 32px;\">\n<td style=\"width: 30.4425%; height: 32px;\"><strong>CALENDARI CURS 2025-26<br \/>\n<\/strong><\/td>\n<td style=\"width: 11.8823%; height: 32px; text-align: center;\"><\/td>\n<td style=\"width: 55.7423%; height: 32px;\"><strong>CALENDARI CURS 2025-26::<\/strong><\/p>\n<p><a href=\"https:\/\/agora.xtec.cat\/insbadiaimargarit\/linstitut\/calendari-del-curs\/\">https:\/\/agora.xtec.cat\/insbadiaimargarit\/linstitut\/calendari-del-curs\/<\/a><\/p>\n<p>Des d&#8217;aquest enlla\u00e7 us podeu descarregar i imprimir el calendari de cada estudi.<\/td>\n<\/tr>\n<tr style=\"height: 32px;\">\n<td style=\"width: 30.4425%; height: 10px;\"><strong>EXTRACTE NOFC \/ NORMATIVA INTERIOR AGENDA<\/strong><\/td>\n<td style=\"width: 11.8823%; height: 10px; text-align: center;\"><\/td>\n<td style=\"width: 55.7423%; height: 10px;\">INFO CURS 2025-26<\/p>\n<p><a href=\"https:\/\/agora.xtec.cat\/insbadiaimargarit\/wp-content\/uploads\/usu348\/2025\/07\/Agenda_POSTOBLIGATORIA_2025-26.pdf\">Agenda_POSTOBLIGATORIA_2025-26<\/a><\/td>\n<\/tr>\n<tr style=\"height: 32px;\">\n<td style=\"width: 30.4425%; height: 10px;\"><strong>LLISTAT DE LLIBRES I LLIC\u00c8NCIES<\/strong><\/td>\n<td style=\"width: 11.8823%; height: 10px; text-align: center;\"><\/td>\n<td style=\"width: 55.7423%; height: 10px;\">No s&#8217;han de comprar llibres<\/td>\n<\/tr>\n<tr style=\"height: 32px;\">\n<td style=\"width: 30.4425%; height: 32px;\"><strong>LLISTAT DE MATERIAL<\/strong><\/td>\n<td style=\"width: 11.8823%; height: 32px; text-align: center;\"><\/td>\n<td style=\"width: 55.7423%; height: 32px;\">\n<ul>\n<li>Agenda del centre. La donarem el primer dia de setembre, cal tenir la quota material pagada.<\/li>\n<li>El material que cal portar s&#8217;informar\u00e0 el primer dia de curs (carpeta, folis, llibretes, bol\u00edgraf&#8230;)<\/li>\n<\/ul>\n<\/td>\n<\/tr>\n<tr style=\"height: 32px;\">\n<td style=\"width: 30.4425%; height: 32px;\"><strong>LLOGUER ARMARIETS\u00a0<\/strong><\/td>\n<td style=\"width: 11.8823%; height: 32px;\"><\/td>\n<td style=\"width: 55.7423%; height: 32px;\">Informaci\u00f3: <a href=\"mailto:ampa@insbadiaimargarit.cat\">ampa@insbadiaimargarit.cat<\/a><\/td>\n<\/tr>\n<\/tbody>\n<\/table>\n","protected":false},"excerpt":{"rendered":"<p>PROGRAMA DE FORMACI\u00d3 I INSERCI\u00d3<br \/>\nDarrera actualitzaci\u00f3: 9 d&#8217;abril de 2025<br \/>\nBenvolgudes fam\u00edlies,<br \/>\nAqu\u00ed trobareu totes les informacions relacionades amb el curs 2026-27 per a tot l&#8217;alumnat del PFI de Sanitat. Anirem actualitzant aquest article a mesura que anem completant la informaci\u00f3:<\/p>\n<p>Data l\u00edmit del tr\u00e0mit<br \/>\nEnlla\u00e7\u00a0 \/ informaci\u00f3 del&hellip;  <a href=\"https:\/\/agora.xtec.cat\/insbadiaimargarit\/pfi\/\" title=\"Read PFI &#8211; Preinscripci\u00f3 i matr\u00edcula 2026-27\">Llegeix m\u00e9s\u00bb<\/a><\/p>\n","protected":false},"author":4,"featured_media":0,"parent":0,"menu_order":0,"comment_status":"closed","ping_status":"closed","template":"","meta":{"_bbp_topic_count":0,"_bbp_reply_count":0,"_bbp_total_topic_count":0,"_bbp_total_reply_count":0,"_bbp_voice_count":0,"_bbp_anonymous_reply_count":0,"_bbp_topic_count_hidden":0,"_bbp_reply_count_hidden":0,"_bbp_forum_subforum_count":0,"footnotes":""},"class_list":["post-8691","page","type-page","status-publish","hentry"],"post_mailing_queue_ids":[],"_links":{"self":[{"href":"https:\/\/agora.xtec.cat\/insbadiaimargarit\/wp-json\/wp\/v2\/pages\/8691","targetHints":{"allow":["GET"]}}],"collection":[{"href":"https:\/\/agora.xtec.cat\/insbadiaimargarit\/wp-json\/wp\/v2\/pages"}],"about":[{"href":"https:\/\/agora.xtec.cat\/insbadiaimargarit\/wp-json\/wp\/v2\/types\/page"}],"author":[{"embeddable":true,"href":"https:\/\/agora.xtec.cat\/insbadiaimargarit\/wp-json\/wp\/v2\/users\/4"}],"replies":[{"embeddable":true,"href":"https:\/\/agora.xtec.cat\/insbadiaimargarit\/wp-json\/wp\/v2\/comments?post=8691"}],"version-history":[{"count":7,"href":"https:\/\/agora.xtec.cat\/insbadiaimargarit\/wp-json\/wp\/v2\/pages\/8691\/revisions"}],"predecessor-version":[{"id":11687,"href":"https:\/\/agora.xtec.cat\/insbadiaimargarit\/wp-json\/wp\/v2\/pages\/8691\/revisions\/11687"}],"wp:attachment":[{"href":"https:\/\/agora.xtec.cat\/insbadiaimargarit\/wp-json\/wp\/v2\/media?parent=8691"}],"curies":[{"name":"wp","href":"https:\/\/api.w.org\/{rel}","templated":true}]}}