{"id":8689,"date":"2023-05-17T16:24:28","date_gmt":"2023-05-17T14:24:28","guid":{"rendered":"https:\/\/agora.xtec.cat\/insbadiaimargarit\/?page_id=8689"},"modified":"2026-04-09T13:10:48","modified_gmt":"2026-04-09T11:10:48","slug":"batxibac","status":"publish","type":"page","link":"https:\/\/agora.xtec.cat\/insbadiaimargarit\/batxibac\/","title":{"rendered":"Batxibac &#8211; Preinscripci\u00f3 i matr\u00edcula 2026-27"},"content":{"rendered":"<h2>BATXIBAC, informaci\u00f3 espec\u00edfica<\/h2>\n<p><strong>Darrera actualitzaci\u00f3: 11 de febrer de 2026<\/strong><\/p>\n<p>Benvolgudes fam\u00edlies,<\/p>\n<p>Aqu\u00ed trobareu totes les informacions relacionades amb el curs 2026-27 per a tot l&#8217;alumnat de Batxibac. Anirem actualitzant aquest article a mesura que anem completant la informaci\u00f3. Cal que tamb\u00e9 mireu l&#8217;apartat de Batxillerat per tota la informaci\u00f3 relativa a aspectes generals d&#8217;aquests estudis (beques, calendari, llistat de llibres, normativa&#8230;).<\/p>\n<table style=\"border-collapse: collapse; width: 97.6344%; height: 296px;\">\n<tbody>\n<tr style=\"height: 32px;\">\n<td style=\"width: 29.8988%; height: 10px;\"><strong>\u00a0<\/strong><\/td>\n<td style=\"width: 14.5999%; height: 10px;\"><strong>Data l\u00edmit del tr\u00e0mit<\/strong><\/td>\n<td style=\"width: 59.5224%; height: 10px;\"><strong>Enlla\u00e7\u00a0 \/ informaci\u00f3 del tr\u00e0mit<\/strong><\/td>\n<\/tr>\n<tr style=\"height: 56px;\">\n<td style=\"width: 29.8988%; height: 56px;\"><strong>OFERTA DE PLACES<\/strong><\/td>\n<td style=\"width: 14.5999%; height: 56px; text-align: center;\"><strong>19 mar\u00e7 2026<\/strong><\/td>\n<td style=\"width: 59.5224%; height: 56px;\">19 de mar\u00e7 2026. Consultar<a href=\"https:\/\/agora.xtec.cat\/insbadiaimargarit\/wp-content\/uploads\/usu348\/2026\/04\/INFORME_OFERTA_OME_INFORME_OFERTA.pdf\"><span style=\"color: #0000ff;\"> Aqu\u00ed<\/span><\/a><\/td>\n<\/tr>\n<tr style=\"height: 118px;\">\n<td style=\"width: 29.8988%; height: 118px;\"><strong>EXAMEN DE LLENGUA FRANCESA<\/strong><\/td>\n<td style=\"width: 14.5999%; text-align: center; height: 118px;\"><strong>PENDENT<\/strong><\/td>\n<td style=\"width: 59.5224%; height: 118px;\"><strong>PENDENT<\/strong><\/p>\n<p>Examen de llengua francesa per justificar el nivell B1 de franc\u00e8s. Presencial al centre. Cal <strong>inscripci\u00f3<\/strong> a trav\u00e9s del formulari, cliqueu<span style=\"color: #0000ff;\"> <a style=\"color: #0000ff;\" href=\"https:\/\/forms.gle\/FrJLF2CpujwU4bWU6\">aqu\u00ed<\/a><\/span>.<\/td>\n<\/tr>\n<tr style=\"height: 48px;\">\n<td style=\"width: 29.8988%; height: 48px;\"><strong>PREINSCRIPCI\u00d3 2025-26<\/strong><\/td>\n<td style=\"width: 14.5999%; height: 48px; text-align: center;\"><b>27 mar\u00e7 2026<\/b><\/td>\n<td style=\"width: 59.5224%; height: 48px;\"><b>del 20 al 27 de mar\u00e7 de 2026<\/b>, ambd\u00f3s inclosos. <strong>Presencial a la secretaria del centre. <\/strong><span style=\"color: #0000ff;\"><a style=\"color: #0000ff;\" href=\"https:\/\/agora.xtec.cat\/insbadiaimargarit\/wp-content\/uploads\/usu348\/2026\/01\/A71.pdf\" target=\"_blank\" rel=\"noopener\">Sol\u00b7licitud<\/a><\/span><\/td>\n<\/tr>\n<tr style=\"height: 32px;\">\n<td style=\"width: 29.8988%; height: 32px;\"><strong>PUBLICACI\u00d3 LLISTA ALUMNES ADMESOS I RESULTATS DE LES PROVES D&#8217;ACC\u00c9S<\/strong><\/td>\n<td style=\"width: 14.5999%; height: 32px; text-align: center;\"><strong>8 d&#8217;abril de 2026<\/strong><\/td>\n<td style=\"width: 59.5224%; height: 32px;\">8 d&#8217;abril 2026. Consultar <a href=\"https:\/\/agora.xtec.cat\/insbadiaimargarit\/wp-content\/uploads\/usu348\/2026\/04\/CANDIDATS-A-BATXIBAC-2026.pdf\"><span style=\"color: #0000ff;\">Aqu\u00ed<\/span><\/a><\/td>\n<\/tr>\n<tr style=\"height: 32px;\">\n<td style=\"width: 29.8988%; height: 32px;\"><strong>MATR\u00cdCULA<\/strong><strong><br \/>\n<\/strong><\/td>\n<td style=\"width: 14.5999%; height: 32px; text-align: center;\"><strong>30 de juny de 2026<\/strong><\/td>\n<td style=\"width: 59.5224%; height: 32px;\"><strong>Del 18 al 30 de juny de 2026, ambd\u00f3s inclosos\u00a0<\/strong><\/p>\n<table style=\"width: 100.823%; border-collapse: collapse; background-color: #faefdc; height: 90px;\">\n<tbody>\n<tr style=\"height: 234px;\">\n<td style=\"width: 100%; height: 90px;\">\n<p style=\"text-align: justify;\"><strong>&gt;Documents que cal aportar:<\/strong><\/p>\n<ul>\n<li>1 foto\u00a0actual mida carnet de l\u2019alumne\/a.<\/li>\n<li><span style=\"color: #ff0000;\"><strong>C\u00f2pia <\/strong><strong>i original<\/strong><\/span><strong>\u00a0<\/strong>del DNI\/NIE de l\u2019alumne\/a i del pare\/mare o tutor\/a.<\/li>\n<li><span style=\"color: #ff0000;\"><strong>C\u00f2pia <\/strong><strong>i original<\/strong><\/span><strong>\u00a0<\/strong>del llibre de fam\u00edlia (p\u00e0g. 2 i on surt l\u2019alumne\/a).<\/li>\n<li><span style=\"color: #ff0000;\"><strong>C\u00f2pia <\/strong><strong>i original<\/strong><strong>\u00a0<\/strong><\/span>de la Targeta sanit\u00e0ria individual de l\u2019alumne\/a.<\/li>\n<li><strong><span style=\"color: #ff0000;\">C\u00f2pia i original<\/span> <\/strong>del carnet de vacunes de l\u2019alumne\/a (si no ha estat vacunat per indicaci\u00f3 m\u00e8dica o per altres circumst\u00e0ncies, cal adjuntar un certificat m\u00e8dic oficial).<\/li>\n<li><span style=\"color: #ff0000;\"><strong>C\u00f2pia i original <\/strong><\/span>resguard t\u00edtol ESO i el certificat acad\u00e8mic de les qualificacions obtingudes a l\u2019ESO (on surti la nota mitjana de final d\u2019etapa). El document enviat ha d\u2019estar signat pel secretari\/\u00e0ria i el director\/a.<\/li>\n<\/ul>\n<\/td>\n<\/tr>\n<\/tbody>\n<\/table>\n<p><strong>**NO ES REALITZARAN FOTOC\u00d2PIES EN EL CENTRE **<\/strong><\/p>\n<p><strong>Si l\u2019alumne\/a \u00e9s menor d\u2019edat<\/strong>\u00a0ha de venir el pare \/ mare \/ tutor legal que tingui la p\u00e0tria potestat. \u00c9s recomanable venir amb l\u2019alumne a fer la matr\u00edcula per tal d\u2019escollir les mat\u00e8ries de modalitat.<\/td>\n<\/tr>\n<\/tbody>\n<\/table>\n","protected":false},"excerpt":{"rendered":"<p>BATXIBAC, informaci\u00f3 espec\u00edfica<br \/>\nDarrera actualitzaci\u00f3: 11 de febrer de 2026<br \/>\nBenvolgudes fam\u00edlies,<br \/>\nAqu\u00ed trobareu totes les informacions relacionades amb el curs 2026-27 per a tot l&#8217;alumnat de Batxibac. Anirem actualitzant aquest article a mesura que anem completant la informaci\u00f3. Cal que tamb\u00e9 mireu l&#8217;apartat de Batxillerat per tota&hellip;  <a href=\"https:\/\/agora.xtec.cat\/insbadiaimargarit\/batxibac\/\" title=\"Read Batxibac &#8211; Preinscripci\u00f3 i matr\u00edcula 2026-27\">Llegeix m\u00e9s\u00bb<\/a><\/p>\n","protected":false},"author":4,"featured_media":0,"parent":0,"menu_order":0,"comment_status":"closed","ping_status":"closed","template":"","meta":{"_bbp_topic_count":0,"_bbp_reply_count":0,"_bbp_total_topic_count":0,"_bbp_total_reply_count":0,"_bbp_voice_count":0,"_bbp_anonymous_reply_count":0,"_bbp_topic_count_hidden":0,"_bbp_reply_count_hidden":0,"_bbp_forum_subforum_count":0,"footnotes":""},"class_list":["post-8689","page","type-page","status-publish","hentry"],"post_mailing_queue_ids":[],"_links":{"self":[{"href":"https:\/\/agora.xtec.cat\/insbadiaimargarit\/wp-json\/wp\/v2\/pages\/8689","targetHints":{"allow":["GET"]}}],"collection":[{"href":"https:\/\/agora.xtec.cat\/insbadiaimargarit\/wp-json\/wp\/v2\/pages"}],"about":[{"href":"https:\/\/agora.xtec.cat\/insbadiaimargarit\/wp-json\/wp\/v2\/types\/page"}],"author":[{"embeddable":true,"href":"https:\/\/agora.xtec.cat\/insbadiaimargarit\/wp-json\/wp\/v2\/users\/4"}],"replies":[{"embeddable":true,"href":"https:\/\/agora.xtec.cat\/insbadiaimargarit\/wp-json\/wp\/v2\/comments?post=8689"}],"version-history":[{"count":7,"href":"https:\/\/agora.xtec.cat\/insbadiaimargarit\/wp-json\/wp\/v2\/pages\/8689\/revisions"}],"predecessor-version":[{"id":9600,"href":"https:\/\/agora.xtec.cat\/insbadiaimargarit\/wp-json\/wp\/v2\/pages\/8689\/revisions\/9600"}],"wp:attachment":[{"href":"https:\/\/agora.xtec.cat\/insbadiaimargarit\/wp-json\/wp\/v2\/media?parent=8689"}],"curies":[{"name":"wp","href":"https:\/\/api.w.org\/{rel}","templated":true}]}}