{"id":8687,"date":"2023-05-17T16:24:14","date_gmt":"2023-05-17T14:24:14","guid":{"rendered":"https:\/\/agora.xtec.cat\/insbadiaimargarit\/?page_id=8687"},"modified":"2026-04-09T13:54:18","modified_gmt":"2026-04-09T11:54:18","slug":"batxillerat","status":"publish","type":"page","link":"https:\/\/agora.xtec.cat\/insbadiaimargarit\/batxillerat\/","title":{"rendered":"Batxillerat &#8211; Preinscripci\u00f3 i matr\u00edcula 2026-27"},"content":{"rendered":"<h1>BATXILLERAT<\/h1>\n<p><strong>Darrera actualitzaci\u00f3: 11 de febrer de 2026<\/strong><\/p>\n<p>Benvolgudes fam\u00edlies,<\/p>\n<p>Aqu\u00ed trobareu totes les informacions relacionades amb el curs 2026-27 per a tot l&#8217;alumnat de Batxillerat. Anirem actualitzant aquest article a mesura que anem completant la informaci\u00f3:<\/p>\n<table style=\"border-collapse: collapse; width: 97.4259%; height: 1203px;\">\n<tbody>\n<tr style=\"height: 32px;\">\n<td style=\"width: 29.8988%; height: 32px;\"><strong>\u00a0<\/strong><\/td>\n<td style=\"width: 12.426%; height: 32px;\"><strong>Data l\u00edmit del tr\u00e0mit<\/strong><\/td>\n<td style=\"width: 61.4673%; height: 32px;\"><strong>Enlla\u00e7\u00a0 \/ informaci\u00f3 del tr\u00e0mit<\/strong><\/td>\n<\/tr>\n<tr style=\"height: 56px;\">\n<td style=\"width: 29.8988%; height: 56px;\"><strong>OFERTA DE PLACES<\/strong><\/td>\n<td style=\"width: 12.426%; height: 56px; text-align: center;\"><strong>8 abril 2026<\/strong><\/td>\n<td style=\"width: 61.4673%; height: 56px;\">8 d&#8217;abril de 2026. Publicaci\u00f3 al migdia. <strong>Consultar <a href=\"https:\/\/agora.xtec.cat\/insbadiaimargarit\/wp-content\/uploads\/usu348\/2026\/04\/INFORME_OFERTA_OME_INFORME_OFERTA.pdf\">Aqu\u00ed<\/a><\/strong><\/td>\n<\/tr>\n<tr style=\"height: 48px;\">\n<td style=\"width: 29.8988%; height: 48px;\"><strong>PREINSCRIPCI\u00d3 2026-27<\/strong><\/td>\n<td style=\"width: 12.426%; height: 48px; text-align: center;\"><strong>16 d&#8217;abril 2026<\/strong><\/td>\n<td style=\"width: 61.4673%; height: 48px;\">Del 9 al 16 d&#8217;abril 2026, ambd\u00f3s inclosos.<strong> Electr\u00f2nicament.<\/strong><\/p>\n<p><span style=\"color: #ff0000;\"><strong>Enlla\u00e7 directe de preinscripci\u00f3:<\/strong><\/span> <a href=\"https:\/\/educacio.gencat.cat\/ca\/tramits\/tramits-temes\/preinscripcio-batxillerat?&amp;moda=1\" target=\"_blank\" rel=\"noopener\">https:\/\/educacio.gencat.cat\/ca\/tramits\/preinscripcio\/batxillerat<\/a><\/td>\n<\/tr>\n<tr style=\"height: 127px;\">\n<td style=\"width: 29.8988%; height: 127px;\"><strong>PUBLICACI\u00d3 LLISTA DE SOL\u00b7LICITUDS DE PREINSCRIPCI\u00d3 (puntuaci\u00f3 provisional)<\/strong><\/td>\n<td style=\"width: 12.426%; height: 127px; text-align: center;\"><strong>14 de maig 2026<\/strong><\/td>\n<td style=\"width: 61.4673%; height: 127px;\">14 de maig 2026. Publicaci\u00f3 al migdia. <strong>Consultar Aqu\u00ed<\/strong><\/td>\n<\/tr>\n<tr style=\"height: 32px;\">\n<td style=\"width: 29.8988%; height: 32px;\"><strong>RECLAMACIONS A LA PUNTUACI\u00d3 PROVISIONAL<\/strong><\/td>\n<td style=\"width: 12.426%; height: 32px; text-align: center;\"><strong>20 de maig 2026<\/strong><\/td>\n<td style=\"width: 61.4673%; height: 32px;\">Del 14 al 20 de maig 2026, <strong>electr\u00f2nicament.<\/strong><\/td>\n<\/tr>\n<tr style=\"height: 56px;\">\n<td style=\"width: 29.8988%; height: 56px;\"><strong>PUBLICACI\u00d3 LLISTA DE SOL\u00b7LICITUDS AMB LA PUNTUACI\u00d3 UN COP RESOLTES LES RECLAMACIONS<\/strong><\/td>\n<td style=\"width: 12.426%; height: 56px; text-align: center;\"><strong>26 de maig 2026<\/strong><\/td>\n<td style=\"width: 61.4673%; height: 56px;\">26 de maig 2026. Publicaci\u00f3 al migdia. <strong>Consultar Aqu\u00ed<\/strong><\/td>\n<\/tr>\n<tr style=\"height: 32px;\">\n<td style=\"width: 29.8988%; height: 32px;\"><strong>PUBLICACI\u00d3 DE LA LLISTA ORDENADA<\/strong><\/td>\n<td style=\"width: 12.426%; height: 32px; text-align: center;\"><strong>29 de maig 2026<\/strong><\/td>\n<td style=\"width: 61.4673%; height: 32px;\">29 de maig 2026. Publicaci\u00f3 al migdia. <strong>Consultar Aqu\u00ed<\/strong><\/td>\n<\/tr>\n<tr style=\"height: 48px;\">\n<td style=\"width: 29.8988%; height: 48px;\"><strong>PUBLICACI\u00d3 DE L\u2019OFERTA FINAL<\/strong><strong><br \/>\n<\/strong><\/td>\n<td style=\"width: 12.426%; height: 48px; text-align: center;\"><strong>17 de juny 2026<\/strong><\/td>\n<td style=\"width: 61.4673%; height: 48px;\">17 de juny 2026. Publicaci\u00f3 al migdia. <strong>Consultar Aqu\u00ed<\/strong><\/td>\n<\/tr>\n<tr style=\"height: 32px;\">\n<td style=\"width: 29.8988%; height: 32px;\"><strong>PUBLICACI\u00d3 LLISTA ALUMNES ADMESOS I, SI ESCAU, LLISTA D\u2019ESPERA<\/strong><\/td>\n<td style=\"width: 12.426%; height: 32px; text-align: center;\"><strong>17 de juny 2026<\/strong><\/td>\n<td style=\"width: 61.4673%; height: 32px;\">17 de juny 2026. Publicaci\u00f3 al migdia. <strong>Consultar Aqu\u00ed<\/strong><\/p>\n<p>Llista d&#8217;espera.<strong> Consultar\u00a0<\/strong><b>Aqu\u00ed<\/b><\/td>\n<\/tr>\n<tr>\n<td style=\"width: 29.8988%;\"><strong>RECLAMACIONS A LA LLISTA D&#8217;ADMESOS DAVANT LA COMISSI\u00d3 DE GARANTIES D&#8217;ADMISSI\u00d3<\/strong><\/td>\n<td style=\"width: 12.426%; text-align: center;\"><strong>22 juny 2026<\/strong><\/td>\n<td style=\"width: 61.4673%;\">Del 18 al 22 de juny de 2026<\/td>\n<\/tr>\n<tr style=\"height: 181px;\">\n<td style=\"width: 29.8988%; height: 181px;\"><strong>MATR\u00cdCULA 1r BATXILLERAT. Tot l&#8217;alumnat: alumnes de continu\u00eftat al centre i alumnat nou.<\/strong><\/p>\n<p><strong>MATR\u00cdCULA 2n BATXILLERAT. Nom\u00e9s alumnat nou al centre.<\/strong><\/td>\n<td style=\"width: 12.426%; height: 181px; text-align: center;\"><strong>\u00a0 30 de juny de 2026<\/strong><\/td>\n<td style=\"width: 61.4673%; height: 181px;\"><strong>Presencial a la secretaria del centre, recomanable cita pr\u00e8via, del 18 al 30 de juny de\u00a0 2026, ambd\u00f3s inclosos.<\/strong><\/p>\n<ul>\n<li><span style=\"text-decoration: underline;\"><strong>Amb cita pr\u00e8via:<\/strong> <\/span>Enlla\u00e7 a la cita pr\u00e8via: <a style=\"font-family: inherit; font-size: 1em;\" href=\"https:\/\/aplicacions.gestioeducativa.gencat.cat\/pls\/apex\/f?p=CITA_PREVIA:4::::4:P4_TIPUS_CALENDARI,P4_DOMINI:03_BATX,08073193\" target=\"_blank\" rel=\"noopener\">https:\/\/aplicacions.ensenyament.gencat.cat<\/a><\/li>\n<\/ul>\n<table style=\"width: 100%; border-collapse: collapse; background-color: #faefdc; height: 185px;\">\n<tbody>\n<tr style=\"height: 185px;\">\n<td style=\"width: 100%; height: 185px;\"><strong>Documents que cal aportar:<\/strong><\/p>\n<ul>\n<li><strong><span style=\"color: #ff0000;\">1 foto <\/span><\/strong>actual mida carnet de l\u2019alumne\/a.<\/li>\n<li><span style=\"color: #ff0000;\"><strong>C\u00f2pia<\/strong>\u00a0<\/span><strong><span style=\"color: #ff0000;\">i original<\/span>\u00a0<\/strong>del DNI\/NIE de l\u2019alumne\/a i del pare\/mare o tutor\/a.<\/li>\n<li><span style=\"color: #ff0000;\"><strong>C\u00f2pia<\/strong>\u00a0<strong>i original\u00a0<\/strong><\/span>del llibre de fam\u00edlia (p\u00e0g. 2 i on surt l\u2019alumne\/a).<\/li>\n<li><span style=\"color: #ff0000;\"><strong>C\u00f2pia<\/strong>\u00a0<\/span><strong><span style=\"color: #ff0000;\">i original<\/span>\u00a0<\/strong>de la Targeta sanit\u00e0ria individual de l\u2019alumne\/a.<\/li>\n<li><strong><span style=\"color: #ff0000;\">C\u00f2pia i original <span style=\"color: #000000;\">del<\/span><\/span><span style=\"color: #000000;\">\u00a0re<\/span>sguard de t\u00edtol ESO i <\/strong>opcional certificat acad\u00e8mic de les qualificacions obtingudes a l\u2019ESO (on surti la nota mitjana de final d\u2019etapa). El document enviat ha d\u2019estar signat pel secretari\/\u00e0ria i el director\/a.<\/li>\n<li><strong>Portar la documentaci\u00f3 seg\u00fcent degudament emplenada i impresa.<\/strong>\n<ul>\n<li><span style=\"color: #4099f7;\"><a href=\"https:\/\/agora.xtec.cat\/insbadiaimargarit\/wp-content\/uploads\/usu348\/2025\/05\/02_BATXILLERAT_FULL-DE-MATRICULA-curs-2025_26.pdf\" target=\"_blank\" rel=\"noopener\">FITXA DE DADES <\/a><\/span><\/li>\n<\/ul>\n<\/li>\n<\/ul>\n<\/td>\n<\/tr>\n<\/tbody>\n<\/table>\n<p><span style=\"color: #ff0000;\"><strong>**NO ES REALITZARAN FOTOC\u00d2PIES EN EL CENTRE **<\/strong><\/span><\/p>\n<p><strong>Si l&#8217;alumne\/a \u00e9s menor d&#8217;edat<\/strong>\u00a0ha de venir el pare \/ mare \/ tutor legal que tingui la p\u00e0tria potestat. \u00c9s recomanable venir amb l&#8217;alumne a fer la matr\u00edcula per tal d&#8217;escollir les mat\u00e8ries de modalitat.<\/td>\n<\/tr>\n<tr style=\"height: 141px;\">\n<td style=\"width: 29.8988%; height: 141px;\"><strong>INFORMACIONS GENERALS I LLISTAT DE LLIBRES PER A L&#8217;INICI DEL CURS 2025-26 (1r i 2n de Batxillerat)<\/strong><\/td>\n<td style=\"width: 12.426%; text-align: center; height: 141px;\"><\/td>\n<td style=\"width: 61.4673%; height: 141px;\"><a href=\"https:\/\/agora.xtec.cat\/insbadiaimargarit\/wp-content\/uploads\/usu348\/2025\/07\/CIRCULAR-INFORMATIVA\u2013-INICI-DEL-CURS-2025_26-1r-BATX-1.pdf\">CIRCULAR INFORMATIVA \u2013 INICI DEL CURS 2025_26 1r BATXILLERAT<\/a><\/p>\n<p><a href=\"https:\/\/agora.xtec.cat\/insbadiaimargarit\/wp-content\/uploads\/usu348\/2025\/07\/CIRCULAR-INFORMATIVA\u2013-INICI-DEL-CURS-2025_26-2n-BATXILLERATv2.pdf\">CIRCULAR INFORMATIVA\u2013 INICI DEL CURS 2025_26 2n BATXILLERATv2<\/a><\/td>\n<\/tr>\n<tr style=\"height: 63px;\">\n<td style=\"width: 29.8988%; height: 63px;\"><strong>REUNI\u00d3 D&#8217;ACOLLIDA ALS NOUS ALUMNES DE 1r BATXILLERAT<\/strong><\/td>\n<td style=\"width: 12.426%; text-align: center; height: 63px;\"><\/td>\n<td style=\"width: 61.4673%; height: 63px;\">Divendres 4 de juliol a les 10.00. Presencial.<\/td>\n<\/tr>\n<tr style=\"height: 32px;\">\n<td style=\"width: 29.8988%; height: 32px;\"><strong>REUNI\u00d3 AMB FAM\u00cdLIES BATXILLERAT (TOTS ELS NIVELLS)<\/strong><\/td>\n<td style=\"width: 12.426%; height: 32px; text-align: center;\"><\/td>\n<td style=\"width: 61.4673%; height: 32px;\">\n<ul>\n<li>1r Batxillerat: dijous 4 de setembre de 2025 a les 18:30 h. Presencial.<\/li>\n<li>2n Batxillerat: dijous 4 de setembre de 2025 a les 18:30 h. Presencial.<\/li>\n<\/ul>\n<\/td>\n<\/tr>\n<tr style=\"height: 32px;\">\n<td style=\"width: 29.8988%; height: 32px;\"><strong>INFORMACI\u00d3 I TRAMITACI\u00d3\u00a0 BEQUES<\/strong><\/p>\n<p>&nbsp;<\/td>\n<td style=\"width: 12.426%; height: 32px; text-align: center;\"><strong>18 de maig de 2025<br \/>\n<\/strong><\/td>\n<td style=\"width: 61.4673%; height: 32px;\"><strong>INFO CURS 2026-27<\/strong><\/p>\n<ul>\n<li>8 hores del 07\/04\/2026 a les 15 hores 18\/05\/2026. Tr\u00e0mit electr\u00f2nic.<\/li>\n<\/ul>\n<p><a href=\"https:\/\/educacio.gencat.cat\/ca\/serveis-tramits\/beques\/beques-postobligatoris\/\">https:\/\/educacio.gencat.cat\/ca\/serveis-tramits\/beques\/beques-postobligatoris\/<\/a><\/p>\n<p><a href=\"https:\/\/web.gencat.cat\/es\/tramits\/tramits-temes\/247-beques-ministerio-postobligatoris\">https:\/\/web.gencat.cat\/es\/tramits\/tramits-temes\/247-beques-ministerio-postobligatoris<\/a><\/td>\n<\/tr>\n<tr style=\"height: 48px;\">\n<td style=\"width: 29.8988%; height: 48px;\"><strong>INFORMACI\u00d3 I TRAMITACI\u00d3\u00a0 BEQUES NESE<\/strong><\/td>\n<td style=\"width: 12.426%; height: 48px; text-align: center;\"><strong>\u00a0<\/strong><\/td>\n<td style=\"width: 61.4673%; height: 48px;\"><strong>INFORMACI\u00d3 CURS 2025-26<\/strong><\/p>\n<p>&nbsp;<\/p>\n<p><a href=\"https:\/\/www.becaseducacion.gob.es\/becas-y-ayudas.html\">https:\/\/www.becaseducacion.gob.es\/becas-y-ayudas.html<\/a><\/p>\n<p><a href=\"https:\/\/educacio.gencat.cat\/ca\/serveis-tramits\/beques\/ajuts-nese\/\">https:\/\/educacio.gencat.cat\/ca\/serveis-tramits\/beques\/ajuts-nese\/<\/a><\/td>\n<\/tr>\n<tr style=\"height: 32px;\">\n<td style=\"width: 29.8988%; height: 10px;\"><strong>INFORMACI\u00d3 I TRAMITACI\u00d3 TRANSPORT ESCOLAR<\/strong><\/td>\n<td style=\"width: 12.426%; height: 10px; text-align: center;\"><\/td>\n<td style=\"width: 61.4673%; height: 10px;\"><strong>INFO CURS 2025-26<\/strong><\/p>\n<p><a href=\"https:\/\/agora.xtec.cat\/insbadiaimargarit\/transport-escolar\/\">https:\/\/agora.xtec.cat\/insbadiaimargarit\/transport-escolar\/\u00a0<\/a><\/p>\n<p>Des d&#8217;aquest enlla\u00e7 us podeu descarregar i imprimir el calendari de cada estudi.<\/td>\n<\/tr>\n<tr style=\"height: 32px;\">\n<td style=\"width: 29.8988%; height: 32px;\"><strong>INICI CURS 2024-25<\/strong><\/td>\n<td style=\"width: 12.426%; height: 32px; text-align: center;\"><\/td>\n<td style=\"width: 61.4673%; height: 32px;\"><\/td>\n<\/tr>\n<tr style=\"height: 32px;\">\n<td style=\"width: 29.8988%; height: 10px;\"><strong>CALENDARI CURS 2025-26<\/strong><\/td>\n<td style=\"width: 12.426%; height: 10px; text-align: center;\"><\/td>\n<td style=\"width: 61.4673%; height: 10px;\"><strong>CALENDARI CURS 2025-26<\/strong><\/p>\n<p><a href=\"https:\/\/agora.xtec.cat\/insbadiaimargarit\/linstitut\/calendari-del-curs\/\">https:\/\/agora.xtec.cat\/insbadiaimargarit\/linstitut\/calendari-del-curs\/<\/a><\/p>\n<p>Des d&#8217;aquest enlla\u00e7 us podeu descarregar i imprimir el calendari de cada estudi.<\/td>\n<\/tr>\n<tr style=\"height: 32px;\">\n<td style=\"width: 29.8988%; height: 10px;\"><strong>EXTRACTE NOFC \/ NORMATIVA INTERIOR AGENDA<\/strong><\/td>\n<td style=\"width: 12.426%; height: 10px; text-align: center;\"><\/td>\n<td style=\"width: 61.4673%; height: 10px;\"><strong>CURS 2025-26<\/strong><\/p>\n<p><a href=\"https:\/\/agora.xtec.cat\/insbadiaimargarit\/wp-content\/uploads\/usu348\/2025\/07\/Agenda_POSTOBLIGATORIA_2025-26.pdf\">Agenda_POSTOBLIGATORIA_2025-26<\/a><\/td>\n<\/tr>\n<tr style=\"height: 32px;\">\n<td style=\"width: 29.8988%; height: 10px;\"><strong>EQUIPAMENT ESPORTIU (opcional)<\/strong><\/td>\n<td style=\"width: 12.426%; height: 10px; text-align: center;\"><\/td>\n<td style=\"width: 61.4673%; height: 10px;\"><a href=\"https:\/\/agora.xtec.cat\/insbadiaimargarit\/equipament-institut\/\">https:\/\/agora.xtec.cat\/insbadiaimargarit\/equipament-institut\/<\/a><\/td>\n<\/tr>\n<tr style=\"height: 139px;\">\n<td style=\"width: 29.8988%; height: 139px;\"><strong>PAGAMENT SORTIDES I MATERIAL<\/strong><\/p>\n<p>&nbsp;<\/td>\n<td style=\"width: 12.426%; height: 139px; text-align: center;\"><\/td>\n<td style=\"width: 61.4673%; height: 139px;\"><strong>INFO CURS 2025-26<\/strong><\/p>\n<p>Cal fer un pagament \u00fanic de 60 \u20ac que inclou l\u2019agenda, l\u2019\u00fas de la plataforma digital iEduca, la participaci\u00f3 en concursos, etc. Rebreu les indicacions per a fer el pagament a trav\u00e9s de l\u2019aplicatiu TokApp la primera setmana de setembre. En cas de dificultat per a fer el pagament amb l\u2019aplicatiu podreu fer el pagament amb targeta a la secretaria del centre.<\/td>\n<\/tr>\n<tr style=\"height: 32px;\">\n<td style=\"width: 29.8988%; height: 32px;\"><strong>LLOGUER ARMARIETS\u00a0<\/strong><\/p>\n<p>&nbsp;<\/td>\n<td style=\"width: 12.426%; height: 32px; text-align: center;\"><\/td>\n<td style=\"width: 61.4673%; height: 32px;\"><strong>INFORMACI\u00d3 2025-26:<\/strong> <a href=\"https:\/\/agora.xtec.cat\/insbadiaimargarit\/portada\/lloguer-darmariets-curs-2025-26\/\">https:\/\/agora.xtec.cat\/insbadiaimargarit\/portada\/lloguer-darmariets-curs-2025-26\/<\/a><\/p>\n<p>Si encara teniu la clau del curs passat, si us plau, poseu-vos en contacte amb l&#8217;AMPA: <a href=\"mailto:ampa@insbadiaimargarit.cat\">ampa@insbadiaimargarit.cat<\/a><\/td>\n<\/tr>\n<\/tbody>\n<\/table>\n","protected":false},"excerpt":{"rendered":"<p>BATXILLERAT<br \/>\nDarrera actualitzaci\u00f3: 11 de febrer de 2026<br \/>\nBenvolgudes fam\u00edlies,<br \/>\nAqu\u00ed trobareu totes les informacions relacionades amb el curs 2026-27 per a tot l&#8217;alumnat de Batxillerat. Anirem actualitzant aquest article a mesura que anem completant la informaci\u00f3:<\/p>\n<p>\u00a0<br \/>\nData l\u00edmit del tr\u00e0mit<br \/>\nEnlla\u00e7\u00a0 \/ informaci\u00f3 del tr\u00e0mit<\/p>\n<p>OFERTA DE PLACES<br \/>\n8 abril 2026<br \/>\n8&hellip;  <a href=\"https:\/\/agora.xtec.cat\/insbadiaimargarit\/batxillerat\/\" title=\"Read Batxillerat &#8211; Preinscripci\u00f3 i matr\u00edcula 2026-27\">Llegeix m\u00e9s\u00bb<\/a><\/p>\n","protected":false},"author":4,"featured_media":0,"parent":0,"menu_order":0,"comment_status":"closed","ping_status":"closed","template":"","meta":{"_bbp_topic_count":0,"_bbp_reply_count":0,"_bbp_total_topic_count":0,"_bbp_total_reply_count":0,"_bbp_voice_count":0,"_bbp_anonymous_reply_count":0,"_bbp_topic_count_hidden":0,"_bbp_reply_count_hidden":0,"_bbp_forum_subforum_count":0,"footnotes":""},"class_list":["post-8687","page","type-page","status-publish","hentry"],"post_mailing_queue_ids":[],"_links":{"self":[{"href":"https:\/\/agora.xtec.cat\/insbadiaimargarit\/wp-json\/wp\/v2\/pages\/8687","targetHints":{"allow":["GET"]}}],"collection":[{"href":"https:\/\/agora.xtec.cat\/insbadiaimargarit\/wp-json\/wp\/v2\/pages"}],"about":[{"href":"https:\/\/agora.xtec.cat\/insbadiaimargarit\/wp-json\/wp\/v2\/types\/page"}],"author":[{"embeddable":true,"href":"https:\/\/agora.xtec.cat\/insbadiaimargarit\/wp-json\/wp\/v2\/users\/4"}],"replies":[{"embeddable":true,"href":"https:\/\/agora.xtec.cat\/insbadiaimargarit\/wp-json\/wp\/v2\/comments?post=8687"}],"version-history":[{"count":10,"href":"https:\/\/agora.xtec.cat\/insbadiaimargarit\/wp-json\/wp\/v2\/pages\/8687\/revisions"}],"predecessor-version":[{"id":11685,"href":"https:\/\/agora.xtec.cat\/insbadiaimargarit\/wp-json\/wp\/v2\/pages\/8687\/revisions\/11685"}],"wp:attachment":[{"href":"https:\/\/agora.xtec.cat\/insbadiaimargarit\/wp-json\/wp\/v2\/media?parent=8687"}],"curies":[{"name":"wp","href":"https:\/\/api.w.org\/{rel}","templated":true}]}}