{"id":8685,"date":"2023-05-17T16:24:02","date_gmt":"2023-05-17T14:24:02","guid":{"rendered":"https:\/\/agora.xtec.cat\/insbadiaimargarit\/?page_id=8685"},"modified":"2026-04-15T09:42:32","modified_gmt":"2026-04-15T07:42:32","slug":"eso","status":"publish","type":"page","link":"https:\/\/agora.xtec.cat\/insbadiaimargarit\/eso\/","title":{"rendered":"ESO &#8211; Preinscripci\u00f3 i matr\u00edcula 2026-27"},"content":{"rendered":"<p><strong>Darrera actualitzaci\u00f3: 11 de febrer de 2026<\/strong><\/p>\n<p>Benvolgudes fam\u00edlies,<\/p>\n<p>Aqu\u00ed trobareu totes les informacions relacionades amb el curs 2026-27 per a tot l&#8217;alumnat ESO. Anirem actualitzant aquest article a mesura que anem completant la informaci\u00f3:<\/p>\n<table style=\"border-collapse: collapse; width: 89.8838%; height: 990px;\">\n<tbody>\n<tr style=\"height: 32px;\">\n<td style=\"width: 27.9884%; height: 32px;\"><strong>\u00a0<\/strong><\/td>\n<td style=\"width: 14.3364%; height: 32px; text-align: center;\"><strong>Data l\u00edmit del tr\u00e0mit<\/strong><\/td>\n<td style=\"width: 52.5499%; height: 32px;\"><strong>Enlla\u00e7\u00a0 \/ informaci\u00f3 del tr\u00e0mit<\/strong><\/td>\n<\/tr>\n<tr style=\"height: 32px;\">\n<td style=\"width: 27.9884%; height: 32px;\"><strong>OFERTA INICIAL DEL CENTRE &#8211; ESO<\/strong><\/td>\n<td style=\"width: 14.3364%; height: 32px; text-align: center;\"><strong>3 mar\u00e7 2026<\/strong><\/td>\n<td style=\"width: 52.5499%; height: 32px;\">Publicaci\u00f3 al migdia<strong>. Consultar <a href=\"https:\/\/agora.xtec.cat\/insbadiaimargarit\/wp-content\/uploads\/usu348\/2026\/03\/INFORME_OFERTA_OME_INFORME_OFERTA-6.pdf\">Aqu\u00ed<\/a><br \/>\n<\/strong><\/td>\n<\/tr>\n<tr style=\"height: 32px;\">\n<td style=\"width: 27.9884%; height: 16px;\"><strong>PREINSCRIPCI\u00d3 2026-27<\/strong><\/td>\n<td style=\"width: 14.3364%; height: 16px; text-align: center;\"><strong>18 mar\u00e7 2026<\/strong><\/td>\n<td style=\"width: 52.5499%; height: 16px;\">Del 6 al 18 de mar\u00e7 2026, ambd\u00f3s inclosos. <strong>Electr\u00f2nicament a trav\u00e9s del portal: <a href=\"https:\/\/preinscripcio.gencat.cat\/ca\/estudis\/eso\/preinscriute\/sollicitud\/\">preinscripci\u00f3.gencat.cat<\/a><\/strong><\/td>\n<\/tr>\n<tr style=\"height: 56px;\">\n<td style=\"width: 27.9884%; height: 56px;\"><strong>PUBLICACI\u00d3 LLISTA DE SOL\u00b7LICITUDS DE PREINSCRIPCI\u00d3 (puntuaci\u00f3 provisional)<\/strong><\/td>\n<td style=\"width: 14.3364%; height: 56px; text-align: center;\"><strong>15 abril 2026\u00a0<\/strong><\/td>\n<td style=\"width: 52.5499%; height: 56px;\">15 abril 2026. <strong>Consultar <a href=\"https:\/\/agora.xtec.cat\/insbadiaimargarit\/wp-content\/uploads\/usu348\/2026\/04\/20260415_INFORME_BAREM_PROVISIONAL_BAREM.pdf\">Aqu\u00ed<\/a><\/strong><\/td>\n<\/tr>\n<tr style=\"height: 32px;\">\n<td style=\"width: 27.9884%; height: 32px;\"><strong>RECLAMACIONS A LA PUNTUACI\u00d3 PROVISIONAL<\/strong><\/td>\n<td style=\"width: 14.3364%; height: 32px; text-align: center;\"><strong>20 abril 2026<\/strong><\/td>\n<td style=\"width: 52.5499%; height: 32px;\">Del 15 al 20 d&#8217;abril 2026, electr\u00f2nicament.<\/td>\n<\/tr>\n<tr style=\"height: 48px;\">\n<td style=\"width: 27.9884%; height: 48px;\"><strong>PUBLICACI\u00d3 LLISTA DE SOL\u00b7LICITUDS DE PREINSCRIPCI\u00d3 (Resoltes les reclamacions)<\/strong><\/td>\n<td style=\"width: 14.3364%; height: 48px; text-align: center;\"><strong>23 abril 2026<\/strong><\/td>\n<td style=\"width: 52.5499%; height: 48px;\">23 abril 2026. Consultar <strong>Aqu\u00ed<\/strong><\/td>\n<\/tr>\n<tr style=\"height: 32px;\">\n<td style=\"width: 27.9884%; height: 32px;\"><strong>PUBLICACI\u00d3 DE LA LLISTA ORDENADA<\/strong><\/td>\n<td style=\"width: 14.3364%; height: 32px; text-align: center;\"><strong>29 abril 2026<\/strong><\/td>\n<td style=\"width: 52.5499%; height: 32px;\">29 abril 2026. Consultar <strong>Aqu\u00ed<\/strong><\/td>\n<\/tr>\n<tr style=\"height: 48px;\">\n<td style=\"width: 27.9884%; height: 48px;\"><strong>AMPLIACI\u00d3 DE PETICIONS ALUMNAT AMB NESE SITUACI\u00d3 SOCIOECON\u00d2MICA<\/strong><\/td>\n<td style=\"width: 14.3364%; height: 48px; text-align: center;\"><strong>14 maig 2026<\/strong><\/td>\n<td style=\"width: 52.5499%; height: 48px;\">13 i 14 de maig 2026, ambd\u00f3s inclosos.<\/td>\n<\/tr>\n<tr style=\"height: 48px;\">\n<td style=\"width: 27.9884%; height: 48px;\"><strong>AMPLIACI\u00d3 DE PETICIONS\u00a0 ALUMNAT PREINSCRIPCI\u00d3 SENSE ASSIGNACI\u00d3<\/strong><\/td>\n<td style=\"width: 14.3364%; height: 48px; text-align: center;\"><strong>3 juny 2026<\/strong><\/td>\n<td style=\"width: 52.5499%; height: 48px;\">De l&#8217;1 al 3 de juny de 2026, ambd\u00f3s inclosos.<\/td>\n<\/tr>\n<tr style=\"height: 32px;\">\n<td style=\"width: 27.9884%; height: 32px;\"><strong>PUBLICACI\u00d3 DE L&#8217;OFERTA FINAL<\/strong><\/td>\n<td style=\"width: 14.3364%; height: 32px; text-align: center;\"><strong>10 de juny 2026<\/strong><\/td>\n<td style=\"width: 52.5499%; height: 32px;\">10 de juny 2026. Consultar<strong> Aqu\u00ed<\/strong><\/td>\n<\/tr>\n<tr style=\"height: 48px;\">\n<td style=\"width: 27.9884%; height: 65px;\"><strong>PUBLICACI\u00d3 LLISTA ALUMNES ASSIGNATS, SI ESCAU, LLISTA D&#8217;ESPERA<\/strong><\/td>\n<td style=\"width: 14.3364%; height: 65px; text-align: center;\"><strong>10 de juny 2026<\/strong><\/td>\n<td style=\"width: 52.5499%; height: 65px;\">10 de juny 2026. Consultar llista d&#8217;alumnes assignats Aqu\u00ed<\/p>\n<p>10 de juny 2026. Consultar llista d&#8217;espera Aqu\u00ed<\/td>\n<\/tr>\n<tr>\n<td style=\"width: 27.9884%;\"><strong>RECLAMACIONS A LA LLISTA D&#8217;ALUMNES ASIGNAT\u00a0<\/strong><\/td>\n<td style=\"width: 14.3364%; text-align: center;\"><strong>15 juny 2026<\/strong><\/td>\n<td style=\"width: 52.5499%;\">Del 11 al 15 de juny 2026<\/td>\n<\/tr>\n<tr style=\"height: 181px;\">\n<td style=\"width: 27.9884%; height: 25px;\"><strong>MATR\u00cdCULA ESO<\/strong><\/td>\n<td style=\"width: 14.3364%; height: 25px; text-align: center;\"><b>30 juny 2026<\/b><\/td>\n<td style=\"width: 52.5499%; height: 25px;\"><strong>Del 22 al 30 de juny, ambd\u00f3s inclosos.<\/strong><\/p>\n<ul>\n<li><strong>Amb cita pr\u00e8via:<\/strong> Enlla\u00e7 a la cita pr\u00e8via: <a href=\"https:\/\/aplicacions.gestioeducativa.gencat.cat\/pls\/apex\/f?p=CITA_PREVIA:4::::4:P4_TIPUS_CALENDARI,P4_DOMINI:03_Oblig,08073193\">https:\/\/aplicacions.gestioeducativa.gencat.cat\/cita\/ESO<\/a><\/li>\n<\/ul>\n<ul>\n<li><strong>Sense cita pr\u00e8via:<\/strong> SI NO TENIU CITA PR\u00c8VIA NO ES POT GARANTIR L&#8217;ATENCI\u00d3 IMMEDIATA DEL TR\u00c0MIT. TINDRAN PREFER\u00c8NCIA LES FAM\u00cdLIES QUE HAGIN SOL\u00b7LICITAT LA MATRICULACI\u00d3 AMB CITA PR\u00c8VIA.<\/li>\n<\/ul>\n<table style=\"width: 95.3675%; border-collapse: collapse; background-color: #d9ffde; height: 153px;\">\n<tbody>\n<tr style=\"height: 153px;\">\n<td style=\"width: 100%; height: 153px;\"><strong>Documents que cal aportar:<\/strong><\/p>\n<ul>\n<li>1 foto actual mida carnet de l\u2019alumne\/a.<\/li>\n<li><strong>C\u00f2pia<\/strong>\u00a0<strong>i original\u00a0<\/strong>del DNI\/NIE\/PASS de l\u2019alumne\/a i del pare\/mare o tutor\/a.<\/li>\n<li><strong>C\u00f2pia<\/strong>\u00a0<strong>i original\u00a0<\/strong>del llibre de fam\u00edlia (p\u00e0g. 2 i on surt l\u2019alumne\/a).<\/li>\n<li><strong>C\u00f2pia<\/strong>\u00a0<strong>i original\u00a0<\/strong>de la Targeta sanit\u00e0ria individual de l\u2019alumne\/a.<\/li>\n<li><strong>C\u00f2pia i original <\/strong>del carnet de vacunes de l\u2019alumne\/a (si no ha estat vacunat per indicaci\u00f3 m\u00e8dica o per altres circumst\u00e0ncies, cal adjuntar un certificat m\u00e8dic oficial).<\/li>\n<li><strong>Portar la documentaci\u00f3 seg\u00fcent degudament emplenada i impresa.<\/strong>\n<ul>\n<li><a href=\"https:\/\/agora.xtec.cat\/insbadiaimargarit\/wp-content\/uploads\/usu348\/2025\/05\/01_ESO_FULL-DE-MATRICULA-curs-2025_26.pdf\" target=\"_blank\" rel=\"noopener\">FITXA DE DADES<\/a><\/li>\n<\/ul>\n<\/li>\n<\/ul>\n<\/td>\n<\/tr>\n<\/tbody>\n<\/table>\n<p><span style=\"color: #ff0000;\"><strong>**NO ES REALITZARAN FOTOC\u00d2PIES EN EL CENTRE **<\/strong><\/span><\/td>\n<\/tr>\n<tr style=\"height: 166px;\">\n<td style=\"width: 27.9884%; height: 10px;\"><strong>TRIA D&#8217;OPTATIVES<\/strong><\/td>\n<td style=\"width: 14.3364%; height: 10px;\">\n<p style=\"text-align: center;\">\n<\/td>\n<td style=\"width: 52.5499%; height: 10px;\">En el moment de la matr\u00edcula.<\/td>\n<\/tr>\n<tr style=\"height: 141px;\">\n<td style=\"width: 27.9884%; height: 141px;\"><strong>ACOLLIDA ALUMNAT 1r ESO, alumnat nou d&#8217;ESO i alumnat 1r BATXILLERAT<\/strong><\/td>\n<td style=\"width: 14.3364%; height: 141px; text-align: center;\">Data<\/td>\n<td style=\"width: 52.5499%; height: 141px;\"><strong>Data<\/strong><\/p>\n<ul>\n<li>Activitat de coneixement per a l&#8217;alumnat que comen\u00e7a 1r d&#8217;ESO i visita al centre.<\/li>\n<li>Explicaci\u00f3 i tria de les optatives.<\/li>\n<li>Opcional: visita al centre i xerrada informativa per a les fam\u00edlies que<\/li>\n<\/ul>\n<\/td>\n<\/tr>\n<tr style=\"height: 32px;\">\n<td style=\"width: 27.9884%; height: 32px;\"><strong>CIRCULARS INFORMATIVES PER L&#8217;INICI DE CURS 2025-26: Calendari, llistat de llibres, reuni\u00f3 d&#8217;inici de curs, etc.<\/strong><\/td>\n<td style=\"width: 14.3364%; height: 32px; text-align: left;\"><\/td>\n<td style=\"width: 52.5499%; height: 32px;\"><strong>Circulars i informacions per a l&#8217;inici del curs 2025-26<\/strong><\/p>\n<ul>\n<li><a href=\"https:\/\/agora.xtec.cat\/insbadiaimargarit\/wp-content\/uploads\/usu348\/2025\/07\/CIRCULAR-INFORMATIVA\u2013-INICI-DEL-CURS-2025_26-1r-ESO-1.pdf\">CIRCULAR INFORMATIVA\u2013 INICI DEL CURS 2025_26 1r ESO<\/a><\/li>\n<li><a href=\"https:\/\/agora.xtec.cat\/insbadiaimargarit\/wp-content\/uploads\/usu348\/2025\/07\/CIRCULAR-INFORMATIVA\u2013-INICI-DEL-CURS-2025_26-2n-ESO.pdf\">CIRCULAR INFORMATIVA\u2013 INICI DEL CURS 2025_26 2n ESO<\/a><\/li>\n<li><a href=\"https:\/\/agora.xtec.cat\/insbadiaimargarit\/wp-content\/uploads\/usu348\/2025\/07\/CIRCULAR-INFORMATIVA\u2013-INICI-DEL-CURS-2025_26-3r-ESOv2.pdf\">CIRCULAR INFORMATIVA\u2013 INICI DEL CURS 2025_26 3r ESOv2<\/a><\/li>\n<li><a href=\"https:\/\/agora.xtec.cat\/insbadiaimargarit\/wp-content\/uploads\/usu348\/2025\/07\/CIRCULAR-INFORMATIVA\u2013-INICI-DEL-CURS-2025_26-4t-ESO.pdf\">CIRCULAR INFORMATIVA\u2013 INICI DEL CURS 2025_26 4t ESO<\/a><\/li>\n<\/ul>\n<p><strong>Tasques d&#8217;estiu per a l&#8217;alumnat d&#8217;ESO<\/strong><\/p>\n<ul>\n<li><a href=\"https:\/\/agora.xtec.cat\/insbadiaimargarit\/wp-content\/uploads\/usu348\/2025\/06\/Tasques-destiu-per-iniciar-2-ESO-Curs-25-26.pdf\">Tasques d&#8217;estiu per iniciar 2n d&#8217;ESO &#8211; Curs 25-26<\/a><\/li>\n<li><a href=\"https:\/\/agora.xtec.cat\/insbadiaimargarit\/wp-content\/uploads\/usu348\/2025\/06\/Tasques-destiu-per-iniciar-3r-ESO-Curs-25-26.pdf\">Tasques d&#8217;estiu per iniciar 3r d&#8217;ESO &#8211; Curs 25-26<\/a><\/li>\n<li><a href=\"https:\/\/agora.xtec.cat\/insbadiaimargarit\/wp-content\/uploads\/usu348\/2025\/06\/Tasques-destiu-per-iniciar-4t-d-ESO-Curs-25-26.pdf\">Tasques d&#8217;estiu per iniciar 4t d&#8217; ESO &#8211; Curs 25-26<\/a><\/li>\n<\/ul>\n<\/td>\n<\/tr>\n<tr style=\"height: 32px;\">\n<td style=\"width: 27.9884%; height: 32px;\"><strong>INFORMACI\u00d3 I TRAMITACI\u00d3\u00a0 BEQUES NESE:<\/strong><\/p>\n<p>&nbsp;<\/td>\n<td style=\"width: 14.3364%; height: 32px;\"><b>11 de setembre de 2025<\/b><\/td>\n<td style=\"width: 52.5499%; height: 32px;\">INFORMACI\u00d3 CURS 2025-26<\/p>\n<p><b>30 d&#8217;abril al 11 de setembre de 2025<\/b><\/p>\n<p><a href=\"https:\/\/www.becaseducacion.gob.es\/becas-y-ayudas.html\">https:\/\/www.becaseducacion.gob.es\/becas-y-ayudas.html<\/a><\/p>\n<p><a href=\"https:\/\/educacio.gencat.cat\/ca\/serveis-tramits\/beques\/ajuts-nese\/\">https:\/\/educacio.gencat.cat\/ca\/serveis-tramits\/beques\/ajuts-nese\/<\/a><\/td>\n<\/tr>\n<tr style=\"height: 32px;\">\n<td style=\"width: 27.9884%; height: 32px;\"><strong>INFORMACI\u00d3 I TRAMITACI\u00d3 TRANSPORT ESCOLAR:\u00a0<\/strong><\/p>\n<p>&nbsp;<\/td>\n<td style=\"width: 14.3364%; height: 32px; text-align: left;\"><strong>31 de juliol 2025<\/strong><\/td>\n<td style=\"width: 52.5499%; height: 32px;\">INFO CURS 2025-26<\/p>\n<p><a href=\"https:\/\/agora.xtec.cat\/insbadiaimargarit\/transport-escolar\/\">https:\/\/agora.xtec.cat\/insbadiaimargarit\/transport-escolar\/\u00a0<\/a><\/td>\n<\/tr>\n<tr style=\"height: 32px;\">\n<td style=\"width: 27.9884%; height: 32px;\"><strong>INICI CURS 2025-26<\/strong><\/td>\n<td style=\"width: 14.3364%; height: 32px;\"><strong>8 de setembre 2025<\/strong><\/td>\n<td style=\"width: 52.5499%; height: 32px;\"><strong>8 de setembre de 2025, a les 8 del mat\u00ed.<\/strong> Tots els grups i nivells. Cal esperar-se al pati, a la zona delimitada per a cada nivell per saber el grup, aula i tutor.<\/td>\n<\/tr>\n<tr style=\"height: 32px;\">\n<td style=\"width: 27.9884%; height: 10px;\"><strong>CALENDARI CURS 2025-26<\/strong><\/td>\n<td style=\"width: 14.3364%; height: 10px;\"><\/td>\n<td style=\"width: 52.5499%; height: 10px;\"><strong>CALENDARI CURS 2025-26<\/strong><\/p>\n<p><a href=\"https:\/\/agora.xtec.cat\/insbadiaimargarit\/linstitut\/calendari-del-curs\/\">https:\/\/agora.xtec.cat\/insbadiaimargarit\/linstitut\/calendari-del-curs\/<\/a><\/p>\n<p>Des d&#8217;aquest enlla\u00e7 us podeu descarregar i imprimir el calendari de cada estudi.<\/td>\n<\/tr>\n<tr style=\"height: 32px;\">\n<td style=\"width: 27.9884%; height: 32px;\"><strong>EXTRACTE NOFC \/ NORMATIVA INTERIOR AGENDA:\u00a0<\/strong><\/p>\n<p>&nbsp;<\/td>\n<td style=\"width: 14.3364%; height: 32px;\"><\/td>\n<td style=\"width: 52.5499%; height: 32px;\"><strong>CURS 2025-26<\/strong><\/p>\n<p><a href=\"https:\/\/agora.xtec.cat\/insbadiaimargarit\/wp-content\/uploads\/usu348\/2025\/07\/Agenda_ESO_2025-26.pdf\">Agenda_ESO_2025-26<\/a><\/td>\n<\/tr>\n<tr style=\"height: 32px;\">\n<td style=\"width: 27.9884%; height: 32px;\"><strong>EQUIPAMENT ESPORTIU (opcional)<\/strong><\/td>\n<td style=\"width: 14.3364%; height: 32px;\"><\/td>\n<td style=\"width: 52.5499%; height: 32px;\"><a href=\"https:\/\/agora.xtec.cat\/insbadiaimargarit\/equipament-institut\/\">https:\/\/agora.xtec.cat\/insbadiaimargarit\/equipament-institut\/<\/a><\/td>\n<\/tr>\n<tr style=\"height: 139px;\">\n<td style=\"width: 27.9884%; height: 139px;\"><strong>PAGAMENT SORTIDES I MATERIAL<\/strong><\/td>\n<td style=\"width: 14.3364%; height: 139px;\"><\/td>\n<td style=\"width: 52.5499%; height: 139px;\"><strong>INFO CURS 2025-26<\/strong><\/p>\n<p>Cal fer un pagament \u00fanic de 60 \u20ac que inclou l\u2019agenda, l\u2019\u00fas de la plataforma digital iEduca, la participaci\u00f3 en concursos, etc. Rebreu les indicacions per a fer el pagament a trav\u00e9s de l\u2019aplicatiu TokApp la primera setmana de setembre.<\/p>\n<p>En cas de dificultat per a fer el pagament amb l\u2019aplicatiu podreu fer el pagament amb targeta a la secretaria del centre.<\/td>\n<\/tr>\n<tr style=\"height: 32px;\">\n<td style=\"width: 27.9884%; height: 32px;\"><strong>LLOGUER ARMARIETS\u00a0<\/strong><\/p>\n<p>&nbsp;<\/td>\n<td style=\"width: 14.3364%; height: 32px;\"><\/td>\n<td style=\"width: 52.5499%; height: 32px;\"><strong>INFORMACI\u00d3 2025-26:<\/strong><\/p>\n<p><a href=\"https:\/\/agora.xtec.cat\/insbadiaimargarit\/portada\/lloguer-darmariets-curs-2025-26\/\">https:\/\/agora.xtec.cat\/insbadiaimargarit\/portada\/lloguer-darmariets-curs-2025-26\/<\/a><\/p>\n<p>Si encara teniu la clau del curs passat, si us plau, poseu-vos en contacte amb l&#8217;AMPA: <a href=\"mailto:ampa@insbadiaimargarit.cat\">ampa@insbadiaimargarit.cat<\/a><\/td>\n<\/tr>\n<\/tbody>\n<\/table>\n","protected":false},"excerpt":{"rendered":"<p>Darrera actualitzaci\u00f3: 11 de febrer de 2026<br \/>\nBenvolgudes fam\u00edlies,<br \/>\nAqu\u00ed trobareu totes les informacions relacionades amb el curs 2026-27 per a tot l&#8217;alumnat ESO. Anirem actualitzant aquest article a mesura que anem completant la informaci\u00f3:<\/p>\n<p>\u00a0<br \/>\nData l\u00edmit del tr\u00e0mit<br \/>\nEnlla\u00e7\u00a0 \/ informaci\u00f3 del tr\u00e0mit<\/p>\n<p>OFERTA INICIAL DEL CENTRE &#8211; ESO<br \/>\n3&hellip;  <a href=\"https:\/\/agora.xtec.cat\/insbadiaimargarit\/eso\/\" title=\"Read ESO &#8211; Preinscripci\u00f3 i matr\u00edcula 2026-27\">Llegeix m\u00e9s\u00bb<\/a><\/p>\n","protected":false},"author":4,"featured_media":0,"parent":0,"menu_order":0,"comment_status":"closed","ping_status":"closed","template":"","meta":{"_bbp_topic_count":0,"_bbp_reply_count":0,"_bbp_total_topic_count":0,"_bbp_total_reply_count":0,"_bbp_voice_count":0,"_bbp_anonymous_reply_count":0,"_bbp_topic_count_hidden":0,"_bbp_reply_count_hidden":0,"_bbp_forum_subforum_count":0,"footnotes":""},"class_list":["post-8685","page","type-page","status-publish","hentry"],"post_mailing_queue_ids":[],"_links":{"self":[{"href":"https:\/\/agora.xtec.cat\/insbadiaimargarit\/wp-json\/wp\/v2\/pages\/8685","targetHints":{"allow":["GET"]}}],"collection":[{"href":"https:\/\/agora.xtec.cat\/insbadiaimargarit\/wp-json\/wp\/v2\/pages"}],"about":[{"href":"https:\/\/agora.xtec.cat\/insbadiaimargarit\/wp-json\/wp\/v2\/types\/page"}],"author":[{"embeddable":true,"href":"https:\/\/agora.xtec.cat\/insbadiaimargarit\/wp-json\/wp\/v2\/users\/4"}],"replies":[{"embeddable":true,"href":"https:\/\/agora.xtec.cat\/insbadiaimargarit\/wp-json\/wp\/v2\/comments?post=8685"}],"version-history":[{"count":10,"href":"https:\/\/agora.xtec.cat\/insbadiaimargarit\/wp-json\/wp\/v2\/pages\/8685\/revisions"}],"predecessor-version":[{"id":8824,"href":"https:\/\/agora.xtec.cat\/insbadiaimargarit\/wp-json\/wp\/v2\/pages\/8685\/revisions\/8824"}],"wp:attachment":[{"href":"https:\/\/agora.xtec.cat\/insbadiaimargarit\/wp-json\/wp\/v2\/media?parent=8685"}],"curies":[{"name":"wp","href":"https:\/\/api.w.org\/{rel}","templated":true}]}}