{"id":81,"date":"2014-09-18T10:38:05","date_gmt":"2014-09-18T10:38:05","guid":{"rendered":"http:\/\/agora.xtec.cat\/insbadiaimargarit\/?page_id=81"},"modified":"2023-09-24T19:42:25","modified_gmt":"2023-09-24T17:42:25","slug":"secretaria","status":"publish","type":"page","link":"https:\/\/agora.xtec.cat\/insbadiaimargarit\/secretaria\/","title":{"rendered":"Secretaria"},"content":{"rendered":"<h3>CONTACTE<\/h3>\n<ul>\n<li>Persones de refer\u00e8ncia:\n<ul>\n<li>Xavi Pati\u00f1o Ub\u00eda, secretari<\/li>\n<li>Alba Sala Mora, cap d&#8217;estudis Batxillerat i suport a la secretaria<\/li>\n<li>Anna Hern\u00e1ndez, administativa<\/li>\n<li>Sara Belfquih, administrativa<\/li>\n<\/ul>\n<\/li>\n<li><a href=\"mailto:secretaria@insbadiaimargarit.cat\">secretaria@insbadiaimargarit.cat<\/a>\u00a0 Nom\u00e9s per tr\u00e0mits acad\u00e8mics i administratius. Des d&#8217;aquest correu no es resolen dubtes de tutoria ni es reenvia informaci\u00f3 a altres destinataris. Per altres informacions cal fer \u00fas de les diferents b\u00fasties de correu o dels formularis de contacte del men\u00fa esquerre de la p\u00e0gina d&#8217;inici.<\/li>\n<\/ul>\n<h3>HORARIS<\/h3>\n<h3>Horari de secretaria durant el curs escolar:<\/h3>\n<h5>MATINS<\/h5>\n<ul>\n<li>Dilluns, dimecres i divendres de 10 a 13.30 h<\/li>\n<li>Dimarts i dijous, de 9 a 12.30 h<\/li>\n<\/ul>\n<p><strong>TARDES<\/strong><\/p>\n<ul>\n<li>Dilluns i dimecres de 14.30 a 18.30 h<\/li>\n<\/ul>\n<p><span style=\"color: #ff0000;\"><strong>Fora d&#8217;aquests horaris \u00e9s indispensable tenir cita pr\u00e8via concedida a trav\u00e9s del correu secretaria@insbadiaimargarit.cat<\/strong><\/span><\/p>\n<h3>Horari de secretaria durant els per\u00edodes de preinscripci\u00f3 i matr\u00edcula:<\/h3>\n<p>(Pendent)<\/p>\n<h3>Horari d&#8217;estiu:<\/h3>\n<p>(Pendent)<\/p>\n","protected":false},"excerpt":{"rendered":"<p>CONTACTE<\/p>\n<ul>\n<li>Persones de refer\u00e8ncia:\n<ul>\n<li>Xavi Pati\u00f1o Ub\u00eda, secretari<\/li>\n<li>Alba Sala Mora, cap d&#8217;estudis Batxillerat i suport a la secretaria<\/li>\n<li>Anna Hern\u00e1ndez, administativa<\/li>\n<li>Sara Belfquih, administrativa<\/li>\n<\/ul>\n<\/li>\n<li><a href=\"mailto:secretaria@insbadiaimargarit.cat\">secretaria@insbadiaimargarit.cat<\/a>\u00a0 Nom\u00e9s per tr\u00e0mits acad\u00e8mics i administratius. Des d&#8217;aquest correu no es resolen dubtes de tutoria ni es reenvia informaci\u00f3 a altres destinataris. Per altres&hellip;  <a href=\"https:\/\/agora.xtec.cat\/insbadiaimargarit\/secretaria\/\" title=\"Read Secretaria\">Llegeix m\u00e9s\u00bb<\/a><br \/>\n","protected":false},"author":1,"featured_media":0,"parent":0,"menu_order":0,"comment_status":"closed","ping_status":"closed","template":"page-templates\/side-menu.php","meta":{"_bbp_topic_count":0,"_bbp_reply_count":0,"_bbp_total_topic_count":0,"_bbp_total_reply_count":0,"_bbp_voice_count":0,"_bbp_anonymous_reply_count":0,"_bbp_topic_count_hidden":0,"_bbp_reply_count_hidden":0,"_bbp_forum_subforum_count":0,"footnotes":""},"class_list":["post-81","page","type-page","status-publish","hentry"],"post_mailing_queue_ids":[],"_links":{"self":[{"href":"https:\/\/agora.xtec.cat\/insbadiaimargarit\/wp-json\/wp\/v2\/pages\/81","targetHints":{"allow":["GET"]}}],"collection":[{"href":"https:\/\/agora.xtec.cat\/insbadiaimargarit\/wp-json\/wp\/v2\/pages"}],"about":[{"href":"https:\/\/agora.xtec.cat\/insbadiaimargarit\/wp-json\/wp\/v2\/types\/page"}],"author":[{"embeddable":true,"href":"https:\/\/agora.xtec.cat\/insbadiaimargarit\/wp-json\/wp\/v2\/users\/1"}],"replies":[{"embeddable":true,"href":"https:\/\/agora.xtec.cat\/insbadiaimargarit\/wp-json\/wp\/v2\/comments?post=81"}],"version-history":[{"count":3,"href":"https:\/\/agora.xtec.cat\/insbadiaimargarit\/wp-json\/wp\/v2\/pages\/81\/revisions"}],"predecessor-version":[{"id":9161,"href":"https:\/\/agora.xtec.cat\/insbadiaimargarit\/wp-json\/wp\/v2\/pages\/81\/revisions\/9161"}],"wp:attachment":[{"href":"https:\/\/agora.xtec.cat\/insbadiaimargarit\/wp-json\/wp\/v2\/media?parent=81"}],"curies":[{"name":"wp","href":"https:\/\/api.w.org\/{rel}","templated":true}]}}