{"id":77,"date":"2014-09-18T10:29:25","date_gmt":"2014-09-18T10:29:25","guid":{"rendered":"http:\/\/agora.xtec.cat\/insbadiaimargarit\/?page_id=77"},"modified":"2025-07-07T10:38:37","modified_gmt":"2025-07-07T08:38:37","slug":"transport-escolar","status":"publish","type":"page","link":"https:\/\/agora.xtec.cat\/insbadiaimargarit\/transport-escolar\/","title":{"rendered":"Transport escolar"},"content":{"rendered":"<p>Centre amb alumnes de transport escolar des de totes les poblacions &#8211; zones adscrites (Copons, Maians, Jorba, Sant Mart\u00ed de Tous, Castellol\u00ed, Carme, Castellfollit del Boix&#8230;) i compart<img loading=\"lazy\" decoding=\"async\" class=\"alignright\" src=\"http:\/\/www.arasaac.org\/classes\/img\/thumbnail.php?i=c2l6ZT0zMDAmcnV0YT0uLi8uLi9yZXBvc2l0b3Jpby9vcmlnaW5hbGVzLzM0NjIucG5n\" width=\"115\" height=\"115\" \/>it amb els altres dos instituts p\u00fablics d&#8217;Igualada.<\/p>\n<p>INFORMACI\u00d3 CURS 2025-26<\/p>\n<div>El per\u00edode per fer aquesta gesti\u00f3 anir\u00e0<b> del 17 de juny fins el 31 de juliol. <\/b>A partir d&#8217;aquesta data les sol\u00b7licituds que puguin arribar, pel servei de transport escolar, quedaran en llista d&#8217;espera en funci\u00f3 de les places que tinguem disponibles.<\/div>\n<div><\/div>\n<div>Un cop revisades totes les sol\u00b7licituds, <u>a primers de setembre i abans de l&#8217;inici del curs escolar,<\/u><b>\u00a0<\/b>us enviaran, des del Consell Comarcal, un correu de confirmaci\u00f3 de la pla\u00e7a.<\/div>\n<div><\/div>\n<div>El funcionament ser\u00e0 el mateix que el curs passat, accedint a la nostra p\u00e0gina web, clicant al seg\u00fcent enlla\u00e7:<\/div>\n<div><\/div>\n<div><\/div>\n<div>\u2002\u2002\u2002\u2002\u2002\u2002\u2002\u2002\u2002\u2002\u2002\u2002\u2002\u2002\u2002\u2002\u2002\u2002\u2002\u2002\u2002\u2002\u2002\u2002\u2002\u2002\u2002\u2002\u2002\u2002\u2002\u2002\u2002\u2002\u2002\u2002\u2002\u2002\u2002\u2002\u2002\u2002<a id=\"m_-7500906461597169634OWAc3412753-8148-a6a4-88d0-a49ce54a4dfa\" href=\"https:\/\/www.anoia.cat\/departaments\/ensenyament\/sollicitud-transport-escolar\/\" target=\"_blank\" rel=\"noopener\" data-saferedirecturl=\"https:\/\/www.google.com\/url?q=https:\/\/www.anoia.cat\/departaments\/ensenyament\/sollicitud-transport-escolar\/&amp;source=gmail&amp;ust=1719343550392000&amp;usg=AOvVaw2EVEjEAa1M-yraxUAF6TDI\">https:\/\/www.anoia.cat\/<wbr \/>departaments\/ensenyament\/<wbr \/>sollicitud-transport-escolar\/<\/a><\/div>\n","protected":false},"excerpt":{"rendered":"<p>Centre amb alumnes de transport escolar des de totes les poblacions &#8211; zones adscrites (Copons, Maians, Jorba, Sant Mart\u00ed de Tous, Castellol\u00ed, Carme, Castellfollit del Boix&#8230;) i compartit amb els altres dos instituts p\u00fablics d&#8217;Igualada.<br \/>\nINFORMACI\u00d3 CURS 2025-26<br \/>\nEl per\u00edode per fer aquesta gesti\u00f3 anir\u00e0 del 17&hellip;  <a href=\"https:\/\/agora.xtec.cat\/insbadiaimargarit\/transport-escolar\/\" title=\"Read Transport escolar\">Llegeix m\u00e9s\u00bb<\/a><\/p>\n","protected":false},"author":2,"featured_media":0,"parent":0,"menu_order":50,"comment_status":"closed","ping_status":"closed","template":"page-templates\/side-menu.php","meta":{"_bbp_topic_count":0,"_bbp_reply_count":0,"_bbp_total_topic_count":0,"_bbp_total_reply_count":0,"_bbp_voice_count":0,"_bbp_anonymous_reply_count":0,"_bbp_topic_count_hidden":0,"_bbp_reply_count_hidden":0,"_bbp_forum_subforum_count":0,"footnotes":""},"class_list":["post-77","page","type-page","status-publish","hentry"],"post_mailing_queue_ids":[],"_links":{"self":[{"href":"https:\/\/agora.xtec.cat\/insbadiaimargarit\/wp-json\/wp\/v2\/pages\/77","targetHints":{"allow":["GET"]}}],"collection":[{"href":"https:\/\/agora.xtec.cat\/insbadiaimargarit\/wp-json\/wp\/v2\/pages"}],"about":[{"href":"https:\/\/agora.xtec.cat\/insbadiaimargarit\/wp-json\/wp\/v2\/types\/page"}],"author":[{"embeddable":true,"href":"https:\/\/agora.xtec.cat\/insbadiaimargarit\/wp-json\/wp\/v2\/users\/2"}],"replies":[{"embeddable":true,"href":"https:\/\/agora.xtec.cat\/insbadiaimargarit\/wp-json\/wp\/v2\/comments?post=77"}],"version-history":[{"count":7,"href":"https:\/\/agora.xtec.cat\/insbadiaimargarit\/wp-json\/wp\/v2\/pages\/77\/revisions"}],"predecessor-version":[{"id":11227,"href":"https:\/\/agora.xtec.cat\/insbadiaimargarit\/wp-json\/wp\/v2\/pages\/77\/revisions\/11227"}],"wp:attachment":[{"href":"https:\/\/agora.xtec.cat\/insbadiaimargarit\/wp-json\/wp\/v2\/media?parent=77"}],"curies":[{"name":"wp","href":"https:\/\/api.w.org\/{rel}","templated":true}]}}