{"id":46,"date":"2014-09-17T16:53:45","date_gmt":"2014-09-17T16:53:45","guid":{"rendered":"http:\/\/agora.xtec.cat\/insbadiaimargarit\/?page_id=46"},"modified":"2025-07-03T20:33:40","modified_gmt":"2025-07-03T18:33:40","slug":"organigrama","status":"publish","type":"page","link":"https:\/\/agora.xtec.cat\/insbadiaimargarit\/linstitut\/organigrama\/","title":{"rendered":"Organigrama i comunicaci\u00f3"},"content":{"rendered":"<p>Benvolgudes fam\u00edlies i alumnat,<\/p>\n<p>Us \u00a0informem que <strong>la principal i primera via de comunicaci\u00f3 \u00e9s sempre el tutor<\/strong> (tutor individual, per a la ESO, el PFI i el Batxillerat; o tutor de grup per a la FP). La forma habitual de contacte \u00e9s a trav\u00e9s de la plataforma iEduca. A les reunions d&#8217;inici de curs us ajudarem a instal.lar-la si encara no la teniu i, si us cal, podeu demanar ajuda a la secretaria del centre.<\/p>\n<ul>\n<li style=\"list-style-type: none;\">\n<ul>\n<li>El correu general d&#8217;informaci\u00f3 del centre \u00e9s: <strong>info@insbadiaimargarit.cat\u00a0<\/strong><\/li>\n<li>Per a tr\u00e0mits de secretaria, el contacte \u00e9s: <strong>secretaria@insbadiaimargarit.cat\u00a0<\/strong><\/li>\n<\/ul>\n<\/li>\n<\/ul>\n<p>Per a casos urgents \/ indispensables, us deixem tamb\u00e9 els correus dels principals c\u00e0rrecs de coordinaci\u00f3 i direcci\u00f3:<\/p>\n<div>\n<table class=\" alignleft\" style=\"height: 478px; width: 80.73273221116739%;\">\n<tbody>\n<tr style=\"height: 33px;\">\n<td style=\"width: 23.4209%; text-align: center; height: 33px;\"><strong>\u00c0MBIT<\/strong><\/td>\n<td style=\"width: 31.7624%; height: 33px; text-align: center;\"><strong>C\u00c0RREC<\/strong><\/td>\n<td style=\"width: 26.4967%; height: 33px; text-align: center;\"><strong>ESPECIALITAT<\/strong><\/td>\n<td style=\"width: 190.96116393442625%; height: 33px; text-align: center;\"><strong>NOM I COGNOMS<\/strong><\/td>\n<td style=\"width: 9.00710899751093%; height: 33px; text-align: center;\"><strong>CORREU ELECTR\u00d2NIC<\/strong><\/td>\n<\/tr>\n<tr style=\"height: 18px;\">\n<td style=\"width: 23.4209%; height: 33px;\"><strong>Ling\u00fc\u00edstic<\/strong><\/td>\n<td style=\"width: 31.7624%; height: 33px;\"><strong>Directora<\/strong><\/td>\n<td style=\"width: 26.4967%; height: 33px;\"><strong>Psicopedagogia<\/strong><\/td>\n<td style=\"width: 190.96116393442625%; height: 33px;\">Judit Serra i Morera<\/td>\n<td style=\"width: 9.00710899751093%; height: 33px;\"><strong>00judit.serra@insbadiaimargarit.cat\u00a0<\/strong><\/td>\n<\/tr>\n<tr style=\"height: 33px;\">\n<td style=\"width: 23.4209%; height: 49px;\"><b>Humanitats i ci\u00e8ncies socials<\/b><\/td>\n<td style=\"width: 31.7624%; height: 49px;\"><strong>Secretari<\/strong><\/td>\n<td style=\"width: 26.4967%; height: 49px;\"><strong>Geografia i Hist\u00f2ria<\/strong><\/td>\n<td style=\"width: 190.96116393442625%; height: 49px;\">Xavier Pati\u00f1o Ub\u00eda<\/td>\n<td style=\"width: 9.00710899751093%; height: 49px;\"><strong>00xavi.patino@insbadiaimargarit.cat<\/strong><\/td>\n<\/tr>\n<tr style=\"height: 33px;\">\n<td style=\"width: 23.4209%; height: 33px;\"><strong>STEAM<\/strong><\/td>\n<td style=\"width: 31.7624%; height: 33px;\"><strong>Cap d&#8217;estudis ESO i conviv\u00e8ncia<\/strong><\/td>\n<td style=\"width: 26.4967%; height: 33px;\"><strong>Tecnologia<\/strong><\/td>\n<td style=\"width: 190.96116393442625%; height: 33px;\">Santi Cahner Gallastegui<\/td>\n<td style=\"width: 9.00710899751093%; height: 33px;\"><strong>00santi.cahner@insbadiaimargarit.cat<\/strong><\/td>\n<\/tr>\n<tr style=\"height: 33px;\">\n<td style=\"width: 23.4209%; height: 33px;\"><b>FP<\/b><\/td>\n<td style=\"width: 31.7624%; height: 33px;\"><strong>Cap d&#8217;estudis FP<\/strong><\/td>\n<td style=\"width: 26.4967%; height: 33px;\"><b>Processos sanitaris &#8211; 620<\/b><\/td>\n<td style=\"width: 190.96116393442625%; height: 33px;\">Genoveva Copov\u00ed<\/td>\n<td style=\"width: 9.00710899751093%; height: 33px;\"><strong>00genoveva.copovi@insbadiaimargarit.cat\u00a0<\/strong><\/td>\n<\/tr>\n<tr style=\"height: 33px;\">\n<td style=\"width: 23.4209%; height: 33px;\"><strong>STEAM<\/strong><\/td>\n<td style=\"width: 31.7624%; height: 33px;\"><strong>Coordinaci\u00f3 pedag\u00f2gica i qualitat\u00a0<\/strong><\/td>\n<td style=\"width: 26.4967%; height: 33px;\"><strong>Matem\u00e0tiques<\/strong><\/td>\n<td style=\"width: 190.96116393442625%; height: 33px;\">Sergi Fit\u00f3 Giralt<\/td>\n<td style=\"width: 9.00710899751093%; height: 33px;\"><strong>00sergi.fito@insbadiaimargarit.cat<\/strong><\/td>\n<\/tr>\n<tr style=\"height: 33px;\">\n<td style=\"width: 23.4209%; height: 42px;\"><strong>Ling\u00fc\u00edstic<\/strong><\/td>\n<td style=\"width: 31.7624%; height: 42px;\"><strong>Adjunta secretaria \/ cap estudis Batxillerat<\/strong><\/td>\n<td style=\"width: 26.4967%; height: 42px;\"><strong>Franc\u00e8s<\/strong><\/td>\n<td style=\"width: 190.96116393442625%; height: 42px;\">Alba Sala Mora<\/td>\n<td style=\"width: 9.00710899751093%; height: 42px;\"><strong>00alba.sala@insbadiaimargarit.cat<\/strong><\/td>\n<\/tr>\n<tr style=\"height: 33px;\">\n<td style=\"width: 23.4209%; height: 65px;\"><strong>Sanitat<\/strong><\/td>\n<td style=\"width: 31.7624%; height: 65px;\"><strong>\u00a0FCT &#8211; DUAL <\/strong><\/td>\n<td style=\"width: 26.4967%; height: 65px;\"><strong>Procediments de diagn\u00f2stic cl\u00ednic i ortoprot\u00e8tic &#8211; 619<\/strong><\/td>\n<td style=\"width: 190.96116393442625%; height: 65px;\">Manoli Mart\u00ednez Mart\u00ednez<\/td>\n<td style=\"width: 9.00710899751093%; height: 65px;\"><strong> 00manuela.martinez@insbadiaimargarit.cat<\/strong><\/td>\n<\/tr>\n<tr style=\"height: 33px;\">\n<td style=\"width: 23.4209%; height: 49px;\"><strong>STEAM<\/strong><\/td>\n<td style=\"width: 31.7624%; height: 49px;\"><strong>Coordinadora 1r \u00a0i 2n ESO<\/strong><\/td>\n<td style=\"width: 26.4967%; height: 49px;\"><strong>Biologia<\/strong><\/td>\n<td style=\"width: 190.96116393442625%; height: 49px;\">Anna Toldr\u00e0 Gom\u00e0<\/td>\n<td style=\"width: 9.00710899751093%; height: 49px;\"><strong>00anna.toldra@insbadiaimargarit.cat\u00a0\u00a0<\/strong><\/td>\n<\/tr>\n<tr style=\"height: 33px;\">\n<td style=\"width: 23.4209%; height: 49px;\"><strong>STEAM<\/strong><\/td>\n<td style=\"width: 31.7624%; height: 49px;\"><strong>Coordinadora 3r i 4t ESO<br \/>\n<\/strong><\/td>\n<td style=\"width: 26.4967%; height: 49px;\"><strong><b>F\u00edsica i qu\u00edmica<\/b><\/strong><\/td>\n<td style=\"width: 190.96116393442625%; height: 49px;\">Vanessa Paredes Villena<\/td>\n<td style=\"width: 9.00710899751093%; height: 49px;\"><span style=\"color: #000000;\"><strong> 00vanessa.paredes@insbadiaimargarit.cat<\/strong><\/span><\/td>\n<\/tr>\n<tr style=\"height: 33px;\">\n<td style=\"width: 23.4209%; height: 49px;\"><strong>Art\u00edstic i motriu<\/strong><\/td>\n<td style=\"width: 31.7624%; height: 49px;\"><strong>COCOBE\u00a0<\/strong><\/td>\n<td style=\"width: 26.4967%; height: 49px;\"><strong>Dibuix<\/strong><\/td>\n<td style=\"width: 190.96116393442625%; height: 49px;\">Sandra Castro Tocino<\/td>\n<td style=\"width: 9.00710899751093%; height: 49px;\"><span style=\"color: #000000;\"><strong>00sandra.castro@insbadiaimargarit.cat\u00a0<\/strong><\/span><\/td>\n<\/tr>\n<\/tbody>\n<\/table>\n<\/div>\n<p>&nbsp;<\/p>\n<p>&nbsp;<\/p>\n<p>&nbsp;<\/p>\n<p>&nbsp;<\/p>\n<p>&nbsp;<\/p>\n<p>&nbsp;<\/p>\n<p>&nbsp;<\/p>\n<p>&nbsp;<\/p>\n<p>&nbsp;<\/p>\n<p>&nbsp;<\/p>\n<p>&nbsp;<\/p>\n<p>&nbsp;<\/p>\n<p>&nbsp;<\/p>\n<p>&nbsp;<\/p>\n<p>&nbsp;<\/p>\n<p>&nbsp;<\/p>\n<p>&nbsp;<\/p>\n<p>&nbsp;<\/p>\n<p>&nbsp;<\/p>\n<p>&nbsp;<\/p>\n<p>&nbsp;<\/p>\n<p>&nbsp;<\/p>\n<p>&nbsp;<\/p>\n<p>&nbsp;<\/p>\n<p>&nbsp;<\/p>\n<p>&nbsp;<\/p>\n<p>&nbsp;<\/p>\n<p>&nbsp;<\/p>\n<p>&nbsp;<\/p>\n<p>&nbsp;<\/p>\n<p>&nbsp;<\/p>\n<p>&nbsp;<\/p>\n<p>&nbsp;<\/p>\n<p>&nbsp;<\/p>\n<p>&nbsp;<\/p>\n<p>&nbsp;<\/p>\n<p>&nbsp;<\/p>\n<p>&nbsp;<\/p>\n<p>&nbsp;<\/p>\n<p>&nbsp;<\/p>\n<p>&nbsp;<\/p>\n<p>&nbsp;<\/p>\n<p>&nbsp;<\/p>\n<p>&nbsp;<\/p>\n<p>&nbsp;<\/p>\n<p>&nbsp;<\/p>\n<p>&nbsp;<\/p>\n<p>&nbsp;<\/p>\n<p>&nbsp;<\/p>\n<p>&nbsp;<\/p>\n<p>&nbsp;<\/p>\n<p>&nbsp;<\/p>\n","protected":false},"excerpt":{"rendered":"<p>Benvolgudes fam\u00edlies i alumnat,<br \/>\nUs \u00a0informem que la principal i primera via de comunicaci\u00f3 \u00e9s sempre el tutor (tutor individual, per a la ESO, el PFI i el Batxillerat; o tutor de grup per a la FP). La forma habitual de contacte \u00e9s a trav\u00e9s de&hellip;  <a href=\"https:\/\/agora.xtec.cat\/insbadiaimargarit\/linstitut\/organigrama\/\" title=\"Read Organigrama i comunicaci\u00f3\">Llegeix m\u00e9s\u00bb<\/a><\/p>\n","protected":false},"author":1,"featured_media":0,"parent":19,"menu_order":50,"comment_status":"closed","ping_status":"closed","template":"page-templates\/side-menu.php","meta":{"_bbp_topic_count":0,"_bbp_reply_count":0,"_bbp_total_topic_count":0,"_bbp_total_reply_count":0,"_bbp_voice_count":0,"_bbp_anonymous_reply_count":0,"_bbp_topic_count_hidden":0,"_bbp_reply_count_hidden":0,"_bbp_forum_subforum_count":0,"footnotes":""},"class_list":["post-46","page","type-page","status-publish","hentry"],"post_mailing_queue_ids":[],"_links":{"self":[{"href":"https:\/\/agora.xtec.cat\/insbadiaimargarit\/wp-json\/wp\/v2\/pages\/46","targetHints":{"allow":["GET"]}}],"collection":[{"href":"https:\/\/agora.xtec.cat\/insbadiaimargarit\/wp-json\/wp\/v2\/pages"}],"about":[{"href":"https:\/\/agora.xtec.cat\/insbadiaimargarit\/wp-json\/wp\/v2\/types\/page"}],"author":[{"embeddable":true,"href":"https:\/\/agora.xtec.cat\/insbadiaimargarit\/wp-json\/wp\/v2\/users\/1"}],"replies":[{"embeddable":true,"href":"https:\/\/agora.xtec.cat\/insbadiaimargarit\/wp-json\/wp\/v2\/comments?post=46"}],"version-history":[{"count":8,"href":"https:\/\/agora.xtec.cat\/insbadiaimargarit\/wp-json\/wp\/v2\/pages\/46\/revisions"}],"predecessor-version":[{"id":11206,"href":"https:\/\/agora.xtec.cat\/insbadiaimargarit\/wp-json\/wp\/v2\/pages\/46\/revisions\/11206"}],"up":[{"embeddable":true,"href":"https:\/\/agora.xtec.cat\/insbadiaimargarit\/wp-json\/wp\/v2\/pages\/19"}],"wp:attachment":[{"href":"https:\/\/agora.xtec.cat\/insbadiaimargarit\/wp-json\/wp\/v2\/media?parent=46"}],"curies":[{"name":"wp","href":"https:\/\/api.w.org\/{rel}","templated":true}]}}