{"id":4280,"date":"2019-05-16T14:09:11","date_gmt":"2019-05-16T12:09:11","guid":{"rendered":"http:\/\/agora.xtec.cat\/insbadiaimargarit\/?page_id=4280"},"modified":"2019-05-16T19:05:59","modified_gmt":"2019-05-16T17:05:59","slug":"missio-visio-i-valors","status":"publish","type":"page","link":"https:\/\/agora.xtec.cat\/insbadiaimargarit\/missio-visio-i-valors\/","title":{"rendered":"Missi\u00f3, Visi\u00f3 i Valors"},"content":{"rendered":"<p><a href=\"https:\/\/agora.xtec.cat\/insbadiaimargarit\/wp-content\/uploads\/usu348\/2019\/05\/missio-visio-valors.jpg\"><img loading=\"lazy\" decoding=\"async\" class=\"size-large wp-image-4284 aligncenter\" src=\"https:\/\/agora.xtec.cat\/insbadiaimargarit\/wp-content\/uploads\/usu348\/2019\/05\/missio-visio-valors-724x1024.jpg\" alt=\"\" width=\"724\" height=\"1024\" srcset=\"https:\/\/agora.xtec.cat\/insbadiaimargarit\/wp-content\/uploads\/usu348\/2019\/05\/missio-visio-valors-724x1024.jpg 724w, https:\/\/agora.xtec.cat\/insbadiaimargarit\/wp-content\/uploads\/usu348\/2019\/05\/missio-visio-valors-212x300.jpg 212w, https:\/\/agora.xtec.cat\/insbadiaimargarit\/wp-content\/uploads\/usu348\/2019\/05\/missio-visio-valors-768x1086.jpg 768w\" sizes=\"auto, (max-width: 724px) 100vw, 724px\" \/><\/a><\/p>\n<p style=\"text-align: right;\"><strong>Text: Judit Serra, Santi Cahner, Xavi Pati\u00f1o, Pep Llohis, i Carles Bargall\u00f3<\/strong><\/p>\n<p style=\"text-align: right;\"><strong>Il.lustraci\u00f3: Cloe L\u00f3pez &#8211; <\/strong><strong>Maquetaci\u00f3: Laura Serra<\/strong><\/p>\n","protected":false},"excerpt":{"rendered":"<p><a href=\"https:\/\/agora.xtec.cat\/insbadiaimargarit\/wp-content\/uploads\/usu348\/2019\/05\/missio-visio-valors.jpg\"><\/a><br \/>\nText: Judit Serra, Santi Cahner, Xavi Pati\u00f1o, Pep Llohis, i Carles Bargall\u00f3<br \/>\nIl.lustraci\u00f3: Cloe L\u00f3pez &#8211; Maquetaci\u00f3: Laura Serra<\/p>\n","protected":false},"author":4,"featured_media":0,"parent":0,"menu_order":0,"comment_status":"closed","ping_status":"closed","template":"","meta":{"_bbp_topic_count":0,"_bbp_reply_count":0,"_bbp_total_topic_count":0,"_bbp_total_reply_count":0,"_bbp_voice_count":0,"_bbp_anonymous_reply_count":0,"_bbp_topic_count_hidden":0,"_bbp_reply_count_hidden":0,"_bbp_forum_subforum_count":0,"footnotes":""},"class_list":["post-4280","page","type-page","status-publish","hentry"],"post_mailing_queue_ids":[],"_links":{"self":[{"href":"https:\/\/agora.xtec.cat\/insbadiaimargarit\/wp-json\/wp\/v2\/pages\/4280","targetHints":{"allow":["GET"]}}],"collection":[{"href":"https:\/\/agora.xtec.cat\/insbadiaimargarit\/wp-json\/wp\/v2\/pages"}],"about":[{"href":"https:\/\/agora.xtec.cat\/insbadiaimargarit\/wp-json\/wp\/v2\/types\/page"}],"author":[{"embeddable":true,"href":"https:\/\/agora.xtec.cat\/insbadiaimargarit\/wp-json\/wp\/v2\/users\/4"}],"replies":[{"embeddable":true,"href":"https:\/\/agora.xtec.cat\/insbadiaimargarit\/wp-json\/wp\/v2\/comments?post=4280"}],"version-history":[{"count":2,"href":"https:\/\/agora.xtec.cat\/insbadiaimargarit\/wp-json\/wp\/v2\/pages\/4280\/revisions"}],"predecessor-version":[{"id":4285,"href":"https:\/\/agora.xtec.cat\/insbadiaimargarit\/wp-json\/wp\/v2\/pages\/4280\/revisions\/4285"}],"wp:attachment":[{"href":"https:\/\/agora.xtec.cat\/insbadiaimargarit\/wp-json\/wp\/v2\/media?parent=4280"}],"curies":[{"name":"wp","href":"https:\/\/api.w.org\/{rel}","templated":true}]}}