{"id":315,"date":"2015-06-17T09:34:31","date_gmt":"2015-06-17T08:34:31","guid":{"rendered":"http:\/\/agora.xtec.cat\/insbadiaimargarit\/?page_id=315"},"modified":"2015-06-17T16:18:15","modified_gmt":"2015-06-17T15:18:15","slug":"familia-i-escola","status":"publish","type":"page","link":"https:\/\/agora.xtec.cat\/insbadiaimargarit\/familia-i-escola\/","title":{"rendered":"Fam\u00edlia i Escola"},"content":{"rendered":"<p>Informaci\u00f3 de la Generalitat adre\u00e7ada a les fam\u00edlies.<\/p>\n<p><a href=\"http:\/\/familiaiescola.gencat.cat\/ca\/\" target=\"_blank\">http:\/\/familiaiescola.gencat.cat\/ca\/<\/a><\/p>\n","protected":false},"excerpt":{"rendered":"<p>Informaci\u00f3 de la Generalitat adre\u00e7ada a les fam\u00edlies.<br \/>\n<a href=\"http:\/\/familiaiescola.gencat.cat\/ca\/\" target=\"_blank\">http:\/\/familiaiescola.gencat.cat\/ca\/<\/a><\/p>\n","protected":false},"author":1,"featured_media":0,"parent":0,"menu_order":0,"comment_status":"closed","ping_status":"closed","template":"","meta":{"_bbp_topic_count":0,"_bbp_reply_count":0,"_bbp_total_topic_count":0,"_bbp_total_reply_count":0,"_bbp_voice_count":0,"_bbp_anonymous_reply_count":0,"_bbp_topic_count_hidden":0,"_bbp_reply_count_hidden":0,"_bbp_forum_subforum_count":0,"footnotes":""},"class_list":["post-315","page","type-page","status-publish","hentry"],"post_mailing_queue_ids":[],"_links":{"self":[{"href":"https:\/\/agora.xtec.cat\/insbadiaimargarit\/wp-json\/wp\/v2\/pages\/315","targetHints":{"allow":["GET"]}}],"collection":[{"href":"https:\/\/agora.xtec.cat\/insbadiaimargarit\/wp-json\/wp\/v2\/pages"}],"about":[{"href":"https:\/\/agora.xtec.cat\/insbadiaimargarit\/wp-json\/wp\/v2\/types\/page"}],"author":[{"embeddable":true,"href":"https:\/\/agora.xtec.cat\/insbadiaimargarit\/wp-json\/wp\/v2\/users\/1"}],"replies":[{"embeddable":true,"href":"https:\/\/agora.xtec.cat\/insbadiaimargarit\/wp-json\/wp\/v2\/comments?post=315"}],"version-history":[{"count":3,"href":"https:\/\/agora.xtec.cat\/insbadiaimargarit\/wp-json\/wp\/v2\/pages\/315\/revisions"}],"predecessor-version":[{"id":322,"href":"https:\/\/agora.xtec.cat\/insbadiaimargarit\/wp-json\/wp\/v2\/pages\/315\/revisions\/322"}],"wp:attachment":[{"href":"https:\/\/agora.xtec.cat\/insbadiaimargarit\/wp-json\/wp\/v2\/media?parent=315"}],"curies":[{"name":"wp","href":"https:\/\/api.w.org\/{rel}","templated":true}]}}