{"id":1742,"date":"2017-07-06T11:03:32","date_gmt":"2017-07-06T09:03:32","guid":{"rendered":"http:\/\/agora.xtec.cat\/insbadiaimargarit\/?page_id=1742"},"modified":"2017-09-25T01:30:27","modified_gmt":"2017-09-24T23:30:27","slug":"biblioteca-escolar","status":"publish","type":"page","link":"https:\/\/agora.xtec.cat\/insbadiaimargarit\/biblioteca-escolar\/","title":{"rendered":"Biblioteca escolar"},"content":{"rendered":"<p>El fons documental de la biblioteca prov\u00e9 de:<\/p>\n<ul>\n<li>donacions particulars, a trav\u00e9s de la Biblioteca d&#8217;Igualada.<a href=\"http:\/\/agora.xtec.cat\/insbadiaimargarit\/wp-content\/uploads\/usu348\/2016\/11\/SKM_C30816112913520.jpg\"><img loading=\"lazy\" decoding=\"async\" class=\"wp-image-916 alignright\" src=\"http:\/\/agora.xtec.cat\/insbadiaimargarit\/wp-content\/uploads\/usu348\/2016\/11\/SKM_C30816112913520-725x1024.jpg\" alt=\"skm_c30816112913520\" width=\"164\" height=\"232\" srcset=\"https:\/\/agora.xtec.cat\/insbadiaimargarit\/wp-content\/uploads\/usu348\/2016\/11\/SKM_C30816112913520-725x1024.jpg 725w, https:\/\/agora.xtec.cat\/insbadiaimargarit\/wp-content\/uploads\/usu348\/2016\/11\/SKM_C30816112913520-213x300.jpg 213w, https:\/\/agora.xtec.cat\/insbadiaimargarit\/wp-content\/uploads\/usu348\/2016\/11\/SKM_C30816112913520-768x1084.jpg 768w, https:\/\/agora.xtec.cat\/insbadiaimargarit\/wp-content\/uploads\/usu348\/2016\/11\/SKM_C30816112913520.jpg 1433w\" sizes=\"auto, (max-width: 164px) 100vw, 164px\" \/><\/a><\/li>\n<li>donacions de la Biblioteca Nacional de Catalunya.<\/li>\n<li>aportacions de l&#8217;AMPA.<\/li>\n<li>compres del centre.<\/li>\n<\/ul>\n<p>El centre t\u00e9 un fons documental de publicacions d&#8217;Antoni Badia i Margarit i volem agrair a la fam\u00edlia l&#8217;aportaci\u00f3 que va fer.<\/p>\n<p>La biblioteca escolar est\u00e0 oberta tots els primers patis, de 9.55 a 10.15, per estudiar, llegir o demanar llibres en pr\u00e9stec.<\/p>\n<p>La biblioteca es gestiona amb eP\u00e8rgam. Hi podeu accedir clicant a sobre de la icona.<\/p>\n<p style=\"text-align: center;\"><a href=\"https:\/\/aplicacions.gestioeducativa.gencat.cat\/epergam\/web\/biblioteca.jsp\"><img loading=\"lazy\" decoding=\"async\" class=\"alignnone wp-image-422\" src=\"http:\/\/agora.xtec.cat\/insbadiaimargarit\/wp-content\/uploads\/usu348\/2016\/01\/epergam.gif\" alt=\"epergam\" width=\"195\" height=\"61\" \/><\/a><\/p>\n<p style=\"text-align: left;\">Si voleu fer una donaci\u00f3 a la biblioteca del centre, podeu contactar amb nosaltres a trav\u00e9s del tel\u00e8fon 938036132 o del correu insbadiaimargarit@xtec.cat i demanar per Jordi Payr\u00f3, Ariadna Segura o Inma Villalba.<\/p>\n","protected":false},"excerpt":{"rendered":"<p>El fons documental de la biblioteca prov\u00e9 de:<\/p>\n<ul>\n<li>donacions particulars, a trav\u00e9s de la Biblioteca d&#8217;Igualada.<a href=\"http:\/\/agora.xtec.cat\/insbadiaimargarit\/wp-content\/uploads\/usu348\/2016\/11\/SKM_C30816112913520.jpg\"><\/a><\/li>\n<li>donacions de la Biblioteca Nacional de Catalunya.<\/li>\n<li>aportacions de l&#8217;AMPA.<\/li>\n<li>compres del centre.<\/li>\n<\/ul>\n<p>El centre t\u00e9 un fons documental de publicacions d&#8217;Antoni Badia i Margarit i volem agrair a la fam\u00edlia l&#8217;aportaci\u00f3 que&hellip;  <a href=\"https:\/\/agora.xtec.cat\/insbadiaimargarit\/biblioteca-escolar\/\" title=\"Read Biblioteca escolar\">Llegeix m\u00e9s\u00bb<\/a><\/p>\n","protected":false},"author":4,"featured_media":0,"parent":0,"menu_order":0,"comment_status":"closed","ping_status":"closed","template":"","meta":{"_bbp_topic_count":0,"_bbp_reply_count":0,"_bbp_total_topic_count":0,"_bbp_total_reply_count":0,"_bbp_voice_count":0,"_bbp_anonymous_reply_count":0,"_bbp_topic_count_hidden":0,"_bbp_reply_count_hidden":0,"_bbp_forum_subforum_count":0,"footnotes":""},"class_list":["post-1742","page","type-page","status-publish","hentry"],"post_mailing_queue_ids":[],"_links":{"self":[{"href":"https:\/\/agora.xtec.cat\/insbadiaimargarit\/wp-json\/wp\/v2\/pages\/1742","targetHints":{"allow":["GET"]}}],"collection":[{"href":"https:\/\/agora.xtec.cat\/insbadiaimargarit\/wp-json\/wp\/v2\/pages"}],"about":[{"href":"https:\/\/agora.xtec.cat\/insbadiaimargarit\/wp-json\/wp\/v2\/types\/page"}],"author":[{"embeddable":true,"href":"https:\/\/agora.xtec.cat\/insbadiaimargarit\/wp-json\/wp\/v2\/users\/4"}],"replies":[{"embeddable":true,"href":"https:\/\/agora.xtec.cat\/insbadiaimargarit\/wp-json\/wp\/v2\/comments?post=1742"}],"version-history":[{"count":4,"href":"https:\/\/agora.xtec.cat\/insbadiaimargarit\/wp-json\/wp\/v2\/pages\/1742\/revisions"}],"predecessor-version":[{"id":1859,"href":"https:\/\/agora.xtec.cat\/insbadiaimargarit\/wp-json\/wp\/v2\/pages\/1742\/revisions\/1859"}],"wp:attachment":[{"href":"https:\/\/agora.xtec.cat\/insbadiaimargarit\/wp-json\/wp\/v2\/media?parent=1742"}],"curies":[{"name":"wp","href":"https:\/\/api.w.org\/{rel}","templated":true}]}}