{"id":9801,"date":"2020-01-29T13:04:41","date_gmt":"2020-01-29T12:04:41","guid":{"rendered":"http:\/\/agora.xtec.cat\/insbadia\/?page_id=9801"},"modified":"2026-01-23T11:36:34","modified_gmt":"2026-01-23T10:36:34","slug":"documentacio-estrategica","status":"publish","type":"page","link":"https:\/\/agora.xtec.cat\/insbadia\/linstitut\/documentacio-estrategica\/","title":{"rendered":"Documentaci\u00f3 estrat\u00e8gica"},"content":{"rendered":"<ul>\n<li><a href=\"https:\/\/agora.xtec.cat\/insbadia\/wp-content\/uploads\/usu1299\/2020\/01\/IBVQ-SGQ-PE01-PEC-R5-PEC_2016-17.pdf\">PEC (en proc\u00e9s de revisi\u00f3)<\/a><\/li>\n<li><a href=\"https:\/\/agora.xtec.cat\/insbadia\/wp-content\/uploads\/usu1299\/2020\/01\/IBVQ-SGQ-PE01-NOFC-R5_Normes-d\u00b4organitzaci\u00f3-i-funcionament-del-centre.pdf\">NOFC (en proc\u00e9s de revisi\u00f3)<\/a><\/li>\n<li><a href=\"https:\/\/agora.xtec.cat\/insbadia\/wp-content\/uploads\/usu1299\/2020\/01\/191327_IBVQ-SGQ-PE01-PLC-R1-_Projecte_Linguistic_de_Centre.pdf\">Projecte ling\u00fc\u00edstic (en proc\u00e9s de revisi\u00f3)<\/a><\/li>\n<li><a href=\"https:\/\/agora.xtec.cat\/insbadia\/wp-content\/uploads\/usu1299\/2020\/06\/IBVQ-SGQ-PE01-PCN-R1.pdf\">Projecte de conviv\u00e8ncia<\/a><\/li>\n<li><a href=\"https:\/\/agora.xtec.cat\/insbadia\/wp-content\/uploads\/usu1299\/2026\/01\/Projecte-de-direccio-2025\u20132029.pdf\" target=\"_blank\" rel=\"noopener\">Projecte de direcci\u00f3 2025-2029<\/a><\/li>\n<li><a href=\"https:\/\/agora.xtec.cat\/insbadia\/linstitut\/documentacio-estrategica\/estrategia-digital-de-centre\/\">Estrat\u00e8gia digital de centre<\/a><\/li>\n<li><a href=\"https:\/\/agora.xtec.cat\/insbadia\/wp-content\/uploads\/usu1299\/2026\/01\/08042342_Institut-de-Badia-del-Valles_2526_PGA.pdf\" target=\"_blank\" rel=\"noopener\">Programaci\u00f3 General Anual de Centre 2025-2026<\/a><\/li>\n<\/ul>\n","protected":false},"excerpt":{"rendered":"<p>PEC (en proc\u00e9s de revisi\u00f3) NOFC (en proc\u00e9s de revisi\u00f3) Projecte ling\u00fc\u00edstic (en proc\u00e9s de revisi\u00f3) Projecte de conviv\u00e8ncia Projecte de direcci\u00f3 2025-2029 Estrat\u00e8gia digital de centre Programaci\u00f3 General Anual de Centre 2025-2026<\/p>\n","protected":false},"author":4,"featured_media":0,"parent":19,"menu_order":20,"comment_status":"closed","ping_status":"closed","template":"","meta":{"site-sidebar-layout":"default","site-content-layout":"","ast-site-content-layout":"default","site-content-style":"default","site-sidebar-style":"default","ast-global-header-display":"","ast-banner-title-visibility":"","ast-main-header-display":"","ast-hfb-above-header-display":"","ast-hfb-below-header-display":"","ast-hfb-mobile-header-display":"","site-post-title":"","ast-breadcrumbs-content":"","ast-featured-img":"","footer-sml-layout":"","theme-transparent-header-meta":"default","adv-header-id-meta":"","stick-header-meta":"","header-above-stick-meta":"","header-main-stick-meta":"","header-below-stick-meta":"","astra-migrate-meta-layouts":"set","ast-page-background-enabled":"default","ast-page-background-meta":{"desktop":{"background-color":"var(--ast-global-color-4)","background-image":"","background-repeat":"repeat","background-position":"center center","background-size":"auto","background-attachment":"scroll","background-type":"","background-media":"","overlay-type":"","overlay-color":"","overlay-opacity":"","overlay-gradient":""},"tablet":{"background-color":"","background-image":"","background-repeat":"repeat","background-position":"center center","background-size":"auto","background-attachment":"scroll","background-type":"","background-media":"","overlay-type":"","overlay-color":"","overlay-opacity":"","overlay-gradient":""},"mobile":{"background-color":"","background-image":"","background-repeat":"repeat","background-position":"center center","background-size":"auto","background-attachment":"scroll","background-type":"","background-media":"","overlay-type":"","overlay-color":"","overlay-opacity":"","overlay-gradient":""}},"ast-content-background-meta":{"desktop":{"background-color":"var(--ast-global-color-5)","background-image":"","background-repeat":"repeat","background-position":"center center","background-size":"auto","background-attachment":"scroll","background-type":"","background-media":"","overlay-type":"","overlay-color":"","overlay-opacity":"","overlay-gradient":""},"tablet":{"background-color":"var(--ast-global-color-5)","background-image":"","background-repeat":"repeat","background-position":"center center","background-size":"auto","background-attachment":"scroll","background-type":"","background-media":"","overlay-type":"","overlay-color":"","overlay-opacity":"","overlay-gradient":""},"mobile":{"background-color":"var(--ast-global-color-5)","background-image":"","background-repeat":"repeat","background-position":"center center","background-size":"auto","background-attachment":"scroll","background-type":"","background-media":"","overlay-type":"","overlay-color":"","overlay-opacity":"","overlay-gradient":""}},"footnotes":""},"class_list":["post-9801","page","type-page","status-publish","hentry"],"post_mailing_queue_ids":[],"_links":{"self":[{"href":"https:\/\/agora.xtec.cat\/insbadia\/wp-json\/wp\/v2\/pages\/9801","targetHints":{"allow":["GET"]}}],"collection":[{"href":"https:\/\/agora.xtec.cat\/insbadia\/wp-json\/wp\/v2\/pages"}],"about":[{"href":"https:\/\/agora.xtec.cat\/insbadia\/wp-json\/wp\/v2\/types\/page"}],"author":[{"embeddable":true,"href":"https:\/\/agora.xtec.cat\/insbadia\/wp-json\/wp\/v2\/users\/4"}],"replies":[{"embeddable":true,"href":"https:\/\/agora.xtec.cat\/insbadia\/wp-json\/wp\/v2\/comments?post=9801"}],"version-history":[{"count":5,"href":"https:\/\/agora.xtec.cat\/insbadia\/wp-json\/wp\/v2\/pages\/9801\/revisions"}],"predecessor-version":[{"id":14653,"href":"https:\/\/agora.xtec.cat\/insbadia\/wp-json\/wp\/v2\/pages\/9801\/revisions\/14653"}],"up":[{"embeddable":true,"href":"https:\/\/agora.xtec.cat\/insbadia\/wp-json\/wp\/v2\/pages\/19"}],"wp:attachment":[{"href":"https:\/\/agora.xtec.cat\/insbadia\/wp-json\/wp\/v2\/media?parent=9801"}],"curies":[{"name":"wp","href":"https:\/\/api.w.org\/{rel}","templated":true}]}}