{"id":81,"date":"2014-09-18T10:38:05","date_gmt":"2014-09-18T10:38:05","guid":{"rendered":"http:\/\/agora.xtec.cat\/insbadia\/?page_id=81"},"modified":"2025-11-14T09:59:04","modified_gmt":"2025-11-14T08:59:04","slug":"secretaria","status":"publish","type":"page","link":"https:\/\/agora.xtec.cat\/insbadia\/secretaria\/","title":{"rendered":"Secretaria"},"content":{"rendered":"<p><span style=\"font-family: helvetica, arial, sans-serif;\">La secretaria de l\u2019institut \u00e9s el punt de refer\u00e8ncia per a la gesti\u00f3 administrativa del centre. Des d\u2019aqu\u00ed tamb\u00e9 oferim suport a l\u2019alumnat, les fam\u00edlies i el personal docent en tot all\u00f2 relacionat amb processos com la matr\u00edcula, certificats acad\u00e8mics, convalidacions, beques i altres tr\u00e0mits oficials.<\/span><\/p>\n<p><span style=\"font-size: 18pt; font-family: helvetica, arial, sans-serif;\"><strong>Contacte<\/strong><\/span><\/p>\n<p><span style=\"font-family: helvetica, arial, sans-serif;\">Correu electr\u00f2nic: secretaria<span class=\"\"><span class=\"\">@<\/span>ibadia.cat<br \/>\nTel\u00e8fon: 937187506<\/span><\/span><\/p>\n","protected":false},"excerpt":{"rendered":"<p>La secretaria de l\u2019institut \u00e9s el punt de refer\u00e8ncia per a la gesti\u00f3 administrativa del centre. Des d\u2019aqu\u00ed tamb\u00e9 oferim suport a l\u2019alumnat, les fam\u00edlies i el personal docent en tot all\u00f2 relacionat amb processos com la matr\u00edcula, certificats acad\u00e8mics, convalidacions, beques i altres tr\u00e0mits oficials. Contacte Correu electr\u00f2nic: secretaria@ibadia.cat Tel\u00e8fon: 937187506<\/p>\n","protected":false},"author":1,"featured_media":0,"parent":0,"menu_order":100,"comment_status":"closed","ping_status":"closed","template":"","meta":{"site-sidebar-layout":"default","site-content-layout":"","ast-site-content-layout":"default","site-content-style":"default","site-sidebar-style":"default","ast-global-header-display":"","ast-banner-title-visibility":"","ast-main-header-display":"","ast-hfb-above-header-display":"","ast-hfb-below-header-display":"","ast-hfb-mobile-header-display":"","site-post-title":"","ast-breadcrumbs-content":"","ast-featured-img":"","footer-sml-layout":"","theme-transparent-header-meta":"default","adv-header-id-meta":"","stick-header-meta":"","header-above-stick-meta":"","header-main-stick-meta":"","header-below-stick-meta":"","astra-migrate-meta-layouts":"set","ast-page-background-enabled":"default","ast-page-background-meta":{"desktop":{"background-color":"var(--ast-global-color-4)","background-image":"","background-repeat":"repeat","background-position":"center center","background-size":"auto","background-attachment":"scroll","background-type":"","background-media":"","overlay-type":"","overlay-color":"","overlay-opacity":"","overlay-gradient":""},"tablet":{"background-color":"","background-image":"","background-repeat":"repeat","background-position":"center center","background-size":"auto","background-attachment":"scroll","background-type":"","background-media":"","overlay-type":"","overlay-color":"","overlay-opacity":"","overlay-gradient":""},"mobile":{"background-color":"","background-image":"","background-repeat":"repeat","background-position":"center center","background-size":"auto","background-attachment":"scroll","background-type":"","background-media":"","overlay-type":"","overlay-color":"","overlay-opacity":"","overlay-gradient":""}},"ast-content-background-meta":{"desktop":{"background-color":"var(--ast-global-color-5)","background-image":"","background-repeat":"repeat","background-position":"center center","background-size":"auto","background-attachment":"scroll","background-type":"","background-media":"","overlay-type":"","overlay-color":"","overlay-opacity":"","overlay-gradient":""},"tablet":{"background-color":"var(--ast-global-color-5)","background-image":"","background-repeat":"repeat","background-position":"center center","background-size":"auto","background-attachment":"scroll","background-type":"","background-media":"","overlay-type":"","overlay-color":"","overlay-opacity":"","overlay-gradient":""},"mobile":{"background-color":"var(--ast-global-color-5)","background-image":"","background-repeat":"repeat","background-position":"center center","background-size":"auto","background-attachment":"scroll","background-type":"","background-media":"","overlay-type":"","overlay-color":"","overlay-opacity":"","overlay-gradient":""}},"footnotes":""},"class_list":["post-81","page","type-page","status-publish","hentry"],"post_mailing_queue_ids":[],"_links":{"self":[{"href":"https:\/\/agora.xtec.cat\/insbadia\/wp-json\/wp\/v2\/pages\/81","targetHints":{"allow":["GET"]}}],"collection":[{"href":"https:\/\/agora.xtec.cat\/insbadia\/wp-json\/wp\/v2\/pages"}],"about":[{"href":"https:\/\/agora.xtec.cat\/insbadia\/wp-json\/wp\/v2\/types\/page"}],"author":[{"embeddable":true,"href":"https:\/\/agora.xtec.cat\/insbadia\/wp-json\/wp\/v2\/users\/1"}],"replies":[{"embeddable":true,"href":"https:\/\/agora.xtec.cat\/insbadia\/wp-json\/wp\/v2\/comments?post=81"}],"version-history":[{"count":8,"href":"https:\/\/agora.xtec.cat\/insbadia\/wp-json\/wp\/v2\/pages\/81\/revisions"}],"predecessor-version":[{"id":14467,"href":"https:\/\/agora.xtec.cat\/insbadia\/wp-json\/wp\/v2\/pages\/81\/revisions\/14467"}],"wp:attachment":[{"href":"https:\/\/agora.xtec.cat\/insbadia\/wp-json\/wp\/v2\/media?parent=81"}],"curies":[{"name":"wp","href":"https:\/\/api.w.org\/{rel}","templated":true}]}}