{"id":582,"date":"2016-02-09T12:13:34","date_gmt":"2016-02-09T11:13:34","guid":{"rendered":"http:\/\/agora.xtec.cat\/insbadia\/?page_id=582"},"modified":"2026-05-05T14:40:18","modified_gmt":"2026-05-05T12:40:18","slug":"grau-superior-tecnica-superior-en-instal%c2%b7lacions-electrotecniques","status":"publish","type":"page","link":"https:\/\/agora.xtec.cat\/insbadia\/formacio-professional\/electricitat-i-electronica\/grau-superior-tecnica-superior-en-instal%c2%b7lacions-electrotecniques\/","title":{"rendered":"Sistemes electrot\u00e8cnics i automatitzats"},"content":{"rendered":"<h3><span style=\"font-family: helvetica, arial, sans-serif;\"><span style=\"font-size: 12pt;\">CICLE FORMATIU DE GRAU SUPERIOR<\/span><br \/>\n<span style=\"color: #993366;\">SISTEMES ELECTROT\u00c8CNICS I AUTOMATITZATS<\/span><\/span><\/h3>\n<p data-start=\"123\" data-end=\"399\"><span style=\"font-family: helvetica, arial, sans-serif; font-size: 12pt;\">El cicle formatiu de grau superior de <strong data-start=\"313\" data-end=\"356\">Sistemes Electrot\u00e8cnics i Automatitzats<\/strong> et prepara per dissenyar, configurar i mantenir instal\u00b7lacions el\u00e8ctriques i sistemes automatitzats en l\u2019\u00e0mbit industrial, d\u2019edificaci\u00f3 i infraestructures. Aprendr\u00e0s a treballar amb tecnologies avan\u00e7ades i a donar resposta a les necessitats d\u2019un sector en constant evoluci\u00f3.<\/span><\/p>\n<h5 data-section-id=\"1vjq9a7\" data-start=\"578\" data-end=\"610\"><span style=\"font-family: helvetica, arial, sans-serif; font-size: 14pt; color: #993366;\">Informaci\u00f3 pr\u00e0ctica del cicle<\/span><\/h5>\n<p data-start=\"612\" data-end=\"686\"><span style=\"font-family: helvetica, arial, sans-serif; font-size: 12pt;\">Durada: 2 cursos acad\u00e8mics (2.000 hores)<\/span><br data-start=\"656\" data-end=\"659\" \/><span style=\"font-size: 12pt;\"><span style=\"font-family: helvetica, arial, sans-serif;\">Modalitat: Presencial<br \/>\n<\/span><\/span><span style=\"font-size: 12pt;\"><span style=\"font-family: helvetica, arial, sans-serif;\">Horaris: <\/span><span style=\"font-family: helvetica, arial, sans-serif;\">1r curs i <\/span><span style=\"font-family: helvetica, arial, sans-serif;\">2n curs, de 15:00 h a 21:15 h<br \/>\n<\/span><\/span><\/p>\n<p><span style=\"font-family: helvetica, arial, sans-serif; font-size: 12pt;\">Preu de la matricula:<\/span><\/p>\n<ul data-start=\"785\" data-end=\"899\">\n<li data-section-id=\"c2w1m8\" data-start=\"785\" data-end=\"805\"><span style=\"font-family: helvetica, arial, sans-serif; font-size: 12pt;\">Taxes 360 \u20ac (<a href=\"https:\/\/educacio.gencat.cat\/ca\/departament\/normativa\/taxes-preus-publics\/exempcions-bonificacions\/\" target=\"_blank\" rel=\"noopener\">s&#8217;apliquen bonificacions i exempcions segons normativa vigent<\/a>)<\/span><\/li>\n<li data-section-id=\"1ch4f8t\" data-start=\"662\" data-end=\"706\"><span style=\"font-family: helvetica, arial, sans-serif; font-size: 12pt;\">80 \u20ac en concepte de material escolar<\/span><\/li>\n<li><span style=\"font-family: helvetica, arial, sans-serif; font-size: 12pt;\">1,12 \u20ac en concepte d&#8217;asseguran\u00e7a escolar<\/span><\/li>\n<li data-section-id=\"1ch4f8t\" data-start=\"662\" data-end=\"706\"><span style=\"font-family: helvetica, arial, sans-serif; font-size: 12pt;\">15 \u20ac en concepte Associaci\u00f3 d\u2019Estudiants (opcional)<\/span><\/li>\n<li data-section-id=\"1dz83k7\" data-start=\"747\" data-end=\"780\"><span style=\"font-family: helvetica, arial, sans-serif; font-size: 12pt;\">No s\u2019apliquen bonificacions al material escolar<\/span><\/li>\n<\/ul>\n<h5 data-section-id=\"or5ghy\" data-start=\"970\" data-end=\"1010\"><span style=\"font-family: helvetica, arial, sans-serif; font-size: 14pt; color: #993366;\">Material did\u00e0ctic i recursos digitals<\/span><\/h5>\n<p data-start=\"1012\" data-end=\"1121\"><span style=\"font-family: helvetica, arial, sans-serif; font-size: 12pt;\">El cicle inclou un entorn digital complet perqu\u00e8 puguis treballar amb eines professionals des del primer dia.\u00a0<\/span><span style=\"font-family: helvetica, arial, sans-serif; font-size: 12pt;\">Els 80 \u20ac de material escolar inclouen:<\/span><\/p>\n<ul data-start=\"1167\" data-end=\"1431\">\n<li data-section-id=\"wppzip\" data-start=\"1167\" data-end=\"1214\"><span style=\"font-family: helvetica, arial, sans-serif; font-size: 12pt;\">Compte de correu de l&#8217;institut @ibadia.cat<\/span><\/li>\n<li data-section-id=\"13bm6tl\" data-start=\"1215\" data-end=\"1269\"><span style=\"font-family: helvetica, arial, sans-serif; font-size: 12pt;\">Acc\u00e9s a Google Drive (emmagatzematge al n\u00favol)<\/span><\/li>\n<li data-section-id=\"1g73vwk\" data-start=\"1270\" data-end=\"1325\"><span style=\"font-family: helvetica, arial, sans-serif; font-size: 12pt;\">Acc\u00e9s a iEduca (plataforma de gesti\u00f3 acad\u00e8mica)<\/span><\/li>\n<li data-section-id=\"5vx83l\" data-start=\"1326\" data-end=\"1391\"><span style=\"font-family: helvetica, arial, sans-serif; font-size: 12pt;\">Acc\u00e9s a Moodle amb tot el material did\u00e0ctic de cada m\u00f2dul<\/span><\/li>\n<li data-section-id=\"11h8aa2\" data-start=\"1392\" data-end=\"1431\"><span style=\"font-family: helvetica, arial, sans-serif; font-size: 12pt;\">Llic\u00e8ncia de Microsoft Office 365<\/span><\/li>\n<\/ul>\n<p data-start=\"1522\" data-end=\"1562\"><span style=\"font-family: helvetica, arial, sans-serif; font-size: 14pt; color: #993366;\"><strong data-start=\"1522\" data-end=\"1562\">Material que ha de portar l\u2019alumnat:<\/strong><\/span><\/p>\n<ul data-start=\"1564\" data-end=\"1728\">\n<li data-section-id=\"kuy106\" data-start=\"1564\" data-end=\"1668\"><span style=\"font-family: helvetica, arial, sans-serif; font-size: 12pt;\">Ordinador port\u00e0til (preferiblement amb sistema operatiu Windows i prestacions d\u2019ordinador d\u2019oficina)<\/span><\/li>\n<li data-section-id=\"1h13aat\" data-start=\"1669\" data-end=\"1684\"><span style=\"font-family: helvetica, arial, sans-serif; font-size: 12pt;\">Calculadora<\/span><\/li>\n<li data-section-id=\"s54wwo\" data-start=\"1685\" data-end=\"1696\"><span style=\"font-family: helvetica, arial, sans-serif; font-size: 12pt;\">Carpeta<\/span><\/li>\n<li data-section-id=\"7bj3pl\" data-start=\"1697\" data-end=\"1728\"><span style=\"font-family: helvetica, arial, sans-serif; font-size: 12pt;\">Material b\u00e0sic d\u2019escriptura<\/span><\/li>\n<\/ul>\n<h5 data-section-id=\"b0goxr\" data-start=\"3451\" data-end=\"3504\"><strong><span style=\"font-family: helvetica, arial, sans-serif; font-size: 14pt; color: #993366;\">Per qu\u00e8 estudiar a l\u2019Institut d\u2019FP de Badia del Vall\u00e8s?<\/span><\/strong><\/h5>\n<p data-start=\"3506\" data-end=\"3573\"><span style=\"font-family: helvetica, arial, sans-serif; font-size: 12pt;\">Apostem per una formaci\u00f3 de qualitat, pr\u00e0ctica i centrada a contribuir a l\u2019\u00e8xit de l\u2019alumnat:<\/span><\/p>\n<ul>\n<li><span style=\"font-family: helvetica, arial, sans-serif; font-size: 12pt;\">Professorat expert en cada mat\u00e8ria, proper i implicat<\/span><\/li>\n<li><span style=\"font-family: helvetica, arial, sans-serif; font-size: 12pt;\">Seguiment personalitzat i amb suport durant tot el curs del Departament d\u2019Orientaci\u00f3<\/span><\/li>\n<li><span style=\"font-family: helvetica, arial, sans-serif; font-size: 12pt;\">Metodologia pr\u00e0ctica<\/span><\/li>\n<li><span style=\"font-family: helvetica, arial, sans-serif; font-size: 12pt;\">Connexi\u00f3 directa amb empreses del territori<\/span><\/li>\n<li><span style=\"font-family: helvetica, arial, sans-serif; font-size: 12pt;\">Centre ben comunicat (BUS i Renfe)<\/span><\/li>\n<li><span style=\"font-family: helvetica, arial, sans-serif; font-size: 12pt;\">Associaci\u00f3 d\u2019Estudiants per participar en activitats organitzades per la comunitat educativa<\/span><\/li>\n<\/ul>\n<h2 data-section-id=\"1180o0x\" data-start=\"1822\" data-end=\"1867\"><span style=\"font-family: helvetica, arial, sans-serif; font-size: 14pt; color: #993366;\">Per qu\u00e8 estudiar Sistemes Electrot\u00e8cnis i Automatitzats?<\/span><\/h2>\n<p data-start=\"1869\" data-end=\"2003\">\u00c9s una formaci\u00f3 orientada a perfils t\u00e8cnics amb inter\u00e8s per l\u2019electricitat, la ind\u00fastria i l\u2019automatitzaci\u00f3. Aprendr\u00e0s a gestionar instal\u00b7lacions complexes, integrar sistemes intel\u00b7ligents i treballar en projectes tecnol\u00f2gics amb alta demanda laboral.<\/p>\n<h5 data-section-id=\"1dgjjjv\" data-start=\"2126\" data-end=\"2143\"><strong><span style=\"font-family: helvetica, arial, sans-serif; font-size: 14pt; color: #993366;\">Qu\u00e8 aprendr\u00e0s?<\/span><\/strong><\/h5>\n<p data-start=\"2145\" data-end=\"2229\"><span style=\"font-family: helvetica, arial, sans-serif; font-size: 12pt;\">Al llarg del cicle adquirir\u00e0s compet\u00e8ncies per treballar en \u00e0rees clau dins de l&#8217;\u00e0mbit electrot\u00e8cnic i industrial:<\/span><\/p>\n<ul>\n<li data-start=\"2893\" data-end=\"3276\"><span style=\"font-family: helvetica, arial, sans-serif; font-size: 12pt;\">Disseny i configuraci\u00f3 d\u2019instal\u00b7lacions el\u00e8ctriques<\/span><\/li>\n<li data-start=\"2893\" data-end=\"3276\"><span style=\"font-family: helvetica, arial, sans-serif; font-size: 12pt;\">Automatitzaci\u00f3 industrial (PLC i sistemes de control)<\/span><\/li>\n<li data-start=\"2893\" data-end=\"3276\"><span style=\"font-family: helvetica, arial, sans-serif; font-size: 12pt;\">Instal\u00b7lacions dom\u00f2tiques i edificis intel\u00b7ligents<\/span><\/li>\n<li data-start=\"2893\" data-end=\"3276\"><span style=\"font-family: helvetica, arial, sans-serif; font-size: 12pt;\">Energia el\u00e8ctrica i sistemes de distribuci\u00f3<\/span><\/li>\n<li data-start=\"2893\" data-end=\"3276\"><span style=\"font-family: helvetica, arial, sans-serif; font-size: 12pt;\">Manteniment i supervisi\u00f3 d\u2019instal\u00b7lacions<\/span><\/li>\n<li data-start=\"2893\" data-end=\"3276\"><span style=\"font-family: helvetica, arial, sans-serif; font-size: 12pt;\">Interpretaci\u00f3 de pl\u00e0nols i esquemes el\u00e8ctrics<\/span><\/li>\n<li data-start=\"2893\" data-end=\"3276\"><span style=\"font-family: helvetica, arial, sans-serif; font-size: 12pt;\">Efici\u00e8ncia energ\u00e8tica i sostenibilitat<\/span><\/li>\n<li data-start=\"2893\" data-end=\"3276\"><span style=\"font-family: helvetica, arial, sans-serif; font-size: 12pt;\">\u00das d\u2019eines digitals i programari t\u00e8cnic<\/span><\/li>\n<\/ul>\n<h4 data-section-id=\"a4funw\" data-start=\"2543\" data-end=\"2568\"><span style=\"font-size: 14pt; color: #993366;\"><strong><span style=\"font-family: helvetica, arial, sans-serif;\">Sortides professionals<\/span><\/strong><\/span><\/h4>\n<p data-start=\"2570\" data-end=\"2616\"><span style=\"font-family: helvetica, arial, sans-serif; font-size: 12pt;\">En finalitzar el cicle podr\u00e0s treballar com a:<\/span><\/p>\n<ul>\n<li data-start=\"3358\" data-end=\"3644\"><span style=\"font-family: helvetica, arial, sans-serif; font-size: 12pt;\">T\u00e8cnic\/a en sistemes electrot\u00e8cnics<\/span><\/li>\n<li data-start=\"3358\" data-end=\"3644\"><span style=\"font-family: helvetica, arial, sans-serif; font-size: 12pt;\">T\u00e8cnic\/a en automatitzaci\u00f3 industrial<\/span><\/li>\n<li data-start=\"3358\" data-end=\"3644\"><span style=\"font-family: helvetica, arial, sans-serif; font-size: 12pt;\">Projectista d\u2019instal\u00b7lacions el\u00e8ctriques<\/span><\/li>\n<li data-start=\"3358\" data-end=\"3644\"><span style=\"font-family: helvetica, arial, sans-serif; font-size: 12pt;\">T\u00e8cnic\/a de manteniment industrial<\/span><\/li>\n<li data-start=\"3358\" data-end=\"3644\"><span style=\"font-family: helvetica, arial, sans-serif; font-size: 12pt;\">Supervisor\/a de muntatge i manteniment<\/span><\/li>\n<li data-start=\"3358\" data-end=\"3644\"><span style=\"font-family: helvetica, arial, sans-serif; font-size: 12pt;\">T\u00e8cnic\/a en instal\u00b7lacions dom\u00f2tiques<\/span><\/li>\n<li data-start=\"3358\" data-end=\"3644\"><span style=\"font-family: helvetica, arial, sans-serif; font-size: 12pt;\">Responsable de sistemes el\u00e8ctrics en empreses<\/span><\/li>\n<\/ul>\n<h4 data-section-id=\"1rc1p0q\" data-start=\"2905\" data-end=\"2930\"><strong><span style=\"font-family: helvetica, arial, sans-serif; font-size: 14pt; color: #993366;\">Pr\u00e0ctiques en empreses<\/span><\/strong><\/h4>\n<p data-start=\"2932\" data-end=\"3038\"><span style=\"font-family: helvetica, arial, sans-serif; font-size: 12pt;\">El cicle inclou formaci\u00f3 en centres de treball (FCT), una experi\u00e8ncia clau per a la teva inserci\u00f3 laboral.<\/span><\/p>\n<p data-start=\"3040\" data-end=\"3069\"><span style=\"font-family: helvetica, arial, sans-serif; font-size: 12pt;\">Durant les pr\u00e0ctiques podr\u00e0s:<\/span><\/p>\n<ul data-start=\"3071\" data-end=\"3234\">\n<li data-section-id=\"x6r2wo\" data-start=\"3071\" data-end=\"3113\"><span style=\"font-family: helvetica, arial, sans-serif; font-size: 12pt;\">Aplicar coneixements en un entorn real<\/span><\/li>\n<li data-section-id=\"mbcu7\" data-start=\"3114\" data-end=\"3155\"><span style=\"font-family: helvetica, arial, sans-serif; font-size: 12pt;\">Desenvolupar habilitats professionals<\/span><\/li>\n<li data-section-id=\"18emuia\" data-start=\"3156\" data-end=\"3198\"><span style=\"font-family: helvetica, arial, sans-serif; font-size: 12pt;\">Con\u00e8ixer el funcionament d\u2019una empresa<\/span><\/li>\n<li data-section-id=\"7xqm76\" data-start=\"3199\" data-end=\"3234\"><span style=\"font-family: helvetica, arial, sans-serif; font-size: 12pt;\">Establir contactes per al futur<\/span><\/li>\n<\/ul>\n<h4 data-section-id=\"3s48yj\" data-start=\"3241\" data-end=\"3265\"><span style=\"font-size: 14pt; color: #993366;\"><strong><span style=\"font-family: helvetica, arial, sans-serif;\">Continu\u00eftat d\u2019estudis<\/span><\/strong><\/span><\/h4>\n<p data-start=\"3267\" data-end=\"3323\"><span style=\"font-family: helvetica, arial, sans-serif; font-size: 12pt;\">Aquest cicle tamb\u00e9 et permet continuar la teva formaci\u00f3:<\/span><\/p>\n<ul data-start=\"3325\" data-end=\"3508\">\n<li data-section-id=\"wsmzpg\" data-start=\"3325\" data-end=\"3407\"><span style=\"font-family: helvetica, arial, sans-serif; font-size: 12pt;\">Altres cicles formatius de grau superior<\/span><\/li>\n<li data-section-id=\"wsmzpg\" data-start=\"3325\" data-end=\"3407\"><span style=\"font-family: helvetica, arial, sans-serif; font-size: 12pt;\">Cursos d\u2019especialitzaci\u00f3 professional<\/span><\/li>\n<li data-section-id=\"wsmzpg\" data-start=\"3325\" data-end=\"3407\"><span style=\"font-family: helvetica, arial, sans-serif; font-size: 12pt;\">Estudis universitaris vinculats a l\u2019enginyeria el\u00e8ctrica, electr\u00f2nica o industrial<\/span><\/li>\n<\/ul>\n<h5 data-section-id=\"1dkz04j\" data-start=\"3826\" data-end=\"3857\"><span style=\"font-family: helvetica, arial, sans-serif; font-size: 14pt; color: #993366;\">Preinscripci\u00f3 i matr\u00edcula<\/span><\/h5>\n<p data-start=\"4071\" data-end=\"4154\"><span style=\"font-family: helvetica, arial, sans-serif; font-size: 12pt;\">El proc\u00e9s de preinscripci\u00f3 segueix el calendari oficial del Departament d\u2019Educaci\u00f3 i Formaci\u00f3 Professional. La matr\u00edcula es fa al centre, una vegada s&#8217;ha obtingut pla\u00e7a.<\/span><\/p>\n<h5 data-section-id=\"11r98ma\" data-start=\"4242\" data-end=\"4265\"><span style=\"font-family: helvetica, arial, sans-serif; font-size: 14pt; color: #993366;\">Vols m\u00e9s informaci\u00f3?<\/span><\/h5>\n<p data-start=\"4321\" data-end=\"4411\"><span style=\"font-family: helvetica, arial, sans-serif; font-size: 12pt;\">Contacta amb nosaltres per resoldre qualsevol dubte a <strong>secretaria@ibadia.cat<\/strong><\/span><\/p>\n","protected":false},"excerpt":{"rendered":"<p>CICLE FORMATIU DE GRAU SUPERIOR SISTEMES ELECTROT\u00c8CNICS I AUTOMATITZATS El cicle formatiu de grau superior de Sistemes Electrot\u00e8cnics i Automatitzats et prepara per dissenyar, configurar i mantenir instal\u00b7lacions el\u00e8ctriques i sistemes automatitzats en l\u2019\u00e0mbit industrial, d\u2019edificaci\u00f3 i infraestructures. Aprendr\u00e0s a treballar amb tecnologies avan\u00e7ades i a donar resposta a les necessitats d\u2019un sector en constant [&hellip;]<\/p>\n","protected":false},"author":1,"featured_media":0,"parent":361,"menu_order":20,"comment_status":"closed","ping_status":"closed","template":"","meta":{"site-sidebar-layout":"left-sidebar","site-content-layout":"","ast-site-content-layout":"default","site-content-style":"default","site-sidebar-style":"default","ast-global-header-display":"","ast-banner-title-visibility":"","ast-main-header-display":"","ast-hfb-above-header-display":"","ast-hfb-below-header-display":"","ast-hfb-mobile-header-display":"","site-post-title":"disabled","ast-breadcrumbs-content":"","ast-featured-img":"","footer-sml-layout":"","theme-transparent-header-meta":"default","adv-header-id-meta":"","stick-header-meta":"","header-above-stick-meta":"","header-main-stick-meta":"","header-below-stick-meta":"","astra-migrate-meta-layouts":"set","ast-page-background-enabled":"default","ast-page-background-meta":{"desktop":{"background-color":"var(--ast-global-color-4)","background-image":"","background-repeat":"repeat","background-position":"center center","background-size":"auto","background-attachment":"scroll","background-type":"","background-media":"","overlay-type":"","overlay-color":"","overlay-opacity":"","overlay-gradient":""},"tablet":{"background-color":"","background-image":"","background-repeat":"repeat","background-position":"center center","background-size":"auto","background-attachment":"scroll","background-type":"","background-media":"","overlay-type":"","overlay-color":"","overlay-opacity":"","overlay-gradient":""},"mobile":{"background-color":"","background-image":"","background-repeat":"repeat","background-position":"center center","background-size":"auto","background-attachment":"scroll","background-type":"","background-media":"","overlay-type":"","overlay-color":"","overlay-opacity":"","overlay-gradient":""}},"ast-content-background-meta":{"desktop":{"background-color":"var(--ast-global-color-5)","background-image":"","background-repeat":"repeat","background-position":"center center","background-size":"auto","background-attachment":"scroll","background-type":"","background-media":"","overlay-type":"","overlay-color":"","overlay-opacity":"","overlay-gradient":""},"tablet":{"background-color":"var(--ast-global-color-5)","background-image":"","background-repeat":"repeat","background-position":"center center","background-size":"auto","background-attachment":"scroll","background-type":"","background-media":"","overlay-type":"","overlay-color":"","overlay-opacity":"","overlay-gradient":""},"mobile":{"background-color":"var(--ast-global-color-5)","background-image":"","background-repeat":"repeat","background-position":"center center","background-size":"auto","background-attachment":"scroll","background-type":"","background-media":"","overlay-type":"","overlay-color":"","overlay-opacity":"","overlay-gradient":""}},"footnotes":""},"class_list":["post-582","page","type-page","status-publish","hentry"],"post_mailing_queue_ids":[],"_links":{"self":[{"href":"https:\/\/agora.xtec.cat\/insbadia\/wp-json\/wp\/v2\/pages\/582","targetHints":{"allow":["GET"]}}],"collection":[{"href":"https:\/\/agora.xtec.cat\/insbadia\/wp-json\/wp\/v2\/pages"}],"about":[{"href":"https:\/\/agora.xtec.cat\/insbadia\/wp-json\/wp\/v2\/types\/page"}],"author":[{"embeddable":true,"href":"https:\/\/agora.xtec.cat\/insbadia\/wp-json\/wp\/v2\/users\/1"}],"replies":[{"embeddable":true,"href":"https:\/\/agora.xtec.cat\/insbadia\/wp-json\/wp\/v2\/comments?post=582"}],"version-history":[{"count":6,"href":"https:\/\/agora.xtec.cat\/insbadia\/wp-json\/wp\/v2\/pages\/582\/revisions"}],"predecessor-version":[{"id":15040,"href":"https:\/\/agora.xtec.cat\/insbadia\/wp-json\/wp\/v2\/pages\/582\/revisions\/15040"}],"up":[{"embeddable":true,"href":"https:\/\/agora.xtec.cat\/insbadia\/wp-json\/wp\/v2\/pages\/361"}],"wp:attachment":[{"href":"https:\/\/agora.xtec.cat\/insbadia\/wp-json\/wp\/v2\/media?parent=582"}],"curies":[{"name":"wp","href":"https:\/\/api.w.org\/{rel}","templated":true}]}}