{"id":580,"date":"2016-02-09T12:12:40","date_gmt":"2016-02-09T11:12:40","guid":{"rendered":"http:\/\/agora.xtec.cat\/insbadia\/?page_id=580"},"modified":"2026-05-05T14:15:19","modified_gmt":"2026-05-05T12:15:19","slug":"grau-mitja-tecnica-en-equips-i-instal%c2%b7lacions-electrotecniques","status":"publish","type":"page","link":"https:\/\/agora.xtec.cat\/insbadia\/formacio-professional\/electricitat-i-electronica\/grau-mitja-tecnica-en-equips-i-instal%c2%b7lacions-electrotecniques\/","title":{"rendered":"Instal\u00b7lacions el\u00e8ctriques i autom\u00e0tiques"},"content":{"rendered":"<h3><span style=\"font-family: helvetica, arial, sans-serif;\"><span style=\"font-size: 12pt;\">CICLE FORMATIU DE GRAU MITJ\u00c0<\/span><br \/>\n<span style=\"color: #993366;\">INSTAL\u00b7LACIONS EL\u00c8CTRIQUES I AUTOM\u00c0TIQUES<\/span><\/span><\/h3>\n<p data-start=\"200\" data-end=\"639\"><span style=\"font-family: helvetica, arial, sans-serif; font-size: 12pt;\">El cicle formatiu de grau mitj\u00e0 en Instal\u00b7lacions El\u00e8ctriques i Autom\u00e0tiques et prepara per treballar en el muntatge, manteniment i reparaci\u00f3 d\u2019instal\u00b7lacions el\u00e8ctriques en habitatges, edificis i ind\u00fastria. Aprendr\u00e0s compet\u00e8ncies essencials en un sector amb alta demanda laboral, amb una formaci\u00f3 orientada a la realitat del dia a dia.<\/span><\/p>\n<h5 data-section-id=\"1vjq9a7\" data-start=\"455\" data-end=\"487\"><span style=\"font-family: helvetica, arial, sans-serif; font-size: 14pt; color: #993366;\">Informaci\u00f3 pr\u00e0ctica del cicle<\/span><\/h5>\n<p data-start=\"489\" data-end=\"563\"><span style=\"font-family: helvetica, arial, sans-serif; font-size: 12pt;\">Durada: 2 cursos acad\u00e8mics (2.000 hores)<\/span><br data-start=\"533\" data-end=\"536\" \/><span style=\"font-size: 12pt; font-family: helvetica, arial, sans-serif;\">Modalitat: Presencial<br \/>\nHoraris: 1r curs: de 8:00 h a 14:30 h. 2n curs: de 15:00 h a 21:15 h<br \/>\n<\/span><span style=\"font-family: helvetica, arial, sans-serif; font-size: 12pt;\">Preu de la matr\u00edcula:<\/span><\/p>\n<ul data-start=\"662\" data-end=\"780\">\n<li data-section-id=\"1ch4f8t\" data-start=\"662\" data-end=\"706\"><span style=\"font-family: helvetica, arial, sans-serif; font-size: 12pt;\">80 \u20ac en concepte de material escolar<\/span><\/li>\n<li data-section-id=\"1ch4f8t\" data-start=\"662\" data-end=\"706\"><span style=\"font-family: helvetica, arial, sans-serif; font-size: 12pt;\">1,12 \u20ac en concepte d&#8217;asseguran\u00e7a escolar<\/span><\/li>\n<li data-section-id=\"1ch4f8t\" data-start=\"662\" data-end=\"706\"><span style=\"font-family: helvetica, arial, sans-serif; font-size: 12pt;\">15 \u20ac en concepte Associaci\u00f3 d&#8217;Estudiants (opcional)<\/span><\/li>\n<\/ul>\n<h5 data-section-id=\"or5ghy\" data-start=\"851\" data-end=\"891\"><span style=\"font-family: helvetica, arial, sans-serif; font-size: 14pt; color: #993366;\">Material did\u00e0ctic i recursos digitals (incl\u00f2s a la matr\u00edcula)<\/span><\/h5>\n<p data-start=\"893\" data-end=\"1010\"><span style=\"font-family: helvetica, arial, sans-serif;\"><span style=\"font-size: 12pt;\">El cicle inclou un entorn digital complet perqu\u00e8 puguis treballar amb totes les eines necess\u00e0ries des del primer dia.\u00a0<\/span><span style=\"font-size: 12pt;\">Els 80 \u20ac de material escolar inclouen:<\/span><\/span><\/p>\n<ul data-start=\"1056\" data-end=\"1320\">\n<li data-section-id=\"wppzip\" data-start=\"1056\" data-end=\"1103\"><span style=\"font-family: helvetica, arial, sans-serif; font-size: 12pt;\">Compte de correu de l&#8217;institut @ibadia.cat<\/span><\/li>\n<li data-section-id=\"13bm6tl\" data-start=\"1104\" data-end=\"1158\"><span style=\"font-family: helvetica, arial, sans-serif; font-size: 12pt;\">Acc\u00e9s a Google Drive (emmagatzematge al n\u00favol)<\/span><\/li>\n<li data-section-id=\"1g73vwk\" data-start=\"1159\" data-end=\"1214\"><span style=\"font-family: helvetica, arial, sans-serif; font-size: 12pt;\">Acc\u00e9s a iEduca (plataforma de gesti\u00f3 acad\u00e8mica)<\/span><\/li>\n<li data-section-id=\"5vx83l\" data-start=\"1215\" data-end=\"1280\"><span style=\"font-family: helvetica, arial, sans-serif; font-size: 12pt;\">Acc\u00e9s a Moodle amb tot el material did\u00e0ctic necessari per cada m\u00f2dul<\/span><\/li>\n<li data-section-id=\"11h8aa2\" data-start=\"1281\" data-end=\"1320\"><span style=\"font-family: helvetica, arial, sans-serif; font-size: 12pt;\">Llic\u00e8ncia de Microsoft Office 365<\/span><\/li>\n<\/ul>\n<h5 data-start=\"1411\" data-end=\"1451\"><span style=\"font-family: helvetica, arial, sans-serif; font-size: 14pt; color: #993366;\"><strong data-start=\"1411\" data-end=\"1451\">Material que ha de portar l\u2019alumnat (no incl\u00f2s a la matr\u00edcula)<\/strong><\/span><\/h5>\n<ul data-start=\"1453\" data-end=\"1617\">\n<li data-section-id=\"kuy106\" data-start=\"1453\" data-end=\"1557\"><span style=\"font-family: helvetica, arial, sans-serif; font-size: 12pt;\">Ordinador port\u00e0til (preferiblement amb sistema operatiu Windows i prestacions d\u2019ordinador d\u2019oficina)<\/span><\/li>\n<li data-section-id=\"1h13aat\" data-start=\"1558\" data-end=\"1573\"><span style=\"font-family: helvetica, arial, sans-serif; font-size: 12pt;\">Calculadora<\/span><\/li>\n<li data-section-id=\"s54wwo\" data-start=\"1574\" data-end=\"1585\"><span style=\"font-family: helvetica, arial, sans-serif; font-size: 12pt;\">Carpeta<\/span><\/li>\n<li data-section-id=\"7bj3pl\" data-start=\"1586\" data-end=\"1617\"><span style=\"font-family: helvetica, arial, sans-serif; font-size: 12pt;\">Material b\u00e0sic d\u2019escriptura<\/span><\/li>\n<\/ul>\n<h5 data-section-id=\"b0goxr\" data-start=\"3451\" data-end=\"3504\"><span style=\"font-family: helvetica, arial, sans-serif; font-size: 14pt; color: #993366;\">Per qu\u00e8 estudiar a l\u2019Institut d&#8217;FP de Badia del Vall\u00e8s?<\/span><\/h5>\n<p data-start=\"3506\" data-end=\"3573\"><span style=\"font-family: helvetica, arial, sans-serif; font-size: 12pt;\">Apostem per una formaci\u00f3 de qualitat, pr\u00e0ctica i centrada a contribuir a l&#8217;\u00e8xit de l\u2019alumnat:<\/span><\/p>\n<ul data-start=\"3575\" data-end=\"3739\">\n<li data-section-id=\"34h8ei\" data-start=\"3575\" data-end=\"3608\"><span style=\"font-family: helvetica, arial, sans-serif; font-size: 12pt;\">Professorat expert en cada mat\u00e8ria, proper i implicat<\/span><\/li>\n<li data-section-id=\"34h8ei\" data-start=\"3575\" data-end=\"3608\"><span style=\"font-family: helvetica, arial, sans-serif; font-size: 12pt;\">Seguiment personalitzat i amb suport durant tot el curs del Departament d&#8217;Orientaci\u00f3<\/span><\/li>\n<li data-section-id=\"1v08nk2\" data-start=\"3637\" data-end=\"3661\"><span style=\"font-family: helvetica, arial, sans-serif; font-size: 12pt;\">Metodologia pr\u00e0ctica<\/span><\/li>\n<li data-section-id=\"1xowak2\" data-start=\"3662\" data-end=\"3701\"><span style=\"font-family: helvetica, arial, sans-serif; font-size: 12pt;\">Connexi\u00f3 directa amb empreses del territori<\/span><\/li>\n<li data-section-id=\"1xowak2\" data-start=\"3662\" data-end=\"3701\"><span style=\"font-size: 12pt; font-family: helvetica, arial, sans-serif;\">Possibilitat de continuitat d&#8217;estudis al mateix centre amb els CFGS Sistemes Electrot\u00e8cnics i Automatitzats<\/span><\/li>\n<li data-section-id=\"vntk7e\" data-start=\"3702\" data-end=\"3739\"><span style=\"font-family: helvetica, arial, sans-serif; font-size: 12pt;\">Centre ben comunicat (BUS i Renfe)<\/span><\/li>\n<li data-section-id=\"vntk7e\" data-start=\"3702\" data-end=\"3739\"><span style=\"font-family: helvetica, arial, sans-serif; font-size: 12pt;\">Associaci\u00f3 d&#8217;Estudiants per participar en activitats organitzades per la comunitat educativa<\/span><\/li>\n<\/ul>\n<h5 data-section-id=\"10tdz0f\" data-start=\"1711\" data-end=\"1753\"><span style=\"font-size: 14pt; font-family: helvetica, arial, sans-serif;\"><strong><span style=\"color: #993366;\">Per qu\u00e8 estudiar Instal\u00b7lacions El\u00e8ctriques i Autom\u00e0tiques?<\/span><\/strong><\/span><\/h5>\n<p data-start=\"1755\" data-end=\"1967\"><span style=\"font-family: helvetica, arial, sans-serif; font-size: 12pt;\">L\u2019electricitat \u00e9s present en tots els \u00e0mbits: habitatges, ind\u00fastria, comer\u00e7 i serveis. Aquest cicle et forma com a professional capa\u00e7 d\u2019instal\u00b7lar, mantenir i reparar sistemes el\u00e8ctrics i automatitzats, amb una alta inserci\u00f3 laboral i possibilitat de creixement professional.<\/span><\/p>\n<h5 data-section-id=\"1dgjjjv\" data-start=\"2064\" data-end=\"2081\"><span style=\"font-family: helvetica, arial, sans-serif; font-size: 14pt; color: #993366;\">Qu\u00e8 aprendr\u00e0s?<\/span><\/h5>\n<p data-start=\"2083\" data-end=\"2186\"><span style=\"font-family: helvetica, arial, sans-serif; font-size: 12pt;\">Al llarg del cicle aprendr\u00e0s a desenvolupar tasques administratives pr\u00f2pies del sector el\u00e8ctric:<\/span><\/p>\n<ul data-start=\"2188\" data-end=\"2427\">\n<li data-section-id=\"11rbn04\" data-start=\"2188\" data-end=\"2219\"><span style=\"font-size: 12pt; font-family: helvetica, arial, sans-serif;\">Muntatge i manteniment d\u2019instal\u00b7lacions el\u00e8ctriques<\/span><\/li>\n<li data-section-id=\"11rbn04\" data-start=\"2188\" data-end=\"2219\"><span style=\"font-size: 12pt; font-family: helvetica, arial, sans-serif;\">Instal\u00b7lacions dom\u00f2tiques i automatitzades<\/span><\/li>\n<li data-section-id=\"11rbn04\" data-start=\"2188\" data-end=\"2219\"><span style=\"font-size: 12pt; font-family: helvetica, arial, sans-serif;\">Quadres el\u00e8ctrics i circuits<\/span><\/li>\n<li data-section-id=\"11rbn04\" data-start=\"2188\" data-end=\"2219\"><span style=\"font-size: 12pt; font-family: helvetica, arial, sans-serif;\">Interpretaci\u00f3 de pl\u00e0nols i esquemes el\u00e8ctrics<\/span><\/li>\n<li data-section-id=\"11rbn04\" data-start=\"2188\" data-end=\"2219\"><span style=\"font-size: 12pt; font-family: helvetica, arial, sans-serif;\">Mesures i verificacions el\u00e8ctriques<\/span><\/li>\n<li data-section-id=\"11rbn04\" data-start=\"2188\" data-end=\"2219\"><span style=\"font-size: 12pt; font-family: helvetica, arial, sans-serif;\">Instal\u00b7lacions de telecomunicacions<\/span><\/li>\n<li data-section-id=\"11rbn04\" data-start=\"2188\" data-end=\"2219\"><span style=\"font-size: 12pt; font-family: helvetica, arial, sans-serif;\">Prevenci\u00f3 de riscos laborals<\/span><\/li>\n<li data-section-id=\"11rbn04\" data-start=\"2188\" data-end=\"2219\"><span style=\"font-size: 12pt; font-family: helvetica, arial, sans-serif;\">\u00das d\u2019eines i equips professionals<\/span><\/li>\n<\/ul>\n<h5 data-section-id=\"a4funw\" data-start=\"2504\" data-end=\"2529\"><span style=\"font-family: helvetica, arial, sans-serif; font-size: 14pt; color: #993366;\">Sortides professionals<\/span><\/h5>\n<p data-start=\"2531\" data-end=\"2577\"><span style=\"font-family: helvetica, arial, sans-serif; font-size: 12pt;\">En finalitzar el cicle podr\u00e0s treballar com a:<\/span><\/p>\n<ul data-start=\"2579\" data-end=\"2788\">\n<li data-section-id=\"8evduh\" data-start=\"2579\" data-end=\"2608\"><span style=\"font-size: 12pt; font-family: helvetica, arial, sans-serif;\">Instal\u00b7lador\/a electricista<\/span><\/li>\n<li data-section-id=\"8evduh\" data-start=\"2579\" data-end=\"2608\"><span style=\"font-size: 12pt; font-family: helvetica, arial, sans-serif;\">T\u00e8cnic\/a de manteniment el\u00e8ctric<\/span><\/li>\n<li data-section-id=\"8evduh\" data-start=\"2579\" data-end=\"2608\"><span style=\"font-size: 12pt; font-family: helvetica, arial, sans-serif;\">Instal\u00b7lador\/a de telecomunicacions<\/span><\/li>\n<li data-section-id=\"8evduh\" data-start=\"2579\" data-end=\"2608\"><span style=\"font-size: 12pt; font-family: helvetica, arial, sans-serif;\">Electricista d\u2019edificis<\/span><\/li>\n<li data-section-id=\"8evduh\" data-start=\"2579\" data-end=\"2608\"><span style=\"font-size: 12pt; font-family: helvetica, arial, sans-serif;\">Auxiliar en automatitzaci\u00f3 industrial<\/span><\/li>\n<li data-section-id=\"8evduh\" data-start=\"2579\" data-end=\"2608\"><span style=\"font-size: 12pt; font-family: helvetica, arial, sans-serif;\">Operari\/a de muntatge el\u00e8ctric<\/span><\/li>\n<\/ul>\n<h5 data-section-id=\"1rc1p0q\" data-start=\"2862\" data-end=\"2887\"><span style=\"font-family: helvetica, arial, sans-serif; font-size: 14pt; color: #993366;\">Pr\u00e0ctiques en empreses<\/span><\/h5>\n<p data-start=\"2889\" data-end=\"2996\"><span style=\"font-family: helvetica, arial, sans-serif; font-size: 12pt;\">El cicle inclou formaci\u00f3 en centres de treball en modalitat DUAL General o DUAL Intensiva, on podr\u00e0s aplicar els coneixements en un entorn real.\u00a0<\/span><span style=\"font-family: helvetica, arial, sans-serif; font-size: 12pt;\">Aquesta experi\u00e8ncia et permetr\u00e0:<\/span><\/p>\n<ul data-start=\"3032\" data-end=\"3173\">\n<li data-section-id=\"18emuia\" data-start=\"3032\" data-end=\"3074\"><span style=\"font-family: helvetica, arial, sans-serif; font-size: 12pt;\">Con\u00e8ixer el funcionament d\u2019una empresa<\/span><\/li>\n<li data-section-id=\"dsta7e\" data-start=\"3075\" data-end=\"3111\"><span style=\"font-family: helvetica, arial, sans-serif; font-size: 12pt;\">Guanyar experi\u00e8ncia professional<\/span><\/li>\n<li data-section-id=\"qgsm8m\" data-start=\"3112\" data-end=\"3142\"><span style=\"font-family: helvetica, arial, sans-serif; font-size: 12pt;\">Millorar el teu curr\u00edculum<\/span><\/li>\n<li data-section-id=\"178iio5\" data-start=\"3143\" data-end=\"3173\"><span style=\"font-family: helvetica, arial, sans-serif; font-size: 12pt;\">Fer contactes per al futur<\/span><\/li>\n<\/ul>\n<h5 data-section-id=\"3s48yj\" data-start=\"3180\" data-end=\"3204\"><span style=\"color: #993366; font-size: 14pt; font-family: helvetica, arial, sans-serif;\"><strong>Continu\u00eftat d\u2019estudis<\/strong><\/span><\/h5>\n<p data-start=\"3206\" data-end=\"3261\"><span style=\"font-family: helvetica, arial, sans-serif; font-size: 12pt;\">Un cop finalitzat el cicle, podr\u00e0s continuar estudiant:<\/span><\/p>\n<ul>\n<li data-start=\"3206\" data-end=\"3261\"><span style=\"font-family: helvetica, arial, sans-serif; font-size: 12pt;\">CFGS Sistemes Electrot\u00e8cnics i Automatitzats<\/span><\/li>\n<li data-start=\"3206\" data-end=\"3261\"><span style=\"font-family: helvetica, arial, sans-serif; font-size: 12pt;\">Altres cicles de l\u2019\u00e0mbit industrial<\/span><\/li>\n<li data-start=\"3206\" data-end=\"3261\"><span style=\"font-family: helvetica, arial, sans-serif; font-size: 12pt;\">Formaci\u00f3 complement\u00e0ria o especialitzaci\u00f3 t\u00e8cnica<\/span><\/li>\n<\/ul>\n<p data-start=\"3751\" data-end=\"3887\"><span style=\"font-family: helvetica, arial, sans-serif; font-size: 12pt;\">Tamb\u00e9 \u00e9s una bona base per continuar formant-te o accedir al m\u00f3n laboral amb garanties.<\/span><\/p>\n<h5 data-section-id=\"1dkz04j\" data-start=\"3826\" data-end=\"3857\"><span style=\"font-family: helvetica, arial, sans-serif; font-size: 14pt; color: #993366;\">Preinscripci\u00f3 i matr\u00edcula<\/span><\/h5>\n<p data-start=\"4071\" data-end=\"4154\"><span style=\"font-family: helvetica, arial, sans-serif; font-size: 12pt;\">El proc\u00e9s de preinscripci\u00f3 segueix el calendari oficial del Departament d\u2019Educaci\u00f3 i Formaci\u00f3 Professional. La matr\u00edcula es fa al centre, una vegada s&#8217;ha obtingut pla\u00e7a.<\/span><\/p>\n<h5 data-section-id=\"11r98ma\" data-start=\"4242\" data-end=\"4265\"><span style=\"font-family: helvetica, arial, sans-serif; font-size: 14pt; color: #993366;\">Vols m\u00e9s informaci\u00f3?<\/span><\/h5>\n<p data-start=\"4321\" data-end=\"4411\"><span style=\"font-family: helvetica, arial, sans-serif; font-size: 12pt;\">Contacta amb nosaltres per resoldre qualsevol dubte a <strong>secretaria@ibadia.cat<\/strong><\/span><\/p>\n","protected":false},"excerpt":{"rendered":"<p>CICLE FORMATIU DE GRAU MITJ\u00c0 INSTAL\u00b7LACIONS EL\u00c8CTRIQUES I AUTOM\u00c0TIQUES El cicle formatiu de grau mitj\u00e0 en Instal\u00b7lacions El\u00e8ctriques i Autom\u00e0tiques et prepara per treballar en el muntatge, manteniment i reparaci\u00f3 d\u2019instal\u00b7lacions el\u00e8ctriques en habitatges, edificis i ind\u00fastria. Aprendr\u00e0s compet\u00e8ncies essencials en un sector amb alta demanda laboral, amb una formaci\u00f3 orientada a la realitat del [&hellip;]<\/p>\n","protected":false},"author":1,"featured_media":0,"parent":361,"menu_order":10,"comment_status":"closed","ping_status":"closed","template":"","meta":{"site-sidebar-layout":"left-sidebar","site-content-layout":"","ast-site-content-layout":"default","site-content-style":"default","site-sidebar-style":"default","ast-global-header-display":"","ast-banner-title-visibility":"","ast-main-header-display":"","ast-hfb-above-header-display":"","ast-hfb-below-header-display":"","ast-hfb-mobile-header-display":"","site-post-title":"disabled","ast-breadcrumbs-content":"","ast-featured-img":"","footer-sml-layout":"","theme-transparent-header-meta":"default","adv-header-id-meta":"","stick-header-meta":"","header-above-stick-meta":"","header-main-stick-meta":"","header-below-stick-meta":"","astra-migrate-meta-layouts":"set","ast-page-background-enabled":"default","ast-page-background-meta":{"desktop":{"background-color":"var(--ast-global-color-4)","background-image":"","background-repeat":"repeat","background-position":"center center","background-size":"auto","background-attachment":"scroll","background-type":"","background-media":"","overlay-type":"","overlay-color":"","overlay-opacity":"","overlay-gradient":""},"tablet":{"background-color":"","background-image":"","background-repeat":"repeat","background-position":"center center","background-size":"auto","background-attachment":"scroll","background-type":"","background-media":"","overlay-type":"","overlay-color":"","overlay-opacity":"","overlay-gradient":""},"mobile":{"background-color":"","background-image":"","background-repeat":"repeat","background-position":"center center","background-size":"auto","background-attachment":"scroll","background-type":"","background-media":"","overlay-type":"","overlay-color":"","overlay-opacity":"","overlay-gradient":""}},"ast-content-background-meta":{"desktop":{"background-color":"var(--ast-global-color-5)","background-image":"","background-repeat":"repeat","background-position":"center center","background-size":"auto","background-attachment":"scroll","background-type":"","background-media":"","overlay-type":"","overlay-color":"","overlay-opacity":"","overlay-gradient":""},"tablet":{"background-color":"var(--ast-global-color-5)","background-image":"","background-repeat":"repeat","background-position":"center center","background-size":"auto","background-attachment":"scroll","background-type":"","background-media":"","overlay-type":"","overlay-color":"","overlay-opacity":"","overlay-gradient":""},"mobile":{"background-color":"var(--ast-global-color-5)","background-image":"","background-repeat":"repeat","background-position":"center center","background-size":"auto","background-attachment":"scroll","background-type":"","background-media":"","overlay-type":"","overlay-color":"","overlay-opacity":"","overlay-gradient":""}},"footnotes":""},"class_list":["post-580","page","type-page","status-publish","hentry"],"post_mailing_queue_ids":[],"_links":{"self":[{"href":"https:\/\/agora.xtec.cat\/insbadia\/wp-json\/wp\/v2\/pages\/580","targetHints":{"allow":["GET"]}}],"collection":[{"href":"https:\/\/agora.xtec.cat\/insbadia\/wp-json\/wp\/v2\/pages"}],"about":[{"href":"https:\/\/agora.xtec.cat\/insbadia\/wp-json\/wp\/v2\/types\/page"}],"author":[{"embeddable":true,"href":"https:\/\/agora.xtec.cat\/insbadia\/wp-json\/wp\/v2\/users\/1"}],"replies":[{"embeddable":true,"href":"https:\/\/agora.xtec.cat\/insbadia\/wp-json\/wp\/v2\/comments?post=580"}],"version-history":[{"count":7,"href":"https:\/\/agora.xtec.cat\/insbadia\/wp-json\/wp\/v2\/pages\/580\/revisions"}],"predecessor-version":[{"id":15039,"href":"https:\/\/agora.xtec.cat\/insbadia\/wp-json\/wp\/v2\/pages\/580\/revisions\/15039"}],"up":[{"embeddable":true,"href":"https:\/\/agora.xtec.cat\/insbadia\/wp-json\/wp\/v2\/pages\/361"}],"wp:attachment":[{"href":"https:\/\/agora.xtec.cat\/insbadia\/wp-json\/wp\/v2\/media?parent=580"}],"curies":[{"name":"wp","href":"https:\/\/api.w.org\/{rel}","templated":true}]}}