{"id":574,"date":"2016-02-09T12:09:10","date_gmt":"2016-02-09T11:09:10","guid":{"rendered":"http:\/\/agora.xtec.cat\/insbadia\/?page_id=574"},"modified":"2026-05-05T15:24:16","modified_gmt":"2026-05-05T13:24:16","slug":"grau-mitja-sistemes-microinformatics-i-xarxes","status":"publish","type":"page","link":"https:\/\/agora.xtec.cat\/insbadia\/formacio-professional\/informatica-i-comunicacions\/grau-mitja-sistemes-microinformatics-i-xarxes\/","title":{"rendered":"Sistemes Microinform\u00e0tics i Xarxes"},"content":{"rendered":"<h3><span style=\"font-family: helvetica, arial, sans-serif;\"><span style=\"font-size: 12pt;\">CICLE FORMATIU DE GRAU MITJ\u00c0<\/span><br \/>\n<span style=\"color: #993366;\">SISTEMES MICROINFORM\u00c0TICS I XARXES<\/span><\/span><\/h3>\n<p data-start=\"189\" data-end=\"561\"><span style=\"font-family: helvetica, arial, sans-serif; font-size: 12pt;\">El cicle formatiu de grau mitj\u00e0 en Sistemes Microinform\u00e0tics i Xarxes et prepara per instal\u00b7lar, configurar i mantenir equips inform\u00e0tics i xarxes locals. Aprendr\u00e0s compet\u00e8ncies essencials en el sector tecnol\u00f2gic, amb una formaci\u00f3 orientada a la realitat del dia a dia.<\/span><\/p>\n<h5 data-section-id=\"1vjq9a7\" data-start=\"455\" data-end=\"487\"><span style=\"font-family: helvetica, arial, sans-serif; font-size: 14pt; color: #993366;\">Informaci\u00f3 pr\u00e0ctica del cicle<\/span><\/h5>\n<p data-start=\"489\" data-end=\"563\"><span style=\"font-family: helvetica, arial, sans-serif; font-size: 12pt;\">Durada: 2 cursos acad\u00e8mics (2.000 hores)<\/span><br data-start=\"533\" data-end=\"536\" \/><span style=\"font-size: 12pt; font-family: helvetica, arial, sans-serif;\">Modalitat: Presencial<br \/>\nHoraris: Grup de mat\u00ed de 8:00 h a 14:30 h. Grup de tarda de 15:00 h a 21:15 h<br \/>\n<\/span><span style=\"font-family: helvetica, arial, sans-serif; font-size: 12pt;\">Preu de la matr\u00edcula:<\/span><\/p>\n<ul data-start=\"662\" data-end=\"780\">\n<li data-section-id=\"1ch4f8t\" data-start=\"662\" data-end=\"706\"><span style=\"font-family: helvetica, arial, sans-serif; font-size: 12pt;\">80 \u20ac en concepte de material escolar<\/span><\/li>\n<li data-section-id=\"1ch4f8t\" data-start=\"662\" data-end=\"706\"><span style=\"font-family: helvetica, arial, sans-serif; font-size: 12pt;\">1,12 \u20ac en concepte d&#8217;asseguran\u00e7a escolar<\/span><\/li>\n<li data-section-id=\"1ch4f8t\" data-start=\"662\" data-end=\"706\"><span style=\"font-family: helvetica, arial, sans-serif; font-size: 12pt;\">15 \u20ac en concepte Associaci\u00f3 d&#8217;Estudiants (opcional)<\/span><\/li>\n<li data-section-id=\"kxk69n\" data-start=\"707\" data-end=\"746\"><span style=\"font-family: helvetica, arial, sans-serif; font-size: 12pt;\">Sense taxes associades als CFGM<\/span><\/li>\n<li data-section-id=\"1dz83k7\" data-start=\"747\" data-end=\"780\"><span style=\"font-family: helvetica, arial, sans-serif; font-size: 12pt;\">No s\u2019apliquen bonificacions al material escolar<\/span><\/li>\n<\/ul>\n<h5 data-section-id=\"or5ghy\" data-start=\"851\" data-end=\"891\"><span style=\"font-family: helvetica, arial, sans-serif; font-size: 14pt; color: #993366;\">Material did\u00e0ctic i recursos digitals (incl\u00f2s a la matr\u00edcula)<\/span><\/h5>\n<p data-start=\"893\" data-end=\"1010\"><span style=\"font-family: helvetica, arial, sans-serif;\"><span style=\"font-size: 12pt;\">El cicle inclou un entorn digital complet perqu\u00e8 puguis treballar amb totes les eines necess\u00e0ries des del primer dia.\u00a0<\/span><span style=\"font-size: 12pt;\">Els 80 \u20ac de material escolar inclouen:<\/span><\/span><\/p>\n<ul data-start=\"1056\" data-end=\"1320\">\n<li data-section-id=\"wppzip\" data-start=\"1056\" data-end=\"1103\"><span style=\"font-family: helvetica, arial, sans-serif; font-size: 12pt;\">Compte de correu de l&#8217;institut @ibadia.cat<\/span><\/li>\n<li data-section-id=\"13bm6tl\" data-start=\"1104\" data-end=\"1158\"><span style=\"font-family: helvetica, arial, sans-serif; font-size: 12pt;\">Acc\u00e9s a Google Drive (emmagatzematge al n\u00favol)<\/span><\/li>\n<li data-section-id=\"1g73vwk\" data-start=\"1159\" data-end=\"1214\"><span style=\"font-family: helvetica, arial, sans-serif; font-size: 12pt;\">Acc\u00e9s a iEduca (plataforma de gesti\u00f3 acad\u00e8mica)<\/span><\/li>\n<li data-section-id=\"5vx83l\" data-start=\"1215\" data-end=\"1280\"><span style=\"font-family: helvetica, arial, sans-serif; font-size: 12pt;\">Acc\u00e9s a Moodle amb tot el material did\u00e0ctic necessari per cada m\u00f2dul<\/span><\/li>\n<li data-section-id=\"11h8aa2\" data-start=\"1281\" data-end=\"1320\"><span style=\"font-family: helvetica, arial, sans-serif; font-size: 12pt;\">Llic\u00e8ncia de Microsoft Office 365<\/span><\/li>\n<\/ul>\n<h5 data-start=\"1411\" data-end=\"1451\"><span style=\"font-family: helvetica, arial, sans-serif; font-size: 14pt; color: #993366;\"><strong data-start=\"1411\" data-end=\"1451\">Material que ha de portar l\u2019alumnat (no incl\u00f2s a la matr\u00edcula)<\/strong><\/span><\/h5>\n<ul data-start=\"1453\" data-end=\"1617\">\n<li data-section-id=\"kuy106\" data-start=\"1453\" data-end=\"1557\"><span style=\"font-family: helvetica, arial, sans-serif; font-size: 12pt;\">Ordinador port\u00e0til amb les especificacions seg\u00fcents:\u00a0suport de virtualitzaci\u00f3 intel vtx o amd-v, RAM 16Gb, connexi\u00f3 RJ45 o amb adaptador, SSD m\u00ednim de 500Gb, processador gama mig\/alt<\/span><\/li>\n<li data-section-id=\"kuy106\" data-start=\"1564\" data-end=\"1668\"><span style=\"font-family: helvetica, arial, sans-serif; font-size: 12pt;\">Pendrive m\u00ednim 64Gb<\/span><\/li>\n<li data-section-id=\"s54wwo\" data-start=\"1574\" data-end=\"1585\"><span style=\"font-family: helvetica, arial, sans-serif; font-size: 12pt;\">Carpeta<\/span><\/li>\n<li data-section-id=\"7bj3pl\" data-start=\"1586\" data-end=\"1617\"><span style=\"font-family: helvetica, arial, sans-serif; font-size: 12pt;\">Material b\u00e0sic d\u2019escriptura<\/span><\/li>\n<\/ul>\n<h5 data-section-id=\"b0goxr\" data-start=\"3451\" data-end=\"3504\"><span style=\"font-family: helvetica, arial, sans-serif; font-size: 14pt; color: #993366;\">Per qu\u00e8 estudiar a l\u2019Institut d&#8217;FP de Badia del Vall\u00e8s?<\/span><\/h5>\n<p data-start=\"3506\" data-end=\"3573\"><span style=\"font-family: helvetica, arial, sans-serif; font-size: 12pt;\">Apostem per una formaci\u00f3 de qualitat, pr\u00e0ctica i centrada a contribuir a l&#8217;\u00e8xit de l\u2019alumnat:<\/span><\/p>\n<ul data-start=\"3575\" data-end=\"3739\">\n<li data-section-id=\"34h8ei\" data-start=\"3575\" data-end=\"3608\"><span style=\"font-family: helvetica, arial, sans-serif; font-size: 12pt;\">Professorat expert en cada mat\u00e8ria, proper i implicat<\/span><\/li>\n<li data-section-id=\"34h8ei\" data-start=\"3575\" data-end=\"3608\"><span style=\"font-family: helvetica, arial, sans-serif; font-size: 12pt;\">Seguiment personalitzat i amb suport durant tot el curs del Departament d&#8217;Orientaci\u00f3<\/span><\/li>\n<li data-section-id=\"1v08nk2\" data-start=\"3637\" data-end=\"3661\"><span style=\"font-family: helvetica, arial, sans-serif; font-size: 12pt;\">Metodologia pr\u00e0ctica<\/span><\/li>\n<li data-section-id=\"1xowak2\" data-start=\"3662\" data-end=\"3701\"><span style=\"font-family: helvetica, arial, sans-serif; font-size: 12pt;\">Connexi\u00f3 directa amb empreses del territori<\/span><\/li>\n<li data-section-id=\"1xowak2\" data-start=\"3662\" data-end=\"3701\"><span style=\"font-size: 12pt; font-family: helvetica, arial, sans-serif;\">Possibilitat de continuitat d&#8217;estudis al mateix centre amb els CFGS Administraci\u00f3 i Finances o CFGS Assist\u00e8ncia a la Direcci\u00f3<\/span><\/li>\n<li data-section-id=\"vntk7e\" data-start=\"3702\" data-end=\"3739\"><span style=\"font-family: helvetica, arial, sans-serif; font-size: 12pt;\">Centre ben comunicat (BUS i Renfe)<\/span><\/li>\n<li data-section-id=\"vntk7e\" data-start=\"3702\" data-end=\"3739\"><span style=\"font-family: helvetica, arial, sans-serif; font-size: 12pt;\">Associaci\u00f3 d&#8217;Estudiants per participar en activitats organitzades per la comunitat educativa<\/span><\/li>\n<\/ul>\n<h5 data-section-id=\"10tdz0f\" data-start=\"1711\" data-end=\"1753\"><span style=\"font-size: 14pt; font-family: helvetica, arial, sans-serif;\"><strong><span style=\"color: #993366;\">Per qu\u00e8 estudiar Sistemes Microinform\u00e0tics i Xarxes?<\/span><\/strong><\/span><\/h5>\n<p data-start=\"1755\" data-end=\"1967\"><span style=\"font-family: helvetica, arial, sans-serif; font-size: 12pt;\">\u00c9s una formaci\u00f3 orientada a perfils tecnol\u00f2gics amb inter\u00e8s per la inform\u00e0tica i les xarxes. Aprendr\u00e0s a donar suport t\u00e8cnic, resoldre incid\u00e8ncies i gestionar sistemes inform\u00e0tics, en un sector amb moltes oportunitats laborals.<\/span><\/p>\n<h5 data-section-id=\"1dgjjjv\" data-start=\"2064\" data-end=\"2081\"><span style=\"font-family: helvetica, arial, sans-serif; font-size: 14pt; color: #993366;\">Qu\u00e8 aprendr\u00e0s?<\/span><\/h5>\n<p data-start=\"2489\" data-end=\"2570\"><span style=\"font-family: helvetica, arial, sans-serif; font-size: 12pt;\">Al llarg del cicle aprendr\u00e0s a desenvolupar tasques clau dins l\u2019\u00e0mbit inform\u00e0tic:<\/span><\/p>\n<ul>\n<li data-start=\"2572\" data-end=\"2872\"><span style=\"font-family: helvetica, arial, sans-serif; font-size: 12pt;\">Muntatge i manteniment d\u2019equips inform\u00e0tics<\/span><\/li>\n<li data-start=\"2572\" data-end=\"2872\"><span style=\"font-family: helvetica, arial, sans-serif; font-size: 12pt;\">Instal\u00b7laci\u00f3 de sistemes operatius (Windows i Linux)<\/span><\/li>\n<li data-start=\"2572\" data-end=\"2872\"><span style=\"font-family: helvetica, arial, sans-serif; font-size: 12pt;\">Configuraci\u00f3 de xarxes locals<\/span><\/li>\n<li data-start=\"2572\" data-end=\"2872\"><span style=\"font-family: helvetica, arial, sans-serif; font-size: 12pt;\">Suport t\u00e8cnic i resoluci\u00f3 d\u2019incid\u00e8ncies<\/span><\/li>\n<li data-start=\"2572\" data-end=\"2872\"><span style=\"font-family: helvetica, arial, sans-serif; font-size: 12pt;\">Seguretat b\u00e0sica en sistemes i xarxes<\/span><\/li>\n<li data-start=\"2572\" data-end=\"2872\"><span style=\"font-family: helvetica, arial, sans-serif; font-size: 12pt;\">Serveis en xarxa<\/span><\/li>\n<li data-start=\"2572\" data-end=\"2872\"><span style=\"font-family: helvetica, arial, sans-serif; font-size: 12pt;\">Aplicacions ofim\u00e0tiques<\/span><\/li>\n<li data-start=\"2572\" data-end=\"2872\"><span style=\"font-family: helvetica, arial, sans-serif; font-size: 12pt;\">\u00das d\u2019eines digitals i de suport t\u00e8cnic<\/span><\/li>\n<\/ul>\n<h5 data-section-id=\"a4funw\" data-start=\"2504\" data-end=\"2529\"><span style=\"font-family: helvetica, arial, sans-serif; font-size: 14pt; color: #993366;\">Sortides professionals<\/span><\/h5>\n<p data-start=\"2531\" data-end=\"2577\"><span style=\"font-family: helvetica, arial, sans-serif; font-size: 12pt;\">En finalitzar el cicle podr\u00e0s treballar com a:<\/span><\/p>\n<ul data-start=\"2579\" data-end=\"2788\">\n<li data-section-id=\"8evduh\" data-start=\"2579\" data-end=\"2608\"><span style=\"font-family: helvetica, arial, sans-serif; font-size: 12pt;\">T\u00e8cnic\/a de suport inform\u00e0tic<\/span><\/li>\n<li data-section-id=\"8evduh\" data-start=\"2579\" data-end=\"2608\"><span style=\"font-family: helvetica, arial, sans-serif; font-size: 12pt;\">Instal\u00b7lador\/a de sistemes microinform\u00e0tics<\/span><\/li>\n<li data-section-id=\"8evduh\" data-start=\"2579\" data-end=\"2608\"><span style=\"font-family: helvetica, arial, sans-serif; font-size: 12pt;\">T\u00e8cnic\/a de manteniment<\/span><\/li>\n<li data-section-id=\"8evduh\" data-start=\"2579\" data-end=\"2608\"><span style=\"font-family: helvetica, arial, sans-serif; font-size: 12pt;\">T\u00e8cnic\/a de xarxes locals<\/span><\/li>\n<li data-section-id=\"8evduh\" data-start=\"2579\" data-end=\"2608\"><span style=\"font-family: helvetica, arial, sans-serif; font-size: 12pt;\">Operador\/a de sistemes<\/span><\/li>\n<li data-section-id=\"8evduh\" data-start=\"2579\" data-end=\"2608\"><span style=\"font-family: helvetica, arial, sans-serif; font-size: 12pt;\">Suport IT en empreses<\/span><\/li>\n<\/ul>\n<h5 data-section-id=\"1rc1p0q\" data-start=\"2862\" data-end=\"2887\"><span style=\"font-family: helvetica, arial, sans-serif; font-size: 14pt; color: #993366;\">Pr\u00e0ctiques en empreses<\/span><\/h5>\n<p data-start=\"2889\" data-end=\"2996\"><span style=\"font-family: helvetica, arial, sans-serif; font-size: 12pt;\">El cicle inclou formaci\u00f3 en centres de treball en modalitat DUAL General o DUAL Intensiva, on podr\u00e0s aplicar els coneixements en un entorn real.<\/span><\/p>\n<p data-start=\"2998\" data-end=\"3030\"><span style=\"font-family: helvetica, arial, sans-serif; font-size: 12pt;\">Aquesta experi\u00e8ncia et permetr\u00e0:<\/span><\/p>\n<ul data-start=\"3032\" data-end=\"3173\">\n<li data-section-id=\"18emuia\" data-start=\"3032\" data-end=\"3074\"><span style=\"font-family: helvetica, arial, sans-serif; font-size: 12pt;\">Con\u00e8ixer el funcionament d\u2019una empresa<\/span><\/li>\n<li data-section-id=\"dsta7e\" data-start=\"3075\" data-end=\"3111\"><span style=\"font-family: helvetica, arial, sans-serif; font-size: 12pt;\">Guanyar experi\u00e8ncia professional<\/span><\/li>\n<li data-section-id=\"qgsm8m\" data-start=\"3112\" data-end=\"3142\"><span style=\"font-family: helvetica, arial, sans-serif; font-size: 12pt;\">Millorar el teu curr\u00edculum<\/span><\/li>\n<li data-section-id=\"178iio5\" data-start=\"3143\" data-end=\"3173\"><span style=\"font-family: helvetica, arial, sans-serif; font-size: 12pt;\">Fer contactes per al futur<\/span><\/li>\n<\/ul>\n<h5 data-section-id=\"3s48yj\" data-start=\"3180\" data-end=\"3204\"><span style=\"color: #993366; font-size: 14pt; font-family: helvetica, arial, sans-serif;\"><strong>Continu\u00eftat d\u2019estudis<\/strong><\/span><\/h5>\n<p data-start=\"3206\" data-end=\"3261\"><span style=\"font-family: helvetica, arial, sans-serif; font-size: 12pt;\">Un cop finalitzat el cicle, podr\u00e0s continuar estudiant:<\/span><\/p>\n<ul>\n<li data-start=\"3550\" data-end=\"3670\"><span style=\"font-family: helvetica, arial, sans-serif; font-size: 12pt;\">CFGS Administraci\u00f3 de Sistemes en Xarxa<\/span><\/li>\n<li data-start=\"3550\" data-end=\"3670\"><span style=\"font-family: helvetica, arial, sans-serif; font-size: 12pt;\">CFGS Desenvolupament d\u2019Aplicacions Web<\/span><\/li>\n<li data-start=\"3550\" data-end=\"3670\"><span style=\"font-family: helvetica, arial, sans-serif; font-size: 12pt;\">Altres cicles de l\u2019\u00e0mbit inform\u00e0tic<\/span><\/li>\n<\/ul>\n<p data-start=\"3672\" data-end=\"3745\"><span style=\"font-family: helvetica, arial, sans-serif; font-size: 12pt;\">Tamb\u00e9 \u00e9s una bona base per continuar formant-te o accedir al m\u00f3n laboral.<\/span><\/p>\n<h5 data-section-id=\"1dkz04j\" data-start=\"3826\" data-end=\"3857\"><span style=\"font-family: helvetica, arial, sans-serif; font-size: 14pt; color: #993366;\">Preinscripci\u00f3 i matr\u00edcula<\/span><\/h5>\n<p data-start=\"4071\" data-end=\"4154\"><span style=\"font-family: helvetica, arial, sans-serif; font-size: 12pt;\">El proc\u00e9s de preinscripci\u00f3 segueix el calendari oficial del Departament d\u2019Educaci\u00f3 i Formaci\u00f3 Professional. La matr\u00edcula es fa al centre, una vegada s&#8217;ha obtingut pla\u00e7a.<\/span><\/p>\n<h5 data-section-id=\"11r98ma\" data-start=\"4242\" data-end=\"4265\"><span style=\"font-family: helvetica, arial, sans-serif; font-size: 14pt; color: #993366;\">Vols m\u00e9s informaci\u00f3?<\/span><\/h5>\n<p data-start=\"4321\" data-end=\"4411\"><span style=\"font-family: helvetica, arial, sans-serif; font-size: 12pt;\">Contacta amb nosaltres per resoldre qualsevol dubte a <strong>secretaria@ibadia.cat<\/strong><\/span><\/p>\n","protected":false},"excerpt":{"rendered":"<p>CICLE FORMATIU DE GRAU MITJ\u00c0 SISTEMES MICROINFORM\u00c0TICS I XARXES El cicle formatiu de grau mitj\u00e0 en Sistemes Microinform\u00e0tics i Xarxes et prepara per instal\u00b7lar, configurar i mantenir equips inform\u00e0tics i xarxes locals. Aprendr\u00e0s compet\u00e8ncies essencials en el sector tecnol\u00f2gic, amb una formaci\u00f3 orientada a la realitat del dia a dia. Informaci\u00f3 pr\u00e0ctica del cicle Durada: [&hellip;]<\/p>\n","protected":false},"author":1,"featured_media":0,"parent":363,"menu_order":10,"comment_status":"closed","ping_status":"closed","template":"","meta":{"site-sidebar-layout":"left-sidebar","site-content-layout":"","ast-site-content-layout":"default","site-content-style":"default","site-sidebar-style":"default","ast-global-header-display":"","ast-banner-title-visibility":"","ast-main-header-display":"","ast-hfb-above-header-display":"","ast-hfb-below-header-display":"","ast-hfb-mobile-header-display":"","site-post-title":"disabled","ast-breadcrumbs-content":"","ast-featured-img":"","footer-sml-layout":"","theme-transparent-header-meta":"default","adv-header-id-meta":"","stick-header-meta":"","header-above-stick-meta":"","header-main-stick-meta":"","header-below-stick-meta":"","astra-migrate-meta-layouts":"set","ast-page-background-enabled":"default","ast-page-background-meta":{"desktop":{"background-color":"var(--ast-global-color-4)","background-image":"","background-repeat":"repeat","background-position":"center center","background-size":"auto","background-attachment":"scroll","background-type":"","background-media":"","overlay-type":"","overlay-color":"","overlay-opacity":"","overlay-gradient":""},"tablet":{"background-color":"","background-image":"","background-repeat":"repeat","background-position":"center center","background-size":"auto","background-attachment":"scroll","background-type":"","background-media":"","overlay-type":"","overlay-color":"","overlay-opacity":"","overlay-gradient":""},"mobile":{"background-color":"","background-image":"","background-repeat":"repeat","background-position":"center center","background-size":"auto","background-attachment":"scroll","background-type":"","background-media":"","overlay-type":"","overlay-color":"","overlay-opacity":"","overlay-gradient":""}},"ast-content-background-meta":{"desktop":{"background-color":"var(--ast-global-color-5)","background-image":"","background-repeat":"repeat","background-position":"center center","background-size":"auto","background-attachment":"scroll","background-type":"","background-media":"","overlay-type":"","overlay-color":"","overlay-opacity":"","overlay-gradient":""},"tablet":{"background-color":"var(--ast-global-color-5)","background-image":"","background-repeat":"repeat","background-position":"center center","background-size":"auto","background-attachment":"scroll","background-type":"","background-media":"","overlay-type":"","overlay-color":"","overlay-opacity":"","overlay-gradient":""},"mobile":{"background-color":"var(--ast-global-color-5)","background-image":"","background-repeat":"repeat","background-position":"center center","background-size":"auto","background-attachment":"scroll","background-type":"","background-media":"","overlay-type":"","overlay-color":"","overlay-opacity":"","overlay-gradient":""}},"footnotes":""},"class_list":["post-574","page","type-page","status-publish","hentry"],"post_mailing_queue_ids":[],"_links":{"self":[{"href":"https:\/\/agora.xtec.cat\/insbadia\/wp-json\/wp\/v2\/pages\/574","targetHints":{"allow":["GET"]}}],"collection":[{"href":"https:\/\/agora.xtec.cat\/insbadia\/wp-json\/wp\/v2\/pages"}],"about":[{"href":"https:\/\/agora.xtec.cat\/insbadia\/wp-json\/wp\/v2\/types\/page"}],"author":[{"embeddable":true,"href":"https:\/\/agora.xtec.cat\/insbadia\/wp-json\/wp\/v2\/users\/1"}],"replies":[{"embeddable":true,"href":"https:\/\/agora.xtec.cat\/insbadia\/wp-json\/wp\/v2\/comments?post=574"}],"version-history":[{"count":7,"href":"https:\/\/agora.xtec.cat\/insbadia\/wp-json\/wp\/v2\/pages\/574\/revisions"}],"predecessor-version":[{"id":15049,"href":"https:\/\/agora.xtec.cat\/insbadia\/wp-json\/wp\/v2\/pages\/574\/revisions\/15049"}],"up":[{"embeddable":true,"href":"https:\/\/agora.xtec.cat\/insbadia\/wp-json\/wp\/v2\/pages\/363"}],"wp:attachment":[{"href":"https:\/\/agora.xtec.cat\/insbadia\/wp-json\/wp\/v2\/media?parent=574"}],"curies":[{"name":"wp","href":"https:\/\/api.w.org\/{rel}","templated":true}]}}