{"id":43,"date":"2014-09-17T16:45:07","date_gmt":"2014-09-17T16:45:07","guid":{"rendered":"http:\/\/agora.xtec.cat\/insbadia\/?page_id=43"},"modified":"2026-04-16T10:44:39","modified_gmt":"2026-04-16T08:44:39","slug":"consell-escolar","status":"publish","type":"page","link":"https:\/\/agora.xtec.cat\/insbadia\/linstitut\/consell-escolar\/","title":{"rendered":"Personal docent i PAS"},"content":{"rendered":"<p><span style=\"color: #666699; font-family: helvetica, arial, sans-serif; font-size: 12pt;\"><strong>Equip directiu<\/strong><\/span><\/p>\n<p><span style=\"font-family: helvetica, arial, sans-serif; font-size: 12pt;\">Director: Juli\u00e1n del Amo<\/span><br \/>\n<span style=\"font-family: helvetica, arial, sans-serif; font-size: 12pt;\">Secret\u00e0ria: Inma de Dios<\/span><br \/>\n<span style=\"font-family: helvetica, arial, sans-serif; font-size: 12pt;\">Cap d\u2019estudis: Andr\u00e9s Valenzuela<\/span><br \/>\n<span style=\"font-family: helvetica, arial, sans-serif; font-size: 12pt;\">Cap d&#8217;estudis adjunt: Edgar Esterli<\/span><br \/>\n<span style=\"font-family: helvetica, arial, sans-serif; font-size: 12pt;\">Coordinadora Pedag\u00f2gica: Anna Reina<\/span><\/p>\n<p><span style=\"font-family: helvetica, arial, sans-serif; font-size: 12pt;\"><strong><span style=\"color: #666699;\">Caps de departament<\/span><\/strong><\/span><\/p>\n<p><span style=\"font-family: helvetica, arial, sans-serif; font-size: 12pt;\">Departament d\u2019Administraci\u00f3 i gesti\u00f3: Concepci\u00f3 Oliva<\/span><br \/>\n<span style=\"font-family: helvetica, arial, sans-serif; font-size: 12pt;\">Departament d&#8217;Edificaci\u00f3 i Obra civil: Xavier Teixidor<\/span><br \/>\n<span style=\"font-family: helvetica, arial, sans-serif; font-size: 12pt;\">Departament d\u2019Electricitat i electr\u00f2nica: Dani Cueva<\/span><br \/>\n<span style=\"font-family: helvetica, arial, sans-serif; font-size: 12pt;\">Departament d\u2019Inform\u00e0tica i comunicacions: Albert Milian<\/span><br \/>\n<span style=\"font-family: helvetica, arial, sans-serif; font-size: 12pt;\">Departament d\u2019Activitats f\u00edsiques i esportives: Albert Ventura<\/span><\/p>\n<p><span style=\"color: #666699; font-family: helvetica, arial, sans-serif; font-size: 12pt;\"><strong>Consell Escolar<\/strong><\/span><\/p>\n<p><span style=\"font-family: helvetica, arial, sans-serif; font-size: 12pt;\">President: Juli\u00e1n del Amo<\/span><br \/>\n<span style=\"font-family: helvetica, arial, sans-serif; font-size: 12pt;\">Secret\u00e0ria: Inma de Dios<\/span><br \/>\n<span style=\"font-family: helvetica, arial, sans-serif; font-size: 12pt;\">Cap d\u2019estudis: Andr\u00e9s Valenzuela<\/span><br \/>\n<span style=\"font-family: helvetica, arial, sans-serif; font-size: 12pt;\">Representants del professorat: Rafael L\u00f3pez, Roger L\u00f3pez, Marina Garcia, Albert Milian, Sergio Ferrer<\/span><br \/>\n<span style=\"font-family: helvetica, arial, sans-serif; font-size: 12pt;\">Representants del PAS: Pendent de renovaci\u00f3<\/span><br \/>\n<span style=\"font-family: helvetica, arial, sans-serif; font-size: 12pt;\">Representant de l\u2019Ajuntament: Ivan Sanz<\/span><br \/>\n<span style=\"font-family: helvetica, arial, sans-serif; font-size: 12pt;\">Representants dels alumnes: Pendent de renovaci\u00f3<\/span><\/p>\n<p><span style=\"color: #666699; font-family: helvetica, arial, sans-serif; font-size: 12pt;\"><strong>Coordinadors\/es<\/strong><\/span><\/p>\n<p><span style=\"font-family: helvetica, arial, sans-serif; font-size: 12pt;\">Coordinaci\u00f3 FCT-DUAL: Rafa L\u00f3pez<\/span><br \/>\n<span style=\"font-family: helvetica, arial, sans-serif; font-size: 12pt;\">Coordinaci\u00f3 de Cicles: Lydia Garcia<\/span><br \/>\n<span style=\"font-family: helvetica, arial, sans-serif; font-size: 12pt;\">Coordinaci\u00f3 TIC i cultura digital: Manuel Ru\u00edz<\/span><br \/>\n<span style=\"font-family: helvetica, arial, sans-serif; font-size: 12pt;\">Coordinaci\u00f3 de qualitat: Aida Cardete<\/span><br \/>\n<span style=\"font-family: helvetica, arial, sans-serif; font-size: 12pt;\">Tutoria t\u00e8cnica d&#8217;escolars: Francesc Vea<\/span><br \/>\n<span style=\"font-family: helvetica, arial, sans-serif; font-size: 12pt;\">Coordinaci\u00f3 de manteniment: Roger L\u00f3pez &#8211; Aitor Lopez<\/span><br \/>\n<span style=\"font-family: helvetica, arial, sans-serif; font-size: 12pt;\">Cap de Taller d\u2019inform\u00e0tica i comunicacions: Sergio Ferrer<\/span><br \/>\n<span style=\"font-family: helvetica, arial, sans-serif; font-size: 12pt;\">Cap de Taller d\u2019administraci\u00f3 i gesti\u00f3: Carlos Hermosilla<\/span><br \/>\n<span style=\"font-family: helvetica, arial, sans-serif; font-size: 12pt;\">Cap de Taller d&#8217;electricitat i electr\u00f2nica: Dani Cueva<\/span><\/p>\n<p><span style=\"font-family: helvetica, arial, sans-serif; font-size: 12pt;\"><strong><span style=\"color: #666699;\">Tutors\/es de cicles formatius de la fam\u00edlia professional d&#8217;administraci\u00f3 i gesti\u00f3:<\/span><\/strong><\/span><\/p>\n<p><span style=\"font-family: helvetica, arial, sans-serif; font-size: 12pt;\">1r CFGM Gesti\u00f3 Administrativa: Silvia P\u00e9rez i Carlos Hermosilla<\/span><br \/>\n<span style=\"font-family: helvetica, arial, sans-serif; font-size: 12pt;\">2n CFGM Gesti\u00f3 Administrativa: Marta Gonzalez<\/span><br \/>\n<span style=\"font-family: helvetica, arial, sans-serif; font-size: 12pt;\">1r CFGS Assist\u00e8ncia a la direcci\u00f3: Mar\u00e7al Canet<\/span><br \/>\n<span style=\"font-family: helvetica, arial, sans-serif; font-size: 12pt;\">2n CFGS Assist\u00e8ncia a la direcci\u00f3: Francesc Vea<\/span><br \/>\n<span style=\"font-family: helvetica, arial, sans-serif; font-size: 12pt;\">1r CFGS Administraci\u00f3 i finances: Yeray Herrera<\/span><br \/>\n<span style=\"font-family: helvetica, arial, sans-serif; font-size: 12pt;\">2n CFGS Administraci\u00f3 i finances: Carlos Mesa<\/span><\/p>\n<p><span style=\"font-family: helvetica, arial, sans-serif; font-size: 12pt;\"><strong><span style=\"color: #666699;\">Tutors\/es de cicle formatius de la fam\u00edlia professional d&#8217;edificaci\u00f3 i obra civil:<\/span><\/strong><\/span><\/p>\n<p><span style=\"font-family: helvetica, arial, sans-serif; font-size: 12pt;\">1r CFGS Projectes d&#8217;edificaci\u00f3, perfil professional rehabilitaci\u00f3 i restauraci\u00f3: Antonio Diaz<\/span><br \/>\n<span style=\"font-family: helvetica, arial, sans-serif; font-size: 12pt;\">2r CFGS Projectes d&#8217;edificaci\u00f3, perfil professional rehabilitaci\u00f3 i restauraci\u00f3: Joan Aliart<\/span><\/p>\n<p><span style=\"font-family: helvetica, arial, sans-serif; font-size: 12pt;\"><strong><span style=\"color: #666699;\">Tutors\/es de cicles formatius de la fam\u00edlia professional d\u2019inform\u00e0tica i comunicacions:<\/span><\/strong><\/span><\/p>\n<p><span style=\"font-family: helvetica, arial, sans-serif; font-size: 12pt;\">1r CFGM Sistemes microinform\u00e0tics i xarxes (Grup A): Silvia Martinez<\/span><br \/>\n<span style=\"font-family: helvetica, arial, sans-serif; font-size: 12pt;\">1r CFGM Sistemes microinform\u00e0tics i xarxes (Grup B): Jose A. Lindo<\/span><br \/>\n<span style=\"font-family: helvetica, arial, sans-serif; font-size: 12pt;\">1r CFGM Sistemes microinform\u00e0tics i xarxes (Grup C): Domingo Comino<\/span><br \/>\n<span style=\"font-family: helvetica, arial, sans-serif; font-size: 12pt;\">2n CFGM Sistemes microinform\u00e0tics i xarxes (Grup mat\u00ed): Aitor L\u00f3pez \/ Eloy Llacer<\/span><br \/>\n<span style=\"font-family: helvetica, arial, sans-serif; font-size: 12pt;\">2n CFGM Sistemes microinform\u00e0tics i xarxes (Grup tarda): Aniol Masdeu<\/span><br \/>\n<span style=\"font-family: helvetica, arial, sans-serif; font-size: 12pt;\">1r CFGS Desenvolupament d&#8217;aplicacions web: Manuel Ruiz<\/span><br \/>\n<span style=\"font-family: helvetica, arial, sans-serif; font-size: 12pt;\">2n CFGS Desenvolupament d&#8217;aplicacions web: Jordi Valentin<\/span><br \/>\n<span style=\"font-family: helvetica, arial, sans-serif; font-size: 12pt;\">1r CFGS Administraci\u00f3 de sistemes i xarxes | Especialitat ciberseguretat: \u00c1lex P\u00e9rez<\/span><br \/>\n<span style=\"font-family: helvetica, arial, sans-serif; font-size: 12pt;\">2n CFGS Administraci\u00f3 de sistemes i xarxes | Especialitat ciberseguretat: Roger L\u00f3pez<\/span><\/p>\n<p><span style=\"font-family: helvetica, arial, sans-serif; font-size: 12pt;\"><strong><span style=\"color: #666699;\">Tutors\/es de cicles formatius de la fam\u00edlia professional d\u2019electricitat i electr\u00f2nica:<\/span><\/strong><\/span><\/p>\n<p><span style=\"font-family: helvetica, arial, sans-serif; font-size: 12pt;\">1r CFGM Instal\u00b7lacions el\u00e8ctriques i autom\u00e0tiques: Joan Oliva \/ Jose M. Gonzalez<\/span><br \/>\n<span style=\"font-family: helvetica, arial, sans-serif; font-size: 12pt;\">2n CFGM Instal\u00b7lacions el\u00e8ctriques i autom\u00e0tiques: Daniel Pelaez<\/span><br \/>\n<span style=\"font-family: helvetica, arial, sans-serif; font-size: 12pt;\">1r CFGS Sistemes electrot\u00e8cnics i automatitzats: Cristina Cobos \/ Francisco Peralta<\/span><br \/>\n<span style=\"font-family: helvetica, arial, sans-serif; font-size: 12pt;\">2n CFGS Sistemes electrot\u00e8cnics i automatitzats: Jorge L\u00e1zaro<\/span><\/p>\n<p><span style=\"font-family: helvetica, arial, sans-serif; font-size: 12pt;\"><strong><span style=\"color: #666699;\">Tutors\/es de cicles formatius de la fam\u00edlia professional d&#8217;activitats f\u00edsiques i esportives:<\/span><\/strong><\/span><\/p>\n<p><span style=\"font-family: helvetica, arial, sans-serif; font-size: 12pt;\">1r CFGM Guia en el medi natural i de temps de lleure A: Pau Andr\u00e9s<\/span><br \/>\n<span style=\"font-family: helvetica, arial, sans-serif; font-size: 12pt;\">1r CFGM Guia en el medi natural i de temps de lleure B: Anna Baeza<\/span><br \/>\n<span style=\"font-family: helvetica, arial, sans-serif; font-size: 12pt;\">2n CFGM Guia en el medi natural i de temps de lleure: Marti Casals<\/span><br \/>\n<span style=\"font-family: helvetica, arial, sans-serif; font-size: 12pt;\">1r CFGS Condicionament f\u00edsic: Joan Rey<\/span><br \/>\n<span style=\"font-family: helvetica, arial, sans-serif; font-size: 12pt;\">2n CFGS Condicionament f\u00edsic: Marina Gargallo<\/span><\/p>\n<p><span style=\"font-family: helvetica, arial, sans-serif; font-size: 12pt;\"><strong><span style=\"color: #666699;\">Tutors de Programes de formaci\u00f3 i inserci\u00f3 (PFI):<\/span><\/strong><\/span><\/p>\n<p><span style=\"font-family: helvetica, arial, sans-serif; font-size: 12pt;\">PFI Auxiliar de Muntatge i Manteniment d\u2019Equips Inform\u00e0tics: Franco Murer<\/span><br \/>\n<span style=\"font-family: helvetica, arial, sans-serif; font-size: 12pt;\">PFI Auxiliar d\u2019Activitats d\u2019Oficina i en Serveis Administratius Generals: Marta Camacho<\/span><br \/>\n<span style=\"font-family: helvetica, arial, sans-serif; font-size: 12pt;\">PFI Auxiliar de Muntatges d\u2019Instal\u00b7lacions Electrot\u00e8cniques en Edificis: Judit Bertral<\/span><br \/>\n<span style=\"font-family: helvetica, arial, sans-serif; font-size: 12pt;\">PFI Auxiliar d\u2019Activitats Esportives: Emma Plana<\/span><\/p>\n<p><span style=\"font-family: helvetica, arial, sans-serif; font-size: 12pt;\"><strong><span style=\"color: #666699;\">Personal d&#8217;administraci\u00f3 i serveis:<\/span><\/strong><\/span><\/p>\n<p><span style=\"font-family: helvetica, arial, sans-serif; font-size: 12pt;\">Administraci\u00f3: Cristina Gonz\u00e1lez, Miguel \u00c1ngel Masegosa<\/span><br \/>\n<span style=\"font-family: helvetica, arial, sans-serif; font-size: 12pt;\">Consergeria: Carmen Roldan, Mari Gomis, Sonia Ram\u00edrez<\/span><\/p>\n","protected":false},"excerpt":{"rendered":"<p>Equip directiu Director: Juli\u00e1n del Amo Secret\u00e0ria: Inma de Dios Cap d\u2019estudis: Andr\u00e9s Valenzuela Cap d&#8217;estudis adjunt: Edgar Esterli Coordinadora Pedag\u00f2gica: Anna Reina Caps de departament Departament d\u2019Administraci\u00f3 i gesti\u00f3: Concepci\u00f3 Oliva Departament d&#8217;Edificaci\u00f3 i Obra civil: Xavier Teixidor Departament d\u2019Electricitat i electr\u00f2nica: Dani Cueva Departament d\u2019Inform\u00e0tica i comunicacions: Albert Milian Departament d\u2019Activitats f\u00edsiques i [&hellip;]<\/p>\n","protected":false},"author":1,"featured_media":0,"parent":19,"menu_order":11,"comment_status":"closed","ping_status":"closed","template":"","meta":{"site-sidebar-layout":"default","site-content-layout":"","ast-site-content-layout":"default","site-content-style":"default","site-sidebar-style":"default","ast-global-header-display":"","ast-banner-title-visibility":"","ast-main-header-display":"","ast-hfb-above-header-display":"","ast-hfb-below-header-display":"","ast-hfb-mobile-header-display":"","site-post-title":"","ast-breadcrumbs-content":"","ast-featured-img":"","footer-sml-layout":"","theme-transparent-header-meta":"default","adv-header-id-meta":"","stick-header-meta":"","header-above-stick-meta":"","header-main-stick-meta":"","header-below-stick-meta":"","astra-migrate-meta-layouts":"set","ast-page-background-enabled":"default","ast-page-background-meta":{"desktop":{"background-color":"var(--ast-global-color-4)","background-image":"","background-repeat":"repeat","background-position":"center center","background-size":"auto","background-attachment":"scroll","background-type":"","background-media":"","overlay-type":"","overlay-color":"","overlay-opacity":"","overlay-gradient":""},"tablet":{"background-color":"","background-image":"","background-repeat":"repeat","background-position":"center center","background-size":"auto","background-attachment":"scroll","background-type":"","background-media":"","overlay-type":"","overlay-color":"","overlay-opacity":"","overlay-gradient":""},"mobile":{"background-color":"","background-image":"","background-repeat":"repeat","background-position":"center center","background-size":"auto","background-attachment":"scroll","background-type":"","background-media":"","overlay-type":"","overlay-color":"","overlay-opacity":"","overlay-gradient":""}},"ast-content-background-meta":{"desktop":{"background-color":"var(--ast-global-color-5)","background-image":"","background-repeat":"repeat","background-position":"center center","background-size":"auto","background-attachment":"scroll","background-type":"","background-media":"","overlay-type":"","overlay-color":"","overlay-opacity":"","overlay-gradient":""},"tablet":{"background-color":"var(--ast-global-color-5)","background-image":"","background-repeat":"repeat","background-position":"center center","background-size":"auto","background-attachment":"scroll","background-type":"","background-media":"","overlay-type":"","overlay-color":"","overlay-opacity":"","overlay-gradient":""},"mobile":{"background-color":"var(--ast-global-color-5)","background-image":"","background-repeat":"repeat","background-position":"center center","background-size":"auto","background-attachment":"scroll","background-type":"","background-media":"","overlay-type":"","overlay-color":"","overlay-opacity":"","overlay-gradient":""}},"footnotes":""},"class_list":["post-43","page","type-page","status-publish","hentry"],"post_mailing_queue_ids":[],"_links":{"self":[{"href":"https:\/\/agora.xtec.cat\/insbadia\/wp-json\/wp\/v2\/pages\/43","targetHints":{"allow":["GET"]}}],"collection":[{"href":"https:\/\/agora.xtec.cat\/insbadia\/wp-json\/wp\/v2\/pages"}],"about":[{"href":"https:\/\/agora.xtec.cat\/insbadia\/wp-json\/wp\/v2\/types\/page"}],"author":[{"embeddable":true,"href":"https:\/\/agora.xtec.cat\/insbadia\/wp-json\/wp\/v2\/users\/1"}],"replies":[{"embeddable":true,"href":"https:\/\/agora.xtec.cat\/insbadia\/wp-json\/wp\/v2\/comments?post=43"}],"version-history":[{"count":8,"href":"https:\/\/agora.xtec.cat\/insbadia\/wp-json\/wp\/v2\/pages\/43\/revisions"}],"predecessor-version":[{"id":14912,"href":"https:\/\/agora.xtec.cat\/insbadia\/wp-json\/wp\/v2\/pages\/43\/revisions\/14912"}],"up":[{"embeddable":true,"href":"https:\/\/agora.xtec.cat\/insbadia\/wp-json\/wp\/v2\/pages\/19"}],"wp:attachment":[{"href":"https:\/\/agora.xtec.cat\/insbadia\/wp-json\/wp\/v2\/media?parent=43"}],"curies":[{"name":"wp","href":"https:\/\/api.w.org\/{rel}","templated":true}]}}