{"id":357,"date":"2016-02-05T09:45:59","date_gmt":"2016-02-05T08:45:59","guid":{"rendered":"http:\/\/agora.xtec.cat\/insbadia\/?page_id=357"},"modified":"2026-04-16T10:47:52","modified_gmt":"2026-04-16T08:47:52","slug":"formacio-professional","status":"publish","type":"page","link":"https:\/\/agora.xtec.cat\/insbadia\/formacio-professional\/","title":{"rendered":"Estudis"},"content":{"rendered":"<p><span style=\"font-size: 24pt; color: #993366;\"><strong><span style=\"font-family: helvetica, arial, sans-serif;\">Impulsa el teu futur a l&#8217;Institut d&#8217;FP de Badia del Vall\u00e8s!<\/span><\/strong><\/span><\/p>\n<p data-start=\"215\" data-end=\"464\"><span style=\"font-family: helvetica, arial, sans-serif; font-size: 12pt;\">Som un centre de refer\u00e8ncia en FP, amb una s\u00f2lida experi\u00e8ncia formant professionals preparats i preparades per afrontar els reptes del m\u00f3n laboral. El nostre equip docent, proper i especialitzat, t\u2019acompanya perqu\u00e8 treguis el m\u00e0xim rendiment de la teva formaci\u00f3.<\/span><\/p>\n<p data-start=\"466\" data-end=\"723\"><span style=\"font-family: helvetica, arial, sans-serif; font-size: 12pt;\">Oferim cicles formatius actualitzats, pr\u00e0ctics i orientats a sectors amb alta demanda professional. Aprendr\u00e0s fent, amb tecnologia real i situacions similars a les que trobar\u00e0s a l\u2019empresa, desenvolupant tant compet\u00e8ncies t\u00e8cniques com habilitats personals.\u00a0<\/span><span style=\"font-family: helvetica, arial, sans-serif; font-size: 12pt;\">A m\u00e9s, treballem estretament amb empreses del territori per facilitar les pr\u00e0ctiques i millorar les teves oportunitats d\u2019inserci\u00f3 laboral des del primer moment.<\/span><\/p>\n<p data-start=\"887\" data-end=\"959\">\n<p style=\"text-align: center;\"><iframe loading=\"lazy\" title=\"YouTube video player\" src=\"https:\/\/www.youtube.com\/embed\/e4crqqPQGn4\" width=\"800\" height=\"600\" frameborder=\"0\" allowfullscreen=\"allowfullscreen\"><\/iframe><\/p>\n","protected":false},"excerpt":{"rendered":"<p>Impulsa el teu futur a l&#8217;Institut d&#8217;FP de Badia del Vall\u00e8s! Som un centre de refer\u00e8ncia en FP, amb una s\u00f2lida experi\u00e8ncia formant professionals preparats i preparades per afrontar els reptes del m\u00f3n laboral. El nostre equip docent, proper i especialitzat, t\u2019acompanya perqu\u00e8 treguis el m\u00e0xim rendiment de la teva formaci\u00f3. Oferim cicles formatius actualitzats, [&hellip;]<\/p>\n","protected":false},"author":1,"featured_media":0,"parent":0,"menu_order":10,"comment_status":"closed","ping_status":"closed","template":"","meta":{"site-sidebar-layout":"default","site-content-layout":"","ast-site-content-layout":"default","site-content-style":"default","site-sidebar-style":"default","ast-global-header-display":"","ast-banner-title-visibility":"","ast-main-header-display":"","ast-hfb-above-header-display":"","ast-hfb-below-header-display":"","ast-hfb-mobile-header-display":"","site-post-title":"disabled","ast-breadcrumbs-content":"","ast-featured-img":"","footer-sml-layout":"","theme-transparent-header-meta":"default","adv-header-id-meta":"","stick-header-meta":"","header-above-stick-meta":"","header-main-stick-meta":"","header-below-stick-meta":"","astra-migrate-meta-layouts":"set","ast-page-background-enabled":"default","ast-page-background-meta":{"desktop":{"background-color":"var(--ast-global-color-4)","background-image":"","background-repeat":"repeat","background-position":"center center","background-size":"auto","background-attachment":"scroll","background-type":"","background-media":"","overlay-type":"","overlay-color":"","overlay-opacity":"","overlay-gradient":""},"tablet":{"background-color":"","background-image":"","background-repeat":"repeat","background-position":"center center","background-size":"auto","background-attachment":"scroll","background-type":"","background-media":"","overlay-type":"","overlay-color":"","overlay-opacity":"","overlay-gradient":""},"mobile":{"background-color":"","background-image":"","background-repeat":"repeat","background-position":"center center","background-size":"auto","background-attachment":"scroll","background-type":"","background-media":"","overlay-type":"","overlay-color":"","overlay-opacity":"","overlay-gradient":""}},"ast-content-background-meta":{"desktop":{"background-color":"var(--ast-global-color-5)","background-image":"","background-repeat":"repeat","background-position":"center center","background-size":"auto","background-attachment":"scroll","background-type":"","background-media":"","overlay-type":"","overlay-color":"","overlay-opacity":"","overlay-gradient":""},"tablet":{"background-color":"var(--ast-global-color-5)","background-image":"","background-repeat":"repeat","background-position":"center center","background-size":"auto","background-attachment":"scroll","background-type":"","background-media":"","overlay-type":"","overlay-color":"","overlay-opacity":"","overlay-gradient":""},"mobile":{"background-color":"var(--ast-global-color-5)","background-image":"","background-repeat":"repeat","background-position":"center center","background-size":"auto","background-attachment":"scroll","background-type":"","background-media":"","overlay-type":"","overlay-color":"","overlay-opacity":"","overlay-gradient":""}},"footnotes":""},"class_list":["post-357","page","type-page","status-publish","hentry"],"post_mailing_queue_ids":[],"_links":{"self":[{"href":"https:\/\/agora.xtec.cat\/insbadia\/wp-json\/wp\/v2\/pages\/357","targetHints":{"allow":["GET"]}}],"collection":[{"href":"https:\/\/agora.xtec.cat\/insbadia\/wp-json\/wp\/v2\/pages"}],"about":[{"href":"https:\/\/agora.xtec.cat\/insbadia\/wp-json\/wp\/v2\/types\/page"}],"author":[{"embeddable":true,"href":"https:\/\/agora.xtec.cat\/insbadia\/wp-json\/wp\/v2\/users\/1"}],"replies":[{"embeddable":true,"href":"https:\/\/agora.xtec.cat\/insbadia\/wp-json\/wp\/v2\/comments?post=357"}],"version-history":[{"count":7,"href":"https:\/\/agora.xtec.cat\/insbadia\/wp-json\/wp\/v2\/pages\/357\/revisions"}],"predecessor-version":[{"id":14913,"href":"https:\/\/agora.xtec.cat\/insbadia\/wp-json\/wp\/v2\/pages\/357\/revisions\/14913"}],"wp:attachment":[{"href":"https:\/\/agora.xtec.cat\/insbadia\/wp-json\/wp\/v2\/media?parent=357"}],"curies":[{"name":"wp","href":"https:\/\/api.w.org\/{rel}","templated":true}]}}