{"id":19,"date":"2014-09-17T14:56:56","date_gmt":"2014-09-17T14:56:56","guid":{"rendered":"http:\/\/agora.xtec.cat\/insbadia\/?page_id=19"},"modified":"2025-01-23T13:51:35","modified_gmt":"2025-01-23T12:51:35","slug":"linstitut","status":"publish","type":"page","link":"https:\/\/agora.xtec.cat\/insbadia\/linstitut\/","title":{"rendered":"L&#8217;institut"},"content":{"rendered":"<p>L\u2019Institut de Badia del Vall\u00e8s \u00e9s un centre educatiu p\u00fablic de la Generalitat de Catalunya, amb m\u00e9s de 30 anys d&#8217;experi\u00e8ncia d&#8217;en\u00e7\u00e0 que l&#8217;any 1986 es va posar en funcionament.<\/p>\n<p><img loading=\"lazy\" decoding=\"async\" class=\"aligncenter size-full wp-image-12689\" src=\"https:\/\/agora.xtec.cat\/insbadia\/wp-content\/uploads\/usu1299\/2023\/10\/Banner3_InsBadia.png\" alt=\"\" width=\"1000\" height=\"220\" srcset=\"https:\/\/agora.xtec.cat\/insbadia\/wp-content\/uploads\/usu1299\/2023\/10\/Banner3_InsBadia.png 1000w, https:\/\/agora.xtec.cat\/insbadia\/wp-content\/uploads\/usu1299\/2023\/10\/Banner3_InsBadia-300x66.png 300w, https:\/\/agora.xtec.cat\/insbadia\/wp-content\/uploads\/usu1299\/2023\/10\/Banner3_InsBadia-768x169.png 768w\" sizes=\"auto, (max-width: 1000px) 100vw, 1000px\" \/><\/p>\n<p>En els seus inicis, l&#8217;oferta formativa s&#8217;enfocava a la Formaci\u00f3 Professional, oferint estudis de les fam\u00edlies professionals d&#8217;administraci\u00f3 i gesti\u00f3 i electricitat i electr\u00f2nica. L\u2019any 1994 es va introduir de forma avan\u00e7ada i volunt\u00e0ria la reforma educativa, incorporant a l&#8217;oferta formativa estudis d&#8217;ESO i Batxillerat. Al llarg dels anys l&#8217;Institut ha anat ampliant la seva oferta formativa, incorporant per exemple l\u2019any 2003 la fam\u00edlia professional d&#8217;inform\u00e0tica i comunicacions o recentment, la fam\u00edlia professional d&#8217;activitats f\u00edsiques i esportives o la fam\u00edlia professional d&#8217;edificaci\u00f3 i obra civil.<\/p>\n<p><span style=\"font-family: inherit; font-size: 1em;\">Des del seu inici, l&#8217;Institut s\u2019ha caracteritzat sempre pel seu esfor\u00e7 en oferir un espai de conviv\u00e8ncia i un entorn d&#8217;aprenentatge que fomenti les capacitats de tot l&#8217;alumnat, contribuint al seu desenvolupament personal i professional durant la seva etapa educativa al centre.\u00a0<\/span><\/p>\n<div>\n<p>Al llarg dels anys, l&#8217;Institut ha sabut adaptar-se als canvis socials i als requeriments de les lleis educatives, mantenint sempre un clima positiu que ha perm\u00e8s abordar noves situacions amb esperit constructiu. Amb el pas dels anys, el claustre ha experimentat una renovaci\u00f3 notable, amb una combinaci\u00f3 de membres veterans que porten amb ells l&#8217;experi\u00e8ncia acumulada i nous docents plens d&#8217;entusiasme i idees innovadores.<\/p>\n<\/div>\n","protected":false},"excerpt":{"rendered":"<p>L\u2019Institut de Badia del Vall\u00e8s \u00e9s un centre educatiu p\u00fablic de la Generalitat de Catalunya, amb m\u00e9s de 30 anys d&#8217;experi\u00e8ncia d&#8217;en\u00e7\u00e0 que l&#8217;any 1986 es va posar en funcionament. En els seus inicis, l&#8217;oferta formativa s&#8217;enfocava a la Formaci\u00f3 Professional, oferint estudis de les fam\u00edlies professionals d&#8217;administraci\u00f3 i gesti\u00f3 i electricitat i electr\u00f2nica. L\u2019any [&hellip;]<\/p>\n","protected":false},"author":1,"featured_media":0,"parent":0,"menu_order":10,"comment_status":"closed","ping_status":"closed","template":"page-templates\/side-menu.php","meta":{"site-sidebar-layout":"default","site-content-layout":"","ast-site-content-layout":"","site-content-style":"default","site-sidebar-style":"default","ast-global-header-display":"","ast-banner-title-visibility":"","ast-main-header-display":"","ast-hfb-above-header-display":"","ast-hfb-below-header-display":"","ast-hfb-mobile-header-display":"","site-post-title":"","ast-breadcrumbs-content":"","ast-featured-img":"","footer-sml-layout":"","theme-transparent-header-meta":"","adv-header-id-meta":"","stick-header-meta":"","header-above-stick-meta":"","header-main-stick-meta":"","header-below-stick-meta":"","astra-migrate-meta-layouts":"default","ast-page-background-enabled":"default","ast-page-background-meta":{"desktop":{"background-color":"var(--ast-global-color-4)","background-image":"","background-repeat":"repeat","background-position":"center center","background-size":"auto","background-attachment":"scroll","background-type":"","background-media":"","overlay-type":"","overlay-color":"","overlay-opacity":"","overlay-gradient":""},"tablet":{"background-color":"","background-image":"","background-repeat":"repeat","background-position":"center center","background-size":"auto","background-attachment":"scroll","background-type":"","background-media":"","overlay-type":"","overlay-color":"","overlay-opacity":"","overlay-gradient":""},"mobile":{"background-color":"","background-image":"","background-repeat":"repeat","background-position":"center center","background-size":"auto","background-attachment":"scroll","background-type":"","background-media":"","overlay-type":"","overlay-color":"","overlay-opacity":"","overlay-gradient":""}},"ast-content-background-meta":{"desktop":{"background-color":"var(--ast-global-color-5)","background-image":"","background-repeat":"repeat","background-position":"center center","background-size":"auto","background-attachment":"scroll","background-type":"","background-media":"","overlay-type":"","overlay-color":"","overlay-opacity":"","overlay-gradient":""},"tablet":{"background-color":"var(--ast-global-color-5)","background-image":"","background-repeat":"repeat","background-position":"center center","background-size":"auto","background-attachment":"scroll","background-type":"","background-media":"","overlay-type":"","overlay-color":"","overlay-opacity":"","overlay-gradient":""},"mobile":{"background-color":"var(--ast-global-color-5)","background-image":"","background-repeat":"repeat","background-position":"center center","background-size":"auto","background-attachment":"scroll","background-type":"","background-media":"","overlay-type":"","overlay-color":"","overlay-opacity":"","overlay-gradient":""}},"footnotes":""},"class_list":["post-19","page","type-page","status-publish","hentry"],"post_mailing_queue_ids":[],"_links":{"self":[{"href":"https:\/\/agora.xtec.cat\/insbadia\/wp-json\/wp\/v2\/pages\/19","targetHints":{"allow":["GET"]}}],"collection":[{"href":"https:\/\/agora.xtec.cat\/insbadia\/wp-json\/wp\/v2\/pages"}],"about":[{"href":"https:\/\/agora.xtec.cat\/insbadia\/wp-json\/wp\/v2\/types\/page"}],"author":[{"embeddable":true,"href":"https:\/\/agora.xtec.cat\/insbadia\/wp-json\/wp\/v2\/users\/1"}],"replies":[{"embeddable":true,"href":"https:\/\/agora.xtec.cat\/insbadia\/wp-json\/wp\/v2\/comments?post=19"}],"version-history":[{"count":6,"href":"https:\/\/agora.xtec.cat\/insbadia\/wp-json\/wp\/v2\/pages\/19\/revisions"}],"predecessor-version":[{"id":13927,"href":"https:\/\/agora.xtec.cat\/insbadia\/wp-json\/wp\/v2\/pages\/19\/revisions\/13927"}],"wp:attachment":[{"href":"https:\/\/agora.xtec.cat\/insbadia\/wp-json\/wp\/v2\/media?parent=19"}],"curies":[{"name":"wp","href":"https:\/\/api.w.org\/{rel}","templated":true}]}}