{"id":15006,"date":"2026-04-30T14:35:48","date_gmt":"2026-04-30T12:35:48","guid":{"rendered":"https:\/\/agora.xtec.cat\/insbadia\/?page_id=15006"},"modified":"2026-05-05T18:19:45","modified_gmt":"2026-05-05T16:19:45","slug":"matricula26-27","status":"publish","type":"page","link":"https:\/\/agora.xtec.cat\/insbadia\/secretaria\/matricula26-27\/","title":{"rendered":"Matr\u00edcula"},"content":{"rendered":"<h3><span style=\"font-family: helvetica, arial, sans-serif;\"><span style=\"color: #000000;\"><span style=\"color: #993366;\">MATR\u00cdCULA <\/span><\/span><span style=\"color: #000000;\">|<\/span> PFI i <span style=\"color: #ff0000;\"><span style=\"color: #000000;\">Cicles Formatius | <\/span><\/span><\/span><span style=\"font-family: helvetica, arial, sans-serif; font-size: 24px;\">Curs<\/span><span style=\"font-family: helvetica, arial, sans-serif;\"><span style=\"font-size: 24px;\">\u00a0<\/span><span style=\"color: #993366;\">2026-2027<\/span><\/span><\/h3>\n<p><span style=\"font-family: helvetica, arial, sans-serif; font-size: 12pt;\">Una vegada s&#8217;ha obtingut pla\u00e7a en el proc\u00e9s de preinscripci\u00f3, \u00e9s imprescindible dur a terme la matr\u00edcula al centre educatiu. En el cas de l&#8217;Institut d&#8217;FP de Badia del Vall\u00e8s, la matr\u00edcula es porta a terme de forma telem\u00e0tica, mitjan\u00e7ant una aplicaci\u00f3 de matr\u00edcula. Consulta a continuaci\u00f3 les dates i documentaci\u00f3 necess\u00e0ria.<\/span><\/p>\n<h5><span style=\"font-family: helvetica, arial, sans-serif; font-size: 18pt; color: #993366;\"><strong>Dates de matr\u00edcula<\/strong><\/span><\/h5>\n<p><span style=\"font-family: helvetica, arial, sans-serif; font-size: 12pt;\">Cal seguir rigorosament el calendari de matriculaci\u00f3. Si la matr\u00edcula no es fa en el per\u00edode establert, es considera que es renuncia a la pla\u00e7a adjudicada.<\/span><\/p>\n<ul style=\"list-style-type: square;\">\n<li><strong><span style=\"font-family: helvetica, arial, sans-serif; font-size: 12pt; color: #993366;\">Matr\u00edcula alumnat de continuitat<\/span><\/strong><span style=\"font-family: helvetica, arial, sans-serif; font-size: 12pt; color: #993366;\"> (alumnat que passa de 1er a 2n curs o alumnat que repeteix curs)<\/span>\n<ul style=\"list-style-type: square;\">\n<li><span style=\"font-family: helvetica, arial, sans-serif; font-size: 12pt;\">Del 25 juny al 3 de juliol de 2026<\/span><\/li>\n<\/ul>\n<\/li>\n<li><span style=\"color: #993366;\"><strong><span style=\"font-family: helvetica, arial, sans-serif; font-size: 12pt;\">Matr\u00edcula de nou alumnat de PFI<\/span><\/strong><\/span>\n<ul>\n<li><span style=\"font-family: helvetica, arial, sans-serif; font-size: 12pt;\">Del 6 al 10 de juliol de 2026: per\u00edode per completar la matr\u00edcula per alumnat que ha obtingut pla\u00e7a<\/span><\/li>\n<\/ul>\n<\/li>\n<li><strong><span style=\"font-family: helvetica, arial, sans-serif; font-size: 12pt; color: #993366;\">Matr\u00edcula de nou alumnat de Cicles Formatius de Grau Mitj\u00e0 i Superior <\/span><\/strong><span style=\"font-family: helvetica, arial, sans-serif; font-size: 12pt; color: #993366;\">(alumnat nou o que accedeix a uns altres estudis i que ha obtingut pla\u00e7a en la preinscripci\u00f3)<\/span>\n<ul>\n<li><span style=\"font-family: helvetica, arial, sans-serif; font-size: 12pt;\">Del 10 al 16 de juliol de 2026: per\u00edode per completar la matr\u00edcula per alumnat que ha obtingut pla\u00e7a en 1a tanda<\/span><\/li>\n<li><span style=\"font-family: helvetica, arial, sans-serif; font-size: 12pt;\">Del 24 al 28 de juliol de 2026: per\u00edode per completar la matr\u00edcula per alumnat que ha obtingut pla\u00e7a en 2a tanda<\/span><\/li>\n<\/ul>\n<\/li>\n<\/ul>\n<h5><span style=\"font-family: helvetica, arial, sans-serif; font-size: 18pt; color: #993366;\"><strong>Com es fa la matr\u00edcula?<\/strong><\/span><\/h5>\n<p><span style=\"font-family: helvetica, arial, sans-serif; font-size: 12pt;\">La matr\u00edcula es fa de forma telem\u00e0tica, una vegada s&#8217;ha obtingut i confirmat l&#8217;assignaci\u00f3 de pla\u00e7a al proc\u00e9s de preinscripci\u00f3 (en el cas de nou alumnat).<\/span><\/p>\n<p><span style=\"font-family: helvetica, arial, sans-serif; font-size: 12pt;\">Enlla\u00e7 a la formalitzaci\u00f3 de matr\u00edcula: <strong><span style=\"color: #993366;\"><a style=\"color: #993366;\" href=\"https:\/\/matricula.ibadia.cat\/\" target=\"_blank\" rel=\"noopener\">https:\/\/matricula.ibadia.cat\/<\/a><\/span><\/strong><\/span><\/p>\n<h5><span style=\"font-family: helvetica, arial, sans-serif; font-size: 18pt; color: #993366;\"><strong>Documentaci\u00f3 a presentar<\/strong><\/span><\/h5>\n<p><span style=\"font-family: helvetica, arial, sans-serif; font-size: 12pt;\">Per completar la matr\u00edcula, caldr\u00e0 adjuntar la documentaci\u00f3 seg\u00fcent:<\/span><\/p>\n<ul>\n<li><span style=\"font-family: helvetica, arial, sans-serif; font-size: 12pt;\">DNI\/NIE\/Passaport de l&#8217;alumne\/a<\/span><\/li>\n<li><span style=\"font-family: helvetica, arial, sans-serif; font-size: 12pt;\">Llibre de fam\u00edlia i DNI\/NIE\/Passaport dels progenitors o tutors legals (nom\u00e9s per alumnat menor d&#8217;edat)<\/span><\/li>\n<li><span style=\"font-family: helvetica, arial, sans-serif; font-size: 12pt;\">Fotografia de carnet<\/span><\/li>\n<li><span style=\"font-family: helvetica, arial, sans-serif; font-size: 12pt;\">Targeta Sanitaria Individual<\/span><\/li>\n<li><span style=\"font-family: helvetica, arial, sans-serif; font-size: 12pt;\">Documents acreditatius d&#8217;exempcions\/bonificacions (si s&#8217;apliquen)<\/span><\/li>\n<li><span style=\"font-family: helvetica, arial, sans-serif; font-size: 12pt;\">Titulaci\u00f3 de requisits d&#8217;acc\u00e9s<\/span><\/li>\n<li><span style=\"font-family: helvetica, arial, sans-serif; font-size: 12pt;\">El pagament de l&#8217;import de la matr\u00edcula i taxes (si s&#8217;apliquen) es realitza amb tarjeta banc\u00e0ria en el moment de fer la matr\u00edcula (accedint a la informaci\u00f3 de cada estudi, es pot consultar l&#8217;import de matr\u00edcula)<\/span><\/li>\n<\/ul>\n","protected":false},"excerpt":{"rendered":"<p>MATR\u00cdCULA | PFI i Cicles Formatius | Curs\u00a02026-2027 Una vegada s&#8217;ha obtingut pla\u00e7a en el proc\u00e9s de preinscripci\u00f3, \u00e9s imprescindible dur a terme la matr\u00edcula al centre educatiu. En el cas de l&#8217;Institut d&#8217;FP de Badia del Vall\u00e8s, la matr\u00edcula es porta a terme de forma telem\u00e0tica, mitjan\u00e7ant una aplicaci\u00f3 de matr\u00edcula. Consulta a continuaci\u00f3 [&hellip;]<\/p>\n","protected":false},"author":1,"featured_media":0,"parent":81,"menu_order":44,"comment_status":"closed","ping_status":"closed","template":"","meta":{"site-sidebar-layout":"left-sidebar","site-content-layout":"","ast-site-content-layout":"default","site-content-style":"default","site-sidebar-style":"default","ast-global-header-display":"","ast-banner-title-visibility":"","ast-main-header-display":"","ast-hfb-above-header-display":"","ast-hfb-below-header-display":"","ast-hfb-mobile-header-display":"","site-post-title":"disabled","ast-breadcrumbs-content":"","ast-featured-img":"","footer-sml-layout":"","theme-transparent-header-meta":"default","adv-header-id-meta":"","stick-header-meta":"","header-above-stick-meta":"","header-main-stick-meta":"","header-below-stick-meta":"","astra-migrate-meta-layouts":"set","ast-page-background-enabled":"default","ast-page-background-meta":{"desktop":{"background-color":"var(--ast-global-color-4)","background-image":"","background-repeat":"repeat","background-position":"center center","background-size":"auto","background-attachment":"scroll","background-type":"","background-media":"","overlay-type":"","overlay-color":"","overlay-opacity":"","overlay-gradient":""},"tablet":{"background-color":"","background-image":"","background-repeat":"repeat","background-position":"center center","background-size":"auto","background-attachment":"scroll","background-type":"","background-media":"","overlay-type":"","overlay-color":"","overlay-opacity":"","overlay-gradient":""},"mobile":{"background-color":"","background-image":"","background-repeat":"repeat","background-position":"center center","background-size":"auto","background-attachment":"scroll","background-type":"","background-media":"","overlay-type":"","overlay-color":"","overlay-opacity":"","overlay-gradient":""}},"ast-content-background-meta":{"desktop":{"background-color":"var(--ast-global-color-5)","background-image":"","background-repeat":"repeat","background-position":"center center","background-size":"auto","background-attachment":"scroll","background-type":"","background-media":"","overlay-type":"","overlay-color":"","overlay-opacity":"","overlay-gradient":""},"tablet":{"background-color":"var(--ast-global-color-5)","background-image":"","background-repeat":"repeat","background-position":"center center","background-size":"auto","background-attachment":"scroll","background-type":"","background-media":"","overlay-type":"","overlay-color":"","overlay-opacity":"","overlay-gradient":""},"mobile":{"background-color":"var(--ast-global-color-5)","background-image":"","background-repeat":"repeat","background-position":"center center","background-size":"auto","background-attachment":"scroll","background-type":"","background-media":"","overlay-type":"","overlay-color":"","overlay-opacity":"","overlay-gradient":""}},"footnotes":""},"class_list":["post-15006","page","type-page","status-publish","hentry"],"post_mailing_queue_ids":[],"_links":{"self":[{"href":"https:\/\/agora.xtec.cat\/insbadia\/wp-json\/wp\/v2\/pages\/15006","targetHints":{"allow":["GET"]}}],"collection":[{"href":"https:\/\/agora.xtec.cat\/insbadia\/wp-json\/wp\/v2\/pages"}],"about":[{"href":"https:\/\/agora.xtec.cat\/insbadia\/wp-json\/wp\/v2\/types\/page"}],"author":[{"embeddable":true,"href":"https:\/\/agora.xtec.cat\/insbadia\/wp-json\/wp\/v2\/users\/1"}],"replies":[{"embeddable":true,"href":"https:\/\/agora.xtec.cat\/insbadia\/wp-json\/wp\/v2\/comments?post=15006"}],"version-history":[{"count":7,"href":"https:\/\/agora.xtec.cat\/insbadia\/wp-json\/wp\/v2\/pages\/15006\/revisions"}],"predecessor-version":[{"id":15032,"href":"https:\/\/agora.xtec.cat\/insbadia\/wp-json\/wp\/v2\/pages\/15006\/revisions\/15032"}],"up":[{"embeddable":true,"href":"https:\/\/agora.xtec.cat\/insbadia\/wp-json\/wp\/v2\/pages\/81"}],"wp:attachment":[{"href":"https:\/\/agora.xtec.cat\/insbadia\/wp-json\/wp\/v2\/media?parent=15006"}],"curies":[{"name":"wp","href":"https:\/\/api.w.org\/{rel}","templated":true}]}}