{"id":14851,"date":"2026-04-07T10:44:16","date_gmt":"2026-04-07T08:44:16","guid":{"rendered":"https:\/\/agora.xtec.cat\/insbadia\/?page_id=14851"},"modified":"2026-04-07T11:16:18","modified_gmt":"2026-04-07T09:16:18","slug":"preinscripcio-i-matricula-pfi","status":"publish","type":"page","link":"https:\/\/agora.xtec.cat\/insbadia\/secretaria\/preinscripcio-i-matricula-pfi\/","title":{"rendered":"Preinscripci\u00f3 i Matr\u00edcula &#8211; PFI"},"content":{"rendered":"<h3><span style=\"font-family: helvetica, arial, sans-serif;\">Informaci\u00f3 del proc\u00e9s de <span style=\"color: #ff0000;\">preinscripci\u00f3<\/span> i <span style=\"color: #ff0000;\">matr\u00edcula <\/span><span style=\"color: #000000;\">|<\/span> <span style=\"color: #ff0000;\"><span style=\"color: #000000;\">PFI<br \/>\n<\/span><\/span><\/span><span style=\"font-family: helvetica, arial, sans-serif; font-size: 24px;\">Curs<\/span><span style=\"font-family: helvetica, arial, sans-serif;\"><span style=\"font-size: 24px;\">\u00a0<\/span><span style=\"color: #ff0000;\">2026-2027<\/span><\/span><\/h3>\n<h3><\/h3>\n<h3><strong><span style=\"font-family: helvetica, arial, sans-serif; color: #ff0000;\">Preinscripci\u00f3<\/span><\/strong><\/h3>\n<p><span style=\"font-family: helvetica, arial, sans-serif; font-size: 12pt;\">El proc\u00e9s de\u00a0<strong data-start=\"13\" data-end=\"30\">preinscripci\u00f3<\/strong>\u00a0\u00e9s el tr\u00e0mit per sol\u00b7licitar pla\u00e7a en un centre educatiu abans de la matr\u00edcula. Es realitza \u00edntegrament de forma telem\u00e0tica a la p\u00e0gina web:\u00a0<strong><a href=\"https:\/\/preinscripcio.gencat.cat\/\" target=\"_blank\" rel=\"noopener\">https:\/\/preinscripcio.gencat.cat\/<\/a><\/strong><\/span><\/p>\n<p><span style=\"font-family: helvetica, arial, sans-serif; font-size: 12pt;\"><img loading=\"lazy\" decoding=\"async\" class=\"aligncenter  wp-image-14852\" src=\"https:\/\/agora.xtec.cat\/insbadia\/wp-content\/uploads\/usu1299\/2026\/04\/Preinscripcio26_27_PFI_v2.png\" alt=\"\" width=\"930\" height=\"620\" srcset=\"https:\/\/agora.xtec.cat\/insbadia\/wp-content\/uploads\/usu1299\/2026\/04\/Preinscripcio26_27_PFI_v2.png 1536w, https:\/\/agora.xtec.cat\/insbadia\/wp-content\/uploads\/usu1299\/2026\/04\/Preinscripcio26_27_PFI_v2-300x200.png 300w, https:\/\/agora.xtec.cat\/insbadia\/wp-content\/uploads\/usu1299\/2026\/04\/Preinscripcio26_27_PFI_v2-1024x683.png 1024w, https:\/\/agora.xtec.cat\/insbadia\/wp-content\/uploads\/usu1299\/2026\/04\/Preinscripcio26_27_PFI_v2-768x512.png 768w\" sizes=\"auto, (max-width: 930px) 100vw, 930px\" \/><\/span><\/p>\n<p>&nbsp;<\/p>\n<hr \/>\n<h3><span style=\"font-family: helvetica, arial, sans-serif;\"><span style=\"color: #ff0000;\">Matr\u00edcula<\/span><\/span><\/h3>\n<p data-start=\"0\" data-end=\"105\"><span style=\"font-family: helvetica, arial, sans-serif; font-size: 12pt;\">La\u00a0<strong data-start=\"3\" data-end=\"16\">matr\u00edcula<\/strong>\u00a0\u00e9s el tr\u00e0mit final per confirmar i formalitzar la pla\u00e7a assignada en un centre educatiu.\u00a0\u00c9s important perqu\u00e8 assegura definitivament la pla\u00e7a; si no es fa dins del termini, es pot perdre. La matr\u00edcula es realitza al centre educatiu on s\u2019ha obtingut pla\u00e7a.<\/span><\/p>\n<p><strong style=\"font-family: helvetica, arial, sans-serif; font-size: 12pt;\">La matr\u00edcula a l\u2019Institut d\u2019FP de Badia del Vall\u00e8s es realitza de forma telem\u00e0tica a: <a href=\"https:\/\/matricula.ibadia.cat\/\" target=\"_blank\" rel=\"noopener\">https:\/\/matricula.ibadia.cat\/<\/a>\u00a0<\/strong><\/p>\n<p><span style=\"font-family: helvetica, arial, sans-serif; font-size: 12pt;\">Properament es publicar\u00e0 m\u00e9s informaci\u00f3 sobre com realitzar la matr\u00edcula per al curs 2026-2027.<\/span><\/p>\n","protected":false},"excerpt":{"rendered":"<p>Informaci\u00f3 del proc\u00e9s de preinscripci\u00f3 i matr\u00edcula | PFI Curs\u00a02026-2027 Preinscripci\u00f3 El proc\u00e9s de\u00a0preinscripci\u00f3\u00a0\u00e9s el tr\u00e0mit per sol\u00b7licitar pla\u00e7a en un centre educatiu abans de la matr\u00edcula. Es realitza \u00edntegrament de forma telem\u00e0tica a la p\u00e0gina web:\u00a0https:\/\/preinscripcio.gencat.cat\/ &nbsp; Matr\u00edcula La\u00a0matr\u00edcula\u00a0\u00e9s el tr\u00e0mit final per confirmar i formalitzar la pla\u00e7a assignada en un centre educatiu.\u00a0\u00c9s important [&hellip;]<\/p>\n","protected":false},"author":1,"featured_media":0,"parent":81,"menu_order":41,"comment_status":"closed","ping_status":"closed","template":"","meta":{"site-sidebar-layout":"left-sidebar","site-content-layout":"","ast-site-content-layout":"default","site-content-style":"default","site-sidebar-style":"default","ast-global-header-display":"","ast-banner-title-visibility":"","ast-main-header-display":"","ast-hfb-above-header-display":"","ast-hfb-below-header-display":"","ast-hfb-mobile-header-display":"","site-post-title":"","ast-breadcrumbs-content":"","ast-featured-img":"","footer-sml-layout":"","theme-transparent-header-meta":"default","adv-header-id-meta":"","stick-header-meta":"","header-above-stick-meta":"","header-main-stick-meta":"","header-below-stick-meta":"","astra-migrate-meta-layouts":"set","ast-page-background-enabled":"default","ast-page-background-meta":{"desktop":{"background-color":"var(--ast-global-color-4)","background-image":"","background-repeat":"repeat","background-position":"center center","background-size":"auto","background-attachment":"scroll","background-type":"","background-media":"","overlay-type":"","overlay-color":"","overlay-opacity":"","overlay-gradient":""},"tablet":{"background-color":"","background-image":"","background-repeat":"repeat","background-position":"center center","background-size":"auto","background-attachment":"scroll","background-type":"","background-media":"","overlay-type":"","overlay-color":"","overlay-opacity":"","overlay-gradient":""},"mobile":{"background-color":"","background-image":"","background-repeat":"repeat","background-position":"center center","background-size":"auto","background-attachment":"scroll","background-type":"","background-media":"","overlay-type":"","overlay-color":"","overlay-opacity":"","overlay-gradient":""}},"ast-content-background-meta":{"desktop":{"background-color":"var(--ast-global-color-5)","background-image":"","background-repeat":"repeat","background-position":"center center","background-size":"auto","background-attachment":"scroll","background-type":"","background-media":"","overlay-type":"","overlay-color":"","overlay-opacity":"","overlay-gradient":""},"tablet":{"background-color":"var(--ast-global-color-5)","background-image":"","background-repeat":"repeat","background-position":"center center","background-size":"auto","background-attachment":"scroll","background-type":"","background-media":"","overlay-type":"","overlay-color":"","overlay-opacity":"","overlay-gradient":""},"mobile":{"background-color":"var(--ast-global-color-5)","background-image":"","background-repeat":"repeat","background-position":"center center","background-size":"auto","background-attachment":"scroll","background-type":"","background-media":"","overlay-type":"","overlay-color":"","overlay-opacity":"","overlay-gradient":""}},"footnotes":""},"class_list":["post-14851","page","type-page","status-publish","hentry"],"post_mailing_queue_ids":[],"_links":{"self":[{"href":"https:\/\/agora.xtec.cat\/insbadia\/wp-json\/wp\/v2\/pages\/14851","targetHints":{"allow":["GET"]}}],"collection":[{"href":"https:\/\/agora.xtec.cat\/insbadia\/wp-json\/wp\/v2\/pages"}],"about":[{"href":"https:\/\/agora.xtec.cat\/insbadia\/wp-json\/wp\/v2\/types\/page"}],"author":[{"embeddable":true,"href":"https:\/\/agora.xtec.cat\/insbadia\/wp-json\/wp\/v2\/users\/1"}],"replies":[{"embeddable":true,"href":"https:\/\/agora.xtec.cat\/insbadia\/wp-json\/wp\/v2\/comments?post=14851"}],"version-history":[{"count":1,"href":"https:\/\/agora.xtec.cat\/insbadia\/wp-json\/wp\/v2\/pages\/14851\/revisions"}],"predecessor-version":[{"id":14853,"href":"https:\/\/agora.xtec.cat\/insbadia\/wp-json\/wp\/v2\/pages\/14851\/revisions\/14853"}],"up":[{"embeddable":true,"href":"https:\/\/agora.xtec.cat\/insbadia\/wp-json\/wp\/v2\/pages\/81"}],"wp:attachment":[{"href":"https:\/\/agora.xtec.cat\/insbadia\/wp-json\/wp\/v2\/media?parent=14851"}],"curies":[{"name":"wp","href":"https:\/\/api.w.org\/{rel}","templated":true}]}}