{"id":14762,"date":"2026-02-13T12:48:54","date_gmt":"2026-02-13T11:48:54","guid":{"rendered":"https:\/\/agora.xtec.cat\/insbadia\/?page_id=14762"},"modified":"2026-02-13T12:48:54","modified_gmt":"2026-02-13T11:48:54","slug":"programa-eoi","status":"publish","type":"page","link":"https:\/\/agora.xtec.cat\/insbadia\/projectes\/internacionalitzacio\/programa-eoi\/","title":{"rendered":"Programa EOI"},"content":{"rendered":"<p style=\"text-align: justify;\"><span style=\"font-family: helvetica, arial, sans-serif; font-size: 12pt;\">L\u2019Institut d&#8217;FP de Badia del Vall\u00e8s forma part del Programa de certificaci\u00f3 dels coneixements de lleng\u00fces estrangeres, recollit a la\u00a0 RESOLUCI\u00d3 EDU\/287\/2022, de 10 de febrer, per la qual es crea amb l&#8217;objectiu que els alumnes adquireixin les compet\u00e8ncies d&#8217;escoltar, llegir, parlar, escriure, interactuar i mediar, d&#8217;acord amb el Marc europeu com\u00fa de refer\u00e8ncia per a l&#8217;aprenentatge, l&#8217;ensenyament i l&#8217;avaluaci\u00f3 de les lleng\u00fces.<\/span><br \/>\n<span style=\"font-family: helvetica, arial, sans-serif; font-size: 12pt;\">\u00a0<\/span><br \/>\n<span style=\"font-family: helvetica, arial, sans-serif; font-size: 12pt;\">Amb la finalitat de fomentar l&#8217;increment de la compet\u00e8ncia en lleng\u00fces estrangeres a la Formaci\u00f3 Professional, es promou la col\u00b7laboraci\u00f3 entre les Escoles Oficials d&#8217;Idiomes (EOI de Sant Cugat) i el nostre centre.<\/span><\/p>\n<p><span style=\"font-family: helvetica, arial, sans-serif; font-size: 12pt;\">Accions<\/span><\/p>\n<ul>\n<li><span style=\"font-family: helvetica, arial, sans-serif; font-size: 12pt;\">Col\u00b7laboraci\u00f3 estreta amb el programa amb l\u2019objectiu d\u2019impulsar i facilitar la certificaci\u00f3 de la compet\u00e8ncia ling\u00fc\u00edstica en llengua estrangera als nostres alumnes en els nivells B1\/B2 en relaci\u00f3 amb el CEFR.<\/span><\/li>\n<li><span style=\"font-family: helvetica, arial, sans-serif; font-size: 12pt;\">El nostre objectiu principal ha estat el d\u2019estimular la motivaci\u00f3 i el rendiment de l&#8217;alumnat en les mat\u00e8ries de lleng\u00fces estrangeres, amb accions en els diversos ensenyaments implicats i programades en el marc del projecte educatiu de centre i especificades a la programaci\u00f3 general anual.<\/span><\/li>\n<li><span style=\"font-family: helvetica, arial, sans-serif; font-size: 12pt;\">S\u2019ha creat una plataforma Classroom amb material espec\u00edfic creat per la preparaci\u00f3 de les proves oficials dels nivells B1 i B2. Tamb\u00e9 s\u2019han facilitat p\u00e0gines web i models d\u2019ex\u00e0mens perqu\u00e8 els alumnes anessin practicant.<\/span><\/li>\n<li><span style=\"font-family: helvetica, arial, sans-serif; font-size: 12pt;\">Els alumnes interessats han tingut contacte directe a trav\u00e9s de la plataforma Classroom amb la coordinadora del projecte al centre per resoldre qualsevol mena de dubte.<\/span><\/li>\n<li><span style=\"font-family: helvetica, arial, sans-serif; font-size: 12pt;\">S\u2019ha comunicat i facilitat a tots els tutors del centre de Formaci\u00f3 Professional, mitjan\u00e7ant la plataforma I-Educa, la informaci\u00f3 relativa al projecte EOI, per tal de fer difusi\u00f3 entre l\u2019alumnat durant les tutories.<\/span><\/li>\n<\/ul>\n","protected":false},"excerpt":{"rendered":"<p>L\u2019Institut d&#8217;FP de Badia del Vall\u00e8s forma part del Programa de certificaci\u00f3 dels coneixements de lleng\u00fces estrangeres, recollit a la\u00a0 RESOLUCI\u00d3 EDU\/287\/2022, de 10 de febrer, per la qual es crea amb l&#8217;objectiu que els alumnes adquireixin les compet\u00e8ncies d&#8217;escoltar, llegir, parlar, escriure, interactuar i mediar, d&#8217;acord amb el Marc europeu com\u00fa de refer\u00e8ncia per [&hellip;]<\/p>\n","protected":false},"author":1,"featured_media":0,"parent":14751,"menu_order":20,"comment_status":"closed","ping_status":"closed","template":"","meta":{"site-sidebar-layout":"left-sidebar","site-content-layout":"","ast-site-content-layout":"default","site-content-style":"default","site-sidebar-style":"default","ast-global-header-display":"","ast-banner-title-visibility":"","ast-main-header-display":"","ast-hfb-above-header-display":"","ast-hfb-below-header-display":"","ast-hfb-mobile-header-display":"","site-post-title":"","ast-breadcrumbs-content":"","ast-featured-img":"","footer-sml-layout":"","theme-transparent-header-meta":"default","adv-header-id-meta":"","stick-header-meta":"","header-above-stick-meta":"","header-main-stick-meta":"","header-below-stick-meta":"","astra-migrate-meta-layouts":"set","ast-page-background-enabled":"default","ast-page-background-meta":{"desktop":{"background-color":"var(--ast-global-color-4)","background-image":"","background-repeat":"repeat","background-position":"center center","background-size":"auto","background-attachment":"scroll","background-type":"","background-media":"","overlay-type":"","overlay-color":"","overlay-opacity":"","overlay-gradient":""},"tablet":{"background-color":"","background-image":"","background-repeat":"repeat","background-position":"center center","background-size":"auto","background-attachment":"scroll","background-type":"","background-media":"","overlay-type":"","overlay-color":"","overlay-opacity":"","overlay-gradient":""},"mobile":{"background-color":"","background-image":"","background-repeat":"repeat","background-position":"center center","background-size":"auto","background-attachment":"scroll","background-type":"","background-media":"","overlay-type":"","overlay-color":"","overlay-opacity":"","overlay-gradient":""}},"ast-content-background-meta":{"desktop":{"background-color":"var(--ast-global-color-5)","background-image":"","background-repeat":"repeat","background-position":"center center","background-size":"auto","background-attachment":"scroll","background-type":"","background-media":"","overlay-type":"","overlay-color":"","overlay-opacity":"","overlay-gradient":""},"tablet":{"background-color":"var(--ast-global-color-5)","background-image":"","background-repeat":"repeat","background-position":"center center","background-size":"auto","background-attachment":"scroll","background-type":"","background-media":"","overlay-type":"","overlay-color":"","overlay-opacity":"","overlay-gradient":""},"mobile":{"background-color":"var(--ast-global-color-5)","background-image":"","background-repeat":"repeat","background-position":"center center","background-size":"auto","background-attachment":"scroll","background-type":"","background-media":"","overlay-type":"","overlay-color":"","overlay-opacity":"","overlay-gradient":""}},"footnotes":""},"class_list":["post-14762","page","type-page","status-publish","hentry"],"post_mailing_queue_ids":[],"_links":{"self":[{"href":"https:\/\/agora.xtec.cat\/insbadia\/wp-json\/wp\/v2\/pages\/14762","targetHints":{"allow":["GET"]}}],"collection":[{"href":"https:\/\/agora.xtec.cat\/insbadia\/wp-json\/wp\/v2\/pages"}],"about":[{"href":"https:\/\/agora.xtec.cat\/insbadia\/wp-json\/wp\/v2\/types\/page"}],"author":[{"embeddable":true,"href":"https:\/\/agora.xtec.cat\/insbadia\/wp-json\/wp\/v2\/users\/1"}],"replies":[{"embeddable":true,"href":"https:\/\/agora.xtec.cat\/insbadia\/wp-json\/wp\/v2\/comments?post=14762"}],"version-history":[{"count":1,"href":"https:\/\/agora.xtec.cat\/insbadia\/wp-json\/wp\/v2\/pages\/14762\/revisions"}],"predecessor-version":[{"id":14763,"href":"https:\/\/agora.xtec.cat\/insbadia\/wp-json\/wp\/v2\/pages\/14762\/revisions\/14763"}],"up":[{"embeddable":true,"href":"https:\/\/agora.xtec.cat\/insbadia\/wp-json\/wp\/v2\/pages\/14751"}],"wp:attachment":[{"href":"https:\/\/agora.xtec.cat\/insbadia\/wp-json\/wp\/v2\/media?parent=14762"}],"curies":[{"name":"wp","href":"https:\/\/api.w.org\/{rel}","templated":true}]}}