{"id":14757,"date":"2026-02-13T12:43:33","date_gmt":"2026-02-13T11:43:33","guid":{"rendered":"https:\/\/agora.xtec.cat\/insbadia\/?page_id=14757"},"modified":"2026-02-13T12:43:33","modified_gmt":"2026-02-13T11:43:33","slug":"erasmus","status":"publish","type":"page","link":"https:\/\/agora.xtec.cat\/insbadia\/projectes\/internacionalitzacio\/erasmus\/","title":{"rendered":"Erasmus+"},"content":{"rendered":"<p><span style=\"font-family: helvetica, arial, sans-serif; font-size: 12pt;\">El nostre objectiu \u00e9s fomentar el creixement professional en entorns multiculturals, millorar les compet\u00e8ncies ling\u00fc\u00edstiques i formar ciutadans compromesos amb els reptes d&#8217;un mercat laboral global i divers al mateix temps que fomentar els valors Europeus i del programa Erasmus+.<\/span><\/p>\n<p><span style=\"font-size: 12pt; font-family: helvetica, arial, sans-serif;\"><strong>Declaraci\u00f3 d\u2019Adhesi\u00f3 als Valors Europeus i al Programa Erasmus+<\/strong><\/span><br \/>\n<span style=\"font-size: 12pt; font-family: helvetica, arial, sans-serif;\">L\u2019Institut d\u2019FP de Badia del Vall\u00e8s, com a instituci\u00f3 compromesa amb la formaci\u00f3 professional de qualitat i el creixement personal del seu alumnat, manifesta formalment la seva adhesi\u00f3 als valors fonamentals de la Uni\u00f3 Europea i als principis que regeixen el programa Erasmus+. Entenem la mobilitat internacional no nom\u00e9s com una oportunitat d&#8217;aprenentatge t\u00e8cnic, sin\u00f3 com una eina essencial per a la construcci\u00f3 d&#8217;una ciutadania europea cr\u00edtica, solid\u00e0ria i activa.<\/span><\/p>\n<p><span style=\"font-size: 12pt; font-family: helvetica, arial, sans-serif;\"><strong>El nostre comprom\u00eds amb els Valors Europeus<\/strong><\/span><br \/>\n<span style=\"font-family: helvetica, arial, sans-serif; font-size: 12pt;\">Ens identifiquem i promovem activament els valors de la Uni\u00f3: <\/span><\/p>\n<ul>\n<li><span style=\"font-size: 12pt; font-family: helvetica, arial, sans-serif;\">Dignitat humana i Drets Humans: Respecte absolut a la llibertat, la democr\u00e0cia i la igualtat. <\/span><\/li>\n<li><span style=\"font-size: 12pt; font-family: helvetica, arial, sans-serif;\">Inclusi\u00f3 i Diversitat: Treballem per garantir que les oportunitats de mobilitat siguin accessibles per a tot l\u2019alumnat, independentment del seu origen, situaci\u00f3 socioecon\u00f2mica o capacitats, lluitant contra qualsevol forma de discriminaci\u00f3. <\/span><\/li>\n<li><span style=\"font-size: 12pt; font-family: helvetica, arial, sans-serif;\">Solidaritat i Cooperaci\u00f3: Fomentem el treball en xarxa amb centres i empreses de tot el continent per enfortir el teixit educatiu i professional europeu.<\/span><\/li>\n<\/ul>\n<p><span style=\"font-size: 12pt; font-family: helvetica, arial, sans-serif;\"><strong>Principis del Programa Erasmus+<br \/>\n<\/strong>En el marc de la nostra estrat\u00e8gia d&#8217;internacionalitzaci\u00f3, l&#8217;institut es compromet a seguir les prioritats del programa Erasmus+ 2021-2027:<\/span><\/p>\n<ul>\n<li><span style=\"font-family: helvetica, arial, sans-serif; font-size: 12pt;\">Inclusi\u00f3 i diversitat: Garantir l&#8217;equitat en l&#8217;acc\u00e9s a les beques i el suport constant als participants amb menys oportunitats. <\/span><\/li>\n<li><span style=\"font-family: helvetica, arial, sans-serif; font-size: 12pt;\">Sostenibilitat ambiental (Erasmus Verd): Promoure pr\u00e0ctiques responsables i l\u2019\u00fas de mitjans de transport sostenibles per reduir l\u2019empremta ecol\u00f2gica de les nostres activitats.<\/span><\/li>\n<li><span style=\"font-family: helvetica, arial, sans-serif; font-size: 12pt;\">Transformaci\u00f3 digital: Impulsar l\u2019\u00fas de les tecnologies digitals per a la col\u00b7laboraci\u00f3 internacional i el desenvolupament de compet\u00e8ncies tecnol\u00f2giques avan\u00e7ades.<\/span><\/li>\n<\/ul>\n<p><span style=\"font-size: 12pt; font-family: helvetica, arial, sans-serif;\"><strong>Participaci\u00f3 en la vida democr\u00e0tica<br \/>\n<\/strong>Conscienciar l\u2019alumnat sobre la import\u00e0ncia de la seva participaci\u00f3 activa en les institucions i els processos democr\u00e0tics de la Uni\u00f3.<\/span><\/p>\n<p><span style=\"font-family: helvetica, arial, sans-serif; font-size: 12pt;\">Aquesta declaraci\u00f3 referma la voluntat de l\u2019Institut d\u2019FP de Badia del Vall\u00e8s de projectar-se cap a Europa, tot oferint a la nostra comunitat educativa una finestra oberta al m\u00f3n que contribueixi a la seva excel\u00b7l\u00e8ncia professional i humana.<\/span><\/p>\n","protected":false},"excerpt":{"rendered":"<p>El nostre objectiu \u00e9s fomentar el creixement professional en entorns multiculturals, millorar les compet\u00e8ncies ling\u00fc\u00edstiques i formar ciutadans compromesos amb els reptes d&#8217;un mercat laboral global i divers al mateix temps que fomentar els valors Europeus i del programa Erasmus+. Declaraci\u00f3 d\u2019Adhesi\u00f3 als Valors Europeus i al Programa Erasmus+ L\u2019Institut d\u2019FP de Badia del Vall\u00e8s, [&hellip;]<\/p>\n","protected":false},"author":1,"featured_media":0,"parent":14751,"menu_order":10,"comment_status":"closed","ping_status":"closed","template":"","meta":{"site-sidebar-layout":"left-sidebar","site-content-layout":"","ast-site-content-layout":"default","site-content-style":"default","site-sidebar-style":"default","ast-global-header-display":"","ast-banner-title-visibility":"","ast-main-header-display":"","ast-hfb-above-header-display":"","ast-hfb-below-header-display":"","ast-hfb-mobile-header-display":"","site-post-title":"","ast-breadcrumbs-content":"","ast-featured-img":"","footer-sml-layout":"","theme-transparent-header-meta":"default","adv-header-id-meta":"","stick-header-meta":"","header-above-stick-meta":"","header-main-stick-meta":"","header-below-stick-meta":"","astra-migrate-meta-layouts":"set","ast-page-background-enabled":"default","ast-page-background-meta":{"desktop":{"background-color":"var(--ast-global-color-4)","background-image":"","background-repeat":"repeat","background-position":"center center","background-size":"auto","background-attachment":"scroll","background-type":"","background-media":"","overlay-type":"","overlay-color":"","overlay-opacity":"","overlay-gradient":""},"tablet":{"background-color":"","background-image":"","background-repeat":"repeat","background-position":"center center","background-size":"auto","background-attachment":"scroll","background-type":"","background-media":"","overlay-type":"","overlay-color":"","overlay-opacity":"","overlay-gradient":""},"mobile":{"background-color":"","background-image":"","background-repeat":"repeat","background-position":"center center","background-size":"auto","background-attachment":"scroll","background-type":"","background-media":"","overlay-type":"","overlay-color":"","overlay-opacity":"","overlay-gradient":""}},"ast-content-background-meta":{"desktop":{"background-color":"var(--ast-global-color-5)","background-image":"","background-repeat":"repeat","background-position":"center center","background-size":"auto","background-attachment":"scroll","background-type":"","background-media":"","overlay-type":"","overlay-color":"","overlay-opacity":"","overlay-gradient":""},"tablet":{"background-color":"var(--ast-global-color-5)","background-image":"","background-repeat":"repeat","background-position":"center center","background-size":"auto","background-attachment":"scroll","background-type":"","background-media":"","overlay-type":"","overlay-color":"","overlay-opacity":"","overlay-gradient":""},"mobile":{"background-color":"var(--ast-global-color-5)","background-image":"","background-repeat":"repeat","background-position":"center center","background-size":"auto","background-attachment":"scroll","background-type":"","background-media":"","overlay-type":"","overlay-color":"","overlay-opacity":"","overlay-gradient":""}},"footnotes":""},"class_list":["post-14757","page","type-page","status-publish","hentry"],"post_mailing_queue_ids":[],"_links":{"self":[{"href":"https:\/\/agora.xtec.cat\/insbadia\/wp-json\/wp\/v2\/pages\/14757","targetHints":{"allow":["GET"]}}],"collection":[{"href":"https:\/\/agora.xtec.cat\/insbadia\/wp-json\/wp\/v2\/pages"}],"about":[{"href":"https:\/\/agora.xtec.cat\/insbadia\/wp-json\/wp\/v2\/types\/page"}],"author":[{"embeddable":true,"href":"https:\/\/agora.xtec.cat\/insbadia\/wp-json\/wp\/v2\/users\/1"}],"replies":[{"embeddable":true,"href":"https:\/\/agora.xtec.cat\/insbadia\/wp-json\/wp\/v2\/comments?post=14757"}],"version-history":[{"count":3,"href":"https:\/\/agora.xtec.cat\/insbadia\/wp-json\/wp\/v2\/pages\/14757\/revisions"}],"predecessor-version":[{"id":14760,"href":"https:\/\/agora.xtec.cat\/insbadia\/wp-json\/wp\/v2\/pages\/14757\/revisions\/14760"}],"up":[{"embeddable":true,"href":"https:\/\/agora.xtec.cat\/insbadia\/wp-json\/wp\/v2\/pages\/14751"}],"wp:attachment":[{"href":"https:\/\/agora.xtec.cat\/insbadia\/wp-json\/wp\/v2\/media?parent=14757"}],"curies":[{"name":"wp","href":"https:\/\/api.w.org\/{rel}","templated":true}]}}