{"id":14751,"date":"2026-02-13T12:30:31","date_gmt":"2026-02-13T11:30:31","guid":{"rendered":"https:\/\/agora.xtec.cat\/insbadia\/?page_id=14751"},"modified":"2026-02-17T09:06:06","modified_gmt":"2026-02-17T08:06:06","slug":"internacionalitzacio","status":"publish","type":"page","link":"https:\/\/agora.xtec.cat\/insbadia\/projectes\/internacionalitzacio\/","title":{"rendered":"Internacionalitzaci\u00f3"},"content":{"rendered":"<h3><span style=\"font-family: helvetica, arial, sans-serif;\">Programa d&#8217;internacionalitzaci\u00f3 de l&#8217;Institut d&#8217;FP de Badia del Vall\u00e8s<\/span><\/h3>\n<p><span style=\"font-family: helvetica, arial, sans-serif; font-size: 12pt;\">Aquest programa impulsa la projecci\u00f3 europea de l&#8217;alumnat del centre mitjan\u00e7ant experi\u00e8ncies de mobilitat i pr\u00e0ctiques en empreses de tot el continent.\u00a0<\/span><\/p>\n<p><span style=\"font-family: helvetica, arial, sans-serif; font-size: 12pt;\">L&#8217;objectiu del programa \u00e9s fomentar el creixement professional en entorns multiculturals, millorar les compet\u00e8ncies ling\u00fc\u00edstiques i formar ciutadans compromesos amb els reptes d&#8217;un mercat laboral global i divers.\u00a0<\/span><\/p>\n<p><span style=\"font-family: helvetica, arial, sans-serif; font-size: 12pt;\">A partir d&#8217;aquest objectiu s&#8217;han posat en marxa dos projectes:<\/span><\/p>\n<ul>\n<li><a href=\"https:\/\/agora.xtec.cat\/insbadia\/projectes\/internacionalitzacio\/erasmus\/\"><span style=\"font-family: helvetica, arial, sans-serif; font-size: 12pt;\">Erasmus+. Programa de mobilitat<\/span><\/a><\/li>\n<li><a href=\"https:\/\/agora.xtec.cat\/insbadia\/projectes\/internacionalitzacio\/programa-eoi\/\"><span style=\"font-family: helvetica, arial, sans-serif; font-size: 12pt;\">Escola Oficial d&#8217;Idiomes (EOI). Programa d&#8217;acc\u00e9s a les proves EOI<\/span><\/a><\/li>\n<\/ul>\n","protected":false},"excerpt":{"rendered":"<p>Programa d&#8217;internacionalitzaci\u00f3 de l&#8217;Institut d&#8217;FP de Badia del Vall\u00e8s Aquest programa impulsa la projecci\u00f3 europea de l&#8217;alumnat del centre mitjan\u00e7ant experi\u00e8ncies de mobilitat i pr\u00e0ctiques en empreses de tot el continent.\u00a0 L&#8217;objectiu del programa \u00e9s fomentar el creixement professional en entorns multiculturals, millorar les compet\u00e8ncies ling\u00fc\u00edstiques i formar ciutadans compromesos amb els reptes d&#8217;un mercat [&hellip;]<\/p>\n","protected":false},"author":1,"featured_media":0,"parent":13648,"menu_order":90,"comment_status":"closed","ping_status":"closed","template":"","meta":{"site-sidebar-layout":"default","site-content-layout":"","ast-site-content-layout":"default","site-content-style":"default","site-sidebar-style":"default","ast-global-header-display":"","ast-banner-title-visibility":"","ast-main-header-display":"","ast-hfb-above-header-display":"","ast-hfb-below-header-display":"","ast-hfb-mobile-header-display":"","site-post-title":"disabled","ast-breadcrumbs-content":"","ast-featured-img":"","footer-sml-layout":"","theme-transparent-header-meta":"default","adv-header-id-meta":"","stick-header-meta":"","header-above-stick-meta":"","header-main-stick-meta":"","header-below-stick-meta":"","astra-migrate-meta-layouts":"set","ast-page-background-enabled":"default","ast-page-background-meta":{"desktop":{"background-color":"var(--ast-global-color-4)","background-image":"","background-repeat":"repeat","background-position":"center center","background-size":"auto","background-attachment":"scroll","background-type":"","background-media":"","overlay-type":"","overlay-color":"","overlay-opacity":"","overlay-gradient":""},"tablet":{"background-color":"","background-image":"","background-repeat":"repeat","background-position":"center center","background-size":"auto","background-attachment":"scroll","background-type":"","background-media":"","overlay-type":"","overlay-color":"","overlay-opacity":"","overlay-gradient":""},"mobile":{"background-color":"","background-image":"","background-repeat":"repeat","background-position":"center center","background-size":"auto","background-attachment":"scroll","background-type":"","background-media":"","overlay-type":"","overlay-color":"","overlay-opacity":"","overlay-gradient":""}},"ast-content-background-meta":{"desktop":{"background-color":"var(--ast-global-color-5)","background-image":"","background-repeat":"repeat","background-position":"center center","background-size":"auto","background-attachment":"scroll","background-type":"","background-media":"","overlay-type":"","overlay-color":"","overlay-opacity":"","overlay-gradient":""},"tablet":{"background-color":"var(--ast-global-color-5)","background-image":"","background-repeat":"repeat","background-position":"center center","background-size":"auto","background-attachment":"scroll","background-type":"","background-media":"","overlay-type":"","overlay-color":"","overlay-opacity":"","overlay-gradient":""},"mobile":{"background-color":"var(--ast-global-color-5)","background-image":"","background-repeat":"repeat","background-position":"center center","background-size":"auto","background-attachment":"scroll","background-type":"","background-media":"","overlay-type":"","overlay-color":"","overlay-opacity":"","overlay-gradient":""}},"footnotes":""},"class_list":["post-14751","page","type-page","status-publish","hentry"],"post_mailing_queue_ids":[],"_links":{"self":[{"href":"https:\/\/agora.xtec.cat\/insbadia\/wp-json\/wp\/v2\/pages\/14751","targetHints":{"allow":["GET"]}}],"collection":[{"href":"https:\/\/agora.xtec.cat\/insbadia\/wp-json\/wp\/v2\/pages"}],"about":[{"href":"https:\/\/agora.xtec.cat\/insbadia\/wp-json\/wp\/v2\/types\/page"}],"author":[{"embeddable":true,"href":"https:\/\/agora.xtec.cat\/insbadia\/wp-json\/wp\/v2\/users\/1"}],"replies":[{"embeddable":true,"href":"https:\/\/agora.xtec.cat\/insbadia\/wp-json\/wp\/v2\/comments?post=14751"}],"version-history":[{"count":5,"href":"https:\/\/agora.xtec.cat\/insbadia\/wp-json\/wp\/v2\/pages\/14751\/revisions"}],"predecessor-version":[{"id":14766,"href":"https:\/\/agora.xtec.cat\/insbadia\/wp-json\/wp\/v2\/pages\/14751\/revisions\/14766"}],"up":[{"embeddable":true,"href":"https:\/\/agora.xtec.cat\/insbadia\/wp-json\/wp\/v2\/pages\/13648"}],"wp:attachment":[{"href":"https:\/\/agora.xtec.cat\/insbadia\/wp-json\/wp\/v2\/media?parent=14751"}],"curies":[{"name":"wp","href":"https:\/\/api.w.org\/{rel}","templated":true}]}}