{"id":14743,"date":"2026-02-09T15:12:39","date_gmt":"2026-02-09T14:12:39","guid":{"rendered":"https:\/\/agora.xtec.cat\/insbadia\/?page_id=14743"},"modified":"2026-02-09T15:57:46","modified_gmt":"2026-02-09T14:57:46","slug":"associacio-estudiants","status":"publish","type":"page","link":"https:\/\/agora.xtec.cat\/insbadia\/espai-alumnat\/associacio-estudiants\/","title":{"rendered":"Associaci\u00f3 d&#8217;estudiants"},"content":{"rendered":"<h4><span style=\"font-family: arial, helvetica, sans-serif; font-size: 14pt;\">Ja est\u00e0 en marxa l&#8217;associaci\u00f3 d&#8217;estudiants!<\/span><\/h4>\n<p class=\"isSelectedEnd\"><span style=\"font-family: helvetica, arial, sans-serif; font-size: 12pt;\">Amb la desaparici\u00f3 dels estudis d\u2019ESO i batxillerat, l\u2019AMPA de l\u2019institut es va dissoldre i es va perdre un espai clau de representaci\u00f3 i participaci\u00f3 de la comunitat educativa. Conscients d\u2019aquesta mancan\u00e7a, des del curs passat s\u2019ha estat treballant per recuperar una veu pr\u00f2pia per a l\u2019alumnat i crear un nou espai de trobada, iniciativa i implicaci\u00f3.<\/span><\/p>\n<p class=\"isSelectedEnd\"><span style=\"font-family: helvetica, arial, sans-serif; font-size: 12pt;\">Fruit d\u2019aquest esfor\u00e7 col\u00b7lectiu, avui ja \u00e9s una realitat la nova <strong>Associaci\u00f3 d\u2019estudiants de l&#8217;Institut d&#8217;FP de Badia del Vall\u00e8s<\/strong>. La junta ha quedat constitu\u00efda i l\u2019entitat disposa de tot el necessari per comen\u00e7ar a funcionar i impulsar propostes, activitats i millores que responguin als interessos dels estudiants.<\/span><\/p>\n<p class=\"isSelectedEnd\"><span style=\"font-family: helvetica, arial, sans-serif; font-size: 12pt;\">Ara, per\u00f2, el pas m\u00e9s important dep\u00e8n de vosaltres. Una associaci\u00f3 nom\u00e9s t\u00e9 sentit si hi ha participaci\u00f3, idees i ganes de fer coses noves. Aquest \u00e9s un espai obert per proposar activitats, canalitzar inquietuds i construir, entre tots i totes, una vida d\u2019institut m\u00e9s rica i participativa.<\/span><\/p>\n<p class=\"isSelectedEnd\"><span style=\"font-family: helvetica, arial, sans-serif; font-size: 12pt;\">Us animem a sumar-vos-hi, a compartir les vostres propostes i a formar part activa d\u2019aquest nou projecte. Per a m\u00e9s informaci\u00f3 o per contactar amb l\u2019associaci\u00f3, podeu escriure a <strong>estudiants@ibadia.cat<\/strong>.<\/span><\/p>\n<p><span style=\"font-family: helvetica, arial, sans-serif; font-size: 12pt;\">Entre tots i totes, fem cr\u00e9ixer aquest nou espai!<\/span><\/p>\n","protected":false},"excerpt":{"rendered":"<p>Ja est\u00e0 en marxa l&#8217;associaci\u00f3 d&#8217;estudiants! Amb la desaparici\u00f3 dels estudis d\u2019ESO i batxillerat, l\u2019AMPA de l\u2019institut es va dissoldre i es va perdre un espai clau de representaci\u00f3 i participaci\u00f3 de la comunitat educativa. Conscients d\u2019aquesta mancan\u00e7a, des del curs passat s\u2019ha estat treballant per recuperar una veu pr\u00f2pia per a l\u2019alumnat i crear [&hellip;]<\/p>\n","protected":false},"author":1,"featured_media":0,"parent":14430,"menu_order":60,"comment_status":"closed","ping_status":"closed","template":"","meta":{"site-sidebar-layout":"left-sidebar","site-content-layout":"","ast-site-content-layout":"default","site-content-style":"default","site-sidebar-style":"default","ast-global-header-display":"","ast-banner-title-visibility":"","ast-main-header-display":"","ast-hfb-above-header-display":"","ast-hfb-below-header-display":"","ast-hfb-mobile-header-display":"","site-post-title":"","ast-breadcrumbs-content":"","ast-featured-img":"","footer-sml-layout":"","theme-transparent-header-meta":"default","adv-header-id-meta":"","stick-header-meta":"","header-above-stick-meta":"","header-main-stick-meta":"","header-below-stick-meta":"","astra-migrate-meta-layouts":"set","ast-page-background-enabled":"default","ast-page-background-meta":{"desktop":{"background-color":"var(--ast-global-color-4)","background-image":"","background-repeat":"repeat","background-position":"center center","background-size":"auto","background-attachment":"scroll","background-type":"","background-media":"","overlay-type":"","overlay-color":"","overlay-opacity":"","overlay-gradient":""},"tablet":{"background-color":"","background-image":"","background-repeat":"repeat","background-position":"center center","background-size":"auto","background-attachment":"scroll","background-type":"","background-media":"","overlay-type":"","overlay-color":"","overlay-opacity":"","overlay-gradient":""},"mobile":{"background-color":"","background-image":"","background-repeat":"repeat","background-position":"center center","background-size":"auto","background-attachment":"scroll","background-type":"","background-media":"","overlay-type":"","overlay-color":"","overlay-opacity":"","overlay-gradient":""}},"ast-content-background-meta":{"desktop":{"background-color":"var(--ast-global-color-5)","background-image":"","background-repeat":"repeat","background-position":"center center","background-size":"auto","background-attachment":"scroll","background-type":"","background-media":"","overlay-type":"","overlay-color":"","overlay-opacity":"","overlay-gradient":""},"tablet":{"background-color":"var(--ast-global-color-5)","background-image":"","background-repeat":"repeat","background-position":"center center","background-size":"auto","background-attachment":"scroll","background-type":"","background-media":"","overlay-type":"","overlay-color":"","overlay-opacity":"","overlay-gradient":""},"mobile":{"background-color":"var(--ast-global-color-5)","background-image":"","background-repeat":"repeat","background-position":"center center","background-size":"auto","background-attachment":"scroll","background-type":"","background-media":"","overlay-type":"","overlay-color":"","overlay-opacity":"","overlay-gradient":""}},"footnotes":""},"class_list":["post-14743","page","type-page","status-publish","hentry"],"post_mailing_queue_ids":[],"_links":{"self":[{"href":"https:\/\/agora.xtec.cat\/insbadia\/wp-json\/wp\/v2\/pages\/14743","targetHints":{"allow":["GET"]}}],"collection":[{"href":"https:\/\/agora.xtec.cat\/insbadia\/wp-json\/wp\/v2\/pages"}],"about":[{"href":"https:\/\/agora.xtec.cat\/insbadia\/wp-json\/wp\/v2\/types\/page"}],"author":[{"embeddable":true,"href":"https:\/\/agora.xtec.cat\/insbadia\/wp-json\/wp\/v2\/users\/1"}],"replies":[{"embeddable":true,"href":"https:\/\/agora.xtec.cat\/insbadia\/wp-json\/wp\/v2\/comments?post=14743"}],"version-history":[{"count":3,"href":"https:\/\/agora.xtec.cat\/insbadia\/wp-json\/wp\/v2\/pages\/14743\/revisions"}],"predecessor-version":[{"id":14747,"href":"https:\/\/agora.xtec.cat\/insbadia\/wp-json\/wp\/v2\/pages\/14743\/revisions\/14747"}],"up":[{"embeddable":true,"href":"https:\/\/agora.xtec.cat\/insbadia\/wp-json\/wp\/v2\/pages\/14430"}],"wp:attachment":[{"href":"https:\/\/agora.xtec.cat\/insbadia\/wp-json\/wp\/v2\/media?parent=14743"}],"curies":[{"name":"wp","href":"https:\/\/api.w.org\/{rel}","templated":true}]}}