{"id":14499,"date":"2025-11-21T10:49:25","date_gmt":"2025-11-21T09:49:25","guid":{"rendered":"https:\/\/agora.xtec.cat\/insbadia\/?page_id=14499"},"modified":"2025-12-02T09:58:01","modified_gmt":"2025-12-02T08:58:01","slug":"borsa-de-treball","status":"publish","type":"page","link":"https:\/\/agora.xtec.cat\/insbadia\/espai-empresa\/borsa-de-treball\/","title":{"rendered":"Borsa de treball"},"content":{"rendered":"<p><span style=\"font-family: helvetica, arial, sans-serif; font-size: 12pt;\">L\u2019institut disposa d\u2019un servei de borsa de treball en la qual les empreses poden fer arribar les seves ofertes de feina.\u00a0<\/span><\/p>\n<p><span style=\"font-family: helvetica, arial, sans-serif; font-size: 12pt;\">Per incorporar una oferta, cal enviar un correu electr\u00f2nic a <strong data-start=\"352\" data-end=\"374\"><a class=\"decorated-link cursor-pointer\" rel=\"noopener\" data-start=\"354\" data-end=\"372\">fctdual@ibadia.cat<\/a><\/strong> amb el contingut de l&#8217;oferta, destacant a l&#8217;assumpte del missatge que va adre\u00e7at a la borsa de treball. Al correu electr\u00f2nic i\/o a l&#8217;oferta s\u2019ha d\u2019indicar:<\/span><\/p>\n<ul data-start=\"457\" data-end=\"620\">\n<li data-start=\"457\" data-end=\"512\"><span style=\"font-family: helvetica, arial, sans-serif; font-size: 12pt;\">La fam\u00edlia professional a la qual s\u2019adre\u00e7a l\u2019oferta (podeu consultar els estudis que oferim <a href=\"https:\/\/agora.xtec.cat\/insbadia\/formacio-professional\/\" target=\"_blank\" rel=\"noopener\">AQU\u00cd<\/a>)<\/span><\/li>\n<li data-start=\"513\" data-end=\"550\"><span style=\"font-family: helvetica, arial, sans-serif; font-size: 12pt;\">La descripci\u00f3 del lloc de treball<\/span><\/li>\n<li data-start=\"551\" data-end=\"581\"><span style=\"font-family: helvetica, arial, sans-serif; font-size: 12pt;\">Les tasques a desenvolupar<\/span><\/li>\n<li data-start=\"551\" data-end=\"581\"><span style=\"font-family: helvetica, arial, sans-serif; font-size: 12pt;\">Les condicions del lloc de treball (horari, salari, ubicaci\u00f3, etc.)<\/span><\/li>\n<li data-start=\"551\" data-end=\"581\"><span style=\"font-family: helvetica, arial, sans-serif; font-size: 12pt;\">El contacte on s&#8217;ha d&#8217;enviar el curr\u00edculum del\/la candidat\/a.<\/span><\/li>\n<\/ul>\n<p><span style=\"font-family: helvetica, arial, sans-serif; font-size: 12pt;\">Un cop rebuda l&#8217;oferta, l\u2019institut la distribueix entre els exalumnes de les fam\u00edlies professionals relacionades amb l\u2019oferta.<\/span><\/p>\n","protected":false},"excerpt":{"rendered":"<p>L\u2019institut disposa d\u2019un servei de borsa de treball en la qual les empreses poden fer arribar les seves ofertes de feina.\u00a0 Per incorporar una oferta, cal enviar un correu electr\u00f2nic a fctdual@ibadia.cat amb el contingut de l&#8217;oferta, destacant a l&#8217;assumpte del missatge que va adre\u00e7at a la borsa de treball. Al correu electr\u00f2nic i\/o a [&hellip;]<\/p>\n","protected":false},"author":1,"featured_media":0,"parent":14457,"menu_order":30,"comment_status":"closed","ping_status":"closed","template":"","meta":{"site-sidebar-layout":"left-sidebar","site-content-layout":"","ast-site-content-layout":"default","site-content-style":"default","site-sidebar-style":"default","ast-global-header-display":"","ast-banner-title-visibility":"","ast-main-header-display":"","ast-hfb-above-header-display":"","ast-hfb-below-header-display":"","ast-hfb-mobile-header-display":"","site-post-title":"","ast-breadcrumbs-content":"","ast-featured-img":"","footer-sml-layout":"","theme-transparent-header-meta":"default","adv-header-id-meta":"","stick-header-meta":"","header-above-stick-meta":"","header-main-stick-meta":"","header-below-stick-meta":"","astra-migrate-meta-layouts":"set","ast-page-background-enabled":"default","ast-page-background-meta":{"desktop":{"background-color":"var(--ast-global-color-4)","background-image":"","background-repeat":"repeat","background-position":"center center","background-size":"auto","background-attachment":"scroll","background-type":"","background-media":"","overlay-type":"","overlay-color":"","overlay-opacity":"","overlay-gradient":""},"tablet":{"background-color":"","background-image":"","background-repeat":"repeat","background-position":"center center","background-size":"auto","background-attachment":"scroll","background-type":"","background-media":"","overlay-type":"","overlay-color":"","overlay-opacity":"","overlay-gradient":""},"mobile":{"background-color":"","background-image":"","background-repeat":"repeat","background-position":"center center","background-size":"auto","background-attachment":"scroll","background-type":"","background-media":"","overlay-type":"","overlay-color":"","overlay-opacity":"","overlay-gradient":""}},"ast-content-background-meta":{"desktop":{"background-color":"var(--ast-global-color-5)","background-image":"","background-repeat":"repeat","background-position":"center center","background-size":"auto","background-attachment":"scroll","background-type":"","background-media":"","overlay-type":"","overlay-color":"","overlay-opacity":"","overlay-gradient":""},"tablet":{"background-color":"var(--ast-global-color-5)","background-image":"","background-repeat":"repeat","background-position":"center center","background-size":"auto","background-attachment":"scroll","background-type":"","background-media":"","overlay-type":"","overlay-color":"","overlay-opacity":"","overlay-gradient":""},"mobile":{"background-color":"var(--ast-global-color-5)","background-image":"","background-repeat":"repeat","background-position":"center center","background-size":"auto","background-attachment":"scroll","background-type":"","background-media":"","overlay-type":"","overlay-color":"","overlay-opacity":"","overlay-gradient":""}},"footnotes":""},"class_list":["post-14499","page","type-page","status-publish","hentry"],"post_mailing_queue_ids":[],"_links":{"self":[{"href":"https:\/\/agora.xtec.cat\/insbadia\/wp-json\/wp\/v2\/pages\/14499","targetHints":{"allow":["GET"]}}],"collection":[{"href":"https:\/\/agora.xtec.cat\/insbadia\/wp-json\/wp\/v2\/pages"}],"about":[{"href":"https:\/\/agora.xtec.cat\/insbadia\/wp-json\/wp\/v2\/types\/page"}],"author":[{"embeddable":true,"href":"https:\/\/agora.xtec.cat\/insbadia\/wp-json\/wp\/v2\/users\/1"}],"replies":[{"embeddable":true,"href":"https:\/\/agora.xtec.cat\/insbadia\/wp-json\/wp\/v2\/comments?post=14499"}],"version-history":[{"count":3,"href":"https:\/\/agora.xtec.cat\/insbadia\/wp-json\/wp\/v2\/pages\/14499\/revisions"}],"predecessor-version":[{"id":14525,"href":"https:\/\/agora.xtec.cat\/insbadia\/wp-json\/wp\/v2\/pages\/14499\/revisions\/14525"}],"up":[{"embeddable":true,"href":"https:\/\/agora.xtec.cat\/insbadia\/wp-json\/wp\/v2\/pages\/14457"}],"wp:attachment":[{"href":"https:\/\/agora.xtec.cat\/insbadia\/wp-json\/wp\/v2\/media?parent=14499"}],"curies":[{"name":"wp","href":"https:\/\/api.w.org\/{rel}","templated":true}]}}