{"id":14496,"date":"2025-11-21T10:40:12","date_gmt":"2025-11-21T09:40:12","guid":{"rendered":"https:\/\/agora.xtec.cat\/insbadia\/?page_id=14496"},"modified":"2026-01-26T17:11:19","modified_gmt":"2026-01-26T16:11:19","slug":"modalitats-de-practiques","status":"publish","type":"page","link":"https:\/\/agora.xtec.cat\/insbadia\/espai-empresa\/modalitats-de-practiques\/","title":{"rendered":"Modalitats de pr\u00e0ctiques"},"content":{"rendered":"<div>\n<h6><span style=\"font-size: 14pt; font-weight: bold;\">Modalitat <span style=\"color: #800080;\">DUAL INTENSIVA<\/span><\/span><\/h6>\n<\/div>\n<div>\n<p><span style=\"font-family: helvetica, arial, sans-serif; font-size: 12pt;\">La modalitat de pr\u00e0ctiques <strong>Dual Intensiva<\/strong> \u00e9s una modalitat que t\u00e9 una durada d&#8217;entre <strong>800 i 1200 hores<\/strong>, i que es porten a terme habitualment de dilluns a divendres, a ra\u00f3 de 4 hores al dia durant el per\u00edode lectiu i fins a 8 hores al dia en per\u00edode no lectiu. De forma general, l&#8217;alumnat inicia\u00a0<\/span><span style=\"font-family: helvetica, arial, sans-serif; font-size: 12pt;\">les seves pr\u00e0ctiques a finals del primer curs i les continuen durant tot segon. La Dual intensiva \u00e9s una modalitat de <strong>pr\u00e0ctiques remunerada per l&#8217;empresa<\/strong> a ra\u00f3 d&#8217;un percentatge de l&#8217;SMI i que comporta <\/span><span style=\"font-family: helvetica, arial, sans-serif; font-size: 12pt;\">avantatges fiscals per l&#8217;empresa i curriculars per l&#8217;alumnat. Per dur a terme aquesta modalitat, <strong>cal que l&#8217;alumne\/a de pr\u00e0ctiques estigui donat d&#8217;alta a la Seguretat Social<\/strong> per part de l&#8217;empresa (bonificat un 95% de les conting\u00e8ncies comunes).<\/span><\/p>\n<\/div>\n<div><\/div>\n<h6><span style=\"font-size: 14pt;\">Modalitat <span style=\"color: #800080;\">DUAL GENERAL<\/span><\/span><\/h6>\n<div><span style=\"font-family: helvetica, arial, sans-serif; font-size: 12pt;\">La modalitat de pr\u00e0ctiques <strong>Dual General<\/strong> \u00e9s una modalitat que t\u00e9 una durada aproximada de<strong> 515 hores<\/strong>, depenent del cicle, i que es porten a terme al llarg d&#8217;un curs escolar (uns quatre mesos), a ra\u00f3 de 4 hores al dia durant el per\u00edode lectiu. En aquesta modalitat de pr\u00e0ctiques, <strong>la remuneraci\u00f3 no \u00e9s obligat\u00f2ria<\/strong>, per\u00f2 s\u00ed que demanem remunerar el despla\u00e7ament de l&#8217;alumne\/a al lloc de treball. Aquestes pr\u00e0ctiques es poden iniciar a partir del mes de gener de primer curs, tot i que recomanablement, s&#8217;inicien a partir del mes de mar\u00e7, o el que \u00e9s m\u00e9s habitual, al llarg del segon curs. En aquesta modalitat, tamb\u00e9 <strong>\u00e9s necessari que l&#8217;alumne\/a de pr\u00e0ctiques estigui <\/strong><\/span><span style=\"font-family: helvetica, arial, sans-serif; font-size: 12pt;\"><strong>donat d&#8217;alta a la Seguretat Social<\/strong> (bonificat un 95% de les conting\u00e8ncies comunes).<\/span><\/div>\n","protected":false},"excerpt":{"rendered":"<p>Modalitat DUAL INTENSIVA La modalitat de pr\u00e0ctiques Dual Intensiva \u00e9s una modalitat que t\u00e9 una durada d&#8217;entre 800 i 1200 hores, i que es porten a terme habitualment de dilluns a divendres, a ra\u00f3 de 4 hores al dia durant el per\u00edode lectiu i fins a 8 hores al dia en per\u00edode no lectiu. De [&hellip;]<\/p>\n","protected":false},"author":1,"featured_media":0,"parent":14457,"menu_order":20,"comment_status":"closed","ping_status":"closed","template":"","meta":{"site-sidebar-layout":"left-sidebar","site-content-layout":"","ast-site-content-layout":"default","site-content-style":"default","site-sidebar-style":"default","ast-global-header-display":"","ast-banner-title-visibility":"","ast-main-header-display":"","ast-hfb-above-header-display":"","ast-hfb-below-header-display":"","ast-hfb-mobile-header-display":"","site-post-title":"","ast-breadcrumbs-content":"","ast-featured-img":"","footer-sml-layout":"","theme-transparent-header-meta":"default","adv-header-id-meta":"","stick-header-meta":"","header-above-stick-meta":"","header-main-stick-meta":"","header-below-stick-meta":"","astra-migrate-meta-layouts":"set","ast-page-background-enabled":"default","ast-page-background-meta":{"desktop":{"background-color":"var(--ast-global-color-4)","background-image":"","background-repeat":"repeat","background-position":"center center","background-size":"auto","background-attachment":"scroll","background-type":"","background-media":"","overlay-type":"","overlay-color":"","overlay-opacity":"","overlay-gradient":""},"tablet":{"background-color":"","background-image":"","background-repeat":"repeat","background-position":"center center","background-size":"auto","background-attachment":"scroll","background-type":"","background-media":"","overlay-type":"","overlay-color":"","overlay-opacity":"","overlay-gradient":""},"mobile":{"background-color":"","background-image":"","background-repeat":"repeat","background-position":"center center","background-size":"auto","background-attachment":"scroll","background-type":"","background-media":"","overlay-type":"","overlay-color":"","overlay-opacity":"","overlay-gradient":""}},"ast-content-background-meta":{"desktop":{"background-color":"var(--ast-global-color-5)","background-image":"","background-repeat":"repeat","background-position":"center center","background-size":"auto","background-attachment":"scroll","background-type":"","background-media":"","overlay-type":"","overlay-color":"","overlay-opacity":"","overlay-gradient":""},"tablet":{"background-color":"var(--ast-global-color-5)","background-image":"","background-repeat":"repeat","background-position":"center center","background-size":"auto","background-attachment":"scroll","background-type":"","background-media":"","overlay-type":"","overlay-color":"","overlay-opacity":"","overlay-gradient":""},"mobile":{"background-color":"var(--ast-global-color-5)","background-image":"","background-repeat":"repeat","background-position":"center center","background-size":"auto","background-attachment":"scroll","background-type":"","background-media":"","overlay-type":"","overlay-color":"","overlay-opacity":"","overlay-gradient":""}},"footnotes":""},"class_list":["post-14496","page","type-page","status-publish","hentry"],"post_mailing_queue_ids":[],"_links":{"self":[{"href":"https:\/\/agora.xtec.cat\/insbadia\/wp-json\/wp\/v2\/pages\/14496","targetHints":{"allow":["GET"]}}],"collection":[{"href":"https:\/\/agora.xtec.cat\/insbadia\/wp-json\/wp\/v2\/pages"}],"about":[{"href":"https:\/\/agora.xtec.cat\/insbadia\/wp-json\/wp\/v2\/types\/page"}],"author":[{"embeddable":true,"href":"https:\/\/agora.xtec.cat\/insbadia\/wp-json\/wp\/v2\/users\/1"}],"replies":[{"embeddable":true,"href":"https:\/\/agora.xtec.cat\/insbadia\/wp-json\/wp\/v2\/comments?post=14496"}],"version-history":[{"count":6,"href":"https:\/\/agora.xtec.cat\/insbadia\/wp-json\/wp\/v2\/pages\/14496\/revisions"}],"predecessor-version":[{"id":14702,"href":"https:\/\/agora.xtec.cat\/insbadia\/wp-json\/wp\/v2\/pages\/14496\/revisions\/14702"}],"up":[{"embeddable":true,"href":"https:\/\/agora.xtec.cat\/insbadia\/wp-json\/wp\/v2\/pages\/14457"}],"wp:attachment":[{"href":"https:\/\/agora.xtec.cat\/insbadia\/wp-json\/wp\/v2\/media?parent=14496"}],"curies":[{"name":"wp","href":"https:\/\/api.w.org\/{rel}","templated":true}]}}