{"id":14489,"date":"2025-11-18T13:49:24","date_gmt":"2025-11-18T12:49:24","guid":{"rendered":"https:\/\/agora.xtec.cat\/insbadia\/?page_id=14489"},"modified":"2025-11-21T11:51:17","modified_gmt":"2025-11-21T10:51:17","slug":"matricula-semipresencial","status":"publish","type":"page","link":"https:\/\/agora.xtec.cat\/insbadia\/espai-alumnat\/matricula-semipresencial\/","title":{"rendered":"Matr\u00edcula semipresencial"},"content":{"rendered":"<h6><span style=\"font-family: helvetica, arial, sans-serif;\">Qu\u00e8 \u00e9s la matr\u00edcula semipresencial?<\/span><\/h6>\n<p><span style=\"font-family: helvetica, arial, sans-serif; font-size: 12pt;\">La<strong> matr\u00edcula semipresencial<\/strong> t\u00e9 com a finalitat\u00a0<strong>facilitar l&#8217;acc\u00e9s<\/strong>\u00a0als ensenyaments de formaci\u00f3 professional de les persones que\u00a0<strong>no poden assistir presencialment a totes les hores lectives<\/strong> (per feina, per tenir cura d&#8217;altres persones o per qualsevol altra circumst\u00e0ncia excepcional). Aquesta incompatibilitat amb l&#8217;horari lectiu s&#8217;ha d&#8217;acreditar documentalment.<\/span><\/p>\n<p><span style=\"font-family: helvetica, arial, sans-serif; font-size: 12pt;\">Aquesta\u00a0<strong>mesura flexibilitzadora<\/strong>\u00a0combina les activitats presencials amb aquelles que no impliquen la pres\u00e8ncia dels alumnes en el centre.<\/span><\/p>\n<h6><span style=\"font-family: helvetica, arial, sans-serif;\"><strong>Caracter\u00edstiques<\/strong><\/span><\/h6>\n<ul>\n<li><span style=\"font-family: helvetica, arial, sans-serif; font-size: 12pt;\">Pot aplicar-se a tots els m\u00f2duls que es cursin o nom\u00e9s a una part.<\/span><\/li>\n<li><span style=\"font-family: helvetica, arial, sans-serif; font-size: 12pt;\">Cal assistir presencialment almenys a la meitat de les hores previstes per al m\u00f2dul.<\/span><\/li>\n<li><span style=\"font-family: helvetica, arial, sans-serif; font-size: 12pt;\">Cal fer totes les activitats d&#8217;aprenentatge programades.<\/span><\/li>\n<li><span style=\"font-family: helvetica, arial, sans-serif; font-size: 12pt;\">Les activitats que els alumnes cursin de modalitat semipresencial han de comportar la mateixa c\u00e0rrega hor\u00e0ria que les presencials.<\/span><\/li>\n<li><span style=\"font-family: helvetica, arial, sans-serif; font-size: 12pt;\">Els professors tutoritzen les activitats dels alumnes de manera telem\u00e0tica o amb els mitjans que s&#8217;acordin conjuntament amb l&#8217;alumne.<\/span><\/li>\n<li><span style=\"font-family: helvetica, arial, sans-serif; font-size: 12pt;\">Els continguts cursats de manera semipresencial s&#8217;avaluen de manera presencial.<\/span><\/li>\n<\/ul>\n<h6><span style=\"font-family: helvetica, arial, sans-serif;\">Com fer la sol\u00b7licitud?<\/span><\/h6>\n<p><span style=\"font-size: 12pt;\"><span style=\"font-family: helvetica, arial, sans-serif;\">A <a href=\"https:\/\/login.ieduca.com\/\" target=\"_blank\" rel=\"noopener\">iEduca<\/a>, a l&#8217;apartat <em>Enlla\u00e7os,<\/em> fes clic a &#8220;<strong>Sol\u00b7licitud semipresencialitat<\/strong>&#8221; i completa el formulari. Caldr\u00e0 que hi adjuntis tota la documentaci\u00f3 acreditativa per tal de completar la sol\u00b7licitud. <\/span><span style=\"font-family: helvetica, arial, sans-serif;\">Un cop rebuda, en un termini de 7 a 10 dies, rebr\u00e0s la resoluci\u00f3 d&#8217;aprovaci\u00f3 o de denegaci\u00f3 justificada de la sol\u00b7licitud semipresencialitat.\u00a0<\/span><\/span><\/p>\n<h6><\/h6>\n<h6><span style=\"font-family: helvetica, arial, sans-serif;\"><span style=\"font-family: helvetica, arial, sans-serif;\">Normativa<\/span><\/span><\/h6>\n<div class=\"col icon-col\">\n<div class=\"icon\"><span style=\"font-family: helvetica, arial, sans-serif; font-size: 12pt;\"><a class=\"\" style=\"background-color: #ffffff;\" title=\"Decret 28\/2014, de 4 de mar\u00e7\" href=\"https:\/\/dogc.gencat.cat\/ca\/pdogc_canals_interns\/pdogc_resultats_fitxa\/?action=fitxa&amp;mode=single&amp;documentId=656556&amp;language=ca_ES\" target=\"_blank\" rel=\"noopener\">Decret 28\/2014, de 4 de mar\u00e7 <\/a>d&#8217;ordenaci\u00f3 general dels ensenyaments professionals d&#8217;arts pl\u00e0stiques i disseny, i de modificaci\u00f3 del Decret 284\/2011, d&#8217;1 de mar\u00e7, d&#8217;ordenaci\u00f3 general de la formaci\u00f3 professional inicial (DOGC n\u00fam. 6576, de 06.03.2014).<\/span><\/div>\n<\/div>\n","protected":false},"excerpt":{"rendered":"<p>Qu\u00e8 \u00e9s la matr\u00edcula semipresencial? La matr\u00edcula semipresencial t\u00e9 com a finalitat\u00a0facilitar l&#8217;acc\u00e9s\u00a0als ensenyaments de formaci\u00f3 professional de les persones que\u00a0no poden assistir presencialment a totes les hores lectives (per feina, per tenir cura d&#8217;altres persones o per qualsevol altra circumst\u00e0ncia excepcional). Aquesta incompatibilitat amb l&#8217;horari lectiu s&#8217;ha d&#8217;acreditar documentalment. Aquesta\u00a0mesura flexibilitzadora\u00a0combina les activitats presencials [&hellip;]<\/p>\n","protected":false},"author":1,"featured_media":0,"parent":14430,"menu_order":10,"comment_status":"closed","ping_status":"closed","template":"","meta":{"site-sidebar-layout":"left-sidebar","site-content-layout":"","ast-site-content-layout":"default","site-content-style":"default","site-sidebar-style":"default","ast-global-header-display":"","ast-banner-title-visibility":"","ast-main-header-display":"","ast-hfb-above-header-display":"","ast-hfb-below-header-display":"","ast-hfb-mobile-header-display":"","site-post-title":"","ast-breadcrumbs-content":"","ast-featured-img":"","footer-sml-layout":"","theme-transparent-header-meta":"default","adv-header-id-meta":"","stick-header-meta":"","header-above-stick-meta":"","header-main-stick-meta":"","header-below-stick-meta":"","astra-migrate-meta-layouts":"set","ast-page-background-enabled":"default","ast-page-background-meta":{"desktop":{"background-color":"var(--ast-global-color-4)","background-image":"","background-repeat":"repeat","background-position":"center center","background-size":"auto","background-attachment":"scroll","background-type":"","background-media":"","overlay-type":"","overlay-color":"","overlay-opacity":"","overlay-gradient":""},"tablet":{"background-color":"","background-image":"","background-repeat":"repeat","background-position":"center center","background-size":"auto","background-attachment":"scroll","background-type":"","background-media":"","overlay-type":"","overlay-color":"","overlay-opacity":"","overlay-gradient":""},"mobile":{"background-color":"","background-image":"","background-repeat":"repeat","background-position":"center center","background-size":"auto","background-attachment":"scroll","background-type":"","background-media":"","overlay-type":"","overlay-color":"","overlay-opacity":"","overlay-gradient":""}},"ast-content-background-meta":{"desktop":{"background-color":"var(--ast-global-color-5)","background-image":"","background-repeat":"repeat","background-position":"center center","background-size":"auto","background-attachment":"scroll","background-type":"","background-media":"","overlay-type":"","overlay-color":"","overlay-opacity":"","overlay-gradient":""},"tablet":{"background-color":"var(--ast-global-color-5)","background-image":"","background-repeat":"repeat","background-position":"center center","background-size":"auto","background-attachment":"scroll","background-type":"","background-media":"","overlay-type":"","overlay-color":"","overlay-opacity":"","overlay-gradient":""},"mobile":{"background-color":"var(--ast-global-color-5)","background-image":"","background-repeat":"repeat","background-position":"center center","background-size":"auto","background-attachment":"scroll","background-type":"","background-media":"","overlay-type":"","overlay-color":"","overlay-opacity":"","overlay-gradient":""}},"footnotes":""},"class_list":["post-14489","page","type-page","status-publish","hentry"],"post_mailing_queue_ids":[],"_links":{"self":[{"href":"https:\/\/agora.xtec.cat\/insbadia\/wp-json\/wp\/v2\/pages\/14489","targetHints":{"allow":["GET"]}}],"collection":[{"href":"https:\/\/agora.xtec.cat\/insbadia\/wp-json\/wp\/v2\/pages"}],"about":[{"href":"https:\/\/agora.xtec.cat\/insbadia\/wp-json\/wp\/v2\/types\/page"}],"author":[{"embeddable":true,"href":"https:\/\/agora.xtec.cat\/insbadia\/wp-json\/wp\/v2\/users\/1"}],"replies":[{"embeddable":true,"href":"https:\/\/agora.xtec.cat\/insbadia\/wp-json\/wp\/v2\/comments?post=14489"}],"version-history":[{"count":4,"href":"https:\/\/agora.xtec.cat\/insbadia\/wp-json\/wp\/v2\/pages\/14489\/revisions"}],"predecessor-version":[{"id":14514,"href":"https:\/\/agora.xtec.cat\/insbadia\/wp-json\/wp\/v2\/pages\/14489\/revisions\/14514"}],"up":[{"embeddable":true,"href":"https:\/\/agora.xtec.cat\/insbadia\/wp-json\/wp\/v2\/pages\/14430"}],"wp:attachment":[{"href":"https:\/\/agora.xtec.cat\/insbadia\/wp-json\/wp\/v2\/media?parent=14489"}],"curies":[{"name":"wp","href":"https:\/\/api.w.org\/{rel}","templated":true}]}}