{"id":14451,"date":"2025-11-13T12:41:11","date_gmt":"2025-11-13T11:41:11","guid":{"rendered":"https:\/\/agora.xtec.cat\/insbadia\/?page_id=14451"},"modified":"2026-01-12T16:02:08","modified_gmt":"2026-01-12T15:02:08","slug":"historia","status":"publish","type":"page","link":"https:\/\/agora.xtec.cat\/insbadia\/linstitut\/historia\/","title":{"rendered":"Qui som?"},"content":{"rendered":"<p data-start=\"220\" data-end=\"658\"><span style=\"font-family: helvetica, arial, sans-serif;\"><img loading=\"lazy\" decoding=\"async\" class=\"wp-image-12607 aligncenter\" src=\"https:\/\/agora.xtec.cat\/insbadia\/wp-content\/uploads\/usu1299\/2023\/09\/banner_badia.png\" alt=\"\" width=\"667\" height=\"220\" srcset=\"https:\/\/agora.xtec.cat\/insbadia\/wp-content\/uploads\/usu1299\/2023\/09\/banner_badia.png 1222w, https:\/\/agora.xtec.cat\/insbadia\/wp-content\/uploads\/usu1299\/2023\/09\/banner_badia-300x99.png 300w, https:\/\/agora.xtec.cat\/insbadia\/wp-content\/uploads\/usu1299\/2023\/09\/banner_badia-1024x339.png 1024w, https:\/\/agora.xtec.cat\/insbadia\/wp-content\/uploads\/usu1299\/2023\/09\/banner_badia-768x254.png 768w\" sizes=\"auto, (max-width: 667px) 100vw, 667px\" \/><\/span><\/p>\n<p><span style=\"font-family: helvetica, arial, sans-serif; font-size: 12pt;\">L\u2019<strong>Institut d&#8217;FP de Badia del Vall\u00e8s<\/strong> \u00e9s un centre educatiu p\u00fablic que forma part del sistema d\u2019ensenyament de la Generalitat de Catalunya. El seu origen es remunta a l\u2019any 1986, quan es va posar en funcionament com a centre referent en Formaci\u00f3 Professional.<\/span><\/p>\n<p><span style=\"font-family: helvetica, arial, sans-serif; font-size: 12pt;\">Al llarg dels anys, l\u2019Institut ha anat evolucionant per adaptar-se a les necessitats socials i educatives del moment. L\u2019any 1994, es va incorporar de forma volunt\u00e0ria la nova reforma educativa, afegint a l&#8217;oferta formativa del centre els estudis d\u2019ESO i Batxillerat. M\u00e9s tard, el 2003, es va afegir una nova fam\u00edlia professional d&#8217;FP: inform\u00e0tica i comunicacions. M\u00e9s recentment s&#8217;han afegit a l&#8217;oferta les fam\u00edlies d\u2019activitats f\u00edsiques i esportives i d\u2019edificaci\u00f3 i obra civil.<\/span><\/p>\n<p><span style=\"font-family: helvetica, arial, sans-serif; font-size: 12pt;\">Des del primer dia, l&#8217;institut s\u2019ha caracteritzat per oferir molt m\u00e9s que formaci\u00f3 t\u00e8cnica o acad\u00e8mica: ha plantejat un ambient de conviv\u00e8ncia, un entorn d\u2019aprenentatge i un projecte educatiu que busca desenvolupar tant les aptituds com el creixement personal de l\u2019alumnat. El claustre ha anat combinant experi\u00e8ncia i renovaci\u00f3 -persones que aporten traject\u00f2ria i experi\u00e8ncia i altres que porten noves idees- procurant adaptar-se als canvis legislatius i socials amb un esperit constructiu.<\/span><\/p>\n<p><span style=\"font-family: helvetica, arial, sans-serif; font-size: 12pt;\">Avui dia, l\u2019Institut d&#8217;FP de Badia del Vall\u00e8s es presenta com un espai de refer\u00e8ncia en l&#8217;\u00e0mbit de la Formaci\u00f3 Professional de la zona, amb una oferta formativa \u00e0mplia i que abasta diferents etapes i itineraris professionals, i amb la voluntat de seguir impulsant la qualitat educativa, la millora cont\u00ednua, la inclusi\u00f3 i la preparaci\u00f3 per al futur professional. \u00c9s un centre que mira cap endavant, basant-se en la seva hist\u00f2ria i en el comprom\u00eds amb l\u2019alumnat i la comunitat educativa.<\/span><\/p>\n","protected":false},"excerpt":{"rendered":"<p>L\u2019Institut d&#8217;FP de Badia del Vall\u00e8s \u00e9s un centre educatiu p\u00fablic que forma part del sistema d\u2019ensenyament de la Generalitat de Catalunya. El seu origen es remunta a l\u2019any 1986, quan es va posar en funcionament com a centre referent en Formaci\u00f3 Professional. Al llarg dels anys, l\u2019Institut ha anat evolucionant per adaptar-se a les [&hellip;]<\/p>\n","protected":false},"author":1,"featured_media":0,"parent":19,"menu_order":10,"comment_status":"closed","ping_status":"closed","template":"","meta":{"site-sidebar-layout":"left-sidebar","site-content-layout":"","ast-site-content-layout":"default","site-content-style":"default","site-sidebar-style":"default","ast-global-header-display":"","ast-banner-title-visibility":"","ast-main-header-display":"","ast-hfb-above-header-display":"","ast-hfb-below-header-display":"","ast-hfb-mobile-header-display":"","site-post-title":"","ast-breadcrumbs-content":"","ast-featured-img":"","footer-sml-layout":"","theme-transparent-header-meta":"default","adv-header-id-meta":"","stick-header-meta":"","header-above-stick-meta":"","header-main-stick-meta":"","header-below-stick-meta":"","astra-migrate-meta-layouts":"set","ast-page-background-enabled":"default","ast-page-background-meta":{"desktop":{"background-color":"var(--ast-global-color-4)","background-image":"","background-repeat":"repeat","background-position":"center center","background-size":"auto","background-attachment":"scroll","background-type":"","background-media":"","overlay-type":"","overlay-color":"","overlay-opacity":"","overlay-gradient":""},"tablet":{"background-color":"","background-image":"","background-repeat":"repeat","background-position":"center center","background-size":"auto","background-attachment":"scroll","background-type":"","background-media":"","overlay-type":"","overlay-color":"","overlay-opacity":"","overlay-gradient":""},"mobile":{"background-color":"","background-image":"","background-repeat":"repeat","background-position":"center center","background-size":"auto","background-attachment":"scroll","background-type":"","background-media":"","overlay-type":"","overlay-color":"","overlay-opacity":"","overlay-gradient":""}},"ast-content-background-meta":{"desktop":{"background-color":"var(--ast-global-color-5)","background-image":"","background-repeat":"repeat","background-position":"center center","background-size":"auto","background-attachment":"scroll","background-type":"","background-media":"","overlay-type":"","overlay-color":"","overlay-opacity":"","overlay-gradient":""},"tablet":{"background-color":"var(--ast-global-color-5)","background-image":"","background-repeat":"repeat","background-position":"center center","background-size":"auto","background-attachment":"scroll","background-type":"","background-media":"","overlay-type":"","overlay-color":"","overlay-opacity":"","overlay-gradient":""},"mobile":{"background-color":"var(--ast-global-color-5)","background-image":"","background-repeat":"repeat","background-position":"center center","background-size":"auto","background-attachment":"scroll","background-type":"","background-media":"","overlay-type":"","overlay-color":"","overlay-opacity":"","overlay-gradient":""}},"footnotes":""},"class_list":["post-14451","page","type-page","status-publish","hentry"],"post_mailing_queue_ids":[],"_links":{"self":[{"href":"https:\/\/agora.xtec.cat\/insbadia\/wp-json\/wp\/v2\/pages\/14451","targetHints":{"allow":["GET"]}}],"collection":[{"href":"https:\/\/agora.xtec.cat\/insbadia\/wp-json\/wp\/v2\/pages"}],"about":[{"href":"https:\/\/agora.xtec.cat\/insbadia\/wp-json\/wp\/v2\/types\/page"}],"author":[{"embeddable":true,"href":"https:\/\/agora.xtec.cat\/insbadia\/wp-json\/wp\/v2\/users\/1"}],"replies":[{"embeddable":true,"href":"https:\/\/agora.xtec.cat\/insbadia\/wp-json\/wp\/v2\/comments?post=14451"}],"version-history":[{"count":6,"href":"https:\/\/agora.xtec.cat\/insbadia\/wp-json\/wp\/v2\/pages\/14451\/revisions"}],"predecessor-version":[{"id":14590,"href":"https:\/\/agora.xtec.cat\/insbadia\/wp-json\/wp\/v2\/pages\/14451\/revisions\/14590"}],"up":[{"embeddable":true,"href":"https:\/\/agora.xtec.cat\/insbadia\/wp-json\/wp\/v2\/pages\/19"}],"wp:attachment":[{"href":"https:\/\/agora.xtec.cat\/insbadia\/wp-json\/wp\/v2\/media?parent=14451"}],"curies":[{"name":"wp","href":"https:\/\/api.w.org\/{rel}","templated":true}]}}