{"id":14439,"date":"2025-11-07T12:28:30","date_gmt":"2025-11-07T11:28:30","guid":{"rendered":"https:\/\/agora.xtec.cat\/insbadia\/?page_id=14439"},"modified":"2025-11-21T11:46:02","modified_gmt":"2025-11-21T10:46:02","slug":"canal-telegram","status":"publish","type":"page","link":"https:\/\/agora.xtec.cat\/insbadia\/espai-alumnat\/canal-telegram\/","title":{"rendered":"Canal de Telegram"},"content":{"rendered":"<p data-start=\"141\" data-end=\"324\"><span style=\"font-family: helvetica, arial, sans-serif; font-size: 12pt;\">L\u2019Institut disposa d\u2019un <strong data-start=\"165\" data-end=\"194\">canal oficial de Telegram<\/strong> on es comparteix informaci\u00f3 important sobre <strong data-start=\"239\" data-end=\"321\">temes acad\u00e8mics, activitats i avisos rellevants.<\/strong><\/span><\/p>\n<p data-start=\"326\" data-end=\"412\"><span style=\"font-family: helvetica, arial, sans-serif; font-size: 12pt;\">\u00c9s una manera <strong data-start=\"340\" data-end=\"376\">r\u00e0pida i pr\u00e0ctica d\u2019estar al dia<\/strong> de tot el que passa a l\u2019institut.<\/span><\/p>\n<p data-start=\"414\" data-end=\"527\"><span style=\"font-family: helvetica, arial, sans-serif; font-size: 12pt;\"><strong data-start=\"417\" data-end=\"445\">T\u2019hi pots unir f\u00e0cilment<\/strong> buscant el canal de l\u2019institut a Telegram <strong>@InstitutBadia<\/strong> o accedint al QR:<\/span><\/p>\n<p data-start=\"414\" data-end=\"527\"><img loading=\"lazy\" decoding=\"async\" class=\"aligncenter wp-image-14440\" src=\"https:\/\/agora.xtec.cat\/insbadia\/wp-content\/uploads\/usu1299\/2025\/11\/QRTelegram.jpg\" alt=\"\" width=\"244\" height=\"249\" srcset=\"https:\/\/agora.xtec.cat\/insbadia\/wp-content\/uploads\/usu1299\/2025\/11\/QRTelegram.jpg 321w, https:\/\/agora.xtec.cat\/insbadia\/wp-content\/uploads\/usu1299\/2025\/11\/QRTelegram-294x300.jpg 294w\" sizes=\"auto, (max-width: 244px) 100vw, 244px\" \/><\/p>\n","protected":false},"excerpt":{"rendered":"<p>L\u2019Institut disposa d\u2019un canal oficial de Telegram on es comparteix informaci\u00f3 important sobre temes acad\u00e8mics, activitats i avisos rellevants. \u00c9s una manera r\u00e0pida i pr\u00e0ctica d\u2019estar al dia de tot el que passa a l\u2019institut. T\u2019hi pots unir f\u00e0cilment buscant el canal de l\u2019institut a Telegram @InstitutBadia o accedint al QR:<\/p>\n","protected":false},"author":1,"featured_media":0,"parent":14430,"menu_order":40,"comment_status":"closed","ping_status":"closed","template":"","meta":{"site-sidebar-layout":"left-sidebar","site-content-layout":"","ast-site-content-layout":"default","site-content-style":"default","site-sidebar-style":"default","ast-global-header-display":"","ast-banner-title-visibility":"","ast-main-header-display":"","ast-hfb-above-header-display":"","ast-hfb-below-header-display":"","ast-hfb-mobile-header-display":"","site-post-title":"","ast-breadcrumbs-content":"","ast-featured-img":"","footer-sml-layout":"","theme-transparent-header-meta":"default","adv-header-id-meta":"","stick-header-meta":"","header-above-stick-meta":"","header-main-stick-meta":"","header-below-stick-meta":"","astra-migrate-meta-layouts":"set","ast-page-background-enabled":"default","ast-page-background-meta":{"desktop":{"background-color":"var(--ast-global-color-4)","background-image":"","background-repeat":"repeat","background-position":"center center","background-size":"auto","background-attachment":"scroll","background-type":"","background-media":"","overlay-type":"","overlay-color":"","overlay-opacity":"","overlay-gradient":""},"tablet":{"background-color":"","background-image":"","background-repeat":"repeat","background-position":"center center","background-size":"auto","background-attachment":"scroll","background-type":"","background-media":"","overlay-type":"","overlay-color":"","overlay-opacity":"","overlay-gradient":""},"mobile":{"background-color":"","background-image":"","background-repeat":"repeat","background-position":"center center","background-size":"auto","background-attachment":"scroll","background-type":"","background-media":"","overlay-type":"","overlay-color":"","overlay-opacity":"","overlay-gradient":""}},"ast-content-background-meta":{"desktop":{"background-color":"var(--ast-global-color-5)","background-image":"","background-repeat":"repeat","background-position":"center center","background-size":"auto","background-attachment":"scroll","background-type":"","background-media":"","overlay-type":"","overlay-color":"","overlay-opacity":"","overlay-gradient":""},"tablet":{"background-color":"var(--ast-global-color-5)","background-image":"","background-repeat":"repeat","background-position":"center center","background-size":"auto","background-attachment":"scroll","background-type":"","background-media":"","overlay-type":"","overlay-color":"","overlay-opacity":"","overlay-gradient":""},"mobile":{"background-color":"var(--ast-global-color-5)","background-image":"","background-repeat":"repeat","background-position":"center center","background-size":"auto","background-attachment":"scroll","background-type":"","background-media":"","overlay-type":"","overlay-color":"","overlay-opacity":"","overlay-gradient":""}},"footnotes":""},"class_list":["post-14439","page","type-page","status-publish","hentry"],"post_mailing_queue_ids":[],"_links":{"self":[{"href":"https:\/\/agora.xtec.cat\/insbadia\/wp-json\/wp\/v2\/pages\/14439","targetHints":{"allow":["GET"]}}],"collection":[{"href":"https:\/\/agora.xtec.cat\/insbadia\/wp-json\/wp\/v2\/pages"}],"about":[{"href":"https:\/\/agora.xtec.cat\/insbadia\/wp-json\/wp\/v2\/types\/page"}],"author":[{"embeddable":true,"href":"https:\/\/agora.xtec.cat\/insbadia\/wp-json\/wp\/v2\/users\/1"}],"replies":[{"embeddable":true,"href":"https:\/\/agora.xtec.cat\/insbadia\/wp-json\/wp\/v2\/comments?post=14439"}],"version-history":[{"count":2,"href":"https:\/\/agora.xtec.cat\/insbadia\/wp-json\/wp\/v2\/pages\/14439\/revisions"}],"predecessor-version":[{"id":14511,"href":"https:\/\/agora.xtec.cat\/insbadia\/wp-json\/wp\/v2\/pages\/14439\/revisions\/14511"}],"up":[{"embeddable":true,"href":"https:\/\/agora.xtec.cat\/insbadia\/wp-json\/wp\/v2\/pages\/14430"}],"wp:attachment":[{"href":"https:\/\/agora.xtec.cat\/insbadia\/wp-json\/wp\/v2\/media?parent=14439"}],"curies":[{"name":"wp","href":"https:\/\/api.w.org\/{rel}","templated":true}]}}