{"id":14432,"date":"2025-11-07T12:03:58","date_gmt":"2025-11-07T11:03:58","guid":{"rendered":"https:\/\/agora.xtec.cat\/insbadia\/?page_id=14432"},"modified":"2025-12-02T12:18:47","modified_gmt":"2025-12-02T11:18:47","slug":"carnet-destudiant","status":"publish","type":"page","link":"https:\/\/agora.xtec.cat\/insbadia\/espai-alumnat\/carnet-destudiant\/","title":{"rendered":"Carnet d&#8217;estudiant"},"content":{"rendered":"<p><span style=\"font-family: helvetica, arial, sans-serif;\"><strong data-start=\"0\" data-end=\"55\">Sol\u00b7licita el teu Carnet d\u2019Estudiant de l\u2019Institut!<\/strong><\/span><\/p>\n<p data-start=\"59\" data-end=\"407\"><span style=\"font-family: helvetica, arial, sans-serif; font-size: 12pt;\">El <strong data-start=\"62\" data-end=\"84\">carnet d\u2019estudiant<\/strong> \u00e9s un document personal que identifica l\u2019alumnat del nostre institut i permet gaudir de diversos avantatges tant dins com fora del centre. Amb aquest carnet, els i les estudiants poden obtenir <strong data-start=\"278\" data-end=\"319\">descomptes en alguns comer\u00e7os<\/strong>, aix\u00ed com <strong data-start=\"330\" data-end=\"404\">acc\u00e9s redu\u00eft o gratu\u00eft a museus, activitats culturals i altres serveis<\/strong>.<\/span><\/p>\n<p style=\"text-align: center;\" data-start=\"59\" data-end=\"407\"><span style=\"font-family: helvetica, arial, sans-serif; font-size: 12pt;\"><img loading=\"lazy\" decoding=\"async\" class=\"aligncenter size-full wp-image-14563\" src=\"https:\/\/agora.xtec.cat\/insbadia\/wp-content\/uploads\/usu1299\/2025\/12\/Carnet_estudiant.png\" alt=\"\" width=\"427\" height=\"280\" srcset=\"https:\/\/agora.xtec.cat\/insbadia\/wp-content\/uploads\/usu1299\/2025\/12\/Carnet_estudiant.png 427w, https:\/\/agora.xtec.cat\/insbadia\/wp-content\/uploads\/usu1299\/2025\/12\/Carnet_estudiant-300x197.png 300w\" sizes=\"auto, (max-width: 427px) 100vw, 427px\" \/><\/span><\/p>\n<p data-start=\"409\" data-end=\"574\"><span style=\"font-family: helvetica, arial, sans-serif; font-size: 12pt;\">Tots els alumnes del centre poden <strong data-start=\"443\" data-end=\"511\">sol\u00b7licitar el carnet d\u2019estudiant a la consergeria de l\u2019institut<\/strong>.<\/span><\/p>\n","protected":false},"excerpt":{"rendered":"<p>Sol\u00b7licita el teu Carnet d\u2019Estudiant de l\u2019Institut! El carnet d\u2019estudiant \u00e9s un document personal que identifica l\u2019alumnat del nostre institut i permet gaudir de diversos avantatges tant dins com fora del centre. Amb aquest carnet, els i les estudiants poden obtenir descomptes en alguns comer\u00e7os, aix\u00ed com acc\u00e9s redu\u00eft o gratu\u00eft a museus, activitats culturals [&hellip;]<\/p>\n","protected":false},"author":1,"featured_media":0,"parent":14430,"menu_order":30,"comment_status":"closed","ping_status":"closed","template":"","meta":{"site-sidebar-layout":"left-sidebar","site-content-layout":"","ast-site-content-layout":"default","site-content-style":"default","site-sidebar-style":"default","ast-global-header-display":"","ast-banner-title-visibility":"","ast-main-header-display":"","ast-hfb-above-header-display":"","ast-hfb-below-header-display":"","ast-hfb-mobile-header-display":"","site-post-title":"","ast-breadcrumbs-content":"","ast-featured-img":"","footer-sml-layout":"","theme-transparent-header-meta":"default","adv-header-id-meta":"","stick-header-meta":"","header-above-stick-meta":"","header-main-stick-meta":"","header-below-stick-meta":"","astra-migrate-meta-layouts":"set","ast-page-background-enabled":"default","ast-page-background-meta":{"desktop":{"background-color":"var(--ast-global-color-4)","background-image":"","background-repeat":"repeat","background-position":"center center","background-size":"auto","background-attachment":"scroll","background-type":"","background-media":"","overlay-type":"","overlay-color":"","overlay-opacity":"","overlay-gradient":""},"tablet":{"background-color":"","background-image":"","background-repeat":"repeat","background-position":"center center","background-size":"auto","background-attachment":"scroll","background-type":"","background-media":"","overlay-type":"","overlay-color":"","overlay-opacity":"","overlay-gradient":""},"mobile":{"background-color":"","background-image":"","background-repeat":"repeat","background-position":"center center","background-size":"auto","background-attachment":"scroll","background-type":"","background-media":"","overlay-type":"","overlay-color":"","overlay-opacity":"","overlay-gradient":""}},"ast-content-background-meta":{"desktop":{"background-color":"var(--ast-global-color-5)","background-image":"","background-repeat":"repeat","background-position":"center center","background-size":"auto","background-attachment":"scroll","background-type":"","background-media":"","overlay-type":"","overlay-color":"","overlay-opacity":"","overlay-gradient":""},"tablet":{"background-color":"var(--ast-global-color-5)","background-image":"","background-repeat":"repeat","background-position":"center center","background-size":"auto","background-attachment":"scroll","background-type":"","background-media":"","overlay-type":"","overlay-color":"","overlay-opacity":"","overlay-gradient":""},"mobile":{"background-color":"var(--ast-global-color-5)","background-image":"","background-repeat":"repeat","background-position":"center center","background-size":"auto","background-attachment":"scroll","background-type":"","background-media":"","overlay-type":"","overlay-color":"","overlay-opacity":"","overlay-gradient":""}},"footnotes":""},"class_list":["post-14432","page","type-page","status-publish","hentry"],"post_mailing_queue_ids":[],"_links":{"self":[{"href":"https:\/\/agora.xtec.cat\/insbadia\/wp-json\/wp\/v2\/pages\/14432","targetHints":{"allow":["GET"]}}],"collection":[{"href":"https:\/\/agora.xtec.cat\/insbadia\/wp-json\/wp\/v2\/pages"}],"about":[{"href":"https:\/\/agora.xtec.cat\/insbadia\/wp-json\/wp\/v2\/types\/page"}],"author":[{"embeddable":true,"href":"https:\/\/agora.xtec.cat\/insbadia\/wp-json\/wp\/v2\/users\/1"}],"replies":[{"embeddable":true,"href":"https:\/\/agora.xtec.cat\/insbadia\/wp-json\/wp\/v2\/comments?post=14432"}],"version-history":[{"count":4,"href":"https:\/\/agora.xtec.cat\/insbadia\/wp-json\/wp\/v2\/pages\/14432\/revisions"}],"predecessor-version":[{"id":14564,"href":"https:\/\/agora.xtec.cat\/insbadia\/wp-json\/wp\/v2\/pages\/14432\/revisions\/14564"}],"up":[{"embeddable":true,"href":"https:\/\/agora.xtec.cat\/insbadia\/wp-json\/wp\/v2\/pages\/14430"}],"wp:attachment":[{"href":"https:\/\/agora.xtec.cat\/insbadia\/wp-json\/wp\/v2\/media?parent=14432"}],"curies":[{"name":"wp","href":"https:\/\/api.w.org\/{rel}","templated":true}]}}