{"id":14314,"date":"2025-10-21T11:12:34","date_gmt":"2025-10-21T09:12:34","guid":{"rendered":"https:\/\/agora.xtec.cat\/insbadia\/?page_id=14314"},"modified":"2026-04-16T11:37:41","modified_gmt":"2026-04-16T09:37:41","slug":"ieduca","status":"publish","type":"page","link":"https:\/\/agora.xtec.cat\/insbadia\/secretaria\/ieduca\/","title":{"rendered":"iEduca"},"content":{"rendered":"<h4><span style=\"font-family: helvetica, arial, sans-serif;\">Qu\u00e8 \u00e9s iEduca?<\/span><\/h4>\n<p><span style=\"font-family: helvetica, arial, sans-serif; font-size: 12pt;\"><b>iEduca<\/b> \u00e9s la plataforma de gesti\u00f3 acad\u00e8mica que s&#8217;utilitza a l\u2019<b>Institut d&#8217;FP Badia del Vall\u00e8s<\/b> i que permet a l&#8217;alumnat i fam\u00edlies:<\/span><\/p>\n<ul>\n<li aria-level=\"1\"><span style=\"font-family: helvetica, arial, sans-serif; font-size: 12pt;\">Comunicar-se amb el tutor\/a.<\/span><\/li>\n<li aria-level=\"1\"><span style=\"font-family: helvetica, arial, sans-serif; font-size: 12pt;\">Consultar o rebre via notificaci\u00f3 o correu electr\u00f2nic les anotacions de seguiment que els professors\/es facin sobre l&#8217;alumnat.<\/span><\/li>\n<li aria-level=\"1\"><span style=\"font-family: helvetica, arial, sans-serif; font-size: 12pt;\">Consultar i descarregar els butlletins de notes.<\/span><\/li>\n<li aria-level=\"1\"><span style=\"font-family: helvetica, arial, sans-serif; font-size: 12pt;\">Veure l\u2019horari i l\u2019agenda.<\/span><\/li>\n<li aria-level=\"1\"><span style=\"font-family: helvetica, arial, sans-serif; font-size: 12pt;\">Tenir acc\u00e9s al calendari del centre.<\/span><\/li>\n<li aria-level=\"1\"><span style=\"font-family: helvetica, arial, sans-serif; font-size: 12pt;\">Accedir a enlla\u00e7os de gesti\u00f3 acad\u00e8mica.<\/span><\/li>\n<\/ul>\n<h4><span style=\"font-family: helvetica, arial, sans-serif;\">Acc\u00e9s a la plataforma<\/span><\/h4>\n<p><span style=\"font-family: helvetica, arial, sans-serif; font-size: 12pt;\">A l&#8217;inici de curs, es proporcionen a tot l&#8217;alumnat les credencials (usuari i contrasenya) per accedir a iEduca.<\/span><\/p>\n<p><span style=\"font-family: helvetica, arial, sans-serif; font-size: 12pt;\">Les fam\u00edlies d&#8217;alumnat menor de 18 anys tamb\u00e9 tenen acc\u00e9s a iEduca. Les credencials d&#8217;acc\u00e9s s\u00f3n individuals (compte propi per cada tutor\/a) i s&#8217;envien a l&#8217;inici de curs al compte de correu electr\u00f2nic que es va indicar a la matr\u00edcula.<\/span><\/p>\n<p><span style=\"font-family: helvetica, arial, sans-serif; font-size: 12pt;\">Les fam\u00edlies d&#8217;alumnat major de 18 anys, podeu sol\u00b7licitar l&#8217;acc\u00e9s a la plataforma si l&#8217;alumne\/a ho autoritza, emplenant aquesta sol\u00b7licitud: <a href=\"https:\/\/agora.xtec.cat\/insbadia\/wp-content\/uploads\/usu1299\/2024\/01\/Autoritzacio-seguiment-academic-majors-18.pdf\" target=\"_blank\" rel=\"noopener\">https:\/\/agora.xtec.cat\/insbadia\/wp-content\/uploads\/usu1299\/2024\/01\/Autoritzacio-seguiment-academic-majors-18.pdf<\/a><\/span><\/p>\n<p><span style=\"font-family: helvetica, arial, sans-serif; font-size: 12pt;\">Per accedir a la plataforma cal anar a: <a href=\"https:\/\/login.ieduca.com\/?centre=insbadia&amp;modul=base\" target=\"_blank\" rel=\"noopener\">https:\/\/login.ieduca.com\/?centre=insbadia&amp;modul=base<\/a><\/span><\/p>\n<h4><span style=\"font-family: helvetica, arial, sans-serif;\">Obtenir les claus d&#8217;acc\u00e9s<\/span><\/h4>\n<ul>\n<li><span style=\"font-family: helvetica, arial, sans-serif; font-size: 12pt;\">Les claus d\u2019acc\u00e9s a la plataforma s\u2019envien per correu electr\u00f2nic a les fam\u00edlies noves.<\/span><\/li>\n<li><span style=\"font-family: helvetica, arial, sans-serif; font-size: 12pt;\">Cada membre de la fam\u00edlia rep individualment\u00a0l\u2019<b>usuari\u00a0<\/b>i la<b>\u00a0clau d\u2019acc\u00e9s<\/b>\u00a0a la plataforma.<\/span><\/li>\n<li><span style=\"font-family: helvetica, arial, sans-serif; font-size: 12pt;\">Per poder rebre aquestes claus cal que l\u2019institut disposi dels correus electr\u00f2nics de cada membre de la fam\u00edlia.<\/span><\/li>\n<li><span style=\"font-family: helvetica, arial, sans-serif; font-size: 12pt;\">Si alg\u00fa no rep comunicacions del centre o no disposa de les claus d\u2019acc\u00e9s a iEduca \u00e9s perqu\u00e8 a l\u2019Institut no tenim el seu correu electr\u00f2nic. En aquest cas cal proporcionar-lo a secretaria.<\/span><\/li>\n<\/ul>\n<h4><span style=\"font-family: helvetica, arial, sans-serif;\">Comunicacions que reben les fam\u00edlies<\/span><\/h4>\n<ul>\n<li aria-level=\"1\"><span style=\"font-family: helvetica, arial, sans-serif; font-size: 12pt;\">Comunicacions del tutor\/a o de l\u2019equip docent.<\/span><\/li>\n<li aria-level=\"1\"><span style=\"font-family: helvetica, arial, sans-serif; font-size: 12pt;\">Notificacions de centre relatives a sortides, esdeveniments i comunicacions diverses.<\/span><\/li>\n<li aria-level=\"1\"><span style=\"font-family: helvetica, arial, sans-serif; font-size: 12pt;\">La 1a falta del dia. Les abs\u00e8ncies no justificades es comuniquen aproximadament 30 minuts despr\u00e9s de l\u2019inici de la classe en qu\u00e8 falta l\u2019alumne\/a, sempre que el professorat l\u2019hagi pogut introduir durant la classe.<\/span><\/li>\n<li aria-level=\"1\"><span style=\"font-family: helvetica, arial, sans-serif; font-size: 12pt;\">Setmanalment, s\u2019envien les abs\u00e8ncies no informades i totes les anotacions de seguiment que ha fet el professorat al llarg de la jornada escolar.<\/span><\/li>\n<\/ul>\n<h4><span style=\"font-family: helvetica, arial, sans-serif;\">Com justificar faltes d&#8217;assist\u00e8ncia<\/span><\/h4>\n<p><span style=\"font-family: helvetica, arial, sans-serif; font-size: 12pt;\">Per justificar les faltes d&#8217;assist\u00e8ncia, consulta la guia: <a href=\"https:\/\/agora.xtec.cat\/insbadia\/wp-content\/uploads\/usu1299\/2025\/10\/IBVQ-Justificar-absencies-families.pdf\">IBVQ-Justificar abs\u00e8ncies fam\u00edlies<\/a> o mirar aquest v\u00eddeo: <a href=\"https:\/\/www.youtube.com\/watch?v=uXd3RJxJ8m8&amp;list=PLh6RbrqunrkUoTp8TdfsW3wEvQhprV8l-&amp;index=5\" target=\"_blank\" rel=\"noopener\">guia justificaci\u00f3 de faltes<\/a><\/span><\/p>\n<h4><span style=\"font-family: helvetica, arial, sans-serif;\">Guia iEduca per les fam\u00edlies<\/span><\/h4>\n<p><span style=\"font-family: helvetica, arial, sans-serif; font-size: 12pt;\">Conulta la guia per con\u00e8ixer el funcionament de iEduca: <a href=\"https:\/\/agora.xtec.cat\/insbadia\/wp-content\/uploads\/usu1299\/2025\/10\/Guia-iEduca-per-les-families.pdf\">Guia iEduca per les fami\u0301lies<\/a><\/span><\/p>\n","protected":false},"excerpt":{"rendered":"<p>Qu\u00e8 \u00e9s iEduca? iEduca \u00e9s la plataforma de gesti\u00f3 acad\u00e8mica que s&#8217;utilitza a l\u2019Institut d&#8217;FP Badia del Vall\u00e8s i que permet a l&#8217;alumnat i fam\u00edlies: Comunicar-se amb el tutor\/a. Consultar o rebre via notificaci\u00f3 o correu electr\u00f2nic les anotacions de seguiment que els professors\/es facin sobre l&#8217;alumnat. Consultar i descarregar els butlletins de notes. Veure [&hellip;]<\/p>\n","protected":false},"author":124,"featured_media":0,"parent":81,"menu_order":70,"comment_status":"closed","ping_status":"closed","template":"","meta":{"site-sidebar-layout":"default","site-content-layout":"","ast-site-content-layout":"default","site-content-style":"default","site-sidebar-style":"default","ast-global-header-display":"","ast-banner-title-visibility":"","ast-main-header-display":"","ast-hfb-above-header-display":"","ast-hfb-below-header-display":"","ast-hfb-mobile-header-display":"","site-post-title":"","ast-breadcrumbs-content":"","ast-featured-img":"","footer-sml-layout":"","theme-transparent-header-meta":"default","adv-header-id-meta":"","stick-header-meta":"","header-above-stick-meta":"","header-main-stick-meta":"","header-below-stick-meta":"","astra-migrate-meta-layouts":"set","ast-page-background-enabled":"default","ast-page-background-meta":{"desktop":{"background-color":"var(--ast-global-color-4)","background-image":"","background-repeat":"repeat","background-position":"center center","background-size":"auto","background-attachment":"scroll","background-type":"","background-media":"","overlay-type":"","overlay-color":"","overlay-opacity":"","overlay-gradient":""},"tablet":{"background-color":"","background-image":"","background-repeat":"repeat","background-position":"center center","background-size":"auto","background-attachment":"scroll","background-type":"","background-media":"","overlay-type":"","overlay-color":"","overlay-opacity":"","overlay-gradient":""},"mobile":{"background-color":"","background-image":"","background-repeat":"repeat","background-position":"center center","background-size":"auto","background-attachment":"scroll","background-type":"","background-media":"","overlay-type":"","overlay-color":"","overlay-opacity":"","overlay-gradient":""}},"ast-content-background-meta":{"desktop":{"background-color":"var(--ast-global-color-5)","background-image":"","background-repeat":"repeat","background-position":"center center","background-size":"auto","background-attachment":"scroll","background-type":"","background-media":"","overlay-type":"","overlay-color":"","overlay-opacity":"","overlay-gradient":""},"tablet":{"background-color":"var(--ast-global-color-5)","background-image":"","background-repeat":"repeat","background-position":"center center","background-size":"auto","background-attachment":"scroll","background-type":"","background-media":"","overlay-type":"","overlay-color":"","overlay-opacity":"","overlay-gradient":""},"mobile":{"background-color":"var(--ast-global-color-5)","background-image":"","background-repeat":"repeat","background-position":"center center","background-size":"auto","background-attachment":"scroll","background-type":"","background-media":"","overlay-type":"","overlay-color":"","overlay-opacity":"","overlay-gradient":""}},"footnotes":""},"class_list":["post-14314","page","type-page","status-publish","hentry"],"post_mailing_queue_ids":[],"_links":{"self":[{"href":"https:\/\/agora.xtec.cat\/insbadia\/wp-json\/wp\/v2\/pages\/14314","targetHints":{"allow":["GET"]}}],"collection":[{"href":"https:\/\/agora.xtec.cat\/insbadia\/wp-json\/wp\/v2\/pages"}],"about":[{"href":"https:\/\/agora.xtec.cat\/insbadia\/wp-json\/wp\/v2\/types\/page"}],"author":[{"embeddable":true,"href":"https:\/\/agora.xtec.cat\/insbadia\/wp-json\/wp\/v2\/users\/124"}],"replies":[{"embeddable":true,"href":"https:\/\/agora.xtec.cat\/insbadia\/wp-json\/wp\/v2\/comments?post=14314"}],"version-history":[{"count":4,"href":"https:\/\/agora.xtec.cat\/insbadia\/wp-json\/wp\/v2\/pages\/14314\/revisions"}],"predecessor-version":[{"id":14920,"href":"https:\/\/agora.xtec.cat\/insbadia\/wp-json\/wp\/v2\/pages\/14314\/revisions\/14920"}],"up":[{"embeddable":true,"href":"https:\/\/agora.xtec.cat\/insbadia\/wp-json\/wp\/v2\/pages\/81"}],"wp:attachment":[{"href":"https:\/\/agora.xtec.cat\/insbadia\/wp-json\/wp\/v2\/media?parent=14314"}],"curies":[{"name":"wp","href":"https:\/\/api.w.org\/{rel}","templated":true}]}}