{"id":14156,"date":"2025-06-18T12:23:38","date_gmt":"2025-06-18T10:23:38","guid":{"rendered":"https:\/\/agora.xtec.cat\/insbadia\/?page_id=14156"},"modified":"2025-06-18T12:28:55","modified_gmt":"2025-06-18T10:28:55","slug":"informacio-legal","status":"publish","type":"page","link":"https:\/\/agora.xtec.cat\/insbadia\/informacio-legal\/","title":{"rendered":"Informaci\u00f3 legal"},"content":{"rendered":"<p><span style=\"font-weight: 400;\">En compliment de l\u2019article 10 de la Llei 34\/2002, de l\u201911 de juliol, de Serveis de la Societat de la Informaci\u00f3 i Comer\u00e7 Electr\u00f2nic (LSSICE), es fan constar les dades identificatives del prestador del servei:<\/span><\/p>\n<ul>\n<li><b>Denominaci\u00f3 social<\/b><span style=\"font-weight: 400;\">: Institut de Badia del Vall\u00e8s<\/span>&nbsp;<\/li>\n<li><b>Codi de centre<\/b><span style=\"font-weight: 400;\">: 08042342<\/span>&nbsp;<\/li>\n<li><b>CIF<\/b><span style=\"font-weight: 400;\">: Q5856076D<\/span>&nbsp;<\/li>\n<li><b>Adre\u00e7a<\/b><span style=\"font-weight: 400;\">: Carrer Mallorca s\/n, Badia del Vall\u00e8s 08214<\/span>&nbsp;<\/li>\n<li><b>Tel\u00e8fon de contacte<\/b><span style=\"font-weight: 400;\">: 937187506<\/span>&nbsp;<\/li>\n<li><b>Correu electr\u00f2nic<\/b><span style=\"font-weight: 400;\">: secretaria@ibadia.cat<\/span>&nbsp;<\/li>\n<li><b>Dades registrals<\/b><span style=\"font-weight: 400;\">: Centre p\u00fablic del Departament d\u2019Educaci\u00f3 de la Generalitat de Catalunya<\/span><\/li>\n<\/ul>\n","protected":false},"excerpt":{"rendered":"<p>En compliment de l\u2019article 10 de la Llei 34\/2002, de l\u201911 de juliol, de Serveis de la Societat de la Informaci\u00f3 i Comer\u00e7 Electr\u00f2nic (LSSICE), es fan constar les dades identificatives del prestador del servei: Denominaci\u00f3 social: Institut de Badia del Vall\u00e8s&nbsp; Codi de centre: 08042342&nbsp; CIF: Q5856076D&nbsp; Adre\u00e7a: Carrer Mallorca s\/n, Badia del Vall\u00e8s [&hellip;]<\/p>\n","protected":false},"author":28,"featured_media":0,"parent":0,"menu_order":0,"comment_status":"closed","ping_status":"closed","template":"","meta":{"site-sidebar-layout":"default","site-content-layout":"","ast-site-content-layout":"","site-content-style":"default","site-sidebar-style":"default","ast-global-header-display":"","ast-banner-title-visibility":"","ast-main-header-display":"","ast-hfb-above-header-display":"","ast-hfb-below-header-display":"","ast-hfb-mobile-header-display":"","site-post-title":"","ast-breadcrumbs-content":"","ast-featured-img":"","footer-sml-layout":"","theme-transparent-header-meta":"","adv-header-id-meta":"","stick-header-meta":"","header-above-stick-meta":"","header-main-stick-meta":"","header-below-stick-meta":"","astra-migrate-meta-layouts":"default","ast-page-background-enabled":"default","ast-page-background-meta":{"desktop":{"background-color":"var(--ast-global-color-4)","background-image":"","background-repeat":"repeat","background-position":"center center","background-size":"auto","background-attachment":"scroll","background-type":"","background-media":"","overlay-type":"","overlay-color":"","overlay-opacity":"","overlay-gradient":""},"tablet":{"background-color":"","background-image":"","background-repeat":"repeat","background-position":"center center","background-size":"auto","background-attachment":"scroll","background-type":"","background-media":"","overlay-type":"","overlay-color":"","overlay-opacity":"","overlay-gradient":""},"mobile":{"background-color":"","background-image":"","background-repeat":"repeat","background-position":"center center","background-size":"auto","background-attachment":"scroll","background-type":"","background-media":"","overlay-type":"","overlay-color":"","overlay-opacity":"","overlay-gradient":""}},"ast-content-background-meta":{"desktop":{"background-color":"var(--ast-global-color-5)","background-image":"","background-repeat":"repeat","background-position":"center center","background-size":"auto","background-attachment":"scroll","background-type":"","background-media":"","overlay-type":"","overlay-color":"","overlay-opacity":"","overlay-gradient":""},"tablet":{"background-color":"var(--ast-global-color-5)","background-image":"","background-repeat":"repeat","background-position":"center center","background-size":"auto","background-attachment":"scroll","background-type":"","background-media":"","overlay-type":"","overlay-color":"","overlay-opacity":"","overlay-gradient":""},"mobile":{"background-color":"var(--ast-global-color-5)","background-image":"","background-repeat":"repeat","background-position":"center center","background-size":"auto","background-attachment":"scroll","background-type":"","background-media":"","overlay-type":"","overlay-color":"","overlay-opacity":"","overlay-gradient":""}},"footnotes":""},"class_list":["post-14156","page","type-page","status-publish","hentry"],"post_mailing_queue_ids":[],"_links":{"self":[{"href":"https:\/\/agora.xtec.cat\/insbadia\/wp-json\/wp\/v2\/pages\/14156","targetHints":{"allow":["GET"]}}],"collection":[{"href":"https:\/\/agora.xtec.cat\/insbadia\/wp-json\/wp\/v2\/pages"}],"about":[{"href":"https:\/\/agora.xtec.cat\/insbadia\/wp-json\/wp\/v2\/types\/page"}],"author":[{"embeddable":true,"href":"https:\/\/agora.xtec.cat\/insbadia\/wp-json\/wp\/v2\/users\/28"}],"replies":[{"embeddable":true,"href":"https:\/\/agora.xtec.cat\/insbadia\/wp-json\/wp\/v2\/comments?post=14156"}],"version-history":[{"count":2,"href":"https:\/\/agora.xtec.cat\/insbadia\/wp-json\/wp\/v2\/pages\/14156\/revisions"}],"predecessor-version":[{"id":14163,"href":"https:\/\/agora.xtec.cat\/insbadia\/wp-json\/wp\/v2\/pages\/14156\/revisions\/14163"}],"wp:attachment":[{"href":"https:\/\/agora.xtec.cat\/insbadia\/wp-json\/wp\/v2\/media?parent=14156"}],"curies":[{"name":"wp","href":"https:\/\/api.w.org\/{rel}","templated":true}]}}