{"id":14038,"date":"2025-04-10T12:45:22","date_gmt":"2025-04-10T10:45:22","guid":{"rendered":"https:\/\/agora.xtec.cat\/insbadia\/?page_id=14038"},"modified":"2025-04-10T12:57:01","modified_gmt":"2025-04-10T10:57:01","slug":"reconeixement-equivalencia-de-catala","status":"publish","type":"page","link":"https:\/\/agora.xtec.cat\/insbadia\/secretaria\/tramits-i-documents\/reconeixement-equivalencia-de-catala\/","title":{"rendered":"Reconeixement equival\u00e8ncia de catal\u00e0"},"content":{"rendered":"<p>\ud83d\udc49 En aquesta p\u00e0gina, pots sol\u00b7licitar que expedim al teu nom el reconeixement d&#8217;equival\u00e8ncia entre els estudis cursats i el certificat de nivell B\/C, de la Direcci\u00f3 General de Pol\u00edtica Ling\u00fc\u00edstica.<\/p>\n<p><strong>\ud83d\udccc\u00a0 INSTRUCCIONS<\/strong> per presentar la sol\u00b7licitud:<\/p>\n<ol>\n<li><strong>Emplena el document<\/strong> que apareix a continuaci\u00f3 amb totes les dades necess\u00e0ries.<\/li>\n<li><strong>Signa<\/strong> digitalment el document.<\/li>\n<li>Envia&#8217;ns per correu electr\u00f2nic a <strong>secretaria@ibadia.cat<\/strong> el document signat i adjunta c\u00f2pia del DNI\/NIE\/Passaport de l&#8217;alumne\/a (i\/o autoritzaci\u00f3 i document d&#8217;identitat si es sol\u00b7licita en representaci\u00f3).<br \/>\n<hr \/>\n<\/li>\n<\/ol>\n<p style=\"text-align: center;\"><iframe loading=\"lazy\" style=\"border: 0; overflow: hidden; min-height: 500px; min-width: 600px;\" src=\"https:\/\/eu1.documents.adobe.com\/public\/esignWidget?wid=CBFCIBAA3AAABLblqZhB26Bz7voxg6nY0sIRLvZWeAoFe-slJ90S3rBH0qzrURiacPPdnuE4dvFk1rZBlV40*&amp;hosted=false\" width=\"100%\" height=\"100%\" frameborder=\"0\"><\/iframe><\/p>\n","protected":false},"excerpt":{"rendered":"<p>\ud83d\udc49 En aquesta p\u00e0gina, pots sol\u00b7licitar que expedim al teu nom el reconeixement d&#8217;equival\u00e8ncia entre els estudis cursats i el certificat de nivell B\/C, de la Direcci\u00f3 General de Pol\u00edtica Ling\u00fc\u00edstica. \ud83d\udccc\u00a0 INSTRUCCIONS per presentar la sol\u00b7licitud: Emplena el document que apareix a continuaci\u00f3 amb totes les dades necess\u00e0ries. Signa digitalment el document. Envia&#8217;ns per [&hellip;]<\/p>\n","protected":false},"author":124,"featured_media":0,"parent":391,"menu_order":20,"comment_status":"closed","ping_status":"closed","template":"page-templates\/side-menu.php","meta":{"site-sidebar-layout":"default","site-content-layout":"","ast-site-content-layout":"","site-content-style":"default","site-sidebar-style":"default","ast-global-header-display":"","ast-banner-title-visibility":"","ast-main-header-display":"","ast-hfb-above-header-display":"","ast-hfb-below-header-display":"","ast-hfb-mobile-header-display":"","site-post-title":"","ast-breadcrumbs-content":"","ast-featured-img":"","footer-sml-layout":"","theme-transparent-header-meta":"","adv-header-id-meta":"","stick-header-meta":"","header-above-stick-meta":"","header-main-stick-meta":"","header-below-stick-meta":"","astra-migrate-meta-layouts":"default","ast-page-background-enabled":"default","ast-page-background-meta":{"desktop":{"background-color":"var(--ast-global-color-4)","background-image":"","background-repeat":"repeat","background-position":"center center","background-size":"auto","background-attachment":"scroll","background-type":"","background-media":"","overlay-type":"","overlay-color":"","overlay-opacity":"","overlay-gradient":""},"tablet":{"background-color":"","background-image":"","background-repeat":"repeat","background-position":"center center","background-size":"auto","background-attachment":"scroll","background-type":"","background-media":"","overlay-type":"","overlay-color":"","overlay-opacity":"","overlay-gradient":""},"mobile":{"background-color":"","background-image":"","background-repeat":"repeat","background-position":"center center","background-size":"auto","background-attachment":"scroll","background-type":"","background-media":"","overlay-type":"","overlay-color":"","overlay-opacity":"","overlay-gradient":""}},"ast-content-background-meta":{"desktop":{"background-color":"var(--ast-global-color-5)","background-image":"","background-repeat":"repeat","background-position":"center center","background-size":"auto","background-attachment":"scroll","background-type":"","background-media":"","overlay-type":"","overlay-color":"","overlay-opacity":"","overlay-gradient":""},"tablet":{"background-color":"var(--ast-global-color-5)","background-image":"","background-repeat":"repeat","background-position":"center center","background-size":"auto","background-attachment":"scroll","background-type":"","background-media":"","overlay-type":"","overlay-color":"","overlay-opacity":"","overlay-gradient":""},"mobile":{"background-color":"var(--ast-global-color-5)","background-image":"","background-repeat":"repeat","background-position":"center center","background-size":"auto","background-attachment":"scroll","background-type":"","background-media":"","overlay-type":"","overlay-color":"","overlay-opacity":"","overlay-gradient":""}},"footnotes":""},"class_list":["post-14038","page","type-page","status-publish","hentry"],"post_mailing_queue_ids":[],"_links":{"self":[{"href":"https:\/\/agora.xtec.cat\/insbadia\/wp-json\/wp\/v2\/pages\/14038","targetHints":{"allow":["GET"]}}],"collection":[{"href":"https:\/\/agora.xtec.cat\/insbadia\/wp-json\/wp\/v2\/pages"}],"about":[{"href":"https:\/\/agora.xtec.cat\/insbadia\/wp-json\/wp\/v2\/types\/page"}],"author":[{"embeddable":true,"href":"https:\/\/agora.xtec.cat\/insbadia\/wp-json\/wp\/v2\/users\/124"}],"replies":[{"embeddable":true,"href":"https:\/\/agora.xtec.cat\/insbadia\/wp-json\/wp\/v2\/comments?post=14038"}],"version-history":[{"count":1,"href":"https:\/\/agora.xtec.cat\/insbadia\/wp-json\/wp\/v2\/pages\/14038\/revisions"}],"predecessor-version":[{"id":14039,"href":"https:\/\/agora.xtec.cat\/insbadia\/wp-json\/wp\/v2\/pages\/14038\/revisions\/14039"}],"up":[{"embeddable":true,"href":"https:\/\/agora.xtec.cat\/insbadia\/wp-json\/wp\/v2\/pages\/391"}],"wp:attachment":[{"href":"https:\/\/agora.xtec.cat\/insbadia\/wp-json\/wp\/v2\/media?parent=14038"}],"curies":[{"name":"wp","href":"https:\/\/api.w.org\/{rel}","templated":true}]}}