{"id":13702,"date":"2024-08-06T16:00:48","date_gmt":"2024-08-06T14:00:48","guid":{"rendered":"https:\/\/agora.xtec.cat\/insbadia\/?page_id=13702"},"modified":"2026-02-17T12:48:45","modified_gmt":"2026-02-17T11:48:45","slug":"certificacions_digitals","status":"publish","type":"page","link":"https:\/\/agora.xtec.cat\/insbadia\/projectes\/certificacions_digitals\/","title":{"rendered":"Certificacions digitals"},"content":{"rendered":"<p><span style=\"font-family: helvetica, arial, sans-serif; font-size: 12pt;\">El projecte <strong>IT Academy<\/strong> reconeix a l&#8217;Institut d&#8217;FP de Badia del Vall\u00e8s com a centre autoritzat per la formaci\u00f3 i <strong>certificaci\u00f3 oficial<\/strong> per alumnat i personal docent en diferents tecnologies inform\u00e0tiques.<\/span><\/p>\n<h6><span style=\"font-size: 18pt; font-family: helvetica, arial, sans-serif;\"><strong>Microsoft Office Specialist (MOS)<\/strong><\/span><\/h6>\n<p><span style=\"font-family: helvetica, arial, sans-serif; font-size: 12pt;\">L&#8217;Institut d&#8217;FP de Badia del Vall\u00e8s participa en el programa <strong>Microsoft Imagine Academy<\/strong>, fet que facilita a l&#8217;alumnat tots els recursos formatius necessaris per preparar i dur a terme les proves de certificaci\u00f3 oficial de Microsoft. Les proves es porten a terme al mateix institut i consisteixen en la resoluci\u00f3 pr\u00e0ctica de sup\u00f2sits orientats a les necessitats reals dels diversos llocs de treball, i que si se supera, s&#8217;obt\u00e9 la certificaci\u00f3 oficial que demostra el coneixement i \u00fas professional de l&#8217;aplicaci\u00f3 avaluada.<\/span><\/p>\n<p><span style=\"font-family: helvetica, arial, sans-serif; font-size: 12pt;\"><strong>Les certificacions estan obertes a tot aquell alumnat que vulgui obtenir una certificaci\u00f3 Microsoft Office Specialist<\/strong>. El car\u00e0cter distintiu d&#8217;aquestes certificacions MOS \u00e9s que \u00e9s la mateixa companyia desenvolupadora del programari, Microsoft, la que certifica el coneixement que es t\u00e9 sobre el programa, cosa que les fa especialment rellevants al mercat laboral i un tret diferenciador en el curr\u00edculum de l&#8217;alumne\/a.<\/span><\/p>\n<table style=\"border-collapse: collapse; width: 100%;\">\n<tbody>\n<tr>\n<td style=\"width: 25%;\"><img loading=\"lazy\" decoding=\"async\" class=\"aligncenter wp-image-14577\" src=\"https:\/\/agora.xtec.cat\/insbadia\/wp-content\/uploads\/usu1299\/2025\/12\/MOS-Word.png\" alt=\"\" width=\"174\" height=\"174\" srcset=\"https:\/\/agora.xtec.cat\/insbadia\/wp-content\/uploads\/usu1299\/2025\/12\/MOS-Word.png 368w, https:\/\/agora.xtec.cat\/insbadia\/wp-content\/uploads\/usu1299\/2025\/12\/MOS-Word-300x300.png 300w, https:\/\/agora.xtec.cat\/insbadia\/wp-content\/uploads\/usu1299\/2025\/12\/MOS-Word-150x150.png 150w\" sizes=\"auto, (max-width: 174px) 100vw, 174px\" \/><\/td>\n<td style=\"width: 25%;\"><img loading=\"lazy\" decoding=\"async\" class=\"aligncenter wp-image-14578\" src=\"https:\/\/agora.xtec.cat\/insbadia\/wp-content\/uploads\/usu1299\/2025\/12\/MOS-Excel.png\" alt=\"\" width=\"174\" height=\"174\" srcset=\"https:\/\/agora.xtec.cat\/insbadia\/wp-content\/uploads\/usu1299\/2025\/12\/MOS-Excel.png 352w, https:\/\/agora.xtec.cat\/insbadia\/wp-content\/uploads\/usu1299\/2025\/12\/MOS-Excel-300x300.png 300w, https:\/\/agora.xtec.cat\/insbadia\/wp-content\/uploads\/usu1299\/2025\/12\/MOS-Excel-150x150.png 150w\" sizes=\"auto, (max-width: 174px) 100vw, 174px\" \/><\/td>\n<td style=\"width: 25%;\"><img loading=\"lazy\" decoding=\"async\" class=\"aligncenter wp-image-14579\" src=\"https:\/\/agora.xtec.cat\/insbadia\/wp-content\/uploads\/usu1299\/2025\/12\/MOS_Access.png\" alt=\"\" width=\"174\" height=\"174\" srcset=\"https:\/\/agora.xtec.cat\/insbadia\/wp-content\/uploads\/usu1299\/2025\/12\/MOS_Access.png 352w, https:\/\/agora.xtec.cat\/insbadia\/wp-content\/uploads\/usu1299\/2025\/12\/MOS_Access-300x300.png 300w, https:\/\/agora.xtec.cat\/insbadia\/wp-content\/uploads\/usu1299\/2025\/12\/MOS_Access-150x150.png 150w\" sizes=\"auto, (max-width: 174px) 100vw, 174px\" \/><\/td>\n<td style=\"width: 25%; text-align: center; vertical-align: middle;\"><img loading=\"lazy\" decoding=\"async\" class=\"aligncenter wp-image-14580\" src=\"https:\/\/agora.xtec.cat\/insbadia\/wp-content\/uploads\/usu1299\/2025\/12\/MOS_Certificate_Exemple_ES.webp\" alt=\"\" width=\"228\" height=\"176\" srcset=\"https:\/\/agora.xtec.cat\/insbadia\/wp-content\/uploads\/usu1299\/2025\/12\/MOS_Certificate_Exemple_ES.webp 800w, https:\/\/agora.xtec.cat\/insbadia\/wp-content\/uploads\/usu1299\/2025\/12\/MOS_Certificate_Exemple_ES-300x232.webp 300w, https:\/\/agora.xtec.cat\/insbadia\/wp-content\/uploads\/usu1299\/2025\/12\/MOS_Certificate_Exemple_ES-768x593.webp 768w\" sizes=\"auto, (max-width: 228px) 100vw, 228px\" \/><\/td>\n<\/tr>\n<\/tbody>\n<\/table>\n<p><span style=\"font-family: helvetica, arial, sans-serif; font-size: 12pt;\">M\u00e9s informaci\u00f3: <a href=\"https:\/\/support.microsoft.com\/es-es\/topic\/obtenga-una-certificaci%C3%B3n-de-microsoft-office-specialist-mos-0885c944-167c-51ea-1cdc-8f65952bd1b8\" target=\"_blank\" rel=\"noopener\">https:\/\/support.microsoft.com\/es-es\/topic\/obtenga-una-certificaci%C3%B3n-de-microsoft-office-specialist-mos-0885c944-167c-51ea-1cdc-8f65952bd1b8\u00a0<\/a><\/span><\/p>\n<h6><span style=\"font-family: helvetica, arial, sans-serif;\"><strong><span style=\"font-size: 18pt;\">IC3 Digital Literacy Certification<\/span><\/strong><\/span><\/h6>\n<p><span style=\"font-family: helvetica, arial, sans-serif; font-size: 12pt;\">La <strong>certificaci\u00f3 IC3 Digital Literacy Certification<\/strong> \u00e9s un est\u00e0ndard global de certificaci\u00f3 en alfabetitzaci\u00f3 digital, complint els requisits exigits pel Marc de Refer\u00e8ncia Europeu en mat\u00e8ria de Compet\u00e8ncies Digitals &#8211; DigComp 2.2. Superar la certificaci\u00f3 garanteix disposar dels coneixements fonamentals en inform\u00e0tica i internet i suposa l&#8217;est\u00e0ndard global de certificaci\u00f3 en alfabetitzaci\u00f3 digital.<\/span><\/p>\n<table style=\"border-collapse: collapse; width: 100%;\">\n<tbody>\n<tr>\n<td style=\"width: 50%;\"><img loading=\"lazy\" decoding=\"async\" class=\"aligncenter wp-image-14581\" src=\"https:\/\/agora.xtec.cat\/insbadia\/wp-content\/uploads\/usu1299\/2025\/12\/twitter_thumb_201604_IC3_certification.png\" alt=\"\" width=\"174\" height=\"174\" srcset=\"https:\/\/agora.xtec.cat\/insbadia\/wp-content\/uploads\/usu1299\/2025\/12\/twitter_thumb_201604_IC3_certification.png 368w, https:\/\/agora.xtec.cat\/insbadia\/wp-content\/uploads\/usu1299\/2025\/12\/twitter_thumb_201604_IC3_certification-300x300.png 300w, https:\/\/agora.xtec.cat\/insbadia\/wp-content\/uploads\/usu1299\/2025\/12\/twitter_thumb_201604_IC3_certification-150x150.png 150w\" sizes=\"auto, (max-width: 174px) 100vw, 174px\" \/><\/td>\n<td style=\"width: 50%;\"><img loading=\"lazy\" decoding=\"async\" class=\"aligncenter wp-image-14582\" src=\"https:\/\/agora.xtec.cat\/insbadia\/wp-content\/uploads\/usu1299\/2025\/12\/mau-chung-chi-ic3.png\" alt=\"\" width=\"236\" height=\"182\" srcset=\"https:\/\/agora.xtec.cat\/insbadia\/wp-content\/uploads\/usu1299\/2025\/12\/mau-chung-chi-ic3.png 600w, https:\/\/agora.xtec.cat\/insbadia\/wp-content\/uploads\/usu1299\/2025\/12\/mau-chung-chi-ic3-300x232.png 300w\" sizes=\"auto, (max-width: 236px) 100vw, 236px\" \/><\/td>\n<\/tr>\n<\/tbody>\n<\/table>\n<p><span style=\"font-family: helvetica, arial, sans-serif; font-size: 12pt;\">M\u00e9s informaci\u00f3: <a href=\"https:\/\/certiport.pearsonvue.com\/Certifications\/IC3\/Digital-Literacy-Certification\/Overview.aspx\" target=\"_blank\" rel=\"noopener\">https:\/\/certiport.pearsonvue.com\/Certifications\/IC3\/Digital-Literacy-Certification\/Overview.aspx<\/a><\/span><\/p>\n<h6><span style=\"font-family: helvetica, arial, sans-serif;\"><strong><span style=\"font-size: 18pt;\">ACTIC &#8211; Acreditaci\u00f3 en tecnologies de la informaci\u00f3 i la comunicaci\u00f3<\/span><\/strong><\/span><\/h6>\n<p><span style=\"font-family: helvetica, arial, sans-serif; font-size: 12pt;\">L\u2019ACTIC \u00e9s la <strong>certificaci\u00f3 acreditativa de la compet\u00e8ncia digital <\/strong>entesa com la combinaci\u00f3 de coneixements, habilitats i actituds en l\u2019\u00e0mbit de les tecnologies de la informaci\u00f3 i la comunicaci\u00f3 (TIC) que les persones despleguen en situacions reals per assolir objectius determinats amb efic\u00e0cia i efici\u00e8ncia.<\/span><\/p>\n<p><span style=\"font-family: helvetica, arial, sans-serif; font-size: 12pt;\">L\u2019ACTIC permet a qualsevol persona demostrar les seves compet\u00e8ncies en TIC mitjan\u00e7ant una prova per ordinador que s\u2019avalua autom\u00e0ticament. La prova \u00e9s telem\u00e0tica, encara que s\u2019ha de fer en un centre col\u00b7laborador reconegut per la Generalitat de Catalunya, com l&#8217;Institut d&#8217;FP de Badia del Vall\u00e8s.<\/span><\/p>\n<p><span style=\"font-family: helvetica, arial, sans-serif; font-size: 12pt;\">Les persones que superen satisfact\u00f2riament la prova obtenen un certificat (b\u00e0sic, mitj\u00e0 o avan\u00e7at) que emet la Generalitat de Catalunya, i que els possibilita acreditar un determinat nivell (1, 2 o 3, respectivament) de compet\u00e8ncies en TIC davant de qualsevol empresa o administraci\u00f3. Aquests certificats s\u00f3n, doncs, una eina que pot facilitar l&#8217;obtenci\u00f3 d&#8217;una feina, la promoci\u00f3 professional, l&#8217;acc\u00e9s a eines d\u2019aprenentatge virtual o l&#8217;obtenci\u00f3 d&#8217;una certificaci\u00f3 professional.<\/span><\/p>\n<table style=\"border-collapse: collapse; width: 100%;\">\n<tbody>\n<tr>\n<td style=\"width: 100%;\"><img loading=\"lazy\" decoding=\"async\" class=\"aligncenter wp-image-13646\" src=\"https:\/\/agora.xtec.cat\/insbadia\/wp-content\/uploads\/usu1299\/2024\/08\/Actic.png\" alt=\"\" width=\"362\" height=\"120\" srcset=\"https:\/\/agora.xtec.cat\/insbadia\/wp-content\/uploads\/usu1299\/2024\/08\/Actic.png 850w, https:\/\/agora.xtec.cat\/insbadia\/wp-content\/uploads\/usu1299\/2024\/08\/Actic-300x100.png 300w, https:\/\/agora.xtec.cat\/insbadia\/wp-content\/uploads\/usu1299\/2024\/08\/Actic-768x255.png 768w\" sizes=\"auto, (max-width: 362px) 100vw, 362px\" \/><\/td>\n<\/tr>\n<\/tbody>\n<\/table>\n<p><span style=\"font-family: helvetica, arial, sans-serif; font-size: 12pt;\">En el cas de l&#8217;ACTIC, l&#8217;alumnat interessat a realitzar la certificaci\u00f3, ha de sol\u00b7licitar pr\u00e8viament dia\/hora per fer l&#8217;examen i satisfer la taxa de la prova.<\/span><\/p>\n<p><span style=\"font-family: helvetica, arial, sans-serif; font-size: 12pt;\">M\u00e9s informaci\u00f3: <a href=\"https:\/\/actic.gencat.cat\/ca\/inici\/\" target=\"_blank\" rel=\"noopener\">https:\/\/actic.gencat.cat\/ca\/inici\/<\/a><\/span><\/p>\n","protected":false},"excerpt":{"rendered":"<p>El projecte IT Academy reconeix a l&#8217;Institut d&#8217;FP de Badia del Vall\u00e8s com a centre autoritzat per la formaci\u00f3 i certificaci\u00f3 oficial per alumnat i personal docent en diferents tecnologies inform\u00e0tiques. Microsoft Office Specialist (MOS) L&#8217;Institut d&#8217;FP de Badia del Vall\u00e8s participa en el programa Microsoft Imagine Academy, fet que facilita a l&#8217;alumnat tots els [&hellip;]<\/p>\n","protected":false},"author":1,"featured_media":0,"parent":13648,"menu_order":80,"comment_status":"closed","ping_status":"closed","template":"","meta":{"site-sidebar-layout":"default","site-content-layout":"","ast-site-content-layout":"default","site-content-style":"default","site-sidebar-style":"default","ast-global-header-display":"","ast-banner-title-visibility":"","ast-main-header-display":"","ast-hfb-above-header-display":"","ast-hfb-below-header-display":"","ast-hfb-mobile-header-display":"","site-post-title":"","ast-breadcrumbs-content":"","ast-featured-img":"","footer-sml-layout":"","theme-transparent-header-meta":"default","adv-header-id-meta":"","stick-header-meta":"","header-above-stick-meta":"","header-main-stick-meta":"","header-below-stick-meta":"","astra-migrate-meta-layouts":"set","ast-page-background-enabled":"default","ast-page-background-meta":{"desktop":{"background-color":"var(--ast-global-color-4)","background-image":"","background-repeat":"repeat","background-position":"center center","background-size":"auto","background-attachment":"scroll","background-type":"","background-media":"","overlay-type":"","overlay-color":"","overlay-opacity":"","overlay-gradient":""},"tablet":{"background-color":"","background-image":"","background-repeat":"repeat","background-position":"center center","background-size":"auto","background-attachment":"scroll","background-type":"","background-media":"","overlay-type":"","overlay-color":"","overlay-opacity":"","overlay-gradient":""},"mobile":{"background-color":"","background-image":"","background-repeat":"repeat","background-position":"center center","background-size":"auto","background-attachment":"scroll","background-type":"","background-media":"","overlay-type":"","overlay-color":"","overlay-opacity":"","overlay-gradient":""}},"ast-content-background-meta":{"desktop":{"background-color":"var(--ast-global-color-5)","background-image":"","background-repeat":"repeat","background-position":"center center","background-size":"auto","background-attachment":"scroll","background-type":"","background-media":"","overlay-type":"","overlay-color":"","overlay-opacity":"","overlay-gradient":""},"tablet":{"background-color":"var(--ast-global-color-5)","background-image":"","background-repeat":"repeat","background-position":"center center","background-size":"auto","background-attachment":"scroll","background-type":"","background-media":"","overlay-type":"","overlay-color":"","overlay-opacity":"","overlay-gradient":""},"mobile":{"background-color":"var(--ast-global-color-5)","background-image":"","background-repeat":"repeat","background-position":"center center","background-size":"auto","background-attachment":"scroll","background-type":"","background-media":"","overlay-type":"","overlay-color":"","overlay-opacity":"","overlay-gradient":""}},"footnotes":""},"class_list":["post-13702","page","type-page","status-publish","hentry"],"post_mailing_queue_ids":[],"_links":{"self":[{"href":"https:\/\/agora.xtec.cat\/insbadia\/wp-json\/wp\/v2\/pages\/13702","targetHints":{"allow":["GET"]}}],"collection":[{"href":"https:\/\/agora.xtec.cat\/insbadia\/wp-json\/wp\/v2\/pages"}],"about":[{"href":"https:\/\/agora.xtec.cat\/insbadia\/wp-json\/wp\/v2\/types\/page"}],"author":[{"embeddable":true,"href":"https:\/\/agora.xtec.cat\/insbadia\/wp-json\/wp\/v2\/users\/1"}],"replies":[{"embeddable":true,"href":"https:\/\/agora.xtec.cat\/insbadia\/wp-json\/wp\/v2\/comments?post=13702"}],"version-history":[{"count":5,"href":"https:\/\/agora.xtec.cat\/insbadia\/wp-json\/wp\/v2\/pages\/13702\/revisions"}],"predecessor-version":[{"id":14781,"href":"https:\/\/agora.xtec.cat\/insbadia\/wp-json\/wp\/v2\/pages\/13702\/revisions\/14781"}],"up":[{"embeddable":true,"href":"https:\/\/agora.xtec.cat\/insbadia\/wp-json\/wp\/v2\/pages\/13648"}],"wp:attachment":[{"href":"https:\/\/agora.xtec.cat\/insbadia\/wp-json\/wp\/v2\/media?parent=13702"}],"curies":[{"name":"wp","href":"https:\/\/api.w.org\/{rel}","templated":true}]}}