{"id":13692,"date":"2024-08-06T15:10:42","date_gmt":"2024-08-06T13:10:42","guid":{"rendered":"https:\/\/agora.xtec.cat\/insbadia\/?page_id=13692"},"modified":"2024-08-06T15:10:42","modified_gmt":"2024-08-06T13:10:42","slug":"fp-dual","status":"publish","type":"page","link":"https:\/\/agora.xtec.cat\/insbadia\/projectes\/fp-dual\/","title":{"rendered":"FP Dual"},"content":{"rendered":"<p>La Formaci\u00f3 Professional (FP) dual \u00e9s la modalitat de formaci\u00f3 professional en la qual l\u2019estudiant esdev\u00e9 aprenent i combina la formaci\u00f3 en el centre educatiu amb l\u2019activitat a l\u2019empresa.\u00a0El Departament d&#8217;Educaci\u00f3 impulsa la\u00a0<strong>FP dual<\/strong>, en qu\u00e8 centres i empreses comparteixen les responsabilitats formatives, per tal que els ensenyaments professionals s&#8217;adeq\u00fcin a les necessitats del mercat laboral.<\/p>\n<p style=\"text-align: center;\"><a href=\"http:\/\/agora.xtec.cat\/fpdual\/informacio\/que-es-la-formacio-professional-dual\/quins-son-els-objectius\/\"><img loading=\"lazy\" decoding=\"async\" class=\"alignnone wp-image-8581\" title=\"Objectius\" src=\"https:\/\/agora.xtec.cat\/fpdual\/wp-content\/uploads\/usu1832\/2018\/10\/IconObjectiusG.png\" sizes=\"auto, (max-width: 193px) 100vw, 193px\" srcset=\"https:\/\/agora.xtec.cat\/fpdual\/wp-content\/uploads\/usu1832\/2018\/10\/IconObjectiusG.png 500w, https:\/\/agora.xtec.cat\/fpdual\/wp-content\/uploads\/usu1832\/2018\/10\/IconObjectiusG-150x150.png 150w, https:\/\/agora.xtec.cat\/fpdual\/wp-content\/uploads\/usu1832\/2018\/10\/IconObjectiusG-300x300.png 300w\" alt=\"Objectius\" width=\"193\" height=\"193\" \/><\/a><a href=\"http:\/\/agora.xtec.cat\/fpdual\/informacio\/que-es-la-formacio-professional-dual\/com-funciona\/\"><img loading=\"lazy\" decoding=\"async\" class=\"alignnone wp-image-8622\" title=\"Funcionament\" src=\"https:\/\/agora.xtec.cat\/fpdual\/wp-content\/uploads\/usu1832\/2018\/10\/IconFuncionamentGe.png\" sizes=\"auto, (max-width: 193px) 100vw, 193px\" srcset=\"https:\/\/agora.xtec.cat\/fpdual\/wp-content\/uploads\/usu1832\/2018\/10\/IconFuncionamentGe.png 500w, https:\/\/agora.xtec.cat\/fpdual\/wp-content\/uploads\/usu1832\/2018\/10\/IconFuncionamentGe-150x150.png 150w, https:\/\/agora.xtec.cat\/fpdual\/wp-content\/uploads\/usu1832\/2018\/10\/IconFuncionamentGe-300x300.png 300w\" alt=\"Funcionament\" width=\"193\" height=\"193\" \/><\/a><a href=\"http:\/\/agora.xtec.cat\/fpdual\/informacio\/que-es-la-formacio-professional-dual\/a-qui-sadreca\/\"><img loading=\"lazy\" decoding=\"async\" class=\"alignnone wp-image-8986\" title=\"Destinataris\" src=\"https:\/\/agora.xtec.cat\/fpdual\/wp-content\/uploads\/usu1832\/2018\/11\/Destinataris-adre%C3%A7ar-se-II-1.png\" sizes=\"auto, (max-width: 193px) 100vw, 193px\" srcset=\"https:\/\/agora.xtec.cat\/fpdual\/wp-content\/uploads\/usu1832\/2018\/11\/Destinataris-adre\u00e7ar-se-II-1.png 500w, https:\/\/agora.xtec.cat\/fpdual\/wp-content\/uploads\/usu1832\/2018\/11\/Destinataris-adre\u00e7ar-se-II-1-150x150.png 150w, https:\/\/agora.xtec.cat\/fpdual\/wp-content\/uploads\/usu1832\/2018\/11\/Destinataris-adre\u00e7ar-se-II-1-300x300.png 300w\" alt=\"Destinataris\" width=\"193\" height=\"193\" \/><\/a><a href=\"https:\/\/agora.xtec.cat\/fpdual\/informacio\/que-es-la-formacio-professional-dual\/quins-son-els-beneficis\/\"><img loading=\"lazy\" decoding=\"async\" class=\"alignnone wp-image-8579\" title=\"Beneficis\" src=\"https:\/\/agora.xtec.cat\/fpdual\/wp-content\/uploads\/usu1832\/2018\/10\/IconBeneficisG.png\" sizes=\"auto, (max-width: 193px) 100vw, 193px\" srcset=\"https:\/\/agora.xtec.cat\/fpdual\/wp-content\/uploads\/usu1832\/2018\/10\/IconBeneficisG.png 500w, https:\/\/agora.xtec.cat\/fpdual\/wp-content\/uploads\/usu1832\/2018\/10\/IconBeneficisG-150x150.png 150w, https:\/\/agora.xtec.cat\/fpdual\/wp-content\/uploads\/usu1832\/2018\/10\/IconBeneficisG-300x300.png 300w\" alt=\"Beneficis\" width=\"193\" height=\"193\" \/><\/a><\/p>\n<p>M\u00e9s informaci\u00f3 a: <a href=\"https:\/\/triaeducativa.gencat.cat\/ca\/fp\/cataleg-serveis\/fp-dual\/index.html\" target=\"_blank\" rel=\"noopener\">https:\/\/triaeducativa.gencat.cat\/ca\/fp\/cataleg-serveis\/fp-dual\/index.html<\/a><\/p>\n","protected":false},"excerpt":{"rendered":"<p>La Formaci\u00f3 Professional (FP) dual \u00e9s la modalitat de formaci\u00f3 professional en la qual l\u2019estudiant esdev\u00e9 aprenent i combina la formaci\u00f3 en el centre educatiu amb l\u2019activitat a l\u2019empresa.\u00a0El Departament d&#8217;Educaci\u00f3 impulsa la\u00a0FP dual, en qu\u00e8 centres i empreses comparteixen les responsabilitats formatives, per tal que els ensenyaments professionals s&#8217;adeq\u00fcin a les necessitats del mercat [&hellip;]<\/p>\n","protected":false},"author":1,"featured_media":0,"parent":13648,"menu_order":60,"comment_status":"closed","ping_status":"closed","template":"page-templates\/side-menu.php","meta":{"site-sidebar-layout":"default","site-content-layout":"","ast-site-content-layout":"","site-content-style":"default","site-sidebar-style":"default","ast-global-header-display":"","ast-banner-title-visibility":"","ast-main-header-display":"","ast-hfb-above-header-display":"","ast-hfb-below-header-display":"","ast-hfb-mobile-header-display":"","site-post-title":"","ast-breadcrumbs-content":"","ast-featured-img":"","footer-sml-layout":"","theme-transparent-header-meta":"","adv-header-id-meta":"","stick-header-meta":"","header-above-stick-meta":"","header-main-stick-meta":"","header-below-stick-meta":"","astra-migrate-meta-layouts":"default","ast-page-background-enabled":"default","ast-page-background-meta":{"desktop":{"background-color":"var(--ast-global-color-4)","background-image":"","background-repeat":"repeat","background-position":"center center","background-size":"auto","background-attachment":"scroll","background-type":"","background-media":"","overlay-type":"","overlay-color":"","overlay-opacity":"","overlay-gradient":""},"tablet":{"background-color":"","background-image":"","background-repeat":"repeat","background-position":"center center","background-size":"auto","background-attachment":"scroll","background-type":"","background-media":"","overlay-type":"","overlay-color":"","overlay-opacity":"","overlay-gradient":""},"mobile":{"background-color":"","background-image":"","background-repeat":"repeat","background-position":"center center","background-size":"auto","background-attachment":"scroll","background-type":"","background-media":"","overlay-type":"","overlay-color":"","overlay-opacity":"","overlay-gradient":""}},"ast-content-background-meta":{"desktop":{"background-color":"var(--ast-global-color-5)","background-image":"","background-repeat":"repeat","background-position":"center center","background-size":"auto","background-attachment":"scroll","background-type":"","background-media":"","overlay-type":"","overlay-color":"","overlay-opacity":"","overlay-gradient":""},"tablet":{"background-color":"var(--ast-global-color-5)","background-image":"","background-repeat":"repeat","background-position":"center center","background-size":"auto","background-attachment":"scroll","background-type":"","background-media":"","overlay-type":"","overlay-color":"","overlay-opacity":"","overlay-gradient":""},"mobile":{"background-color":"var(--ast-global-color-5)","background-image":"","background-repeat":"repeat","background-position":"center center","background-size":"auto","background-attachment":"scroll","background-type":"","background-media":"","overlay-type":"","overlay-color":"","overlay-opacity":"","overlay-gradient":""}},"footnotes":""},"class_list":["post-13692","page","type-page","status-publish","hentry"],"post_mailing_queue_ids":[],"_links":{"self":[{"href":"https:\/\/agora.xtec.cat\/insbadia\/wp-json\/wp\/v2\/pages\/13692","targetHints":{"allow":["GET"]}}],"collection":[{"href":"https:\/\/agora.xtec.cat\/insbadia\/wp-json\/wp\/v2\/pages"}],"about":[{"href":"https:\/\/agora.xtec.cat\/insbadia\/wp-json\/wp\/v2\/types\/page"}],"author":[{"embeddable":true,"href":"https:\/\/agora.xtec.cat\/insbadia\/wp-json\/wp\/v2\/users\/1"}],"replies":[{"embeddable":true,"href":"https:\/\/agora.xtec.cat\/insbadia\/wp-json\/wp\/v2\/comments?post=13692"}],"version-history":[{"count":1,"href":"https:\/\/agora.xtec.cat\/insbadia\/wp-json\/wp\/v2\/pages\/13692\/revisions"}],"predecessor-version":[{"id":13693,"href":"https:\/\/agora.xtec.cat\/insbadia\/wp-json\/wp\/v2\/pages\/13692\/revisions\/13693"}],"up":[{"embeddable":true,"href":"https:\/\/agora.xtec.cat\/insbadia\/wp-json\/wp\/v2\/pages\/13648"}],"wp:attachment":[{"href":"https:\/\/agora.xtec.cat\/insbadia\/wp-json\/wp\/v2\/media?parent=13692"}],"curies":[{"name":"wp","href":"https:\/\/api.w.org\/{rel}","templated":true}]}}