{"id":13675,"date":"2024-08-06T14:56:53","date_gmt":"2024-08-06T12:56:53","guid":{"rendered":"https:\/\/agora.xtec.cat\/insbadia\/?page_id=13675"},"modified":"2026-04-08T10:10:33","modified_gmt":"2026-04-08T08:10:33","slug":"orienta-fp-2","status":"publish","type":"page","link":"https:\/\/agora.xtec.cat\/insbadia\/projectes\/orienta-fp-2\/","title":{"rendered":"Orientaci\u00f3 acad\u00e8mica"},"content":{"rendered":"<h3 data-start=\"322\" data-end=\"525\"><span style=\"font-family: helvetica, arial, sans-serif;\">L&#8217;acompanyament i la tutoria al nostre centre<\/span><\/h3>\n<p data-start=\"322\" data-end=\"525\"><span style=\"font-family: helvetica, arial, sans-serif; font-size: 12pt;\">Al nostre centre entenem la tutoria com una pe\u00e7a clau de l\u2019\u00e8xit educatiu i personal de l\u2019alumnat. Per aix\u00f2, oferim un <strong data-start=\"440\" data-end=\"489\">acompanyament proper, continu i personalitzat<\/strong> al llarg de tot el proc\u00e9s formatiu.<\/span><\/p>\n<h3 data-start=\"527\" data-end=\"562\"><span style=\"font-family: helvetica, arial, sans-serif; font-size: 12pt;\">Un tutor o tutora de refer\u00e8ncia<\/span><\/h3>\n<p data-start=\"563\" data-end=\"701\"><span style=\"font-family: helvetica, arial, sans-serif; font-size: 12pt;\">Cada grup classe t\u00e9 un <strong data-start=\"586\" data-end=\"604\">tutor o tutora<\/strong>, que \u00e9s la persona de refer\u00e8ncia tant per a l\u2019alumnat com per a les fam\u00edlies. El tutor o tutora:<\/span><\/p>\n<ul>\n<li><span style=\"font-family: helvetica, arial, sans-serif; font-size: 12pt;\">Acompanya l\u2019alumne\/a en el seu proc\u00e9s acad\u00e8mic i personal.<\/span><\/li>\n<li><span style=\"font-family: helvetica, arial, sans-serif; font-size: 12pt;\">Fa el seguiment del progr\u00e9s, l\u2019assist\u00e8ncia i la conviv\u00e8ncia.<\/span><\/li>\n<li><span style=\"font-family: helvetica, arial, sans-serif; font-size: 12pt;\">Ajuda a crear un bon clima de grup i a resoldre possibles conflictes.<\/span><\/li>\n<li data-start=\"900\" data-end=\"962\"><span style=\"font-family: helvetica, arial, sans-serif; font-size: 12pt;\">Coordina l\u2019equip educatiu del grup per garantir criteris comuns.<\/span><\/li>\n<li data-start=\"965\" data-end=\"1020\"><span style=\"font-family: helvetica, arial, sans-serif; font-size: 12pt;\">\u00c9s el pont de comunicaci\u00f3 directe amb les fam\u00edlies de l&#8217;alumnat menor d&#8217;edat.<\/span><\/li>\n<\/ul>\n<h3 data-start=\"1022\" data-end=\"1056\"><span style=\"font-family: helvetica, arial, sans-serif; font-size: 12pt;\">Coordinaci\u00f3 i treball en equip<\/span><\/h3>\n<p data-start=\"1057\" data-end=\"1254\"><span style=\"font-family: helvetica, arial, sans-serif; font-size: 12pt;\">Per garantir una l\u00ednia educativa coherent a tot el centre, la <strong data-start=\"1119\" data-end=\"1145\">Coordinaci\u00f3 Pedag\u00f2gica<\/strong>, que forma part de l\u2019equip directiu, treballa conjuntament amb tutors i tutores, aix\u00ed com amb el Departament d&#8217;Orientaci\u00f3 del centre. Aquesta coordinaci\u00f3 permet:<\/span><\/p>\n<ul>\n<li data-start=\"1257\" data-end=\"1303\"><span style=\"font-family: helvetica, arial, sans-serif; font-size: 12pt;\">Unificar criteris educatius i d\u2019acompanyament.<\/span><\/li>\n<li data-start=\"1306\" data-end=\"1357\"><span style=\"font-family: helvetica, arial, sans-serif; font-size: 12pt;\">Compartir estrat\u00e8gies i donar suport als tutors\/es.<\/span><\/li>\n<li data-start=\"1360\" data-end=\"1435\"><span style=\"font-family: helvetica, arial, sans-serif; font-size: 12pt;\">Assegurar que totes les accions segueixen els valors pedag\u00f2gics del centre.<\/span><\/li>\n<\/ul>\n<h3 data-start=\"1437\" data-end=\"1464\"><span style=\"font-family: helvetica, arial, sans-serif; font-size: 12pt;\">Les sessions de tutoria<\/span><\/h3>\n<p data-start=\"1465\" data-end=\"1576\"><span style=\"font-family: helvetica, arial, sans-serif; font-size: 12pt;\">Cada setmana, l\u2019alumnat disposa d\u2019una <strong data-start=\"1503\" data-end=\"1524\">sessi\u00f3 de tutoria<\/strong> amb el seu grup. En aquestes sessions es treballen:<\/span><\/p>\n<ul>\n<li data-start=\"1579\" data-end=\"1610\"><span style=\"font-family: helvetica, arial, sans-serif; font-size: 12pt;\">H\u00e0bits d\u2019estudi i organitzaci\u00f3.<\/span><\/li>\n<li data-start=\"1613\" data-end=\"1649\"><span style=\"font-family: helvetica, arial, sans-serif; font-size: 12pt;\">Orientaci\u00f3 acad\u00e8mica i professional.<\/span><\/li>\n<li data-start=\"1652\" data-end=\"1690\"><span style=\"font-family: helvetica, arial, sans-serif; font-size: 12pt;\">Valors, conviv\u00e8ncia i cohesi\u00f3 de grup.<\/span><\/li>\n<li data-start=\"1693\" data-end=\"1746\"><span style=\"font-family: helvetica, arial, sans-serif; font-size: 12pt;\">Presa de decisions sobre el futur formatiu i laboral.<\/span><\/li>\n<li data-start=\"1693\" data-end=\"1746\"><span style=\"font-family: helvetica, arial, sans-serif;\">Pensament cr\u00edtic.<\/span><\/li>\n<\/ul>\n<h3><span style=\"font-family: helvetica, arial, sans-serif; font-size: 12pt;\">Departament d\u2019Orientaci\u00f3<\/span><\/h3>\n<p data-start=\"1820\" data-end=\"1980\"><span style=\"font-family: helvetica, arial, sans-serif; font-size: 12pt;\">El centre disposa d\u2019un <strong data-start=\"1843\" data-end=\"1871\">Departament d\u2019Orientaci\u00f3<\/strong> espec\u00edficament dedicat a l\u2019acompanyament personal, acad\u00e8mic i professional de l\u2019alumnat. Aquest departament:<\/span><\/p>\n<ul>\n<li data-start=\"1983\" data-end=\"2041\"><span style=\"font-family: helvetica, arial, sans-serif; font-size: 12pt;\">Dona suport als tutors i tutores en l\u2019atenci\u00f3 a l\u2019alumnat.<\/span><\/li>\n<li data-start=\"2044\" data-end=\"2113\"><span style=\"font-family: helvetica, arial, sans-serif; font-size: 12pt;\">Orienta en moments de presa de decisions acad\u00e8miques i professionals.<\/span><\/li>\n<li data-start=\"2116\" data-end=\"2199\"><span style=\"font-family: helvetica, arial, sans-serif; font-size: 12pt;\">Acompanya l\u2019alumnat en situacions que requereixen una atenci\u00f3 m\u00e9s individualitzada.<\/span><\/li>\n<\/ul>\n<h3 data-start=\"1748\" data-end=\"1787\"><span style=\"font-family: helvetica, arial, sans-serif; font-size: 12pt;\">Orientaci\u00f3 acad\u00e8mica i professional<\/span><\/h3>\n<p data-start=\"1788\" data-end=\"2011\"><span style=\"font-family: helvetica, arial, sans-serif; font-size: 12pt;\">Acompanyem l\u2019alumnat perqu\u00e8 pugui <strong data-start=\"1822\" data-end=\"1875\">prendre decisions responsables sobre el seu futur<\/strong>. Oferim orientaci\u00f3 acad\u00e8mica i professional, estrat\u00e8gies d\u2019aprenentatge i informaci\u00f3 sobre el m\u00f3n laboral, amb l\u2019objectiu de facilitar:<\/span><\/p>\n<ul>\n<li data-start=\"2014\" data-end=\"2045\"><span style=\"font-family: helvetica, arial, sans-serif; font-size: 12pt;\">La inserci\u00f3 al m\u00f3n del treball.<\/span><\/li>\n<li data-start=\"2048\" data-end=\"2073\"><span style=\"font-family: helvetica, arial, sans-serif; font-size: 12pt;\">La continu\u00eftat d\u2019estudis.<\/span><\/li>\n<\/ul>\n<h3 data-start=\"2075\" data-end=\"2117\"><span style=\"font-family: helvetica, arial, sans-serif; font-size: 12pt;\">Aprenentatge connectat amb el m\u00f3n real<\/span><\/h3>\n<p data-start=\"2118\" data-end=\"2414\"><span style=\"font-family: helvetica, arial, sans-serif; font-size: 12pt;\">El centre impulsa <strong data-start=\"2136\" data-end=\"2223\">projectes vinculats a reptes reals i a la col\u00b7laboraci\u00f3 amb empreses i institucions<\/strong>, que reforcen l\u2019aprenentatge pr\u00e0ctic i l\u2019orientaci\u00f3 professional. Participem en iniciatives com <strong data-start=\"2320\" data-end=\"2333\">CATSkills<\/strong> i <strong data-start=\"2336\" data-end=\"2349\">EmpresaFP<\/strong>, que apropen l\u2019alumnat a la realitat del seu futur professional.<\/span><\/p>\n<p>&nbsp;<\/p>\n","protected":false},"excerpt":{"rendered":"<p>L&#8217;acompanyament i la tutoria al nostre centre Al nostre centre entenem la tutoria com una pe\u00e7a clau de l\u2019\u00e8xit educatiu i personal de l\u2019alumnat. Per aix\u00f2, oferim un acompanyament proper, continu i personalitzat al llarg de tot el proc\u00e9s formatiu. Un tutor o tutora de refer\u00e8ncia Cada grup classe t\u00e9 un tutor o tutora, que [&hellip;]<\/p>\n","protected":false},"author":1,"featured_media":0,"parent":13648,"menu_order":10,"comment_status":"closed","ping_status":"closed","template":"","meta":{"site-sidebar-layout":"left-sidebar","site-content-layout":"","ast-site-content-layout":"default","site-content-style":"default","site-sidebar-style":"default","ast-global-header-display":"","ast-banner-title-visibility":"","ast-main-header-display":"","ast-hfb-above-header-display":"","ast-hfb-below-header-display":"","ast-hfb-mobile-header-display":"","site-post-title":"","ast-breadcrumbs-content":"","ast-featured-img":"","footer-sml-layout":"","theme-transparent-header-meta":"default","adv-header-id-meta":"","stick-header-meta":"","header-above-stick-meta":"","header-main-stick-meta":"","header-below-stick-meta":"","astra-migrate-meta-layouts":"set","ast-page-background-enabled":"default","ast-page-background-meta":{"desktop":{"background-color":"var(--ast-global-color-4)","background-image":"","background-repeat":"repeat","background-position":"center center","background-size":"auto","background-attachment":"scroll","background-type":"","background-media":"","overlay-type":"","overlay-color":"","overlay-opacity":"","overlay-gradient":""},"tablet":{"background-color":"","background-image":"","background-repeat":"repeat","background-position":"center center","background-size":"auto","background-attachment":"scroll","background-type":"","background-media":"","overlay-type":"","overlay-color":"","overlay-opacity":"","overlay-gradient":""},"mobile":{"background-color":"","background-image":"","background-repeat":"repeat","background-position":"center center","background-size":"auto","background-attachment":"scroll","background-type":"","background-media":"","overlay-type":"","overlay-color":"","overlay-opacity":"","overlay-gradient":""}},"ast-content-background-meta":{"desktop":{"background-color":"var(--ast-global-color-5)","background-image":"","background-repeat":"repeat","background-position":"center center","background-size":"auto","background-attachment":"scroll","background-type":"","background-media":"","overlay-type":"","overlay-color":"","overlay-opacity":"","overlay-gradient":""},"tablet":{"background-color":"var(--ast-global-color-5)","background-image":"","background-repeat":"repeat","background-position":"center center","background-size":"auto","background-attachment":"scroll","background-type":"","background-media":"","overlay-type":"","overlay-color":"","overlay-opacity":"","overlay-gradient":""},"mobile":{"background-color":"var(--ast-global-color-5)","background-image":"","background-repeat":"repeat","background-position":"center center","background-size":"auto","background-attachment":"scroll","background-type":"","background-media":"","overlay-type":"","overlay-color":"","overlay-opacity":"","overlay-gradient":""}},"footnotes":""},"class_list":["post-13675","page","type-page","status-publish","hentry"],"post_mailing_queue_ids":[],"_links":{"self":[{"href":"https:\/\/agora.xtec.cat\/insbadia\/wp-json\/wp\/v2\/pages\/13675","targetHints":{"allow":["GET"]}}],"collection":[{"href":"https:\/\/agora.xtec.cat\/insbadia\/wp-json\/wp\/v2\/pages"}],"about":[{"href":"https:\/\/agora.xtec.cat\/insbadia\/wp-json\/wp\/v2\/types\/page"}],"author":[{"embeddable":true,"href":"https:\/\/agora.xtec.cat\/insbadia\/wp-json\/wp\/v2\/users\/1"}],"replies":[{"embeddable":true,"href":"https:\/\/agora.xtec.cat\/insbadia\/wp-json\/wp\/v2\/comments?post=13675"}],"version-history":[{"count":6,"href":"https:\/\/agora.xtec.cat\/insbadia\/wp-json\/wp\/v2\/pages\/13675\/revisions"}],"predecessor-version":[{"id":14873,"href":"https:\/\/agora.xtec.cat\/insbadia\/wp-json\/wp\/v2\/pages\/13675\/revisions\/14873"}],"up":[{"embeddable":true,"href":"https:\/\/agora.xtec.cat\/insbadia\/wp-json\/wp\/v2\/pages\/13648"}],"wp:attachment":[{"href":"https:\/\/agora.xtec.cat\/insbadia\/wp-json\/wp\/v2\/media?parent=13675"}],"curies":[{"name":"wp","href":"https:\/\/api.w.org\/{rel}","templated":true}]}}