{"id":13648,"date":"2024-08-06T12:15:21","date_gmt":"2024-08-06T10:15:21","guid":{"rendered":"https:\/\/agora.xtec.cat\/insbadia\/?page_id=13648"},"modified":"2026-02-19T11:58:52","modified_gmt":"2026-02-19T10:58:52","slug":"projectes","status":"publish","type":"page","link":"https:\/\/agora.xtec.cat\/insbadia\/projectes\/","title":{"rendered":"Projectes"},"content":{"rendered":"<p><span style=\"font-family: helvetica, arial, sans-serif; font-size: 12pt;\">Una de les caracter\u00edstiques distintives de l\u2019<strong>Institut d&#8217;FP de Badia del Vall\u00e8s<\/strong> \u00e9s la seva capacitat d\u2019adaptaci\u00f3, actualitzaci\u00f3 i innovaci\u00f3 constant, tant en l\u2019organitzaci\u00f3 com en el funcionament del centre. Aquesta voluntat de millora cont\u00ednua t\u00e9 com a objectiu principal oferir una experi\u00e8ncia d\u2019aprenentatge de qualitat, significativa i ajustada a les necessitats reals de l\u2019alumnat i de l\u2019entorn social i educatiu que l\u2019envolta.<\/span><\/p>\n<p><span style=\"font-family: helvetica, arial, sans-serif; font-size: 12pt;\">En aquest sentit, la participaci\u00f3 activa en programes i projectes educatius esdev\u00e9 un element clau de la identitat del centre. Aquests projectes no nom\u00e9s permeten incorporar noves metodologies, recursos i enfocaments pedag\u00f2gics, sin\u00f3 que tamb\u00e9 afavoreixen l\u2019adquisici\u00f3 d\u2019un know-how valu\u00f3s per part del professorat i de l\u2019organitzaci\u00f3 en el seu conjunt. Aquest coneixement adquirit es transfereix de manera directa a l\u2019aula, impactant positivament en la pr\u00e0ctica docent i en la qualitat dels aprenentatges que rep l\u2019alumnat.<\/span><\/p>\n<p><span style=\"font-family: helvetica, arial, sans-serif; font-size: 12pt;\">Gr\u00e0cies a aquesta implicaci\u00f3 en iniciatives educatives diverses, el centre potencia el desenvolupament de compet\u00e8ncies, capacitats i habilitats clau, fomenta la innovaci\u00f3 pedag\u00f2gica i promou una educaci\u00f3 m\u00e9s competencial, inclusiva i connectada amb la realitat. Aix\u00ed, l\u2019Institut de Badia del Vall\u00e8s es consolida com un centre viu, obert al canvi i comprom\u00e8s amb l\u2019excel\u00b7l\u00e8ncia educativa i la millora cont\u00ednua dels processos d\u2019ensenyament i aprenentatge.<\/span><\/p>\n<p>&nbsp;<\/p>\n","protected":false},"excerpt":{"rendered":"<p>Una de les caracter\u00edstiques distintives de l\u2019Institut d&#8217;FP de Badia del Vall\u00e8s \u00e9s la seva capacitat d\u2019adaptaci\u00f3, actualitzaci\u00f3 i innovaci\u00f3 constant, tant en l\u2019organitzaci\u00f3 com en el funcionament del centre. Aquesta voluntat de millora cont\u00ednua t\u00e9 com a objectiu principal oferir una experi\u00e8ncia d\u2019aprenentatge de qualitat, significativa i ajustada a les necessitats reals de l\u2019alumnat [&hellip;]<\/p>\n","protected":false},"author":1,"featured_media":0,"parent":0,"menu_order":0,"comment_status":"closed","ping_status":"closed","template":"","meta":{"site-sidebar-layout":"left-sidebar","site-content-layout":"","ast-site-content-layout":"default","site-content-style":"default","site-sidebar-style":"default","ast-global-header-display":"","ast-banner-title-visibility":"","ast-main-header-display":"","ast-hfb-above-header-display":"","ast-hfb-below-header-display":"","ast-hfb-mobile-header-display":"","site-post-title":"","ast-breadcrumbs-content":"","ast-featured-img":"","footer-sml-layout":"","theme-transparent-header-meta":"default","adv-header-id-meta":"","stick-header-meta":"","header-above-stick-meta":"","header-main-stick-meta":"","header-below-stick-meta":"","astra-migrate-meta-layouts":"set","ast-page-background-enabled":"default","ast-page-background-meta":{"desktop":{"background-color":"var(--ast-global-color-4)","background-image":"","background-repeat":"repeat","background-position":"center center","background-size":"auto","background-attachment":"scroll","background-type":"","background-media":"","overlay-type":"","overlay-color":"","overlay-opacity":"","overlay-gradient":""},"tablet":{"background-color":"","background-image":"","background-repeat":"repeat","background-position":"center center","background-size":"auto","background-attachment":"scroll","background-type":"","background-media":"","overlay-type":"","overlay-color":"","overlay-opacity":"","overlay-gradient":""},"mobile":{"background-color":"","background-image":"","background-repeat":"repeat","background-position":"center center","background-size":"auto","background-attachment":"scroll","background-type":"","background-media":"","overlay-type":"","overlay-color":"","overlay-opacity":"","overlay-gradient":""}},"ast-content-background-meta":{"desktop":{"background-color":"var(--ast-global-color-5)","background-image":"","background-repeat":"repeat","background-position":"center center","background-size":"auto","background-attachment":"scroll","background-type":"","background-media":"","overlay-type":"","overlay-color":"","overlay-opacity":"","overlay-gradient":""},"tablet":{"background-color":"var(--ast-global-color-5)","background-image":"","background-repeat":"repeat","background-position":"center center","background-size":"auto","background-attachment":"scroll","background-type":"","background-media":"","overlay-type":"","overlay-color":"","overlay-opacity":"","overlay-gradient":""},"mobile":{"background-color":"var(--ast-global-color-5)","background-image":"","background-repeat":"repeat","background-position":"center center","background-size":"auto","background-attachment":"scroll","background-type":"","background-media":"","overlay-type":"","overlay-color":"","overlay-opacity":"","overlay-gradient":""}},"footnotes":""},"class_list":["post-13648","page","type-page","status-publish","hentry"],"post_mailing_queue_ids":[],"_links":{"self":[{"href":"https:\/\/agora.xtec.cat\/insbadia\/wp-json\/wp\/v2\/pages\/13648","targetHints":{"allow":["GET"]}}],"collection":[{"href":"https:\/\/agora.xtec.cat\/insbadia\/wp-json\/wp\/v2\/pages"}],"about":[{"href":"https:\/\/agora.xtec.cat\/insbadia\/wp-json\/wp\/v2\/types\/page"}],"author":[{"embeddable":true,"href":"https:\/\/agora.xtec.cat\/insbadia\/wp-json\/wp\/v2\/users\/1"}],"replies":[{"embeddable":true,"href":"https:\/\/agora.xtec.cat\/insbadia\/wp-json\/wp\/v2\/comments?post=13648"}],"version-history":[{"count":6,"href":"https:\/\/agora.xtec.cat\/insbadia\/wp-json\/wp\/v2\/pages\/13648\/revisions"}],"predecessor-version":[{"id":14786,"href":"https:\/\/agora.xtec.cat\/insbadia\/wp-json\/wp\/v2\/pages\/13648\/revisions\/14786"}],"wp:attachment":[{"href":"https:\/\/agora.xtec.cat\/insbadia\/wp-json\/wp\/v2\/media?parent=13648"}],"curies":[{"name":"wp","href":"https:\/\/api.w.org\/{rel}","templated":true}]}}