{"id":13178,"date":"2024-04-29T19:13:38","date_gmt":"2024-04-29T17:13:38","guid":{"rendered":"https:\/\/agora.xtec.cat\/insbadia\/?page_id=13178"},"modified":"2026-05-15T10:42:54","modified_gmt":"2026-05-15T08:42:54","slug":"edificacio-obra-civil","status":"publish","type":"page","link":"https:\/\/agora.xtec.cat\/insbadia\/formacio-professional\/edificacio-obra-civil\/","title":{"rendered":"Edificaci\u00f3 i obra civil"},"content":{"rendered":"<h3><span style=\"font-family: helvetica, arial, sans-serif;\"><span style=\"font-size: 12pt;\">CICLE FORMATIU DE GRAU SUPERIOR<\/span><br \/>\n<span style=\"color: #993366;\">PROJECTES D&#8217;EDIFICACI\u00d3 &#8211; PERFIL PROFESSIONAL REHABILITACI\u00d3 I RESTAURACI\u00d3<\/span><\/span><\/h3>\n<p data-start=\"123\" data-end=\"399\"><span style=\"font-family: helvetica, arial, sans-serif; font-size: 12pt;\">El cicle formatiu de grau superior en Projectes d\u2019Edificaci\u00f3 et prepara per desenvolupar projectes t\u00e8cnics dins del sector de la construcci\u00f3, amb especialitzaci\u00f3 en la rehabilitaci\u00f3 i restauraci\u00f3 d\u2019edificis. Adquirir\u00e0s compet\u00e8ncies clau per treballar en entorns t\u00e8cnics i professionals, amb una formaci\u00f3 pr\u00e0ctica i orientada a la realitat del sector.<\/span><\/p>\n<p style=\"text-align: center;\" data-start=\"123\" data-end=\"399\"><img loading=\"lazy\" decoding=\"async\" class=\"aligncenter wp-image-15035\" src=\"https:\/\/agora.xtec.cat\/insbadia\/wp-content\/uploads\/usu1299\/2026\/05\/DEOC.png\" alt=\"\" width=\"549\" height=\"307\" srcset=\"https:\/\/agora.xtec.cat\/insbadia\/wp-content\/uploads\/usu1299\/2026\/05\/DEOC.png 683w, https:\/\/agora.xtec.cat\/insbadia\/wp-content\/uploads\/usu1299\/2026\/05\/DEOC-300x168.png 300w\" sizes=\"auto, (max-width: 549px) 100vw, 549px\" \/><\/p>\n<h5 data-section-id=\"1vjq9a7\" data-start=\"578\" data-end=\"610\"><span style=\"font-family: helvetica, arial, sans-serif; font-size: 14pt; color: #993366;\">Informaci\u00f3 pr\u00e0ctica del cicle<\/span><\/h5>\n<p data-start=\"612\" data-end=\"686\"><span style=\"font-family: helvetica, arial, sans-serif; font-size: 12pt;\">Durada: 2 cursos acad\u00e8mics (2.000 hores)<\/span><br data-start=\"656\" data-end=\"659\" \/><span style=\"font-size: 12pt;\"><span style=\"font-family: helvetica, arial, sans-serif;\">Modalitat: Presencial<br \/>\n<\/span><\/span><span style=\"font-size: 12pt;\"><span style=\"font-family: helvetica, arial, sans-serif;\">Horaris: <\/span><span style=\"font-family: helvetica, arial, sans-serif;\">1r curs de 8:00h a 14:30h i <\/span><span style=\"font-family: helvetica, arial, sans-serif;\">2n curs de 15:00 h a 21:15 h<br \/>\n<\/span><\/span><\/p>\n<p><span style=\"font-family: helvetica, arial, sans-serif; font-size: 12pt;\">Preu de la matricula:<\/span><\/p>\n<ul data-start=\"785\" data-end=\"899\">\n<li data-section-id=\"c2w1m8\" data-start=\"785\" data-end=\"805\"><span style=\"font-family: helvetica, arial, sans-serif; font-size: 12pt;\">Taxes 360 \u20ac (<a href=\"https:\/\/educacio.gencat.cat\/ca\/departament\/normativa\/taxes-preus-publics\/exempcions-bonificacions\/\" target=\"_blank\" rel=\"noopener\">s&#8217;apliquen bonificacions i exempcions segons normativa vigent<\/a>)<\/span><\/li>\n<li data-section-id=\"1ch4f8t\" data-start=\"662\" data-end=\"706\"><span style=\"font-family: helvetica, arial, sans-serif; font-size: 12pt;\">80 \u20ac en concepte de material escolar<\/span><\/li>\n<li><span style=\"font-family: helvetica, arial, sans-serif; font-size: 12pt;\">1,12 \u20ac en concepte d&#8217;asseguran\u00e7a escolar<\/span><\/li>\n<li data-section-id=\"1ch4f8t\" data-start=\"662\" data-end=\"706\"><span style=\"font-family: helvetica, arial, sans-serif; font-size: 12pt;\">15 \u20ac en concepte Associaci\u00f3 d\u2019Estudiants (opcional)<\/span><\/li>\n<li data-section-id=\"1dz83k7\" data-start=\"747\" data-end=\"780\"><span style=\"font-family: helvetica, arial, sans-serif; font-size: 12pt;\">No s\u2019apliquen bonificacions al material escolar<\/span><\/li>\n<\/ul>\n<h5 data-section-id=\"or5ghy\" data-start=\"970\" data-end=\"1010\"><span style=\"font-family: helvetica, arial, sans-serif; font-size: 14pt; color: #993366;\">Material did\u00e0ctic i recursos digitals (incl\u00f2s a la matr\u00edcula)<\/span><\/h5>\n<p data-start=\"1012\" data-end=\"1121\"><span style=\"font-family: helvetica, arial, sans-serif; font-size: 12pt;\">El cicle inclou un entorn digital complet perqu\u00e8 puguis treballar amb eines professionals des del primer dia.\u00a0<\/span><span style=\"font-family: helvetica, arial, sans-serif; font-size: 12pt;\">Els 80 \u20ac de material escolar inclouen:<\/span><\/p>\n<ul data-start=\"1167\" data-end=\"1431\">\n<li data-section-id=\"wppzip\" data-start=\"1167\" data-end=\"1214\"><span style=\"font-family: helvetica, arial, sans-serif; font-size: 12pt;\">Compte de correu de l&#8217;institut @ibadia.cat<\/span><\/li>\n<li data-section-id=\"13bm6tl\" data-start=\"1215\" data-end=\"1269\"><span style=\"font-family: helvetica, arial, sans-serif; font-size: 12pt;\">Acc\u00e9s a Google Drive (emmagatzematge al n\u00favol)<\/span><\/li>\n<li data-section-id=\"1g73vwk\" data-start=\"1270\" data-end=\"1325\"><span style=\"font-family: helvetica, arial, sans-serif; font-size: 12pt;\">Acc\u00e9s a iEduca (plataforma de gesti\u00f3 acad\u00e8mica)<\/span><\/li>\n<li data-section-id=\"5vx83l\" data-start=\"1326\" data-end=\"1391\"><span style=\"font-family: helvetica, arial, sans-serif; font-size: 12pt;\">Acc\u00e9s a Moodle amb tot el material did\u00e0ctic de cada m\u00f2dul<\/span><\/li>\n<li data-section-id=\"11h8aa2\" data-start=\"1392\" data-end=\"1431\"><span style=\"font-family: helvetica, arial, sans-serif; font-size: 12pt;\">Acc\u00e9s a programari AutoCAD amb llic\u00e8ncia educativa<\/span><\/li>\n<\/ul>\n<p data-start=\"1522\" data-end=\"1562\"><span style=\"font-family: helvetica, arial, sans-serif; font-size: 14pt; color: #993366;\"><strong data-start=\"1522\" data-end=\"1562\">Material que ha de portar l\u2019alumnat (no incl\u00f2s a la matr\u00edcula)<\/strong><\/span><\/p>\n<ul data-start=\"1564\" data-end=\"1728\">\n<li data-section-id=\"kuy106\" data-start=\"1564\" data-end=\"1668\"><span style=\"font-family: helvetica, arial, sans-serif; font-size: 12pt;\">Ordinador port\u00e0til (preferiblement amb sistema operatiu Windows i prestacions suficients per executar AutoCAD)<\/span><\/li>\n<li data-section-id=\"kuy106\" data-start=\"1564\" data-end=\"1668\"><span style=\"font-family: helvetica, arial, sans-serif; font-size: 12pt;\">Material de dibuix (preferiblement de bona qualitat): regle, escaire, cartab\u00f3, comp\u00e0s, llapis de mines de v\u00e0ries dureses (HB, 2B, H, 2H), retoladors calibrats de color negre (0.1, 0.3, 0.5)<\/span><\/li>\n<li data-section-id=\"kuy106\" data-start=\"1564\" data-end=\"1668\"><span style=\"font-family: helvetica, arial, sans-serif; font-size: 12pt;\">Carpeta per paper de representaci\u00f3 gr\u00e0fica DIN-A3<\/span><\/li>\n<li><span style=\"font-family: helvetica, arial, sans-serif; font-size: 12pt;\">Carpeta per paper DIN-A4<\/span><\/li>\n<li data-section-id=\"kuy106\" data-start=\"1564\" data-end=\"1668\"><span style=\"font-family: helvetica, arial, sans-serif; font-size: 12pt;\">Escal\u00edmetre <\/span><\/li>\n<li data-section-id=\"kuy106\" data-start=\"1564\" data-end=\"1668\"><span style=\"font-family: helvetica, arial, sans-serif; font-size: 12pt;\">Calculadora cient\u00edfica<\/span><\/li>\n<li data-section-id=\"1h13aat\" data-start=\"1669\" data-end=\"1684\"><span style=\"font-family: helvetica, arial, sans-serif; font-size: 12pt;\">Material b\u00e0sic d\u2019escriptura<\/span><\/li>\n<\/ul>\n<h5 data-section-id=\"b0goxr\" data-start=\"3451\" data-end=\"3504\"><strong><span style=\"font-family: helvetica, arial, sans-serif; font-size: 14pt; color: #993366;\">Per qu\u00e8 estudiar a l\u2019Institut d\u2019FP de Badia del Vall\u00e8s?<\/span><\/strong><\/h5>\n<p data-start=\"3506\" data-end=\"3573\"><span style=\"font-family: helvetica, arial, sans-serif; font-size: 12pt;\">Apostem per una formaci\u00f3 de qualitat, pr\u00e0ctica i centrada a contribuir a l\u2019\u00e8xit de l\u2019alumnat:<\/span><\/p>\n<ul>\n<li><span style=\"font-family: helvetica, arial, sans-serif; font-size: 12pt;\">Professorat expert en cada mat\u00e8ria, proper i implicat<\/span><\/li>\n<li><span style=\"font-family: helvetica, arial, sans-serif; font-size: 12pt;\">Seguiment personalitzat i amb suport durant tot el curs del Departament d\u2019Orientaci\u00f3<\/span><\/li>\n<li><span style=\"font-family: helvetica, arial, sans-serif; font-size: 12pt;\">Metodologia pr\u00e0ctica<\/span><\/li>\n<li><span style=\"font-family: helvetica, arial, sans-serif; font-size: 12pt;\">Connexi\u00f3 directa amb empreses del territori<\/span><\/li>\n<li><span style=\"font-family: helvetica, arial, sans-serif; font-size: 12pt;\">Centre ben comunicat (BUS i Renfe)<\/span><\/li>\n<li><span style=\"font-family: helvetica, arial, sans-serif; font-size: 12pt;\">Associaci\u00f3 d\u2019Estudiants per participar en activitats organitzades per la comunitat educativa<\/span><\/li>\n<\/ul>\n<h2 data-section-id=\"1180o0x\" data-start=\"1822\" data-end=\"1867\"><span style=\"font-family: helvetica, arial, sans-serif; font-size: 14pt; color: #993366;\">Per qu\u00e8 estudiar Projectes d&#8217;Edificaci\u00f3?<\/span><\/h2>\n<p data-start=\"1869\" data-end=\"2003\"><span style=\"font-family: helvetica, arial, sans-serif; font-size: 12pt;\">Aquest cicle forma professionals qualificats capa\u00e7os de desenvolupar projectes d\u2019edificaci\u00f3, especialment en l\u2019\u00e0mbit de la rehabilitaci\u00f3 i restauraci\u00f3. \u00c9s una titulaci\u00f3 amb alta demanda laboral en un sector clau, amb oportunitats en estudis t\u00e8cnics, empreses constructores i administracions.<\/span><\/p>\n<h5 data-section-id=\"1dgjjjv\" data-start=\"2126\" data-end=\"2143\"><strong><span style=\"font-family: helvetica, arial, sans-serif; font-size: 14pt; color: #993366;\">Qu\u00e8 aprendr\u00e0s?<\/span><\/strong><\/h5>\n<p data-start=\"2861\" data-end=\"2943\"><span style=\"font-family: helvetica, arial, sans-serif; font-size: 12pt;\">Al llarg del cicle adquirir\u00e0s compet\u00e8ncies per treballar en \u00e0rees clau del sector:<\/span><\/p>\n<ul>\n<li data-start=\"2945\" data-end=\"3234\"><span style=\"font-family: helvetica, arial, sans-serif; font-size: 12pt;\">Desenvolupament de projectes d\u2019edificaci\u00f3<\/span><\/li>\n<li data-start=\"2945\" data-end=\"3234\"><span style=\"font-family: helvetica, arial, sans-serif; font-size: 12pt;\">Dibuix t\u00e8cnic i representaci\u00f3 gr\u00e0fica (CAD i BIM)<\/span><\/li>\n<li data-start=\"2945\" data-end=\"3234\"><span style=\"font-family: helvetica, arial, sans-serif; font-size: 12pt;\">Mesuraments i pressupostos<\/span><\/li>\n<li data-start=\"2945\" data-end=\"3234\"><span style=\"font-family: helvetica, arial, sans-serif; font-size: 12pt;\">Planificaci\u00f3 i control d\u2019obres<\/span><\/li>\n<li data-start=\"2945\" data-end=\"3234\"><span style=\"font-family: helvetica, arial, sans-serif; font-size: 12pt;\">Rehabilitaci\u00f3 i restauraci\u00f3 d\u2019edificis<\/span><\/li>\n<li data-start=\"2945\" data-end=\"3234\"><span style=\"font-family: helvetica, arial, sans-serif; font-size: 12pt;\">Efici\u00e8ncia energ\u00e8tica i sostenibilitat<\/span><\/li>\n<li data-start=\"2945\" data-end=\"3234\"><span style=\"font-family: helvetica, arial, sans-serif; font-size: 12pt;\">Normativa t\u00e8cnica i seguretat en la construcci\u00f3<\/span><\/li>\n<\/ul>\n<h4 data-section-id=\"a4funw\" data-start=\"2543\" data-end=\"2568\"><span style=\"font-size: 14pt; color: #993366;\"><strong><span style=\"font-family: helvetica, arial, sans-serif;\">Sortides professionals<\/span><\/strong><\/span><\/h4>\n<p data-start=\"3268\" data-end=\"3314\"><span style=\"font-family: helvetica, arial, sans-serif; font-size: 12pt;\">En finalitzar el cicle podr\u00e0s treballar com a:<\/span><\/p>\n<ul>\n<li data-start=\"3316\" data-end=\"3558\"><span style=\"font-family: helvetica, arial, sans-serif; font-size: 12pt;\">Delineant projectista<\/span><\/li>\n<li data-start=\"3316\" data-end=\"3558\"><span style=\"font-family: helvetica, arial, sans-serif; font-size: 12pt;\">T\u00e8cnic\/a en projectes d\u2019edificaci\u00f3<\/span><\/li>\n<li data-start=\"3316\" data-end=\"3558\"><span style=\"font-family: helvetica, arial, sans-serif; font-size: 12pt;\">Ajudant de direcci\u00f3 d\u2019obra<\/span><\/li>\n<li data-start=\"3316\" data-end=\"3558\"><span style=\"font-family: helvetica, arial, sans-serif; font-size: 12pt;\">T\u00e8cnic\/a en rehabilitaci\u00f3 d\u2019edificis<\/span><\/li>\n<li data-start=\"3316\" data-end=\"3558\"><span style=\"font-family: helvetica, arial, sans-serif; font-size: 12pt;\">T\u00e8cnic\/a en control de qualitat en la construcci\u00f3<\/span><\/li>\n<li data-start=\"3316\" data-end=\"3558\"><span style=\"font-family: helvetica, arial, sans-serif; font-size: 12pt;\">T\u00e8cnic\/a en empreses constructores o estudis d\u2019arquitectura<\/span><\/li>\n<\/ul>\n<h4 data-section-id=\"1rc1p0q\" data-start=\"2905\" data-end=\"2930\"><strong><span style=\"font-family: helvetica, arial, sans-serif; font-size: 14pt; color: #993366;\">Pr\u00e0ctiques en empreses<\/span><\/strong><\/h4>\n<p data-start=\"2932\" data-end=\"3038\"><span style=\"font-family: helvetica, arial, sans-serif; font-size: 12pt;\">El cicle inclou formaci\u00f3 en centres de treball (FCT), una experi\u00e8ncia clau per a la teva inserci\u00f3 laboral.<\/span><\/p>\n<p data-start=\"3040\" data-end=\"3069\"><span style=\"font-family: helvetica, arial, sans-serif; font-size: 12pt;\">Durant les pr\u00e0ctiques podr\u00e0s:<\/span><\/p>\n<ul data-start=\"3071\" data-end=\"3234\">\n<li data-section-id=\"x6r2wo\" data-start=\"3071\" data-end=\"3113\"><span style=\"font-family: helvetica, arial, sans-serif; font-size: 12pt;\">Aplicar coneixements en un entorn real<\/span><\/li>\n<li data-section-id=\"mbcu7\" data-start=\"3114\" data-end=\"3155\"><span style=\"font-family: helvetica, arial, sans-serif; font-size: 12pt;\">Desenvolupar habilitats professionals<\/span><\/li>\n<li data-section-id=\"18emuia\" data-start=\"3156\" data-end=\"3198\"><span style=\"font-family: helvetica, arial, sans-serif; font-size: 12pt;\">Con\u00e8ixer el funcionament d\u2019una empresa<\/span><\/li>\n<li data-section-id=\"7xqm76\" data-start=\"3199\" data-end=\"3234\"><span style=\"font-family: helvetica, arial, sans-serif; font-size: 12pt;\">Establir contactes per al futur<\/span><\/li>\n<\/ul>\n<h4 data-section-id=\"3s48yj\" data-start=\"3241\" data-end=\"3265\"><span style=\"font-size: 14pt; color: #993366;\"><strong><span style=\"font-family: helvetica, arial, sans-serif;\">Continu\u00eftat d\u2019estudis<\/span><\/strong><\/span><\/h4>\n<p data-start=\"3934\" data-end=\"3990\"><span style=\"font-size: 12pt; font-family: helvetica, arial, sans-serif;\">Aquest cicle tamb\u00e9 et permet continuar la teva formaci\u00f3:<\/span><\/p>\n<ul>\n<li data-start=\"3992\" data-end=\"4178\"><span style=\"font-size: 12pt; font-family: helvetica, arial, sans-serif;\">Acc\u00e9s a estudis universitaris (arquitectura, enginyeria de l\u2019edificaci\u00f3, etc.)<\/span><\/li>\n<li data-start=\"3992\" data-end=\"4178\"><span style=\"font-size: 12pt; font-family: helvetica, arial, sans-serif;\">Altres especialitzacions professionals<\/span><\/li>\n<li data-start=\"3992\" data-end=\"4178\"><span style=\"font-size: 12pt; font-family: helvetica, arial, sans-serif;\">Formaci\u00f3 cont\u00ednua en l\u2019\u00e0mbit de la construcci\u00f3 i rehabilitaci\u00f3<\/span><\/li>\n<\/ul>\n<h5 data-section-id=\"1dkz04j\" data-start=\"3826\" data-end=\"3857\"><span style=\"font-family: helvetica, arial, sans-serif; font-size: 14pt; color: #993366;\">Preinscripci\u00f3 i matr\u00edcula<\/span><\/h5>\n<p data-start=\"4071\" data-end=\"4154\"><span style=\"font-family: helvetica, arial, sans-serif; font-size: 12pt;\">El proc\u00e9s de preinscripci\u00f3 segueix el calendari oficial del Departament d\u2019Educaci\u00f3 i Formaci\u00f3 Professional. La matr\u00edcula es fa al centre, una vegada s&#8217;ha obtingut pla\u00e7a.<\/span><\/p>\n<h5 data-section-id=\"11r98ma\" data-start=\"4242\" data-end=\"4265\"><span style=\"font-family: helvetica, arial, sans-serif; font-size: 14pt; color: #993366;\">Vols m\u00e9s informaci\u00f3?<\/span><\/h5>\n<p data-start=\"4321\" data-end=\"4411\"><span style=\"font-family: helvetica, arial, sans-serif; font-size: 12pt;\">Contacta amb nosaltres per resoldre qualsevol dubte a <strong>secretaria@ibadia.cat<\/strong><\/span><\/p>\n","protected":false},"excerpt":{"rendered":"<p>CICLE FORMATIU DE GRAU SUPERIOR PROJECTES D&#8217;EDIFICACI\u00d3 &#8211; PERFIL PROFESSIONAL REHABILITACI\u00d3 I RESTAURACI\u00d3 El cicle formatiu de grau superior en Projectes d\u2019Edificaci\u00f3 et prepara per desenvolupar projectes t\u00e8cnics dins del sector de la construcci\u00f3, amb especialitzaci\u00f3 en la rehabilitaci\u00f3 i restauraci\u00f3 d\u2019edificis. Adquirir\u00e0s compet\u00e8ncies clau per treballar en entorns t\u00e8cnics i professionals, amb una formaci\u00f3 [&hellip;]<\/p>\n","protected":false},"author":1,"featured_media":0,"parent":357,"menu_order":3,"comment_status":"closed","ping_status":"closed","template":"","meta":{"site-sidebar-layout":"left-sidebar","site-content-layout":"","ast-site-content-layout":"default","site-content-style":"default","site-sidebar-style":"default","ast-global-header-display":"","ast-banner-title-visibility":"","ast-main-header-display":"","ast-hfb-above-header-display":"","ast-hfb-below-header-display":"","ast-hfb-mobile-header-display":"","site-post-title":"disabled","ast-breadcrumbs-content":"","ast-featured-img":"","footer-sml-layout":"","theme-transparent-header-meta":"default","adv-header-id-meta":"","stick-header-meta":"","header-above-stick-meta":"","header-main-stick-meta":"","header-below-stick-meta":"","astra-migrate-meta-layouts":"set","ast-page-background-enabled":"default","ast-page-background-meta":{"desktop":{"background-color":"var(--ast-global-color-4)","background-image":"","background-repeat":"repeat","background-position":"center center","background-size":"auto","background-attachment":"scroll","background-type":"","background-media":"","overlay-type":"","overlay-color":"","overlay-opacity":"","overlay-gradient":""},"tablet":{"background-color":"","background-image":"","background-repeat":"repeat","background-position":"center center","background-size":"auto","background-attachment":"scroll","background-type":"","background-media":"","overlay-type":"","overlay-color":"","overlay-opacity":"","overlay-gradient":""},"mobile":{"background-color":"","background-image":"","background-repeat":"repeat","background-position":"center center","background-size":"auto","background-attachment":"scroll","background-type":"","background-media":"","overlay-type":"","overlay-color":"","overlay-opacity":"","overlay-gradient":""}},"ast-content-background-meta":{"desktop":{"background-color":"var(--ast-global-color-5)","background-image":"","background-repeat":"repeat","background-position":"center center","background-size":"auto","background-attachment":"scroll","background-type":"","background-media":"","overlay-type":"","overlay-color":"","overlay-opacity":"","overlay-gradient":""},"tablet":{"background-color":"var(--ast-global-color-5)","background-image":"","background-repeat":"repeat","background-position":"center center","background-size":"auto","background-attachment":"scroll","background-type":"","background-media":"","overlay-type":"","overlay-color":"","overlay-opacity":"","overlay-gradient":""},"mobile":{"background-color":"var(--ast-global-color-5)","background-image":"","background-repeat":"repeat","background-position":"center center","background-size":"auto","background-attachment":"scroll","background-type":"","background-media":"","overlay-type":"","overlay-color":"","overlay-opacity":"","overlay-gradient":""}},"footnotes":""},"class_list":["post-13178","page","type-page","status-publish","hentry"],"post_mailing_queue_ids":[],"_links":{"self":[{"href":"https:\/\/agora.xtec.cat\/insbadia\/wp-json\/wp\/v2\/pages\/13178","targetHints":{"allow":["GET"]}}],"collection":[{"href":"https:\/\/agora.xtec.cat\/insbadia\/wp-json\/wp\/v2\/pages"}],"about":[{"href":"https:\/\/agora.xtec.cat\/insbadia\/wp-json\/wp\/v2\/types\/page"}],"author":[{"embeddable":true,"href":"https:\/\/agora.xtec.cat\/insbadia\/wp-json\/wp\/v2\/users\/1"}],"replies":[{"embeddable":true,"href":"https:\/\/agora.xtec.cat\/insbadia\/wp-json\/wp\/v2\/comments?post=13178"}],"version-history":[{"count":7,"href":"https:\/\/agora.xtec.cat\/insbadia\/wp-json\/wp\/v2\/pages\/13178\/revisions"}],"predecessor-version":[{"id":15094,"href":"https:\/\/agora.xtec.cat\/insbadia\/wp-json\/wp\/v2\/pages\/13178\/revisions\/15094"}],"up":[{"embeddable":true,"href":"https:\/\/agora.xtec.cat\/insbadia\/wp-json\/wp\/v2\/pages\/357"}],"wp:attachment":[{"href":"https:\/\/agora.xtec.cat\/insbadia\/wp-json\/wp\/v2\/media?parent=13178"}],"curies":[{"name":"wp","href":"https:\/\/api.w.org\/{rel}","templated":true}]}}