{"id":13061,"date":"2024-04-09T13:47:18","date_gmt":"2024-04-09T11:47:18","guid":{"rendered":"https:\/\/agora.xtec.cat\/insbadia\/?page_id=13061"},"modified":"2026-04-29T11:58:23","modified_gmt":"2026-04-29T09:58:23","slug":"condicionament-fisic","status":"publish","type":"page","link":"https:\/\/agora.xtec.cat\/insbadia\/formacio-professional\/activitats-fisiques-i-esportives\/condicionament-fisic\/","title":{"rendered":"Condicionament f\u00edsic"},"content":{"rendered":"<h3><span style=\"font-family: helvetica, arial, sans-serif; font-size: 12pt;\">CICLE FORMATIU DE GRAU SUPERIOR<\/span><br \/>\n<span style=\"font-family: helvetica, arial, sans-serif; color: #993366;\">CONDICIONAMENT F\u00cdSIC<\/span><\/h3>\n<p data-start=\"0\" data-end=\"260\"><span style=\"font-family: helvetica, arial, sans-serif; font-size: 12pt;\">Vols una formaci\u00f3 pr\u00e0ctica, din\u00e0mica i vinculada al m\u00f3n de l\u2019activitat f\u00edsica i la salut? El cicle formatiu de grau superior de Condicionament F\u00edsic et prepara per dissenyar, guiar i avaluar programes d\u2019entrenament adaptats a diferents perfils i objectius.<\/span><\/p>\n<p data-start=\"0\" data-end=\"260\"><img loading=\"lazy\" decoding=\"async\" class=\"aligncenter wp-image-14993\" src=\"https:\/\/agora.xtec.cat\/insbadia\/wp-content\/uploads\/usu1299\/2026\/04\/CFI-2.png\" alt=\"\" width=\"552\" height=\"476\" srcset=\"https:\/\/agora.xtec.cat\/insbadia\/wp-content\/uploads\/usu1299\/2026\/04\/CFI-2.png 1024w, https:\/\/agora.xtec.cat\/insbadia\/wp-content\/uploads\/usu1299\/2026\/04\/CFI-2-300x259.png 300w, https:\/\/agora.xtec.cat\/insbadia\/wp-content\/uploads\/usu1299\/2026\/04\/CFI-2-768x662.png 768w\" sizes=\"auto, (max-width: 552px) 100vw, 552px\" \/><\/p>\n<h5 data-section-id=\"1vjq9a7\" data-start=\"262\" data-end=\"294\"><span style=\"font-family: helvetica, arial, sans-serif; font-size: 14pt; color: #993366;\">Informaci\u00f3 pr\u00e0ctica del cicle<\/span><\/h5>\n<p data-start=\"296\" data-end=\"445\"><span style=\"font-family: helvetica, arial, sans-serif; font-size: 12pt;\">Durada: 2 cursos acad\u00e8mics (2.000 hores)<\/span><br data-start=\"340\" data-end=\"343\" \/><span style=\"font-family: helvetica, arial, sans-serif; font-size: 12pt;\">Modalitat: Presencial<\/span><br data-start=\"368\" data-end=\"371\" \/><span style=\"font-family: helvetica, arial, sans-serif; font-size: 12pt;\">Horaris: 1r curs i 2n curs de 8:00 h a 14:30 h<\/span><\/p>\n<p data-start=\"447\" data-end=\"472\"><span style=\"font-family: helvetica, arial, sans-serif; font-size: 12pt;\">Preu de la matr\u00edcula:<\/span><\/p>\n<ul data-start=\"785\" data-end=\"899\">\n<li data-section-id=\"c2w1m8\" data-start=\"785\" data-end=\"805\"><span style=\"font-family: helvetica, arial, sans-serif; font-size: 12pt;\">Taxes 360 \u20ac (<a href=\"https:\/\/educacio.gencat.cat\/ca\/departament\/normativa\/taxes-preus-publics\/exempcions-bonificacions\/\" target=\"_blank\" rel=\"noopener\">s&#8217;apliquen bonificacions i exempcions segons normativa vigent<\/a>)<\/span><\/li>\n<li data-section-id=\"1ch4f8t\" data-start=\"662\" data-end=\"706\"><span style=\"font-family: helvetica, arial, sans-serif; font-size: 12pt;\">270 \u20ac per la realitzaci\u00f3 d&#8217;activitats curriculars que es realitzen fora del centre<\/span><\/li>\n<li><span style=\"font-family: helvetica, arial, sans-serif; font-size: 12pt;\">1,12 \u20ac en concepte d&#8217;asseguran\u00e7a escolar<\/span><\/li>\n<li data-section-id=\"1ch4f8t\" data-start=\"662\" data-end=\"706\"><span style=\"font-family: helvetica, arial, sans-serif; font-size: 12pt;\">15 \u20ac en concepte Associaci\u00f3 d\u2019Estudiants (opcional)<\/span><\/li>\n<li data-section-id=\"1dz83k7\" data-start=\"747\" data-end=\"780\"><span style=\"font-family: helvetica, arial, sans-serif; font-size: 12pt;\">No s\u2019apliquen bonificacions al material escolar<\/span><\/li>\n<\/ul>\n<h5 data-section-id=\"or5ghy\" data-start=\"652\" data-end=\"692\"><span style=\"font-family: helvetica, arial, sans-serif; font-size: 14pt; color: #993366;\">Material did\u00e0ctic i recursos digitals (incl\u00f2s a la matr\u00edcula)<\/span><\/h5>\n<p data-start=\"694\" data-end=\"850\"><span style=\"font-family: helvetica, arial, sans-serif; font-size: 12pt;\">El cicle inclou un entorn digital complet perqu\u00e8 puguis treballar amb totes les eines necess\u00e0ries des del primer dia. Els 80 \u20ac de material escolar inclouen:<\/span><\/p>\n<ul>\n<li data-start=\"852\" data-end=\"1102\"><span style=\"font-family: helvetica, arial, sans-serif; font-size: 12pt;\">Compte de correu de l\u2019institut @ibadia.cat<\/span><\/li>\n<li data-start=\"852\" data-end=\"1102\"><span style=\"font-family: helvetica, arial, sans-serif; font-size: 12pt;\">Acc\u00e9s a Google Drive (emmagatzematge al n\u00favol)<\/span><\/li>\n<li data-start=\"852\" data-end=\"1102\"><span style=\"font-family: helvetica, arial, sans-serif; font-size: 12pt;\">Acc\u00e9s a iEduca (plataforma de gesti\u00f3 acad\u00e8mica)<\/span><\/li>\n<li data-start=\"852\" data-end=\"1102\"><span style=\"font-family: helvetica, arial, sans-serif; font-size: 12pt;\">Acc\u00e9s a Moodle amb tot el material did\u00e0ctic necessari per cada m\u00f2dul<\/span><\/li>\n<li data-start=\"852\" data-end=\"1102\"><span style=\"font-family: helvetica, arial, sans-serif; font-size: 12pt;\">Llic\u00e8ncia de Microsoft Office 365<\/span><\/li>\n<\/ul>\n<h5 data-start=\"1104\" data-end=\"1144\"><span style=\"font-family: helvetica, arial, sans-serif; font-size: 14pt; color: #993366;\"><strong data-start=\"1104\" data-end=\"1144\">Material que ha de portar l\u2019alumnat (no incl\u00f2s a la matr\u00edcula)<\/strong><\/span><\/h5>\n<p><span style=\"font-family: helvetica, arial, sans-serif; font-size: 12pt;\">Descarrega&#8217;t <a href=\"https:\/\/agora.xtec.cat\/insbadia\/wp-content\/uploads\/usu1299\/2026\/04\/IBVQ-DAFE-Material-alumnat-CFGS-CFI.pdf\" target=\"_blank\" rel=\"noopener\">AQU\u00cd<\/a> el document detallat amb el material esportiu necessari per cada m\u00f2dul professional. A m\u00e9s, a les classes te\u00f2riques, l&#8217;alumnat ha de portar:<\/span><\/p>\n<ul>\n<li data-start=\"1146\" data-end=\"1259\"><span style=\"font-family: helvetica, arial, sans-serif; font-size: 12pt;\">Ordinador port\u00e0til<\/span><\/li>\n<li data-start=\"1146\" data-end=\"1259\"><span style=\"font-family: helvetica, arial, sans-serif; font-size: 12pt;\">Material b\u00e0sic d\u2019escriptura<\/span><\/li>\n<\/ul>\n<h5 data-section-id=\"b0goxr\" data-start=\"3451\" data-end=\"3504\"><span style=\"font-family: helvetica, arial, sans-serif; font-size: 14pt;\"><strong><span style=\"color: #993366;\">Per qu\u00e8 estudiar a l\u2019Institut d\u2019FP de Badia del Vall\u00e8s?<\/span><\/strong><\/span><\/h5>\n<p data-start=\"3506\" data-end=\"3573\"><span style=\"font-family: helvetica, arial, sans-serif; font-size: 12pt;\">Apostem per una formaci\u00f3 de qualitat, pr\u00e0ctica i centrada a contribuir a l\u2019\u00e8xit de l\u2019alumnat:<\/span><\/p>\n<ul>\n<li><span style=\"font-family: helvetica, arial, sans-serif; font-size: 12pt;\">Professorat expert en cada mat\u00e8ria, proper i implicat<\/span><\/li>\n<li><span style=\"font-family: helvetica, arial, sans-serif; font-size: 12pt;\">Seguiment personalitzat i amb suport durant tot el curs del Departament d\u2019Orientaci\u00f3<\/span><\/li>\n<li><span style=\"font-family: helvetica, arial, sans-serif; font-size: 12pt;\">Metodologia pr\u00e0ctica<\/span><\/li>\n<li><span style=\"font-family: helvetica, arial, sans-serif; font-size: 12pt;\">Connexi\u00f3 directa amb empreses del territori<\/span><\/li>\n<li><span style=\"font-family: helvetica, arial, sans-serif; font-size: 12pt;\">Instal\u00b7lacions esportives al mateix municipi de Badia del Vall\u00e8s<\/span><\/li>\n<li><span style=\"font-family: helvetica, arial, sans-serif; font-size: 12pt;\">Centre ben comunicat (BUS i Renfe)<\/span><\/li>\n<li><span style=\"font-family: helvetica, arial, sans-serif; font-size: 12pt;\">Associaci\u00f3 d\u2019Estudiants per participar en activitats organitzades per la comunitat educativa<\/span><\/li>\n<\/ul>\n<h5 data-section-id=\"xrmov1\" data-start=\"1261\" data-end=\"1302\"><span style=\"font-family: helvetica, arial, sans-serif; font-size: 14pt; color: #993366;\">Per qu\u00e8 estudiar Condicionament F\u00edsic?<\/span><\/h5>\n<p data-start=\"1304\" data-end=\"1547\"><span style=\"font-family: helvetica, arial, sans-serif; font-size: 12pt;\">\u00c9s una formaci\u00f3 pensada per a persones interessades en l\u2019esport, la salut i el rendiment f\u00edsic. Aprendr\u00e0s a millorar la condici\u00f3 f\u00edsica de les persones, prevenir lesions i promoure h\u00e0bits de vida saludables mitjan\u00e7ant programes personalitzats.<\/span><\/p>\n<h5 data-section-id=\"1dgjjjv\" data-start=\"1549\" data-end=\"1566\"><span style=\"font-family: helvetica, arial, sans-serif; font-size: 14pt; color: #993366;\">Qu\u00e8 aprendr\u00e0s?<\/span><\/h5>\n<p data-start=\"1568\" data-end=\"1661\"><span style=\"font-family: helvetica, arial, sans-serif; font-size: 12pt;\">Al llarg del cicle aprendr\u00e0s a desenvolupar tasques pr\u00f2pies del sector fitness i de la salut:<\/span><\/p>\n<ul>\n<li data-start=\"1663\" data-end=\"1941\"><span style=\"font-family: helvetica, arial, sans-serif; font-size: 12pt;\">Valoraci\u00f3 de la condici\u00f3 f\u00edsica<\/span><\/li>\n<li data-start=\"1663\" data-end=\"1941\"><span style=\"font-family: helvetica, arial, sans-serif; font-size: 12pt;\">Disseny de programes d\u2019entrenament<\/span><\/li>\n<li data-start=\"1663\" data-end=\"1941\"><span style=\"font-family: helvetica, arial, sans-serif; font-size: 12pt;\">Entrenament personal i en grup<\/span><\/li>\n<li data-start=\"1663\" data-end=\"1941\"><span style=\"font-family: helvetica, arial, sans-serif; font-size: 12pt;\">Activitats dirigides (fitness, tonificaci\u00f3, etc.)<\/span><\/li>\n<li data-start=\"1663\" data-end=\"1941\"><span style=\"font-family: helvetica, arial, sans-serif; font-size: 12pt;\">Control i seguiment de l\u2019entrenament<\/span><\/li>\n<li data-start=\"1663\" data-end=\"1941\"><span style=\"font-family: helvetica, arial, sans-serif; font-size: 12pt;\">Prevenci\u00f3 de lesions<\/span><\/li>\n<li data-start=\"1663\" data-end=\"1941\"><span style=\"font-family: helvetica, arial, sans-serif; font-size: 12pt;\">Primers auxilis<\/span><\/li>\n<li data-start=\"1663\" data-end=\"1941\"><span style=\"font-family: helvetica, arial, sans-serif; font-size: 12pt;\">\u00das de maquin\u00e0ria i equipaments esportius<\/span><\/li>\n<\/ul>\n<h5 data-section-id=\"a4funw\" data-start=\"1943\" data-end=\"1968\"><span style=\"font-family: helvetica, arial, sans-serif; font-size: 14pt; color: #993366;\">Sortides professionals<\/span><\/h5>\n<p data-start=\"1970\" data-end=\"2016\"><span style=\"font-family: helvetica, arial, sans-serif; font-size: 12pt;\">En finalitzar el cicle podr\u00e0s treballar com a:<\/span><\/p>\n<ul>\n<li data-start=\"2018\" data-end=\"2260\"><span style=\"font-family: helvetica, arial, sans-serif; font-size: 12pt;\">T\u00e8cnic\/a de condicionament f\u00edsic<\/span><\/li>\n<li data-start=\"2018\" data-end=\"2260\"><span style=\"font-family: helvetica, arial, sans-serif; font-size: 12pt;\">Entrenador\/a personal<\/span><\/li>\n<li data-start=\"2018\" data-end=\"2260\"><span style=\"font-family: helvetica, arial, sans-serif; font-size: 12pt;\">Monitor\/a d\u2019activitats dirigides<\/span><\/li>\n<li data-start=\"2018\" data-end=\"2260\"><span style=\"font-family: helvetica, arial, sans-serif; font-size: 12pt;\">Preparador\/a f\u00edsic\/a b\u00e0sic<\/span><\/li>\n<li data-start=\"2018\" data-end=\"2260\"><span style=\"font-family: helvetica, arial, sans-serif; font-size: 12pt;\">Instructor\/a en gimnasos o centres esportius<\/span><\/li>\n<li data-start=\"2018\" data-end=\"2260\"><span style=\"font-family: helvetica, arial, sans-serif; font-size: 12pt;\">Dinamitzador\/a d\u2019activitats f\u00edsiques<\/span><\/li>\n<li data-start=\"2018\" data-end=\"2260\"><span style=\"font-family: helvetica, arial, sans-serif; font-size: 12pt;\">Assessor\/a en h\u00e0bits saludables<\/span><\/li>\n<\/ul>\n<h5 data-section-id=\"1rc1p0q\" data-start=\"2262\" data-end=\"2287\"><span style=\"font-family: helvetica, arial, sans-serif; font-size: 14pt; color: #993366;\">Pr\u00e0ctiques en empreses<\/span><\/h5>\n<p data-start=\"2289\" data-end=\"2433\"><span style=\"font-family: helvetica, arial, sans-serif; font-size: 12pt;\">El cicle inclou formaci\u00f3 en centres de treball en modalitat DUAL General o DUAL Intensiva, on podr\u00e0s aplicar els coneixements en un entorn real.<\/span><\/p>\n<p data-start=\"2435\" data-end=\"2467\"><span style=\"font-family: helvetica, arial, sans-serif; font-size: 12pt;\">Aquesta experi\u00e8ncia et permetr\u00e0:<\/span><\/p>\n<ul>\n<li data-start=\"2469\" data-end=\"2617\"><span style=\"font-family: helvetica, arial, sans-serif; font-size: 12pt;\">Con\u00e8ixer el funcionament de centres esportius<\/span><\/li>\n<li data-start=\"2469\" data-end=\"2617\"><span style=\"font-family: helvetica, arial, sans-serif; font-size: 12pt;\">Guanyar experi\u00e8ncia professional<\/span><\/li>\n<li data-start=\"2469\" data-end=\"2617\"><span style=\"font-family: helvetica, arial, sans-serif; font-size: 12pt;\">Millorar el teu curr\u00edculum<\/span><\/li>\n<li data-start=\"2469\" data-end=\"2617\"><span style=\"font-family: helvetica, arial, sans-serif; font-size: 12pt;\">Fer contactes per al futur laboral<\/span><\/li>\n<\/ul>\n<h5 data-section-id=\"3s48yj\" data-start=\"2619\" data-end=\"2643\"><span style=\"font-family: helvetica, arial, sans-serif; font-size: 14pt; color: #993366;\">Continu\u00eftat d\u2019estudis<\/span><\/h5>\n<p data-start=\"2645\" data-end=\"2705\"><span style=\"font-family: helvetica, arial, sans-serif; font-size: 12pt;\">Un cop finalitzat el cicle, podr\u00e0s continuar formant-te amb:<\/span><\/p>\n<ul>\n<li data-start=\"2707\" data-end=\"2853\"><span style=\"font-family: helvetica, arial, sans-serif; font-size: 12pt;\">CFGS Ensenyament i Animaci\u00f3 Socioesportiva<\/span><\/li>\n<li data-start=\"2707\" data-end=\"2853\"><span style=\"font-family: helvetica, arial, sans-serif; font-size: 12pt;\">Altres cicles de l\u2019\u00e0mbit esportiu<\/span><\/li>\n<li data-start=\"2707\" data-end=\"2853\"><span style=\"font-family: helvetica, arial, sans-serif; font-size: 12pt;\">Estudis universitaris vinculats a l\u2019activitat f\u00edsica i l\u2019esport<\/span><\/li>\n<\/ul>\n<p data-start=\"2855\" data-end=\"2960\"><span style=\"font-family: helvetica, arial, sans-serif; font-size: 12pt;\">Tamb\u00e9 \u00e9s una bona base per continuar formant-te o especialitzar-te dins del sector fitness i de la salut.<\/span><\/p>\n<h5 data-section-id=\"1ojhi5u\" data-start=\"2962\" data-end=\"2990\"><span style=\"font-family: helvetica, arial, sans-serif; font-size: 14pt; color: #993366;\">Preinscripci\u00f3 i matr\u00edcula<\/span><\/h5>\n<p data-start=\"2992\" data-end=\"3161\"><span style=\"font-family: helvetica, arial, sans-serif; font-size: 12pt;\">El proc\u00e9s de preinscripci\u00f3 segueix el calendari oficial del Departament d\u2019Educaci\u00f3 i Formaci\u00f3 Professional. La matr\u00edcula es fa al centre, una vegada s\u2019ha obtingut pla\u00e7a.<\/span><\/p>\n<h5 data-section-id=\"11r98ma\" data-start=\"3163\" data-end=\"3186\"><span style=\"font-family: helvetica, arial, sans-serif; font-size: 14pt; color: #993366;\">Vols m\u00e9s informaci\u00f3?<\/span><\/h5>\n<p data-start=\"3188\" data-end=\"3268\" data-is-last-node=\"\" data-is-only-node=\"\"><span style=\"font-family: helvetica, arial, sans-serif; font-size: 12pt;\">Contacta amb nosaltres per resoldre qualsevol dubte a secretaria@ibadia.cat<\/span><\/p>\n","protected":false},"excerpt":{"rendered":"<p>CICLE FORMATIU DE GRAU SUPERIOR CONDICIONAMENT F\u00cdSIC Vols una formaci\u00f3 pr\u00e0ctica, din\u00e0mica i vinculada al m\u00f3n de l\u2019activitat f\u00edsica i la salut? El cicle formatiu de grau superior de Condicionament F\u00edsic et prepara per dissenyar, guiar i avaluar programes d\u2019entrenament adaptats a diferents perfils i objectius. Informaci\u00f3 pr\u00e0ctica del cicle Durada: 2 cursos acad\u00e8mics (2.000 [&hellip;]<\/p>\n","protected":false},"author":124,"featured_media":0,"parent":11469,"menu_order":20,"comment_status":"closed","ping_status":"closed","template":"","meta":{"site-sidebar-layout":"default","site-content-layout":"","ast-site-content-layout":"default","site-content-style":"default","site-sidebar-style":"default","ast-global-header-display":"","ast-banner-title-visibility":"","ast-main-header-display":"","ast-hfb-above-header-display":"","ast-hfb-below-header-display":"","ast-hfb-mobile-header-display":"","site-post-title":"disabled","ast-breadcrumbs-content":"","ast-featured-img":"","footer-sml-layout":"","theme-transparent-header-meta":"default","adv-header-id-meta":"","stick-header-meta":"","header-above-stick-meta":"","header-main-stick-meta":"","header-below-stick-meta":"","astra-migrate-meta-layouts":"set","ast-page-background-enabled":"default","ast-page-background-meta":{"desktop":{"background-color":"var(--ast-global-color-4)","background-image":"","background-repeat":"repeat","background-position":"center center","background-size":"auto","background-attachment":"scroll","background-type":"","background-media":"","overlay-type":"","overlay-color":"","overlay-opacity":"","overlay-gradient":""},"tablet":{"background-color":"","background-image":"","background-repeat":"repeat","background-position":"center center","background-size":"auto","background-attachment":"scroll","background-type":"","background-media":"","overlay-type":"","overlay-color":"","overlay-opacity":"","overlay-gradient":""},"mobile":{"background-color":"","background-image":"","background-repeat":"repeat","background-position":"center center","background-size":"auto","background-attachment":"scroll","background-type":"","background-media":"","overlay-type":"","overlay-color":"","overlay-opacity":"","overlay-gradient":""}},"ast-content-background-meta":{"desktop":{"background-color":"var(--ast-global-color-5)","background-image":"","background-repeat":"repeat","background-position":"center center","background-size":"auto","background-attachment":"scroll","background-type":"","background-media":"","overlay-type":"","overlay-color":"","overlay-opacity":"","overlay-gradient":""},"tablet":{"background-color":"var(--ast-global-color-5)","background-image":"","background-repeat":"repeat","background-position":"center center","background-size":"auto","background-attachment":"scroll","background-type":"","background-media":"","overlay-type":"","overlay-color":"","overlay-opacity":"","overlay-gradient":""},"mobile":{"background-color":"var(--ast-global-color-5)","background-image":"","background-repeat":"repeat","background-position":"center center","background-size":"auto","background-attachment":"scroll","background-type":"","background-media":"","overlay-type":"","overlay-color":"","overlay-opacity":"","overlay-gradient":""}},"footnotes":""},"class_list":["post-13061","page","type-page","status-publish","hentry"],"post_mailing_queue_ids":[],"_links":{"self":[{"href":"https:\/\/agora.xtec.cat\/insbadia\/wp-json\/wp\/v2\/pages\/13061","targetHints":{"allow":["GET"]}}],"collection":[{"href":"https:\/\/agora.xtec.cat\/insbadia\/wp-json\/wp\/v2\/pages"}],"about":[{"href":"https:\/\/agora.xtec.cat\/insbadia\/wp-json\/wp\/v2\/types\/page"}],"author":[{"embeddable":true,"href":"https:\/\/agora.xtec.cat\/insbadia\/wp-json\/wp\/v2\/users\/124"}],"replies":[{"embeddable":true,"href":"https:\/\/agora.xtec.cat\/insbadia\/wp-json\/wp\/v2\/comments?post=13061"}],"version-history":[{"count":7,"href":"https:\/\/agora.xtec.cat\/insbadia\/wp-json\/wp\/v2\/pages\/13061\/revisions"}],"predecessor-version":[{"id":14995,"href":"https:\/\/agora.xtec.cat\/insbadia\/wp-json\/wp\/v2\/pages\/13061\/revisions\/14995"}],"up":[{"embeddable":true,"href":"https:\/\/agora.xtec.cat\/insbadia\/wp-json\/wp\/v2\/pages\/11469"}],"wp:attachment":[{"href":"https:\/\/agora.xtec.cat\/insbadia\/wp-json\/wp\/v2\/media?parent=13061"}],"curies":[{"name":"wp","href":"https:\/\/api.w.org\/{rel}","templated":true}]}}