{"id":12768,"date":"2023-11-16T17:43:51","date_gmt":"2023-11-16T16:43:51","guid":{"rendered":"https:\/\/agora.xtec.cat\/insbadia\/?page_id=12768"},"modified":"2025-11-19T10:04:03","modified_gmt":"2025-11-19T09:04:03","slug":"altres-tramits","status":"publish","type":"page","link":"https:\/\/agora.xtec.cat\/insbadia\/secretaria\/tramits-i-documents\/altres-tramits\/","title":{"rendered":"Gesti\u00f3 acad\u00e8mica"},"content":{"rendered":"<header class=\"entry-header\">En aquesta p\u00e0gina pots accedir al cat\u00e0leg de tr\u00e0mits que s\u2019ofereixen des de la secretaria del centre. Pots consultar el tr\u00e0mit fent clic a l\u2019enlla\u00e7. Alguns dels tr\u00e0mits pots realitzar-los en l\u00ednia, d\u2019altres caldr\u00e0 que emplenis el model de sol\u00b7licitud i el facis arribar presencialment a Secretaria.<\/header>\n<header><\/header>\n<header><\/header>\n<header><\/header>\n<h6>Gestions que s&#8217;han de realitzar de forma presencial a la Secretaria del centre<\/h6>\n<p>(consulta <a href=\"https:\/\/agora.xtec.cat\/insbadia\/secretaria\/horari\/\" target=\"_blank\" rel=\"noopener\">AQU\u00cd<\/a> l&#8217;horari)<\/p>\n<div class=\"entry-content\">\n<table style=\"width: 96.2838%; height: 36px;\">\n<tbody>\n<tr style=\"height: 40px;\">\n<td style=\"width: 8.62069%; text-align: center; vertical-align: middle; height: 10px;\"><span style=\"font-family: helvetica, arial, sans-serif;\"><img loading=\"lazy\" decoding=\"async\" class=\"wp-image-12636 aligncenter\" src=\"https:\/\/agora.xtec.cat\/insbadia\/wp-content\/uploads\/usu1299\/2023\/10\/ico_certificat2.png\" sizes=\"auto, (max-width: 47px) 100vw, 47px\" srcset=\"https:\/\/agora.xtec.cat\/insbadia\/wp-content\/uploads\/usu1299\/2023\/10\/ico_certificat2.png 225w, https:\/\/agora.xtec.cat\/insbadia\/wp-content\/uploads\/usu1299\/2023\/10\/ico_certificat2-150x150.png 150w\" alt=\"\" width=\"32\" height=\"32\" \/><\/span><\/td>\n<td style=\"width: 136.388%; vertical-align: middle; height: 10px;\"><span style=\"font-family: helvetica, arial, sans-serif;\"><a href=\"https:\/\/agora.xtec.cat\/insbadia\/wp-content\/uploads\/usu1299\/2016\/02\/IBVQ-GSEC-PC01-PR05-DD01-R2-Sol%E2%80%A2licitud_de_titol_academica_i_professional_no_universitari1.pdf\" target=\"_blank\" rel=\"noopener\">Sol\u00b7licitud de t\u00edtol<\/a><\/span><\/td>\n<\/tr>\n<tr style=\"height: 71px;\">\n<td style=\"width: 8.62069%; vertical-align: middle; height: 10px;\"><span style=\"font-family: helvetica, arial, sans-serif;\"><img loading=\"lazy\" decoding=\"async\" class=\"wp-image-12636 aligncenter\" src=\"https:\/\/agora.xtec.cat\/insbadia\/wp-content\/uploads\/usu1299\/2023\/10\/ico_certificat2.png\" sizes=\"auto, (max-width: 47px) 100vw, 47px\" srcset=\"https:\/\/agora.xtec.cat\/insbadia\/wp-content\/uploads\/usu1299\/2023\/10\/ico_certificat2.png 225w, https:\/\/agora.xtec.cat\/insbadia\/wp-content\/uploads\/usu1299\/2023\/10\/ico_certificat2-150x150.png 150w\" alt=\"\" width=\"35\" height=\"35\" \/><\/span><\/td>\n<td style=\"width: 136.388%; text-align: left; vertical-align: middle; height: 10px;\"><span style=\"font-family: helvetica, arial, sans-serif;\"><a href=\"https:\/\/agora.xtec.cat\/insbadia\/wp-content\/uploads\/usu1299\/2016\/02\/IBVQ-GSEC-PC01-PR05-DD03-R2-Sol%E2%80%A2licitud-de-duplicat-de-t%C3%ADtol.pdf\" target=\"_blank\" rel=\"noopener\">Sol\u00b7licitud duplicat de t\u00edtol<\/a><\/span><\/td>\n<\/tr>\n<tr style=\"height: 56px;\">\n<td style=\"width: 8.62069%; vertical-align: middle; height: 16px;\"><span style=\"font-family: helvetica, arial, sans-serif;\"><img loading=\"lazy\" decoding=\"async\" class=\"wp-image-12637 aligncenter\" src=\"https:\/\/agora.xtec.cat\/insbadia\/wp-content\/uploads\/usu1299\/2023\/10\/ico_certificat3.png\" alt=\"\" width=\"31\" height=\"31\" \/><\/span><\/td>\n<td style=\"width: 136.388%; text-align: left; vertical-align: middle; height: 16px;\"><span style=\"font-family: helvetica, arial, sans-serif;\"><a href=\"https:\/\/agora.xtec.cat\/insbadia\/wp-content\/uploads\/usu1299\/2024\/01\/Autoritzacio_model_general_emplenable.pdf\" target=\"_blank\" rel=\"noopener\">Model d&#8217;autoritzaci\u00f3 per sol\u00b7licitar el t\u00edtol\u00a0<\/a><\/span><\/td>\n<\/tr>\n<\/tbody>\n<\/table>\n<\/div>\n<h6><\/h6>\n<h6>Gestions que es poden realitzar en l\u00ednia<\/h6>\n<p>Emplena el document i envia&#8217;l junt amb el teu DNI\/NIE\/PAS a <span style=\"color: #993366;\"><strong>secretaria@ibadia.cat<\/strong><\/span><\/p>\n<table style=\"width: 100%; height: 297px;\">\n<tbody>\n<tr style=\"height: 5px;\">\n<td style=\"width: 8.62069%; text-align: center; vertical-align: middle; height: 10px;\"><span style=\"font-family: helvetica, arial, sans-serif;\"><img loading=\"lazy\" decoding=\"async\" class=\"wp-image-12637 aligncenter\" src=\"https:\/\/agora.xtec.cat\/insbadia\/wp-content\/uploads\/usu1299\/2023\/10\/ico_certificat3.png\" alt=\"\" width=\"34\" height=\"34\" \/><\/span><\/td>\n<td style=\"width: 136.388%; text-align: left; vertical-align: middle; height: 10px;\"><span style=\"font-family: helvetica, arial, sans-serif;\"><a href=\"https:\/\/agora.xtec.cat\/insbadia\/wp-content\/uploads\/usu1299\/2024\/09\/Instancia_baixa_academica_menor_emplenable.pdf\" target=\"_blank\" rel=\"noopener\">Baixa acad\u00e8mica (alumnat menor d\u2019edat) <\/a><\/span><span style=\"font-size: 10pt; color: #000000; font-family: helvetica, arial, sans-serif;\">*Nom\u00e9s es retornar\u00e0 l&#8217;import ingressat per les baixes formalitzades fins al 31 d&#8217;octubre<\/span><\/td>\n<\/tr>\n<tr style=\"height: 99px;\">\n<td style=\"width: 8.62069%; text-align: center; vertical-align: middle; height: 61px;\"><span style=\"font-family: helvetica, arial, sans-serif;\"><img loading=\"lazy\" decoding=\"async\" class=\"wp-image-12637 aligncenter\" src=\"https:\/\/agora.xtec.cat\/insbadia\/wp-content\/uploads\/usu1299\/2023\/10\/ico_certificat3.png\" alt=\"\" width=\"34\" height=\"34\" \/><\/span><\/td>\n<td style=\"width: 136.388%; text-align: left; vertical-align: middle; height: 61px;\"><span style=\"font-family: helvetica, arial, sans-serif;\"><a href=\"https:\/\/agora.xtec.cat\/insbadia\/wp-content\/uploads\/usu1299\/2024\/09\/Instancia_baixa_academica_major_emplenable.pdf\" target=\"_blank\" rel=\"noopener\">Baixa acad\u00e8mica (alumnat major d\u2019edat)\u00a0 <\/a><\/span><span style=\"font-size: 10pt; font-family: helvetica, arial, sans-serif;\"><span style=\"color: #000000;\">*<\/span><span style=\"color: #000000;\">Nom\u00e9s es retornar\u00e0 l&#8217;import ingressat per les baixes formalitzades fins al 31 d&#8217;octubre<\/span><\/span><\/td>\n<\/tr>\n<tr style=\"height: 99px;\">\n<td style=\"width: 8.62069%; text-align: center; vertical-align: middle; height: 68px;\"><span style=\"font-family: helvetica, arial, sans-serif;\"><img loading=\"lazy\" decoding=\"async\" class=\"wp-image-12637 aligncenter\" src=\"https:\/\/agora.xtec.cat\/insbadia\/wp-content\/uploads\/usu1299\/2023\/10\/ico_certificat3.png\" alt=\"\" width=\"34\" height=\"34\" \/><\/span><\/td>\n<td style=\"width: 136.388%; text-align: left; vertical-align: middle; height: 68px;\"><span style=\"font-family: helvetica, arial, sans-serif;\"><a href=\"https:\/\/docs.google.com\/forms\/d\/e\/1FAIpQLSfEvEQ_9r7jhqCnYaO3XoaLGR35WM4QfjCq47B1LXhpVVr1Ig\/formrestricted\" target=\"_blank\" rel=\"noopener\">Sol\u00b7licitud d\u2019exempci\u00f3 del m\u00f2dul de pr\u00e0ctiques professionals no laborals (FCT)\u00a0 <\/a>*<\/span><span style=\"font-size: 10pt; font-family: helvetica, arial, sans-serif;\">cal tenir compte <strong>@ibadia.cat<\/strong><\/span><\/td>\n<\/tr>\n<tr style=\"height: 73px;\">\n<td style=\"width: 8.62069%; text-align: center; vertical-align: middle; height: 47px;\"><span style=\"font-family: helvetica, arial, sans-serif;\"><img loading=\"lazy\" decoding=\"async\" class=\"wp-image-12637 aligncenter\" src=\"https:\/\/agora.xtec.cat\/insbadia\/wp-content\/uploads\/usu1299\/2023\/10\/ico_certificat3.png\" alt=\"\" width=\"34\" height=\"34\" \/><\/span><\/td>\n<td style=\"width: 136.388%; text-align: left; vertical-align: middle; height: 47px;\"><span style=\"font-family: helvetica, arial, sans-serif;\"><a href=\"https:\/\/agora.xtec.cat\/insbadia\/wp-content\/uploads\/usu1299\/2024\/01\/Autoritzacio-seguiment-academic-majors-18.pdf\" target=\"_blank\" rel=\"noopener\">Autoritzaci\u00f3 de seguiment acad\u00e8mic per familiars d&#8217;alumnat major d&#8217;edat<\/a><\/span><\/td>\n<\/tr>\n<tr style=\"height: 84px;\">\n<td style=\"width: 8.62069%; text-align: center; vertical-align: middle; height: 45px;\"><span style=\"font-family: helvetica, arial, sans-serif;\"><img loading=\"lazy\" decoding=\"async\" class=\"alignnone wp-image-12641\" src=\"https:\/\/agora.xtec.cat\/insbadia\/wp-content\/uploads\/usu1299\/2023\/10\/ico4.png\" sizes=\"auto, (max-width: 256px) 100vw, 256px\" srcset=\"https:\/\/agora.xtec.cat\/insbadia\/wp-content\/uploads\/usu1299\/2023\/10\/ico4.png 256w, https:\/\/agora.xtec.cat\/insbadia\/wp-content\/uploads\/usu1299\/2023\/10\/ico4-150x150.png 150w\" alt=\"\" width=\"34\" height=\"34\" \/><\/span><\/td>\n<td style=\"width: 136.388%; text-align: left; vertical-align: middle; height: 45px;\"><span style=\"font-family: helvetica, arial, sans-serif;\"><a href=\"https:\/\/forms.gle\/BwBN5K1UKc6FT2om6\" target=\"_blank\" rel=\"noopener\">B\u00fastia de queixes o suggeriments<\/a><\/span><\/td>\n<\/tr>\n<\/tbody>\n<\/table>\n<p>&nbsp;<\/p>\n","protected":false},"excerpt":{"rendered":"<p>En aquesta p\u00e0gina pots accedir al cat\u00e0leg de tr\u00e0mits que s\u2019ofereixen des de la secretaria del centre. Pots consultar el tr\u00e0mit fent clic a l\u2019enlla\u00e7. Alguns dels tr\u00e0mits pots realitzar-los en l\u00ednia, d\u2019altres caldr\u00e0 que emplenis el model de sol\u00b7licitud i el facis arribar presencialment a Secretaria. Gestions que s&#8217;han de realitzar de forma presencial [&hellip;]<\/p>\n","protected":false},"author":1,"featured_media":0,"parent":391,"menu_order":30,"comment_status":"closed","ping_status":"closed","template":"","meta":{"site-sidebar-layout":"default","site-content-layout":"","ast-site-content-layout":"default","site-content-style":"default","site-sidebar-style":"default","ast-global-header-display":"","ast-banner-title-visibility":"","ast-main-header-display":"","ast-hfb-above-header-display":"","ast-hfb-below-header-display":"","ast-hfb-mobile-header-display":"","site-post-title":"","ast-breadcrumbs-content":"","ast-featured-img":"","footer-sml-layout":"","theme-transparent-header-meta":"default","adv-header-id-meta":"","stick-header-meta":"","header-above-stick-meta":"","header-main-stick-meta":"","header-below-stick-meta":"","astra-migrate-meta-layouts":"set","ast-page-background-enabled":"default","ast-page-background-meta":{"desktop":{"background-color":"var(--ast-global-color-4)","background-image":"","background-repeat":"repeat","background-position":"center center","background-size":"auto","background-attachment":"scroll","background-type":"","background-media":"","overlay-type":"","overlay-color":"","overlay-opacity":"","overlay-gradient":""},"tablet":{"background-color":"","background-image":"","background-repeat":"repeat","background-position":"center center","background-size":"auto","background-attachment":"scroll","background-type":"","background-media":"","overlay-type":"","overlay-color":"","overlay-opacity":"","overlay-gradient":""},"mobile":{"background-color":"","background-image":"","background-repeat":"repeat","background-position":"center center","background-size":"auto","background-attachment":"scroll","background-type":"","background-media":"","overlay-type":"","overlay-color":"","overlay-opacity":"","overlay-gradient":""}},"ast-content-background-meta":{"desktop":{"background-color":"var(--ast-global-color-5)","background-image":"","background-repeat":"repeat","background-position":"center center","background-size":"auto","background-attachment":"scroll","background-type":"","background-media":"","overlay-type":"","overlay-color":"","overlay-opacity":"","overlay-gradient":""},"tablet":{"background-color":"var(--ast-global-color-5)","background-image":"","background-repeat":"repeat","background-position":"center center","background-size":"auto","background-attachment":"scroll","background-type":"","background-media":"","overlay-type":"","overlay-color":"","overlay-opacity":"","overlay-gradient":""},"mobile":{"background-color":"var(--ast-global-color-5)","background-image":"","background-repeat":"repeat","background-position":"center center","background-size":"auto","background-attachment":"scroll","background-type":"","background-media":"","overlay-type":"","overlay-color":"","overlay-opacity":"","overlay-gradient":""}},"footnotes":""},"class_list":["post-12768","page","type-page","status-publish","hentry"],"post_mailing_queue_ids":[],"_links":{"self":[{"href":"https:\/\/agora.xtec.cat\/insbadia\/wp-json\/wp\/v2\/pages\/12768","targetHints":{"allow":["GET"]}}],"collection":[{"href":"https:\/\/agora.xtec.cat\/insbadia\/wp-json\/wp\/v2\/pages"}],"about":[{"href":"https:\/\/agora.xtec.cat\/insbadia\/wp-json\/wp\/v2\/types\/page"}],"author":[{"embeddable":true,"href":"https:\/\/agora.xtec.cat\/insbadia\/wp-json\/wp\/v2\/users\/1"}],"replies":[{"embeddable":true,"href":"https:\/\/agora.xtec.cat\/insbadia\/wp-json\/wp\/v2\/comments?post=12768"}],"version-history":[{"count":6,"href":"https:\/\/agora.xtec.cat\/insbadia\/wp-json\/wp\/v2\/pages\/12768\/revisions"}],"predecessor-version":[{"id":14495,"href":"https:\/\/agora.xtec.cat\/insbadia\/wp-json\/wp\/v2\/pages\/12768\/revisions\/14495"}],"up":[{"embeddable":true,"href":"https:\/\/agora.xtec.cat\/insbadia\/wp-json\/wp\/v2\/pages\/391"}],"wp:attachment":[{"href":"https:\/\/agora.xtec.cat\/insbadia\/wp-json\/wp\/v2\/media?parent=12768"}],"curies":[{"name":"wp","href":"https:\/\/api.w.org\/{rel}","templated":true}]}}