{"id":12758,"date":"2023-11-16T17:18:32","date_gmt":"2023-11-16T16:18:32","guid":{"rendered":"https:\/\/agora.xtec.cat\/insbadia\/?page_id=12758"},"modified":"2026-04-07T13:43:57","modified_gmt":"2026-04-07T11:43:57","slug":"certificats-academics","status":"publish","type":"page","link":"https:\/\/agora.xtec.cat\/insbadia\/secretaria\/tramits-i-documents\/certificats-academics\/","title":{"rendered":"Certificats acad\u00e8mics"},"content":{"rendered":"<p><span style=\"font-family: helvetica, arial, sans-serif; font-size: 12pt;\">En aquesta p\u00e0gina, pots sol\u00b7licitar que expedim al teu nom: certificat d&#8217;estudis, certificat de matriculaci\u00f3, certificat de qualificaci\u00f3 mitjana de l&#8217;expedient, certificat de qualificacions per mat\u00e8ries, certificat d&#8217;altres circumst\u00e0ncies que ens indiquis.<\/span><\/p>\n<p><span style=\"font-family: helvetica, arial, sans-serif; font-size: 12pt;\"><strong>INSTRUCCIONS<\/strong> per presentar la sol\u00b7licitud:<\/span><\/p>\n<ol>\n<li><span style=\"font-family: helvetica, arial, sans-serif; font-size: 12pt;\"><strong>Emplena el document<\/strong> que apareix a continuaci\u00f3 amb totes les dades necess\u00e0ries.<\/span><\/li>\n<li><span style=\"font-family: helvetica, arial, sans-serif; font-size: 12pt;\"><strong>Signa<\/strong> digitalment el document.<\/span><\/li>\n<li><span style=\"font-family: helvetica, arial, sans-serif; font-size: 12pt;\">Envia&#8217;ns per correu electr\u00f2nic a <strong>secretaria@ibadia.cat<\/strong> el document signat i adjunta c\u00f2pia del DNI\/NIE\/Passaport de l&#8217;alumne\/a (i autoritzaci\u00f3 i document d&#8217;identitat si es sol\u00b7licita en representaci\u00f3).<\/span><br \/>\n<hr \/>\n<\/li>\n<\/ol>\n<p><iframe loading=\"lazy\" style=\"border: 0; overflow: hidden; min-height: 500px; min-width: 600px;\" src=\"https:\/\/eu1.documents.adobe.com\/public\/esignWidget?wid=CBFCIBAA3AAABLblqZhAe5V0gh0pUjrqXrV0DhKnf_FYN2eCX6EnPBTVv2aNBKaS4eRROqssJlWFHcR__o5U*&amp;hosted=false\" width=\"100%\" height=\"100%\" frameborder=\"0\"><\/iframe><\/p>\n","protected":false},"excerpt":{"rendered":"<p>En aquesta p\u00e0gina, pots sol\u00b7licitar que expedim al teu nom: certificat d&#8217;estudis, certificat de matriculaci\u00f3, certificat de qualificaci\u00f3 mitjana de l&#8217;expedient, certificat de qualificacions per mat\u00e8ries, certificat d&#8217;altres circumst\u00e0ncies que ens indiquis. INSTRUCCIONS per presentar la sol\u00b7licitud: Emplena el document que apareix a continuaci\u00f3 amb totes les dades necess\u00e0ries. Signa digitalment el document. Envia&#8217;ns per [&hellip;]<\/p>\n","protected":false},"author":1,"featured_media":0,"parent":391,"menu_order":10,"comment_status":"closed","ping_status":"closed","template":"","meta":{"site-sidebar-layout":"default","site-content-layout":"","ast-site-content-layout":"default","site-content-style":"default","site-sidebar-style":"default","ast-global-header-display":"","ast-banner-title-visibility":"","ast-main-header-display":"","ast-hfb-above-header-display":"","ast-hfb-below-header-display":"","ast-hfb-mobile-header-display":"","site-post-title":"","ast-breadcrumbs-content":"","ast-featured-img":"","footer-sml-layout":"","theme-transparent-header-meta":"default","adv-header-id-meta":"","stick-header-meta":"","header-above-stick-meta":"","header-main-stick-meta":"","header-below-stick-meta":"","astra-migrate-meta-layouts":"set","ast-page-background-enabled":"default","ast-page-background-meta":{"desktop":{"background-color":"var(--ast-global-color-4)","background-image":"","background-repeat":"repeat","background-position":"center center","background-size":"auto","background-attachment":"scroll","background-type":"","background-media":"","overlay-type":"","overlay-color":"","overlay-opacity":"","overlay-gradient":""},"tablet":{"background-color":"","background-image":"","background-repeat":"repeat","background-position":"center center","background-size":"auto","background-attachment":"scroll","background-type":"","background-media":"","overlay-type":"","overlay-color":"","overlay-opacity":"","overlay-gradient":""},"mobile":{"background-color":"","background-image":"","background-repeat":"repeat","background-position":"center center","background-size":"auto","background-attachment":"scroll","background-type":"","background-media":"","overlay-type":"","overlay-color":"","overlay-opacity":"","overlay-gradient":""}},"ast-content-background-meta":{"desktop":{"background-color":"var(--ast-global-color-5)","background-image":"","background-repeat":"repeat","background-position":"center center","background-size":"auto","background-attachment":"scroll","background-type":"","background-media":"","overlay-type":"","overlay-color":"","overlay-opacity":"","overlay-gradient":""},"tablet":{"background-color":"var(--ast-global-color-5)","background-image":"","background-repeat":"repeat","background-position":"center center","background-size":"auto","background-attachment":"scroll","background-type":"","background-media":"","overlay-type":"","overlay-color":"","overlay-opacity":"","overlay-gradient":""},"mobile":{"background-color":"var(--ast-global-color-5)","background-image":"","background-repeat":"repeat","background-position":"center center","background-size":"auto","background-attachment":"scroll","background-type":"","background-media":"","overlay-type":"","overlay-color":"","overlay-opacity":"","overlay-gradient":""}},"footnotes":""},"class_list":["post-12758","page","type-page","status-publish","hentry"],"post_mailing_queue_ids":[],"_links":{"self":[{"href":"https:\/\/agora.xtec.cat\/insbadia\/wp-json\/wp\/v2\/pages\/12758","targetHints":{"allow":["GET"]}}],"collection":[{"href":"https:\/\/agora.xtec.cat\/insbadia\/wp-json\/wp\/v2\/pages"}],"about":[{"href":"https:\/\/agora.xtec.cat\/insbadia\/wp-json\/wp\/v2\/types\/page"}],"author":[{"embeddable":true,"href":"https:\/\/agora.xtec.cat\/insbadia\/wp-json\/wp\/v2\/users\/1"}],"replies":[{"embeddable":true,"href":"https:\/\/agora.xtec.cat\/insbadia\/wp-json\/wp\/v2\/comments?post=12758"}],"version-history":[{"count":6,"href":"https:\/\/agora.xtec.cat\/insbadia\/wp-json\/wp\/v2\/pages\/12758\/revisions"}],"predecessor-version":[{"id":14866,"href":"https:\/\/agora.xtec.cat\/insbadia\/wp-json\/wp\/v2\/pages\/12758\/revisions\/14866"}],"up":[{"embeddable":true,"href":"https:\/\/agora.xtec.cat\/insbadia\/wp-json\/wp\/v2\/pages\/391"}],"wp:attachment":[{"href":"https:\/\/agora.xtec.cat\/insbadia\/wp-json\/wp\/v2\/media?parent=12758"}],"curies":[{"name":"wp","href":"https:\/\/api.w.org\/{rel}","templated":true}]}}