{"id":12645,"date":"2023-10-05T20:52:06","date_gmt":"2023-10-05T18:52:06","guid":{"rendered":"https:\/\/agora.xtec.cat\/insbadia\/?page_id=12645"},"modified":"2026-04-16T11:32:36","modified_gmt":"2026-04-16T09:32:36","slug":"horari","status":"publish","type":"page","link":"https:\/\/agora.xtec.cat\/insbadia\/secretaria\/horari\/","title":{"rendered":"Horari i contacte"},"content":{"rendered":"<p><span style=\"color: #993366; font-size: 18pt;\"><strong><span style=\"font-family: helvetica, arial, sans-serif;\">Horari d&#8217;atenci\u00f3 al p\u00fablic<br \/>\n<\/span><\/strong><\/span><span style=\"font-family: helvetica, arial, sans-serif; font-size: 12pt;\">Mat\u00ed: de dilluns a divendres, de 9:00h a 13:00h<br \/>\n<\/span><span style=\"font-family: helvetica, arial, sans-serif; font-size: 12pt;\">Tarda: de dilluns a dijous, de 15:30h a 18:30h<\/span><\/p>\n<p><span style=\"font-family: helvetica, arial, sans-serif; font-size: 12pt;\">* Horari intensiu d&#8217;estiu (juny, juliol i setembre): de dilluns a divendres, de 9:00h a 13:00h<br \/>\n<\/span><span style=\"font-family: helvetica, arial, sans-serif; font-size: 12pt;\">* Mes d&#8217;agost tancat<\/span><\/p>\n<p><span style=\"color: #993366; font-size: 18pt;\"><strong><span style=\"font-family: helvetica, arial, sans-serif;\">Contacte<br \/>\n<\/span><\/strong><span style=\"font-family: helvetica, arial, sans-serif;\"><span style=\"font-size: 12pt; color: #000000;\">Tel\u00e8fon: <\/span><\/span><\/span><span style=\"font-family: helvetica, arial, sans-serif; font-size: 12pt; color: #000000;\">937187506<br \/>\nCorreu electr\u00f2nic: secretaria@ibadia.cat<\/span><\/p>\n","protected":false},"excerpt":{"rendered":"<p>Horari d&#8217;atenci\u00f3 al p\u00fablic Mat\u00ed: de dilluns a divendres, de 9:00h a 13:00h Tarda: de dilluns a dijous, de 15:30h a 18:30h * Horari intensiu d&#8217;estiu (juny, juliol i setembre): de dilluns a divendres, de 9:00h a 13:00h * Mes d&#8217;agost tancat Contacte Tel\u00e8fon: 937187506 Correu electr\u00f2nic: secretaria@ibadia.cat<\/p>\n","protected":false},"author":1,"featured_media":0,"parent":81,"menu_order":10,"comment_status":"closed","ping_status":"closed","template":"","meta":{"site-sidebar-layout":"default","site-content-layout":"","ast-site-content-layout":"default","site-content-style":"default","site-sidebar-style":"default","ast-global-header-display":"","ast-banner-title-visibility":"","ast-main-header-display":"","ast-hfb-above-header-display":"","ast-hfb-below-header-display":"","ast-hfb-mobile-header-display":"","site-post-title":"disabled","ast-breadcrumbs-content":"","ast-featured-img":"","footer-sml-layout":"","theme-transparent-header-meta":"default","adv-header-id-meta":"","stick-header-meta":"","header-above-stick-meta":"","header-main-stick-meta":"","header-below-stick-meta":"","astra-migrate-meta-layouts":"set","ast-page-background-enabled":"default","ast-page-background-meta":{"desktop":{"background-color":"var(--ast-global-color-4)","background-image":"","background-repeat":"repeat","background-position":"center center","background-size":"auto","background-attachment":"scroll","background-type":"","background-media":"","overlay-type":"","overlay-color":"","overlay-opacity":"","overlay-gradient":""},"tablet":{"background-color":"","background-image":"","background-repeat":"repeat","background-position":"center center","background-size":"auto","background-attachment":"scroll","background-type":"","background-media":"","overlay-type":"","overlay-color":"","overlay-opacity":"","overlay-gradient":""},"mobile":{"background-color":"","background-image":"","background-repeat":"repeat","background-position":"center center","background-size":"auto","background-attachment":"scroll","background-type":"","background-media":"","overlay-type":"","overlay-color":"","overlay-opacity":"","overlay-gradient":""}},"ast-content-background-meta":{"desktop":{"background-color":"var(--ast-global-color-5)","background-image":"","background-repeat":"repeat","background-position":"center center","background-size":"auto","background-attachment":"scroll","background-type":"","background-media":"","overlay-type":"","overlay-color":"","overlay-opacity":"","overlay-gradient":""},"tablet":{"background-color":"var(--ast-global-color-5)","background-image":"","background-repeat":"repeat","background-position":"center center","background-size":"auto","background-attachment":"scroll","background-type":"","background-media":"","overlay-type":"","overlay-color":"","overlay-opacity":"","overlay-gradient":""},"mobile":{"background-color":"var(--ast-global-color-5)","background-image":"","background-repeat":"repeat","background-position":"center center","background-size":"auto","background-attachment":"scroll","background-type":"","background-media":"","overlay-type":"","overlay-color":"","overlay-opacity":"","overlay-gradient":""}},"footnotes":""},"class_list":["post-12645","page","type-page","status-publish","hentry"],"post_mailing_queue_ids":[],"_links":{"self":[{"href":"https:\/\/agora.xtec.cat\/insbadia\/wp-json\/wp\/v2\/pages\/12645","targetHints":{"allow":["GET"]}}],"collection":[{"href":"https:\/\/agora.xtec.cat\/insbadia\/wp-json\/wp\/v2\/pages"}],"about":[{"href":"https:\/\/agora.xtec.cat\/insbadia\/wp-json\/wp\/v2\/types\/page"}],"author":[{"embeddable":true,"href":"https:\/\/agora.xtec.cat\/insbadia\/wp-json\/wp\/v2\/users\/1"}],"replies":[{"embeddable":true,"href":"https:\/\/agora.xtec.cat\/insbadia\/wp-json\/wp\/v2\/comments?post=12645"}],"version-history":[{"count":6,"href":"https:\/\/agora.xtec.cat\/insbadia\/wp-json\/wp\/v2\/pages\/12645\/revisions"}],"predecessor-version":[{"id":14870,"href":"https:\/\/agora.xtec.cat\/insbadia\/wp-json\/wp\/v2\/pages\/12645\/revisions\/14870"}],"up":[{"embeddable":true,"href":"https:\/\/agora.xtec.cat\/insbadia\/wp-json\/wp\/v2\/pages\/81"}],"wp:attachment":[{"href":"https:\/\/agora.xtec.cat\/insbadia\/wp-json\/wp\/v2\/media?parent=12645"}],"curies":[{"name":"wp","href":"https:\/\/api.w.org\/{rel}","templated":true}]}}