{"id":12226,"date":"2023-02-01T12:25:49","date_gmt":"2023-02-01T11:25:49","guid":{"rendered":"https:\/\/agora.xtec.cat\/insbadia\/?page_id=12226"},"modified":"2023-02-17T10:05:13","modified_gmt":"2023-02-17T09:05:13","slug":"avaluacio","status":"publish","type":"page","link":"https:\/\/agora.xtec.cat\/insbadia\/linstitut\/documentacio-estrategica\/estrategia-digital-de-centre\/fase-estrategica\/avaluacio\/","title":{"rendered":"Avaluaci\u00f3 de l&#8217;EDC"},"content":{"rendered":"<p style=\"text-align: right;\"><a href=\"https:\/\/agora.xtec.cat\/insbadia\/wp-content\/uploads\/usu1299\/2023\/02\/edc2.jpg\"><img loading=\"lazy\" decoding=\"async\" class=\"wp-image-12313 size-medium alignleft\" src=\"https:\/\/agora.xtec.cat\/insbadia\/wp-content\/uploads\/usu1299\/2023\/02\/edc2-300x150.jpg\" alt=\"\" width=\"300\" height=\"150\" srcset=\"https:\/\/agora.xtec.cat\/insbadia\/wp-content\/uploads\/usu1299\/2023\/02\/edc2-300x150.jpg 300w, https:\/\/agora.xtec.cat\/insbadia\/wp-content\/uploads\/usu1299\/2023\/02\/edc2-1024x513.jpg 1024w, https:\/\/agora.xtec.cat\/insbadia\/wp-content\/uploads\/usu1299\/2023\/02\/edc2-768x385.jpg 768w, https:\/\/agora.xtec.cat\/insbadia\/wp-content\/uploads\/usu1299\/2023\/02\/edc2.jpg 1095w\" sizes=\"auto, (max-width: 300px) 100vw, 300px\" \/><\/a><\/p>\n<table style=\"height: 126px; width: 51.2676%; border-collapse: collapse; border-color: #fffffc;\">\n<tbody>\n<tr>\n<td style=\"width: 100%; text-align: justify; vertical-align: top;\">A la fase <strong>d&#8217;avaluaci\u00f3<\/strong> concretem els indicadors d\u2019assoliment per a cada objectiu, que revisarem peri\u00f2dicament per assegurar el compliment d&#8217;aquests. \u00c9s un proc\u00e9s c\u00edclic, on anirem ajustant les activitats i la temporitzaci\u00f3 segons el progr\u00e9s aconseguit i els recursos disponibles en el centre. A continuaci\u00f3 mostrem els indicadors d&#8217;avaluaci\u00f3:<\/td>\n<\/tr>\n<\/tbody>\n<\/table>\n<p><a href=\"https:\/\/agora.xtec.cat\/insbadia\/wp-content\/uploads\/usu1299\/2023\/02\/indicadors_objectius.png\"><img loading=\"lazy\" decoding=\"async\" class=\"aligncenter wp-image-12335 size-large\" src=\"https:\/\/agora.xtec.cat\/insbadia\/wp-content\/uploads\/usu1299\/2023\/02\/indicadors_objectius-1024x505.png\" alt=\"Indicadors d'avaluaci\u00f3 dels objectius de l'EDC\" width=\"1024\" height=\"505\" srcset=\"https:\/\/agora.xtec.cat\/insbadia\/wp-content\/uploads\/usu1299\/2023\/02\/indicadors_objectius-1024x505.png 1024w, https:\/\/agora.xtec.cat\/insbadia\/wp-content\/uploads\/usu1299\/2023\/02\/indicadors_objectius-300x148.png 300w, https:\/\/agora.xtec.cat\/insbadia\/wp-content\/uploads\/usu1299\/2023\/02\/indicadors_objectius-768x379.png 768w, https:\/\/agora.xtec.cat\/insbadia\/wp-content\/uploads\/usu1299\/2023\/02\/indicadors_objectius-1536x757.png 1536w, https:\/\/agora.xtec.cat\/insbadia\/wp-content\/uploads\/usu1299\/2023\/02\/indicadors_objectius-2048x1010.png 2048w\" sizes=\"auto, (max-width: 1024px) 100vw, 1024px\" \/><\/a><\/p>\n","protected":false},"excerpt":{"rendered":"<p>A la fase d&#8217;avaluaci\u00f3 concretem els indicadors d\u2019assoliment per a cada objectiu, que revisarem peri\u00f2dicament per assegurar el compliment d&#8217;aquests. \u00c9s un proc\u00e9s c\u00edclic, on anirem ajustant les activitats i la temporitzaci\u00f3 segons el progr\u00e9s aconseguit i els recursos disponibles en el centre. A continuaci\u00f3 mostrem els indicadors d&#8217;avaluaci\u00f3:<\/p>\n","protected":false},"author":4,"featured_media":0,"parent":12216,"menu_order":0,"comment_status":"closed","ping_status":"closed","template":"page-templates\/side-menu.php","meta":{"site-sidebar-layout":"default","site-content-layout":"","ast-site-content-layout":"","site-content-style":"default","site-sidebar-style":"default","ast-global-header-display":"","ast-banner-title-visibility":"","ast-main-header-display":"","ast-hfb-above-header-display":"","ast-hfb-below-header-display":"","ast-hfb-mobile-header-display":"","site-post-title":"","ast-breadcrumbs-content":"","ast-featured-img":"","footer-sml-layout":"","theme-transparent-header-meta":"","adv-header-id-meta":"","stick-header-meta":"","header-above-stick-meta":"","header-main-stick-meta":"","header-below-stick-meta":"","astra-migrate-meta-layouts":"default","ast-page-background-enabled":"default","ast-page-background-meta":{"desktop":{"background-color":"var(--ast-global-color-4)","background-image":"","background-repeat":"repeat","background-position":"center center","background-size":"auto","background-attachment":"scroll","background-type":"","background-media":"","overlay-type":"","overlay-color":"","overlay-opacity":"","overlay-gradient":""},"tablet":{"background-color":"","background-image":"","background-repeat":"repeat","background-position":"center center","background-size":"auto","background-attachment":"scroll","background-type":"","background-media":"","overlay-type":"","overlay-color":"","overlay-opacity":"","overlay-gradient":""},"mobile":{"background-color":"","background-image":"","background-repeat":"repeat","background-position":"center center","background-size":"auto","background-attachment":"scroll","background-type":"","background-media":"","overlay-type":"","overlay-color":"","overlay-opacity":"","overlay-gradient":""}},"ast-content-background-meta":{"desktop":{"background-color":"var(--ast-global-color-5)","background-image":"","background-repeat":"repeat","background-position":"center center","background-size":"auto","background-attachment":"scroll","background-type":"","background-media":"","overlay-type":"","overlay-color":"","overlay-opacity":"","overlay-gradient":""},"tablet":{"background-color":"var(--ast-global-color-5)","background-image":"","background-repeat":"repeat","background-position":"center center","background-size":"auto","background-attachment":"scroll","background-type":"","background-media":"","overlay-type":"","overlay-color":"","overlay-opacity":"","overlay-gradient":""},"mobile":{"background-color":"var(--ast-global-color-5)","background-image":"","background-repeat":"repeat","background-position":"center center","background-size":"auto","background-attachment":"scroll","background-type":"","background-media":"","overlay-type":"","overlay-color":"","overlay-opacity":"","overlay-gradient":""}},"footnotes":""},"class_list":["post-12226","page","type-page","status-publish","hentry"],"post_mailing_queue_ids":[],"_links":{"self":[{"href":"https:\/\/agora.xtec.cat\/insbadia\/wp-json\/wp\/v2\/pages\/12226","targetHints":{"allow":["GET"]}}],"collection":[{"href":"https:\/\/agora.xtec.cat\/insbadia\/wp-json\/wp\/v2\/pages"}],"about":[{"href":"https:\/\/agora.xtec.cat\/insbadia\/wp-json\/wp\/v2\/types\/page"}],"author":[{"embeddable":true,"href":"https:\/\/agora.xtec.cat\/insbadia\/wp-json\/wp\/v2\/users\/4"}],"replies":[{"embeddable":true,"href":"https:\/\/agora.xtec.cat\/insbadia\/wp-json\/wp\/v2\/comments?post=12226"}],"version-history":[{"count":3,"href":"https:\/\/agora.xtec.cat\/insbadia\/wp-json\/wp\/v2\/pages\/12226\/revisions"}],"predecessor-version":[{"id":12337,"href":"https:\/\/agora.xtec.cat\/insbadia\/wp-json\/wp\/v2\/pages\/12226\/revisions\/12337"}],"up":[{"embeddable":true,"href":"https:\/\/agora.xtec.cat\/insbadia\/wp-json\/wp\/v2\/pages\/12216"}],"wp:attachment":[{"href":"https:\/\/agora.xtec.cat\/insbadia\/wp-json\/wp\/v2\/media?parent=12226"}],"curies":[{"name":"wp","href":"https:\/\/api.w.org\/{rel}","templated":true}]}}